{"id":471,"date":"2025-05-06T22:19:04","date_gmt":"2025-05-06T14:19:04","guid":{"rendered":"https:\/\/mirekboutique.com\/?page_id=471"},"modified":"2025-05-07T23:00:47","modified_gmt":"2025-05-07T15:00:47","slug":"about-2","status":"publish","type":"page","link":"https:\/\/mirekboutique.com\/cs\/about-2\/","title":{"rendered":"O str\u00e1nk\u00e1ch"},"content":{"rendered":"<div data-elementor-type=\"wp-page\" data-elementor-id=\"471\" class=\"elementor elementor-471\">\n\t\t\t\t<div class=\"elementor-element elementor-element-74c4a58 e-flex e-con-boxed e-con e-parent\" data-id=\"74c4a58\" data-element_type=\"container\">\n\t\t\t\t\t<div class=\"e-con-inner\">\n\t\t\t\t<div class=\"elementor-element elementor-element-d42d956 elementor-widget elementor-widget-image\" data-id=\"d42d956\" data-element_type=\"widget\" data-widget_type=\"image.default\">\n\t\t\t\t<div class=\"elementor-widget-container\">\n\t\t\t\t\t\t\t\t\t\t\t\t\t\t\t<img fetchpriority=\"high\" decoding=\"async\" width=\"1920\" height=\"1080\" src=\"https:\/\/mirekboutique.com\/wp-content\/uploads\/2025\/05\/e93a26484b861ed27bb81201eff2451.jpg\" class=\"attachment-full size-full wp-image-621\" alt=\"\" srcset=\"https:\/\/mirekboutique.com\/wp-content\/uploads\/2025\/05\/e93a26484b861ed27bb81201eff2451.jpg 1920w, https:\/\/mirekboutique.com\/wp-content\/uploads\/2025\/05\/e93a26484b861ed27bb81201eff2451-300x169.jpg 300w, https:\/\/mirekboutique.com\/wp-content\/uploads\/2025\/05\/e93a26484b861ed27bb81201eff2451-1024x576.jpg 1024w, https:\/\/mirekboutique.com\/wp-content\/uploads\/2025\/05\/e93a26484b861ed27bb81201eff2451-768x432.jpg 768w, https:\/\/mirekboutique.com\/wp-content\/uploads\/2025\/05\/e93a26484b861ed27bb81201eff2451-1536x864.jpg 1536w, https:\/\/mirekboutique.com\/wp-content\/uploads\/2025\/05\/e93a26484b861ed27bb81201eff2451-600x338.jpg 600w\" sizes=\"(max-width: 1920px) 100vw, 1920px\" \/>\t\t\t\t\t\t\t\t\t\t\t\t\t\t\t<\/div>\n\t\t\t\t<\/div>\n\t\t\t\t\t<\/div>\n\t\t\t\t<\/div>\n\t\t<div class=\"elementor-element elementor-element-df8b352 e-flex e-con-boxed e-con e-parent\" data-id=\"df8b352\" data-element_type=\"container\">\n\t\t\t\t\t<div class=\"e-con-inner\">\n\t\t<div class=\"elementor-element elementor-element-5b160eb e-con-full e-flex e-con e-child\" data-id=\"5b160eb\" data-element_type=\"container\">\n\t\t<div class=\"elementor-element elementor-element-23e39b4 e-flex e-con-boxed e-con e-child\" data-id=\"23e39b4\" data-element_type=\"container\">\n\t\t\t\t\t<div class=\"e-con-inner\">\n\t\t<div class=\"elementor-element elementor-element-a99f21a e-con-full e-flex e-con e-child\" data-id=\"a99f21a\" data-element_type=\"container\">\n\t\t\t\t<div class=\"elementor-element elementor-element-3f4dcf6 elementor-widget elementor-widget-heading\" data-id=\"3f4dcf6\" data-element_type=\"widget\" data-widget_type=\"heading.default\">\n\t\t\t\t<div class=\"elementor-widget-container\">\n\t\t\t\t\t<h6 class=\"elementor-heading-title elementor-size-default\">O n\u00e1s<\/h6>\t\t\t\t<\/div>\n\t\t\t\t<\/div>\n\t\t\t\t<div class=\"elementor-element elementor-element-2a0c8f7 elementor-widget elementor-widget-heading\" data-id=\"2a0c8f7\" data-element_type=\"widget\" data-widget_type=\"heading.default\">\n\t\t\t\t<div class=\"elementor-widget-container\">\n\t\t\t\t\t<h2 class=\"elementor-heading-title elementor-size-default\">Na\u0161e nejlep\u0161\u00ed repliky hodinek a ta\u0161ek<\/h2>\t\t\t\t<\/div>\n\t\t\t\t<\/div>\n\t\t\t\t<div class=\"elementor-element elementor-element-e83860c elementor-widget-divider--view-line elementor-widget elementor-widget-divider\" data-id=\"e83860c\" data-element_type=\"widget\" data-widget_type=\"divider.default\">\n\t\t\t\t<div class=\"elementor-widget-container\">\n\t\t\t\t\t\t\t<div class=\"elementor-divider\">\n\t\t\t<span class=\"elementor-divider-separator\">\n\t\t\t\t\t\t<\/span>\n\t\t<\/div>\n\t\t\t\t\t\t<\/div>\n\t\t\t\t<\/div>\n\t\t\t\t<div class=\"elementor-element elementor-element-b324ddf elementor-widget elementor-widget-text-editor\" data-id=\"b324ddf\" data-element_type=\"widget\" data-widget_type=\"text-editor.default\">\n\t\t\t\t<div class=\"elementor-widget-container\">\n\t\t\t\t\t\t\t\t\t<p>V Mirekboutique jsme hrd\u00ed na to, \u017ee m\u016f\u017eeme nab\u00eddnout \u0159adu vysoce kvalitn\u00edch replik hodinek a ta\u0161ek, kter\u00e9 skute\u010dn\u011b zt\u011bles\u0148uj\u00ed podstatu luxusu. Ka\u017ed\u00e9 hodinky jsou vyrobeny pomoc\u00ed precizn\u00edch technick\u00fdch technik a nejlep\u0161\u00edch materi\u00e1l\u016f, kter\u00e9 vytv\u00e1\u0159ej\u00ed luxusn\u00ed a stylov\u00e9 prohl\u00e1\u0161en\u00ed. A\u0165 u\u017e hled\u00e1te sofistikovanou klasiku nebo modern\u00ed v\u00fdrazn\u00fd kousek, na\u0161e repliky hodinek nab\u00edzej\u00ed eleganci, kvalitu a presti\u017e za zlomek ceny. Za\u017eijte nov\u011b definovan\u00fd luxus a nechte sv\u00e9 z\u00e1p\u011bst\u00ed hovo\u0159it o nad\u010dasov\u00e9m stylu<\/p>\t\t\t\t\t\t\t\t<\/div>\n\t\t\t\t<\/div>\n\t\t\t\t<div class=\"elementor-element elementor-element-16115c9 elementor-widget elementor-widget-text-editor\" data-id=\"16115c9\" data-element_type=\"widget\" data-widget_type=\"text-editor.default\">\n\t\t\t\t<div class=\"elementor-widget-container\">\n\t\t\t\t\t\t\t\t\t<h4>\u00a0<\/h4><h3><strong>Podpora dob\u00edrky na dob\u00edrku<\/strong><\/h3>\t\t\t\t\t\t\t\t<\/div>\n\t\t\t\t<\/div>\n\t\t\t\t<\/div>\n\t\t<div class=\"elementor-element elementor-element-31d8065 e-con-full e-flex e-con e-child\" data-id=\"31d8065\" data-element_type=\"container\" data-settings=\"{&quot;background_background&quot;:&quot;classic&quot;}\">\n\t\t\t\t<div class=\"elementor-element elementor-element-8105c52 elementor-widget elementor-widget-spacer\" data-id=\"8105c52\" data-element_type=\"widget\" data-widget_type=\"spacer.default\">\n\t\t\t\t<div class=\"elementor-widget-container\">\n\t\t\t\t\t\t\t<div class=\"elementor-spacer\">\n\t\t\t<div class=\"elementor-spacer-inner\"><\/div>\n\t\t<\/div>\n\t\t\t\t\t\t<\/div>\n\t\t\t\t<\/div>\n\t\t\t\t<\/div>\n\t\t\t\t\t<\/div>\n\t\t\t\t<\/div>\n\t\t\t\t<\/div>\n\t\t\t\t\t<\/div>\n\t\t\t\t<\/div>\n\t\t<div class=\"elementor-element elementor-element-8851a00 e-flex e-con-boxed e-con e-parent\" data-id=\"8851a00\" data-element_type=\"container\">\n\t\t\t\t\t<div class=\"e-con-inner\">\n\t\t<div class=\"elementor-element elementor-element-173ab81 e-con-full e-flex e-con e-child\" data-id=\"173ab81\" data-element_type=\"container\">\n\t\t\t\t<div class=\"elementor-element elementor-element-cdf1cca elementor-widget elementor-widget-image\" data-id=\"cdf1cca\" data-element_type=\"widget\" data-widget_type=\"image.default\">\n\t\t\t\t<div class=\"elementor-widget-container\">\n\t\t\t\t\t\t\t\t\t\t\t\t\t\t\t<img decoding=\"async\" width=\"1920\" height=\"2560\" src=\"https:\/\/mirekboutique.com\/wp-content\/uploads\/2025\/05\/\u5fae\u4fe1\u56fe\u7247_20250507211046.jpg\" class=\"attachment-full size-full wp-image-609\" alt=\"\" srcset=\"https:\/\/mirekboutique.com\/wp-content\/uploads\/2025\/05\/\u5fae\u4fe1\u56fe\u7247_20250507211046.jpg 1920w, https:\/\/mirekboutique.com\/wp-content\/uploads\/2025\/05\/\u5fae\u4fe1\u56fe\u7247_20250507211046-225x300.jpg 225w, https:\/\/mirekboutique.com\/wp-content\/uploads\/2025\/05\/\u5fae\u4fe1\u56fe\u7247_20250507211046-768x1024.jpg 768w, https:\/\/mirekboutique.com\/wp-content\/uploads\/2025\/05\/\u5fae\u4fe1\u56fe\u7247_20250507211046-1152x1536.jpg 1152w, https:\/\/mirekboutique.com\/wp-content\/uploads\/2025\/05\/\u5fae\u4fe1\u56fe\u7247_20250507211046-1536x2048.jpg 1536w, https:\/\/mirekboutique.com\/wp-content\/uploads\/2025\/05\/\u5fae\u4fe1\u56fe\u7247_20250507211046-600x800.jpg 600w\" sizes=\"(max-width: 1920px) 100vw, 1920px\" \/>\t\t\t\t\t\t\t\t\t\t\t\t\t\t\t<\/div>\n\t\t\t\t<\/div>\n\t\t<div class=\"elementor-element elementor-element-d9a7f60 e-con-full e-flex e-con e-child\" data-id=\"d9a7f60\" data-element_type=\"container\">\n\t\t<div class=\"elementor-element elementor-element-8bf8953 e-con-full e-flex e-con e-child\" data-id=\"8bf8953\" data-element_type=\"container\">\n\t\t\t\t<div class=\"elementor-element elementor-element-b4ae1fc elementor-widget elementor-widget-heading\" data-id=\"b4ae1fc\" data-element_type=\"widget\" data-widget_type=\"heading.default\">\n\t\t\t\t<div class=\"elementor-widget-container\">\n\t\t\t\t\t<h6 class=\"elementor-heading-title elementor-size-default\">O n\u00e1s<\/h6>\t\t\t\t<\/div>\n\t\t\t\t<\/div>\n\t\t\t\t<div class=\"elementor-element elementor-element-de42fbc elementor-widget elementor-widget-heading\" data-id=\"de42fbc\" data-element_type=\"widget\" data-widget_type=\"heading.default\">\n\t\t\t\t<div class=\"elementor-widget-container\">\n\t\t\t\t\t<h2 class=\"elementor-heading-title elementor-size-default\">Jak to v\u0161echno za\u010dalo<\/h2>\t\t\t\t<\/div>\n\t\t\t\t<\/div>\n\t\t\t\t<\/div>\n\t\t<div class=\"elementor-element elementor-element-107f26f e-con-full e-flex e-con e-child\" data-id=\"107f26f\" data-element_type=\"container\">\n\t\t\t\t<div class=\"elementor-element elementor-element-88c54c8 elementor-widget elementor-widget-heading\" data-id=\"88c54c8\" data-element_type=\"widget\" data-widget_type=\"heading.default\">\n\t\t\t\t<div class=\"elementor-widget-container\">\n\t\t\t\t\t<p class=\"elementor-heading-title elementor-size-default\">Pom\u00e1h\u00e1me v\u0161em u\u017e\u00edvat si \u00fa\u017easn\u00e9 produkty<\/p>\t\t\t\t<\/div>\n\t\t\t\t<\/div>\n\t\t\t\t<div class=\"elementor-element elementor-element-20818f7 elementor-widget elementor-widget-text-editor\" data-id=\"20818f7\" data-element_type=\"widget\" data-widget_type=\"text-editor.default\">\n\t\t\t\t<div class=\"elementor-widget-container\">\n\t\t\t\t\t\t\t\t\t<p><strong>V Mirekboutique milujeme ka\u017edou v\u00e1\u0161e\u0148 a z\u00e1jem na Zemi, proto\u017ee je odkazem na va\u0161i JEDINE\u010cNOST. A \u0161\u00ed\u0159it p\u0159esn\u011b to... je na\u0161\u00ed hlavn\u00ed viz\u00ed:<\/strong><\/p><p>Pom\u016f\u017ee v\u00e1m vyj\u00e1d\u0159it se. Podpo\u0159it v\u00e1s na mirekboutique.com<strong>.<\/strong><\/p><p>Proto\u017ee v\u00edme, \u017ee si p\u0159ejete nejr\u016fzn\u011bj\u0161\u00ed v\u00fdrobky na zak\u00e1zku, m\u00e1me pro v\u00e1s vysoce profesion\u00e1ln\u00ed dodavatele a v\u00fdrobn\u00ed podniky, se kter\u00fdmi jsme v \u00fazk\u00e9m kontaktu a kter\u00e9 denn\u011b prov\u011b\u0159ujeme, aby spl\u0148ovaly na\u0161e n\u00e1ro\u010dn\u00e9 v\u00fdb\u011brov\u00e9 \u0159\u00edzen\u00ed.<\/p><p>Nez\u00e1le\u017e\u00ed na tom, kde jste, kdo jste a co v\u00e1s bav\u00ed, chceme v\u00e1m nab\u00eddnout produkty na m\u00edru, kter\u00e9 v\u00e1m pomohou vyj\u00e1d\u0159it se... pomoci v\u00e1m vyj\u00e1d\u0159it, kdo skute\u010dn\u011b jste!<\/p><p>Proto v<strong> V Mirekboutique najdete kolekci na m\u00edru pro ka\u017edou profesi, kon\u00ed\u010dek, sport, v\u00e1\u0161e\u0148 nebo cokoli, co v\u00e1s napadne.<\/strong><\/p><p>Tak\u017ee a\u0165 u\u017e hled\u00e1te cokoli, m\u00e1me v pl\u00e1nu v\u00e1m to nab\u00eddnout. A pokud ne, pak n\u00e1s kontaktujte a dejte n\u00e1m v\u011bd\u011bt, abychom pro v\u00e1s mohli rychle vyjednat nebo vyrobit tu nejlep\u0161\u00ed nab\u00eddku. Jsme a r\u00e1di bychom tu pro V\u00c1S byli po cel\u00fd \u017eivot.<\/p><p><strong>A\u0165 u\u017e pot\u0159ebujete cokoli, najdete to pr\u00e1v\u011b zde v Mirekboutique.<\/strong><\/p>\t\t\t\t\t\t\t\t<\/div>\n\t\t\t\t<\/div>\n\t\t\t\t<\/div>\n\t\t\t\t<\/div>\n\t\t\t\t<\/div>\n\t\t\t\t\t<\/div>\n\t\t\t\t<\/div>\n\t\t\t\t<\/div>","protected":false},"excerpt":{"rendered":"<p>About us Our best replica watches and bags At Mirekboutique, we are proud to offer a range of high quality replica watches and bags that truly embody the essence of luxury. Each watch is crafted using precision engineering techniques and the finest materials to create a luxurious and stylish statement. Whether you are looking for [&hellip;]<\/p>","protected":false},"author":1,"featured_media":0,"parent":0,"menu_order":0,"comment_status":"closed","ping_status":"closed","template":"","meta":{"_monsterinsights_skip_tracking":false,"_monsterinsights_sitenote_active":false,"_monsterinsights_sitenote_note":"","_monsterinsights_sitenote_category":0,"site-sidebar-layout":"no-sidebar","site-content-layout":"page-builder","ast-site-content-layout":"","site-content-style":"default","site-sidebar-style":"default","ast-global-header-display":"","ast-banner-title-visibility":"","ast-main-header-display":"","ast-hfb-above-header-display":"","ast-hfb-below-header-display":"","ast-hfb-mobile-header-display":"","site-post-title":"disabled","ast-breadcrumbs-content":"","ast-featured-img":"disabled","footer-sml-layout":"","theme-transparent-header-meta":"","adv-header-id-meta":"","stick-header-meta":"","header-above-stick-meta":"","header-main-stick-meta":"","header-below-stick-meta":"","astra-migrate-meta-layouts":"default","ast-page-background-enabled":"default","ast-page-background-meta":{"desktop":{"background-color":"var(--ast-global-color-4)","background-image":"","background-repeat":"repeat","background-position":"center center","background-size":"auto","background-attachment":"scroll","background-type":"","background-media":"","overlay-type":"","overlay-color":"","overlay-opacity":"","overlay-gradient":""},"tablet":{"background-color":"","background-image":"","background-repeat":"repeat","background-position":"center center","background-size":"auto","background-attachment":"scroll","background-type":"","background-media":"","overlay-type":"","overlay-color":"","overlay-opacity":"","overlay-gradient":""},"mobile":{"background-color":"","background-image":"","background-repeat":"repeat","background-position":"center center","background-size":"auto","background-attachment":"scroll","background-type":"","background-media":"","overlay-type":"","overlay-color":"","overlay-opacity":"","overlay-gradient":""}},"ast-content-background-meta":{"desktop":{"background-color":"var(--ast-global-color-5)","background-image":"","background-repeat":"repeat","background-position":"center center","background-size":"auto","background-attachment":"scroll","background-type":"","background-media":"","overlay-type":"","overlay-color":"","overlay-opacity":"","overlay-gradient":""},"tablet":{"background-color":"var(--ast-global-color-5)","background-image":"","background-repeat":"repeat","background-position":"center center","background-size":"auto","background-attachment":"scroll","background-type":"","background-media":"","overlay-type":"","overlay-color":"","overlay-opacity":"","overlay-gradient":""},"mobile":{"background-color":"var(--ast-global-color-5)","background-image":"","background-repeat":"repeat","background-position":"center center","background-size":"auto","background-attachment":"scroll","background-type":"","background-media":"","overlay-type":"","overlay-color":"","overlay-opacity":"","overlay-gradient":""}},"footnotes":""},"class_list":["post-471","page","type-page","status-publish","hentry"],"_links":{"self":[{"href":"https:\/\/mirekboutique.com\/cs\/wp-json\/wp\/v2\/pages\/471","targetHints":{"allow":["GET"]}}],"collection":[{"href":"https:\/\/mirekboutique.com\/cs\/wp-json\/wp\/v2\/pages"}],"about":[{"href":"https:\/\/mirekboutique.com\/cs\/wp-json\/wp\/v2\/types\/page"}],"author":[{"embeddable":true,"href":"https:\/\/mirekboutique.com\/cs\/wp-json\/wp\/v2\/users\/1"}],"replies":[{"embeddable":true,"href":"https:\/\/mirekboutique.com\/cs\/wp-json\/wp\/v2\/comments?post=471"}],"version-history":[{"count":9,"href":"https:\/\/mirekboutique.com\/cs\/wp-json\/wp\/v2\/pages\/471\/revisions"}],"predecessor-version":[{"id":629,"href":"https:\/\/mirekboutique.com\/cs\/wp-json\/wp\/v2\/pages\/471\/revisions\/629"}],"wp:attachment":[{"href":"https:\/\/mirekboutique.com\/cs\/wp-json\/wp\/v2\/media?parent=471"}],"curies":[{"name":"wp","href":"https:\/\/api.w.org\/{rel}","templated":true}]}}