{"id":591,"date":"2025-05-07T19:57:41","date_gmt":"2025-05-07T11:57:41","guid":{"rendered":"https:\/\/mirekboutique.com\/?page_id=591"},"modified":"2025-05-21T19:56:36","modified_gmt":"2025-05-21T11:56:36","slug":"cod","status":"publish","type":"page","link":"https:\/\/mirekboutique.com\/cs\/cod\/","title":{"rendered":"COD"},"content":{"rendered":"<div data-elementor-type=\"wp-page\" data-elementor-id=\"591\" class=\"elementor elementor-591\">\n\t\t\t\t<div class=\"elementor-element elementor-element-9346e8d e-flex e-con-boxed e-con e-parent\" data-id=\"9346e8d\" data-element_type=\"container\" data-settings=\"{&quot;background_background&quot;:&quot;classic&quot;}\">\n\t\t\t\t\t<div class=\"e-con-inner\">\n\t\t<div class=\"elementor-element elementor-element-4b2bba9 e-con-full e-flex e-con e-child\" data-id=\"4b2bba9\" data-element_type=\"container\">\n\t\t\t\t<div class=\"elementor-element elementor-element-5a21cb0 elementor-widget elementor-widget-heading\" data-id=\"5a21cb0\" data-element_type=\"widget\" data-widget_type=\"heading.default\">\n\t\t\t\t<div class=\"elementor-widget-container\">\n\t\t\t\t\t<h6 class=\"elementor-heading-title elementor-size-default\">dob\u00edrka<\/h6>\t\t\t\t<\/div>\n\t\t\t\t<\/div>\n\t\t\t\t<div class=\"elementor-element elementor-element-a19a656 elementor-widget elementor-widget-heading\" data-id=\"a19a656\" data-element_type=\"widget\" data-widget_type=\"heading.default\">\n\t\t\t\t<div class=\"elementor-widget-container\">\n\t\t\t\t\t<h1 class=\"elementor-heading-title elementor-size-default\">COD<\/h1>\t\t\t\t<\/div>\n\t\t\t\t<\/div>\n\t\t\t\t<\/div>\n\t\t\t\t\t<\/div>\n\t\t\t\t<\/div>\n\t\t<div class=\"elementor-element elementor-element-8261433 e-flex e-con-boxed e-con e-parent\" data-id=\"8261433\" data-element_type=\"container\">\n\t\t\t\t\t<div class=\"e-con-inner\">\n\t\t\t\t<div class=\"elementor-element elementor-element-ab6c507 elementor-widget elementor-widget-text-editor\" data-id=\"ab6c507\" data-element_type=\"widget\" data-widget_type=\"text-editor.default\">\n\t\t\t\t<div class=\"elementor-widget-container\">\n\t\t\t\t\t\t\t\t\t<p><strong>Jsme hrd\u00ed na to, \u017ee v\u00e1m m\u016f\u017eeme nab\u00eddnout p\u0159epravn\u00ed slu\u017eby po cel\u00e9m sv\u011bt\u011b.N\u00e1sleduj\u00edc\u00ed podm\u00ednky jsou navr\u017eeny tak, aby v\u00e1m poskytly dokonal\u00fd z\u00e1\u017eitek z nakupov\u00e1n\u00ed. P\u0159ed odesl\u00e1n\u00edm objedn\u00e1vky si pros\u00edm pe\u010dliv\u011b p\u0159e\u010dt\u011bte n\u00e1sleduj\u00edc\u00ed dodac\u00ed podm\u00ednky.<\/strong><\/p><p><strong>1. Dod\u00e1n\u00ed po cel\u00e9m sv\u011bt\u011b:<\/strong><\/p><p>Jsme hrd\u00ed na to, \u017ee m\u016f\u017eeme nab\u00eddnout doru\u010den\u00ed do mnoha zem\u00ed a region\u016f po cel\u00e9m sv\u011bt\u011b. M\u016f\u017eete vyu\u017e\u00edt re\u017eim dob\u00edrky, kdy\u017e zaplat\u00edte z\u00e1lohu 10%. Po p\u0159evzet\u00ed a kontrole zbo\u017e\u00ed m\u016f\u017eete doru\u010dovateli uhradit zb\u00fdvaj\u00edc\u00ed \u010d\u00e1stku. Z\u016fstatek m\u016f\u017eete zaplatit v m\u011bn\u011b sv\u00e9 zem\u011b<\/p><p><strong>2. Prahov\u00e1 hodnota dopravy zdarma:<\/strong><\/p><p>Objednejte si zbo\u017e\u00ed s vkladem 10% a vyu\u017eijte dopravu zdarma po cel\u00e9m sv\u011bt\u011b.<\/p><p><strong>3. P\u0159edpokl\u00e1dan\u00e1 doba dod\u00e1n\u00ed:<\/strong><\/p><p>Na doru\u010den\u00ed objedn\u00e1vky do cel\u00e9ho sv\u011bta si pros\u00edm vyhra\u010fte 3 a\u017e 14 pracovn\u00edch dn\u016f. Upozor\u0148ujeme, \u017ee doba dod\u00e1n\u00ed se m\u016f\u017ee li\u0161it v z\u00e1vislosti na va\u0161\u00ed poloze a vn\u011bj\u0161\u00edch faktorech, kter\u00e9 nem\u016f\u017eeme ovlivnit.<\/p><p><strong>4. Osvobozen\u00ed od dan\u011b:<\/strong><\/p><p>Sna\u017e\u00edme se poskytovat snadn\u00e9 a bezprobl\u00e9mov\u00e9 nakupov\u00e1n\u00ed. Proto jsou v\u0161echny objedn\u00e1vky celosv\u011btov\u011b osvobozeny od dan\u011b.<\/p><p><strong>5. D\u011blen\u00e1 z\u00e1silka:<\/strong><\/p><p>U objedn\u00e1vek obsahuj\u00edc\u00edch v\u00edce polo\u017eek je m\u016f\u017eeme odeslat odd\u011blen\u011b, abychom zajistili efektivn\u00ed doru\u010den\u00ed. Ka\u017ed\u00e1 polo\u017eka bude bezpe\u010dn\u011b zabalena a sledov\u00e1na samostatn\u011b.<\/p><p><strong>6. Up\u0159ednost\u0148uje se mezin\u00e1rodn\u00ed expresn\u00ed p\u0159eprava:<\/strong><\/p><p>Va\u0161e spokojenost je pro n\u00e1s nejvy\u0161\u0161\u00ed prioritou a vyb\u00edr\u00e1me nejvhodn\u011bj\u0161\u00edho mezin\u00e1rodn\u00edho kur\u00fdra podle va\u0161\u00ed polohy. Mezi na\u0161e d\u016fv\u011bryhodn\u00e9 partnery pat\u0159\u00ed FedEx, DHL, UPS, USPS Inpost atd.<\/p><p><strong>7. Sledov\u00e1n\u00ed z\u00e1silky:<\/strong><\/p><p>Po obdr\u017een\u00ed z\u00e1lohy 10% obdr\u017e\u00edte do 5 dn\u016f sledovac\u00ed \u010d\u00edslo. \u010c\u00edslo p\u0159epravn\u00edho kur\u00fdra v\u00e1m sd\u011bl\u00ed v\u00e1\u0161 agent nebo si m\u016f\u017eete zkontrolovat svou e-mailovou adresu.<\/p><p><strong>8. Omezen\u00ed p\u0159epravy:<\/strong><\/p><p>P\u0159esto\u017ee se sna\u017e\u00edme poskytovat p\u0159esn\u00e9 dodac\u00ed lh\u016fty, m\u011bjte pros\u00edm na pam\u011bti, \u017ee dobu dod\u00e1n\u00ed mohou ovlivnit nep\u0159edv\u00eddateln\u00e9 okolnosti, jako jsou pov\u011btrnostn\u00ed podm\u00ednky a celn\u00ed \u0159\u00edzen\u00ed.<\/p><p><strong>9. Zpracov\u00e1n\u00ed objedn\u00e1vek:<\/strong><\/p><p>Po zad\u00e1n\u00ed objedn\u00e1vky ji d\u016fkladn\u011b zpracujeme, abychom zajistili p\u0159esn\u00e9 zabalen\u00ed a v\u010dasn\u00e9 odesl\u00e1n\u00ed.<\/p><p><strong>10. P\u0159esnost adresy:<\/strong><\/p><p>P\u0159ekontrolujte pros\u00edm spr\u00e1vnost dodac\u00ed adresy. Za zpo\u017ed\u011bn\u00ed nebo ne\u00fasp\u011b\u0161n\u00e9 odesl\u00e1n\u00ed v d\u016fsledku nespr\u00e1vn\u00e9 adresy neneseme odpov\u011bdnost.<\/p><p><strong>11. Povinnosti z\u00e1kazn\u00edka:<\/strong><\/p><p>Z\u00e1kazn\u00edci mus\u00ed poskytnout p\u0159esn\u00e9 informace o zem\u011bpisn\u00e9 poloze pro doru\u010den\u00ed. Neneseme odpov\u011bdnost za to, \u017ee se v\u00e1m z vlastn\u00edch d\u016fvod\u016f nepoda\u0159\u00ed kontaktovat doru\u010dovatele.<\/p><p><strong>12. Ztr\u00e1ta nebo zpo\u017ed\u011bn\u00ed zbo\u017e\u00ed:<\/strong><\/p><p>V nepravd\u011bpodobn\u00e9m p\u0159\u00edpad\u011b ztr\u00e1ty nebo velk\u00e9ho zpo\u017ed\u011bn\u00ed z\u00e1silky kontaktujte n\u00e1\u0161 z\u00e1kaznick\u00fd servis nebo sv\u00e9ho z\u00e1stupce. Okam\u017eit\u011b provedeme d\u016fkladn\u00e9 \u0161et\u0159en\u00ed, abychom probl\u00e9m vy\u0159e\u0161ili.<\/p><p><strong>13. Aktualizace p\u0159epravy:<\/strong><\/p><p>Bu\u010fte informov\u00e1ni o pr\u016fb\u011bhu p\u0159epravy prost\u0159ednictv\u00edm e-mailov\u00fdch ozn\u00e1men\u00ed nebo kontaktujte sv\u00e9ho z\u00e1stupce.<\/p><p><strong>14. Kontaktujte n\u00e1s:<\/strong><\/p><p>Pokud m\u00e1te jak\u00e9koli dotazy nebo probl\u00e9my se z\u00e1silkou, n\u00e1\u0161 t\u00fdm z\u00e1kaznick\u00e9ho servisu nebo agenti jsou v\u017edy p\u0159ipraveni v\u00e1m pomoci. Napi\u0161te n\u00e1m pros\u00edm na info@mirekboutique.com.<\/p><p>Zad\u00e1n\u00edm objedn\u00e1vky u n\u00e1s berete na v\u011bdom\u00ed a p\u0159ij\u00edm\u00e1te tyto celosv\u011btov\u00e9 p\u0159epravn\u00ed podm\u00ednky. Na\u0161\u00edm c\u00edlem je poskytnout v\u00e1m vynikaj\u00edc\u00ed slu\u017eby a p\u0159\u00edjemn\u00fd z\u00e1\u017eitek z nakupov\u00e1n\u00ed.<\/p><p><strong>15 O procesu objedn\u00e1v\u00e1n\u00ed<\/strong><br \/>V prvn\u00ed \u0159ad\u011b poskytujeme logistiku na dob\u00edrku. Mus\u00edme v\u00e1m \u00fa\u010dtovat z\u00e1lohu ve v\u00fd\u0161i 10%. Z\u00e1lohu m\u016f\u017eete zaplatit prost\u0159ednictv\u00edm sv\u00e9ho z\u00e1stupce nebo se obr\u00e1tit na ofici\u00e1ln\u00ed pracovn\u00edky. Pokud po obdr\u017een\u00ed zbo\u017e\u00ed odm\u00edtnete jeho p\u0159evzet\u00ed, z\u00e1lohu 10% v\u00e1m nevr\u00e1t\u00edme. V\u0161echny v\u00fdrobky v tomto obchod\u011b jsou \u0161pi\u010dkov\u00e9 produkty. N\u00e1klady na dopravu a poji\u0161t\u011bn\u00ed jsou n\u00e1kladn\u00e9, proto je vy\u017eadov\u00e1na z\u00e1loha. D\u011bkujeme v\u00e1m za pochopen\u00ed<\/p><p><strong>D\u011bkujeme, \u017ee jste si n\u00e1s vybrali pro sv\u00e9 glob\u00e1ln\u00ed n\u00e1kupy!<\/strong><\/p>\t\t\t\t\t\t\t\t<\/div>\n\t\t\t\t<\/div>\n\t\t\t\t\t<\/div>\n\t\t\t\t<\/div>\n\t\t\t\t<\/div>","protected":false},"excerpt":{"rendered":"<p>cash on delivery COD We are proud to offer you worldwide shipping services, the following terms and conditions are designed to provide you with a perfect shopping experience. Please read the following delivery terms and conditions carefully before placing your order. 1. Worldwide delivery: We are proud to offer worldwide delivery to many countries and [&hellip;]<\/p>","protected":false},"author":1,"featured_media":0,"parent":0,"menu_order":0,"comment_status":"closed","ping_status":"closed","template":"","meta":{"_monsterinsights_skip_tracking":false,"_monsterinsights_sitenote_active":false,"_monsterinsights_sitenote_note":"","_monsterinsights_sitenote_category":0,"site-sidebar-layout":"no-sidebar","site-content-layout":"page-builder","ast-site-content-layout":"full-width-container","site-content-style":"default","site-sidebar-style":"default","ast-global-header-display":"","ast-banner-title-visibility":"","ast-main-header-display":"","ast-hfb-above-header-display":"","ast-hfb-below-header-display":"","ast-hfb-mobile-header-display":"","site-post-title":"disabled","ast-breadcrumbs-content":"","ast-featured-img":"disabled","footer-sml-layout":"","theme-transparent-header-meta":"default","adv-header-id-meta":"","stick-header-meta":"","header-above-stick-meta":"","header-main-stick-meta":"","header-below-stick-meta":"","astra-migrate-meta-layouts":"set","ast-page-background-enabled":"default","ast-page-background-meta":{"desktop":{"background-color":"var(--ast-global-color-4)","background-image":"","background-repeat":"repeat","background-position":"center center","background-size":"auto","background-attachment":"scroll","background-type":"","background-media":"","overlay-type":"","overlay-color":"","overlay-opacity":"","overlay-gradient":""},"tablet":{"background-color":"","background-image":"","background-repeat":"repeat","background-position":"center center","background-size":"auto","background-attachment":"scroll","background-type":"","background-media":"","overlay-type":"","overlay-color":"","overlay-opacity":"","overlay-gradient":""},"mobile":{"background-color":"","background-image":"","background-repeat":"repeat","background-position":"center center","background-size":"auto","background-attachment":"scroll","background-type":"","background-media":"","overlay-type":"","overlay-color":"","overlay-opacity":"","overlay-gradient":""}},"ast-content-background-meta":{"desktop":{"background-color":"var(--ast-global-color-5)","background-image":"","background-repeat":"repeat","background-position":"center center","background-size":"auto","background-attachment":"scroll","background-type":"","background-media":"","overlay-type":"","overlay-color":"","overlay-opacity":"","overlay-gradient":""},"tablet":{"background-color":"var(--ast-global-color-5)","background-image":"","background-repeat":"repeat","background-position":"center center","background-size":"auto","background-attachment":"scroll","background-type":"","background-media":"","overlay-type":"","overlay-color":"","overlay-opacity":"","overlay-gradient":""},"mobile":{"background-color":"var(--ast-global-color-5)","background-image":"","background-repeat":"repeat","background-position":"center center","background-size":"auto","background-attachment":"scroll","background-type":"","background-media":"","overlay-type":"","overlay-color":"","overlay-opacity":"","overlay-gradient":""}},"footnotes":""},"class_list":["post-591","page","type-page","status-publish","hentry"],"_links":{"self":[{"href":"https:\/\/mirekboutique.com\/cs\/wp-json\/wp\/v2\/pages\/591","targetHints":{"allow":["GET"]}}],"collection":[{"href":"https:\/\/mirekboutique.com\/cs\/wp-json\/wp\/v2\/pages"}],"about":[{"href":"https:\/\/mirekboutique.com\/cs\/wp-json\/wp\/v2\/types\/page"}],"author":[{"embeddable":true,"href":"https:\/\/mirekboutique.com\/cs\/wp-json\/wp\/v2\/users\/1"}],"replies":[{"embeddable":true,"href":"https:\/\/mirekboutique.com\/cs\/wp-json\/wp\/v2\/comments?post=591"}],"version-history":[{"count":22,"href":"https:\/\/mirekboutique.com\/cs\/wp-json\/wp\/v2\/pages\/591\/revisions"}],"predecessor-version":[{"id":2421,"href":"https:\/\/mirekboutique.com\/cs\/wp-json\/wp\/v2\/pages\/591\/revisions\/2421"}],"wp:attachment":[{"href":"https:\/\/mirekboutique.com\/cs\/wp-json\/wp\/v2\/media?parent=591"}],"curies":[{"name":"wp","href":"https:\/\/api.w.org\/{rel}","templated":true}]}}