{"id":1041,"date":"2025-05-09T01:08:34","date_gmt":"2025-05-08T17:08:34","guid":{"rendered":"https:\/\/mirekboutique.com\/?post_type=product&#038;p=1041"},"modified":"2025-05-24T19:21:47","modified_gmt":"2025-05-24T11:21:47","slug":"lq141-kv6-11-super-clone-from-a-super-factory","status":"publish","type":"product","link":"https:\/\/mirekboutique.com\/cs\/produkt\/lq141-kv6-11-super-clone-from-a-super-factory\/","title":{"rendered":"LQ141 KV6 1:1 super klon ze super tov\u00e1rny"},"content":{"rendered":"<p>HK Nov\u00e1 kolekce vysokofrekven\u010dn\u00edch chronometr\u016f Longines \ud83c\udfaeKV6<br \/>\nNov\u00e1 kolekce Longines LONGINES \ud83c\udfaeKV6 High Frequency Chronometer Collection v souladu s ikonick\u00fdmi designov\u00fdmi k\u00f3dy origin\u00e1lu obsahuje inovativn\u00ed prvky, kter\u00e9 oslov\u00ed nejen milovn\u00edky historick\u00fdch hodinek, ale tak\u00e9 v\u00edce odpov\u00eddaj\u00ed estetice dne\u0161n\u00edch spot\u0159ebitel\u016f.<br \/>\nRozpoznateln\u00e9 ocelov\u00e9 pouzdro ve tvaru pol\u0161t\u00e1\u0159ku o pr\u016fm\u011bru 43 milimetr\u016f, co\u017e je mezi sportovn\u00edmi hodinkami b\u011b\u017en\u00e1 velikost, je odoln\u00e9 a elegantn\u00ed.<br \/>\nSaf\u00edrov\u00fd pot\u00e1p\u011b\u010dsk\u00fd r\u00e1me\u010dek. Tento materi\u00e1l se nesnadno po\u0161kr\u00e1be a m\u00e1 vysok\u00fd stupe\u0148 pr\u016fhlednosti, co\u017e m\u016f\u017ee zajistit nejen pot\u00e1p\u011b\u010dsk\u00fd v\u00fdkon hodinek, ale tak\u00e9 n\u00e1m p\u0159in\u00e9st jedine\u010dn\u00fd vizu\u00e1ln\u00ed efekt. \ud83c\udfae<br \/>\n\u010c\u00edseln\u00edk m\u00e1 minimalistick\u00fd design s hodinami pota\u017een\u00fdmi vrstvou Super-LumiNova.<br \/>\nHodinov\u00e9 zna\u010dky pota\u017een\u00e9 vrstvou Super-LumiNova se st\u0159\u00eddaj\u00ed s rhodiovan\u00fdmi a dopl\u0148uj\u00ed n\u00e1padn\u00fd \u010dern\u00fd zrnit\u00fd cifern\u00edk, zat\u00edmco \u010derven\u00e1 minutov\u00e1 ru\u010di\u010dka, kter\u00e1 upout\u00e1 pozornost, dod\u00e1v\u00e1 hodink\u00e1m vitalitu.<br \/>\nHodinky pou\u017e\u00edvaj\u00ed origin\u00e1ln\u00ed dov\u00e1\u017een\u00fd Citizen 9015 se stabiln\u00edm m\u011b\u0159en\u00edm \u010dasu a n\u00edzkou m\u00edrou oprav!<br \/>\nOpasek z italsk\u00e9 telec\u00ed k\u016f\u017ee s origin\u00e1ln\u00edm reli\u00e9fn\u00edm vzorem spony, trojrozm\u011brn\u00fd pocit plnosti.<br \/>\nHk v\u00fdroba, mus\u00ed b\u00fdt dobr\u00fd produkt! \ud83c\udfaeS1 vynikaj\u00edc\u00ed doporu\u010den\u00e9 p\u00e1nsk\u00e9 mechanick\u00e9 hodinky<\/p>","protected":false},"excerpt":{"rendered":"<p>\ud83d\udd25\ud83d\udd25V\u0161echno zbo\u017e\u00ed na t\u00e9to webov\u00e9 str\u00e1nce jsou \u0161pi\u010dkov\u00e9 dokonal\u00e9 repliky vyroben\u00e9 super v\u00fdrobci, zcela nov\u00e9 a neotev\u0159en\u00e9, kvalita a poprodejn\u00ed servis jsou zaru\u010deny!<\/p>\n<p>\u2705\u2705\u2705\u2705Mirekboutique vyr\u00e1b\u00ed pouze vysoce kvalitn\u00ed zbo\u017e\u00ed V\u0161echny polo\u017eky v na\u0161em obchod\u011b jsou dod\u00e1v\u00e1ny s origin\u00e1ln\u00ed krabic\u00ed High-end d\u0159ev\u011bn\u00e1 krabice<\/p>\n<p>\ud83c\udf39\ud83c\udf39Pros\u00edm, bu\u010fte si jisti, \u017ee nakupujete Ve\u0161ker\u00e9 zbo\u017e\u00ed podporuje dob\u00edrku P\u0159ejeme v\u00e1m \u0161\u0165astn\u00e9 nakupov\u00e1n\u00ed.<\/p>","protected":false},"featured_media":1042,"comment_status":"open","ping_status":"closed","template":"","meta":{"_monsterinsights_skip_tracking":false,"_monsterinsights_sitenote_active":false,"_monsterinsights_sitenote_note":"","_monsterinsights_sitenote_category":0,"site-sidebar-layout":"default","site-content-layout":"","ast-site-content-layout":"default","site-content-style":"default","site-sidebar-style":"default","ast-global-header-display":"","ast-banner-title-visibility":"","ast-main-header-display":"","ast-hfb-above-header-display":"","ast-hfb-below-header-display":"","ast-hfb-mobile-header-display":"","site-post-title":"","ast-breadcrumbs-content":"","ast-featured-img":"","footer-sml-layout":"","theme-transparent-header-meta":"default","adv-header-id-meta":"","stick-header-meta":"","header-above-stick-meta":"","header-main-stick-meta":"","header-below-stick-meta":"","astra-migrate-meta-layouts":"set","ast-page-background-enabled":"default","ast-page-background-meta":{"desktop":{"background-color":"var(--ast-global-color-4)","background-image":"","background-repeat":"repeat","background-position":"center center","background-size":"auto","background-attachment":"scroll","background-type":"","background-media":"","overlay-type":"","overlay-color":"","overlay-opacity":"","overlay-gradient":""},"tablet":{"background-color":"","background-image":"","background-repeat":"repeat","background-position":"center center","background-size":"auto","background-attachment":"scroll","background-type":"","background-media":"","overlay-type":"","overlay-color":"","overlay-opacity":"","overlay-gradient":""},"mobile":{"background-color":"","background-image":"","background-repeat":"repeat","background-position":"center center","background-size":"auto","background-attachment":"scroll","background-type":"","background-media":"","overlay-type":"","overlay-color":"","overlay-opacity":"","overlay-gradient":""}},"ast-content-background-meta":{"desktop":{"background-color":"var(--ast-global-color-5)","background-image":"","background-repeat":"repeat","background-position":"center center","background-size":"auto","background-attachment":"scroll","background-type":"","background-media":"","overlay-type":"","overlay-color":"","overlay-opacity":"","overlay-gradient":""},"tablet":{"background-color":"var(--ast-global-color-5)","background-image":"","background-repeat":"repeat","background-position":"center center","background-size":"auto","background-attachment":"scroll","background-type":"","background-media":"","overlay-type":"","overlay-color":"","overlay-opacity":"","overlay-gradient":""},"mobile":{"background-color":"var(--ast-global-color-5)","background-image":"","background-repeat":"repeat","background-position":"center center","background-size":"auto","background-attachment":"scroll","background-type":"","background-media":"","overlay-type":"","overlay-color":"","overlay-opacity":"","overlay-gradient":""}}},"product_brand":[],"product_cat":[34],"product_tag":[],"class_list":{"0":"post-1041","1":"product","2":"type-product","3":"status-publish","4":"has-post-thumbnail","6":"product_cat-longines","7":"desktop-align-center","8":"tablet-align-left","9":"mobile-align-left","11":"first","12":"instock","13":"sale","14":"shipping-taxable","15":"purchasable","16":"product-type-simple"},"_links":{"self":[{"href":"https:\/\/mirekboutique.com\/cs\/wp-json\/wp\/v2\/product\/1041","targetHints":{"allow":["GET"]}}],"collection":[{"href":"https:\/\/mirekboutique.com\/cs\/wp-json\/wp\/v2\/product"}],"about":[{"href":"https:\/\/mirekboutique.com\/cs\/wp-json\/wp\/v2\/types\/product"}],"replies":[{"embeddable":true,"href":"https:\/\/mirekboutique.com\/cs\/wp-json\/wp\/v2\/comments?post=1041"}],"version-history":[{"count":1,"href":"https:\/\/mirekboutique.com\/cs\/wp-json\/wp\/v2\/product\/1041\/revisions"}],"predecessor-version":[{"id":1047,"href":"https:\/\/mirekboutique.com\/cs\/wp-json\/wp\/v2\/product\/1041\/revisions\/1047"}],"wp:featuredmedia":[{"embeddable":true,"href":"https:\/\/mirekboutique.com\/cs\/wp-json\/wp\/v2\/media\/1042"}],"wp:attachment":[{"href":"https:\/\/mirekboutique.com\/cs\/wp-json\/wp\/v2\/media?parent=1041"}],"wp:term":[{"taxonomy":"product_brand","embeddable":true,"href":"https:\/\/mirekboutique.com\/cs\/wp-json\/wp\/v2\/product_brand?post=1041"},{"taxonomy":"product_cat","embeddable":true,"href":"https:\/\/mirekboutique.com\/cs\/wp-json\/wp\/v2\/product_cat?post=1041"},{"taxonomy":"product_tag","embeddable":true,"href":"https:\/\/mirekboutique.com\/cs\/wp-json\/wp\/v2\/product_tag?post=1041"}],"curies":[{"name":"wp","href":"https:\/\/api.w.org\/{rel}","templated":true}]}}