{"id":1048,"date":"2025-05-09T01:11:52","date_gmt":"2025-05-08T17:11:52","guid":{"rendered":"https:\/\/mirekboutique.com\/?post_type=product&#038;p=1048"},"modified":"2025-05-24T19:21:47","modified_gmt":"2025-05-24T11:21:47","slug":"lq142-legend-diver-perfectly-reproduced","status":"publish","type":"product","link":"https:\/\/mirekboutique.com\/cs\/produkt\/lq142-legend-diver-perfectly-reproduced\/","title":{"rendered":"LQ142 Legend Diver Perfektn\u011b reprodukovan\u00fd"},"content":{"rendered":"<p>Nov\u00e1 nab\u00eddka! [\u010cas sr\u00e1\u017eek Classic Newborn] OS Factory \ud83c\udfaeDG1 Classic Replica Legend Diver Legend Series Diving Watches, unik\u00e1tn\u00ed retro textura, univerz\u00e1ln\u00ed obchodn\u00ed a volno\u010dasov\u00e9 a dal\u0161\u00ed v\u00edce p\u0159\u00edle\u017eitost\u00ed, interpretace sou\u010dasn\u00e9 p\u00e1nsk\u00e9 elegance a \u0161armu, origin\u00e1ln\u00ed tvarov\u00e1n\u00ed, exkluzivn\u00ed debut na trhu! Povrch pouzdra po sat\u00e9nov\u00e9m kart\u00e1\u010dovan\u00e9m procesu, pln\u00fd textury, bronzov\u00fd materi\u00e1l pouzdra s postupem \u010dasu vytvo\u0159\u00ed jedine\u010dnou m\u011bd\u011bn\u011b zelenou barvu, odr\u00e1\u017eej\u00edc\u00ed \u010das v klidn\u011bj\u0161\u00edm a jist\u00e9m gentlemansk\u00e9m \u0161armu! 2, strana stolu na obou stran\u00e1ch se stejn\u00fdm autentick\u00fdm, se dv\u011bma oto\u010dn\u00fdmi korunkami, korunka na dvou hodin\u00e1ch slou\u017e\u00ed k nastaven\u00ed ot\u00e1\u010den\u00ed vnit\u0159n\u00edho kruhu, na \u010dty\u0159ech hodin\u00e1ch slou\u017e\u00ed k nastaven\u00ed \u010dasu. Na horn\u00ed stran\u011b korunky je vyryt\u00fd kostkovan\u00fd design, ob\u011b strany jsou tak\u00e9 opat\u0159eny protiskluzov\u00fdmi d\u016flkov\u00fdmi vzory, aby si u\u017eivatel mohl nastavit \u010das! 3, sklo je vyrobeno z prav\u00e9ho konzistentn\u00edho vysoce obloukovit\u011b obloukovit\u00e9ho oboustrann\u00e9ho antireflexn\u00edho saf\u00edrov\u00e9ho zrc\u00e1tka! \ud83c\udfae4, \u010d\u00edseln\u00edk a autentick\u00fd d\u016fsledn\u011b lakovan\u00fd gradientn\u00ed styl, vrstven\u00fd. Harmonick\u00fd barevn\u00fd t\u00f3n a odpov\u00eddaj\u00edc\u00ed ru\u010di\u010dky s autentick\u00fdmi jsou pota\u017eeny luminiscen\u010dn\u00edm materi\u00e1lem! Hodinov\u00e9 zna\u010dky jsou vykl\u00e1dan\u00e9 \u010dtvercov\u00fdmi zna\u010dkami pota\u017een\u00fdmi luminiscen\u010dn\u00edm materi\u00e1lem Super-LumiNova! Zajist\u011bte, aby byl \u010das dob\u0159e \u010diteln\u00fd i v \u0161eru! 5, spodn\u00ed kryt hodinek a stejn\u011b jako autentick\u00e9 pou\u017eit\u00ed uzav\u0159en\u00e9ho designu dna a vyryt\u00fd embl\u00e9m pot\u00e1p\u011b\u010de, kter\u00fd odr\u00e1\u017e\u00ed hlubok\u00e9 ko\u0159eny t\u011bchto hodinek a pot\u00e1p\u011bn\u00ed! 6, \u0159em\u00ednek a stejn\u00fd jako autentick\u00e9 pou\u017eit\u00ed jedine\u010dn\u00e9 textury materi\u00e1lu z telec\u00ed k\u016f\u017ee, se stejnou autentickou \u010dtvercovou sponou, snadno pou\u017eiteln\u00fd, pohodln\u00fd na no\u0161en\u00ed a odoln\u00fd! 7, pohyb je \u0161iroce replika komunita respektovan\u00e1 racek TOP \u00farove\u0148! 2824 samonatahovac\u00ed hnut\u00ed na p\u016fvodn\u00ed hnut\u00ed Cal.L888.5! V\u00fdroba OS: \u0159emesln\u00e9 zpracov\u00e1n\u00ed, zam\u011b\u0159en\u00ed na detaily! \ud83c\udfaeS1 vynikaj\u00edc\u00ed doporu\u010den\u00e9 p\u00e1nsk\u00e9 mechanick\u00e9 hodinky<\/p>","protected":false},"excerpt":{"rendered":"<p>\ud83d\udd25\ud83d\udd25V\u0161echno zbo\u017e\u00ed na t\u00e9to webov\u00e9 str\u00e1nce jsou \u0161pi\u010dkov\u00e9 dokonal\u00e9 repliky vyroben\u00e9 super v\u00fdrobci, zcela nov\u00e9 a neotev\u0159en\u00e9, kvalita a poprodejn\u00ed servis jsou zaru\u010deny!<\/p>\n<p>\u2705\u2705\u2705\u2705Mirekboutique vyr\u00e1b\u00ed pouze vysoce kvalitn\u00ed zbo\u017e\u00ed V\u0161echny polo\u017eky v na\u0161em obchod\u011b jsou dod\u00e1v\u00e1ny s origin\u00e1ln\u00ed krabic\u00ed High-end d\u0159ev\u011bn\u00e1 krabice<\/p>\n<p>\ud83c\udf39\ud83c\udf39Pros\u00edm, bu\u010fte si jisti, \u017ee nakupujete Ve\u0161ker\u00e9 zbo\u017e\u00ed podporuje dob\u00edrku P\u0159ejeme v\u00e1m \u0161\u0165astn\u00e9 nakupov\u00e1n\u00ed.<\/p>","protected":false},"featured_media":1049,"comment_status":"open","ping_status":"closed","template":"","meta":{"_monsterinsights_skip_tracking":false,"_monsterinsights_sitenote_active":false,"_monsterinsights_sitenote_note":"","_monsterinsights_sitenote_category":0,"site-sidebar-layout":"default","site-content-layout":"","ast-site-content-layout":"default","site-content-style":"default","site-sidebar-style":"default","ast-global-header-display":"","ast-banner-title-visibility":"","ast-main-header-display":"","ast-hfb-above-header-display":"","ast-hfb-below-header-display":"","ast-hfb-mobile-header-display":"","site-post-title":"","ast-breadcrumbs-content":"","ast-featured-img":"","footer-sml-layout":"","theme-transparent-header-meta":"default","adv-header-id-meta":"","stick-header-meta":"","header-above-stick-meta":"","header-main-stick-meta":"","header-below-stick-meta":"","astra-migrate-meta-layouts":"set","ast-page-background-enabled":"default","ast-page-background-meta":{"desktop":{"background-color":"var(--ast-global-color-4)","background-image":"","background-repeat":"repeat","background-position":"center center","background-size":"auto","background-attachment":"scroll","background-type":"","background-media":"","overlay-type":"","overlay-color":"","overlay-opacity":"","overlay-gradient":""},"tablet":{"background-color":"","background-image":"","background-repeat":"repeat","background-position":"center center","background-size":"auto","background-attachment":"scroll","background-type":"","background-media":"","overlay-type":"","overlay-color":"","overlay-opacity":"","overlay-gradient":""},"mobile":{"background-color":"","background-image":"","background-repeat":"repeat","background-position":"center center","background-size":"auto","background-attachment":"scroll","background-type":"","background-media":"","overlay-type":"","overlay-color":"","overlay-opacity":"","overlay-gradient":""}},"ast-content-background-meta":{"desktop":{"background-color":"var(--ast-global-color-5)","background-image":"","background-repeat":"repeat","background-position":"center center","background-size":"auto","background-attachment":"scroll","background-type":"","background-media":"","overlay-type":"","overlay-color":"","overlay-opacity":"","overlay-gradient":""},"tablet":{"background-color":"var(--ast-global-color-5)","background-image":"","background-repeat":"repeat","background-position":"center center","background-size":"auto","background-attachment":"scroll","background-type":"","background-media":"","overlay-type":"","overlay-color":"","overlay-opacity":"","overlay-gradient":""},"mobile":{"background-color":"var(--ast-global-color-5)","background-image":"","background-repeat":"repeat","background-position":"center center","background-size":"auto","background-attachment":"scroll","background-type":"","background-media":"","overlay-type":"","overlay-color":"","overlay-opacity":"","overlay-gradient":""}}},"product_brand":[],"product_cat":[34],"product_tag":[],"class_list":{"0":"post-1048","1":"product","2":"type-product","3":"status-publish","4":"has-post-thumbnail","6":"product_cat-longines","7":"desktop-align-center","8":"tablet-align-left","9":"mobile-align-left","11":"first","12":"instock","13":"sale","14":"shipping-taxable","15":"purchasable","16":"product-type-simple"},"_links":{"self":[{"href":"https:\/\/mirekboutique.com\/cs\/wp-json\/wp\/v2\/product\/1048","targetHints":{"allow":["GET"]}}],"collection":[{"href":"https:\/\/mirekboutique.com\/cs\/wp-json\/wp\/v2\/product"}],"about":[{"href":"https:\/\/mirekboutique.com\/cs\/wp-json\/wp\/v2\/types\/product"}],"replies":[{"embeddable":true,"href":"https:\/\/mirekboutique.com\/cs\/wp-json\/wp\/v2\/comments?post=1048"}],"version-history":[{"count":1,"href":"https:\/\/mirekboutique.com\/cs\/wp-json\/wp\/v2\/product\/1048\/revisions"}],"predecessor-version":[{"id":1053,"href":"https:\/\/mirekboutique.com\/cs\/wp-json\/wp\/v2\/product\/1048\/revisions\/1053"}],"wp:featuredmedia":[{"embeddable":true,"href":"https:\/\/mirekboutique.com\/cs\/wp-json\/wp\/v2\/media\/1049"}],"wp:attachment":[{"href":"https:\/\/mirekboutique.com\/cs\/wp-json\/wp\/v2\/media?parent=1048"}],"wp:term":[{"taxonomy":"product_brand","embeddable":true,"href":"https:\/\/mirekboutique.com\/cs\/wp-json\/wp\/v2\/product_brand?post=1048"},{"taxonomy":"product_cat","embeddable":true,"href":"https:\/\/mirekboutique.com\/cs\/wp-json\/wp\/v2\/product_cat?post=1048"},{"taxonomy":"product_tag","embeddable":true,"href":"https:\/\/mirekboutique.com\/cs\/wp-json\/wp\/v2\/product_tag?post=1048"}],"curies":[{"name":"wp","href":"https:\/\/api.w.org\/{rel}","templated":true}]}}