{"id":1054,"date":"2025-05-09T01:13:54","date_gmt":"2025-05-08T17:13:54","guid":{"rendered":"https:\/\/mirekboutique.com\/?post_type=product&#038;p=1054"},"modified":"2025-05-24T19:21:47","modified_gmt":"2025-05-24T11:21:47","slug":"lq143-lb1-moonphase-11-super-clone-from-a-super-factory","status":"publish","type":"product","link":"https:\/\/mirekboutique.com\/cs\/produkt\/lq143-lb1-moonphase-11-super-clone-from-a-super-factory\/","title":{"rendered":"LQ143 LB1 Moonphase 1:1 super klon ze super tov\u00e1rny"},"content":{"rendered":"<p>\ud83c\udfc5\ufe0fLB1 Moonphase hodinky, nov\u00e9 vlastn\u00ed jednod\u00edln\u00e9 synchronizovan\u00e9 L899.5 origin\u00e1ln\u00ed mal\u00e9 lo\u017eisko, super stabiln\u00ed . Kolekce Moonphase<\/p>\n<p>1\u20e3\ufe0fWatch velikost 40X11 mm, velikost pouzdra dokonale kop\u00edruje p\u016fvodn\u00ed \u0159emeslo.<br \/>\n2\u20e3\ufe0f Ru\u010di\u010dky ve tvaru vrbov\u00e9ho listu z modr\u00e9 kalen\u00e9 oceli, tvar jehly a \u0159emesln\u00e9 zpracov\u00e1n\u00ed jsou synchronizov\u00e1ny s origin\u00e1lem. \ud83d\udcf8<br \/>\n3\u20e3\ufe0fMovement s jednod\u00edln\u00fdm pohybem L899.5, kter\u00fd nese p\u016fvodn\u00ed p\u0159izp\u016fsoben\u00fd jednod\u00edln\u00fd pohyb, stabilita je v\u00fdrazn\u011b zlep\u0161ena, t\u00e9m\u011b\u0159 k dosa\u017een\u00ed 0 opravy.<br \/>\n4\ufe0f\u20e3 pohybov\u00e9 hrany a s jemn\u00fdm brou\u0161en\u00edm \u017eenevsk\u00e9ho zrna. Modernizovan\u00fd vyva\u017eovac\u00ed kohout, kter\u00fd eliminuje \u0161rouby pro jemn\u00e9 dolad\u011bn\u00ed. Pozice hlavn\u011b je modernizovan\u00e1 skeletovan\u00e1 a synchronizovan\u00e1 s p\u016fvodn\u00ed. \ud83c\udf81 Nejlep\u0161\u00ed luxusn\u00ed doporu\u010den\u00ed na d\u00e1rky \ud83d\udca5 Poznejte pros\u00edm exkluzivn\u00ed kvalitu APS \ud83d\udcf7!<\/p>","protected":false},"excerpt":{"rendered":"<p>\ud83d\udd25\ud83d\udd25V\u0161echno zbo\u017e\u00ed na t\u00e9to webov\u00e9 str\u00e1nce jsou \u0161pi\u010dkov\u00e9 dokonal\u00e9 repliky vyroben\u00e9 super v\u00fdrobci, zcela nov\u00e9 a neotev\u0159en\u00e9, kvalita a poprodejn\u00ed servis jsou zaru\u010deny!<\/p>\n<p>\u2705\u2705\u2705\u2705Mirekboutique vyr\u00e1b\u00ed pouze vysoce kvalitn\u00ed zbo\u017e\u00ed V\u0161echny polo\u017eky v na\u0161em obchod\u011b jsou dod\u00e1v\u00e1ny s origin\u00e1ln\u00ed krabic\u00ed High-end d\u0159ev\u011bn\u00e1 krabice<\/p>\n<p>\ud83c\udf39\ud83c\udf39Pros\u00edm, bu\u010fte si jisti, \u017ee nakupujete Ve\u0161ker\u00e9 zbo\u017e\u00ed podporuje dob\u00edrku P\u0159ejeme v\u00e1m \u0161\u0165astn\u00e9 nakupov\u00e1n\u00ed.<\/p>","protected":false},"featured_media":1055,"comment_status":"open","ping_status":"closed","template":"","meta":{"_monsterinsights_skip_tracking":false,"_monsterinsights_sitenote_active":false,"_monsterinsights_sitenote_note":"","_monsterinsights_sitenote_category":0,"site-sidebar-layout":"default","site-content-layout":"","ast-site-content-layout":"default","site-content-style":"default","site-sidebar-style":"default","ast-global-header-display":"","ast-banner-title-visibility":"","ast-main-header-display":"","ast-hfb-above-header-display":"","ast-hfb-below-header-display":"","ast-hfb-mobile-header-display":"","site-post-title":"","ast-breadcrumbs-content":"","ast-featured-img":"","footer-sml-layout":"","theme-transparent-header-meta":"default","adv-header-id-meta":"","stick-header-meta":"","header-above-stick-meta":"","header-main-stick-meta":"","header-below-stick-meta":"","astra-migrate-meta-layouts":"set","ast-page-background-enabled":"default","ast-page-background-meta":{"desktop":{"background-color":"var(--ast-global-color-4)","background-image":"","background-repeat":"repeat","background-position":"center center","background-size":"auto","background-attachment":"scroll","background-type":"","background-media":"","overlay-type":"","overlay-color":"","overlay-opacity":"","overlay-gradient":""},"tablet":{"background-color":"","background-image":"","background-repeat":"repeat","background-position":"center center","background-size":"auto","background-attachment":"scroll","background-type":"","background-media":"","overlay-type":"","overlay-color":"","overlay-opacity":"","overlay-gradient":""},"mobile":{"background-color":"","background-image":"","background-repeat":"repeat","background-position":"center center","background-size":"auto","background-attachment":"scroll","background-type":"","background-media":"","overlay-type":"","overlay-color":"","overlay-opacity":"","overlay-gradient":""}},"ast-content-background-meta":{"desktop":{"background-color":"var(--ast-global-color-5)","background-image":"","background-repeat":"repeat","background-position":"center center","background-size":"auto","background-attachment":"scroll","background-type":"","background-media":"","overlay-type":"","overlay-color":"","overlay-opacity":"","overlay-gradient":""},"tablet":{"background-color":"var(--ast-global-color-5)","background-image":"","background-repeat":"repeat","background-position":"center center","background-size":"auto","background-attachment":"scroll","background-type":"","background-media":"","overlay-type":"","overlay-color":"","overlay-opacity":"","overlay-gradient":""},"mobile":{"background-color":"var(--ast-global-color-5)","background-image":"","background-repeat":"repeat","background-position":"center center","background-size":"auto","background-attachment":"scroll","background-type":"","background-media":"","overlay-type":"","overlay-color":"","overlay-opacity":"","overlay-gradient":""}}},"product_brand":[],"product_cat":[34],"product_tag":[],"class_list":{"0":"post-1054","1":"product","2":"type-product","3":"status-publish","4":"has-post-thumbnail","6":"product_cat-longines","7":"desktop-align-center","8":"tablet-align-left","9":"mobile-align-left","11":"first","12":"instock","13":"sale","14":"shipping-taxable","15":"purchasable","16":"product-type-simple"},"_links":{"self":[{"href":"https:\/\/mirekboutique.com\/cs\/wp-json\/wp\/v2\/product\/1054","targetHints":{"allow":["GET"]}}],"collection":[{"href":"https:\/\/mirekboutique.com\/cs\/wp-json\/wp\/v2\/product"}],"about":[{"href":"https:\/\/mirekboutique.com\/cs\/wp-json\/wp\/v2\/types\/product"}],"replies":[{"embeddable":true,"href":"https:\/\/mirekboutique.com\/cs\/wp-json\/wp\/v2\/comments?post=1054"}],"version-history":[{"count":1,"href":"https:\/\/mirekboutique.com\/cs\/wp-json\/wp\/v2\/product\/1054\/revisions"}],"predecessor-version":[{"id":1060,"href":"https:\/\/mirekboutique.com\/cs\/wp-json\/wp\/v2\/product\/1054\/revisions\/1060"}],"wp:featuredmedia":[{"embeddable":true,"href":"https:\/\/mirekboutique.com\/cs\/wp-json\/wp\/v2\/media\/1055"}],"wp:attachment":[{"href":"https:\/\/mirekboutique.com\/cs\/wp-json\/wp\/v2\/media?parent=1054"}],"wp:term":[{"taxonomy":"product_brand","embeddable":true,"href":"https:\/\/mirekboutique.com\/cs\/wp-json\/wp\/v2\/product_brand?post=1054"},{"taxonomy":"product_cat","embeddable":true,"href":"https:\/\/mirekboutique.com\/cs\/wp-json\/wp\/v2\/product_cat?post=1054"},{"taxonomy":"product_tag","embeddable":true,"href":"https:\/\/mirekboutique.com\/cs\/wp-json\/wp\/v2\/product_tag?post=1054"}],"curies":[{"name":"wp","href":"https:\/\/api.w.org\/{rel}","templated":true}]}}