{"id":1085,"date":"2025-05-09T01:23:55","date_gmt":"2025-05-08T17:23:55","guid":{"rendered":"https:\/\/mirekboutique.com\/?post_type=product&#038;p=1085"},"modified":"2025-05-24T19:21:46","modified_gmt":"2025-05-24T11:21:46","slug":"lq147-masterpiece-moonphase-latest-model-l2-11-super-clone","status":"publish","type":"product","link":"https:\/\/mirekboutique.com\/cs\/produkt\/lq147-masterpiece-moonphase-latest-model-l2-11-super-clone\/","title":{"rendered":"LQ147 Masterpiece Moonphase Nejnov\u011bj\u0161\u00ed model L2 1:1 Super Clone"},"content":{"rendered":"<p>KL tov\u00e1rna op\u011bt vy\u0161plhal na vrchol repliky pe\u010dliv\u011b vytvo\u0159en\u00fd mistrovsk\u00e9 d\u00edlo f\u00e1ze m\u011bs\u00edce nejnov\u011bj\u0161\u00ed L2.773.4.78.6 hodinky - tis\u00edce jemnost\u00ed, konvergence disku, rozlo\u017een\u00ed vynikaj\u00edc\u00ed, vynikaj\u00edc\u00ed smysl pro zobrazen\u00ed!<br \/>\nByly zakoupeny a odlity t\u0159i origin\u00e1ln\u00ed hodinky a na z\u00e1p\u011bst\u00ed je vid\u011bt vynikaj\u00edc\u00ed \u0159emesln\u00e9 zpracov\u00e1n\u00ed.<br \/>\n[Pouzdro] velikost hodinek 40 mm X 14,5 mm Pouzdro je vyrobeno z nerezov\u00e9 oceli vynikaj\u00edc\u00ed kvality 316L, je jasn\u00e9 a leskl\u00e9 a p\u0159edstavuje p\u016fvodn\u00ed lesklou strukturu jemn\u00fdch lini\u00ed. Vzp\u0159\u00edmen\u00e1 ucha a pouzdro vytvarovan\u00e9 v jednom kuse, no\u0161en\u00ed bl\u00edzko ruky, mimo\u0159\u00e1dn\u011b pohodln\u00e9!<br \/>\n[Pohyb] pomoc\u00ed Dandong 7751 pohyb zm\u011bnit p\u016fvodn\u00ed L.687 typ pohybu, v\u0161echny funkce synchronizov\u00e1ny s origin\u00e1lem. Jedn\u00e1 se o jeden z hrd\u00fdch produkt\u016f tuzemsk\u00e9 hmotnosti hnut\u00ed a je tak\u00e9 nejcharakteristi\u010dt\u011bj\u0161\u00edm klasick\u00fdm stylem Longines.<br \/>\n[Doslovn\u00e9] Longines m\u011bs\u00ed\u010dn\u00ed f\u00e1ze obnovit nejvy\u0161\u0161\u00ed stupe\u0148 \"p\u0161eni\u010dn\u00e9 zrno\" ornamenty, trojrozm\u011brn\u00fd tisk \u010dern\u00e9 arabsk\u00e9 stupnice, ka\u017ed\u00fd font jsou p\u0159\u00edsn\u00fd odkaz na p\u016fvodn\u00ed styl, k dosa\u017een\u00ed a skute\u010dn\u00e9 zam\u011bniteln\u00e9 \u00farovn\u011b<br \/>\n[Ru\u010di\u010dky] osm jehlov\u00fdch m\u011bs\u00ed\u010dn\u00edch f\u00e1z\u00ed m\u00e1 osm vysokoteplotn\u00edch kalen\u00fdch a kovan\u00fdch ru\u010di\u010dek z modr\u00e9 oceli, hlubok\u00e9 a v\u00fdrazn\u00e9, t\u0159pytiv\u00e9. Proces v\u00fdroby z modr\u00e9 oceli je nejvy\u0161\u0161\u00ed \u00farovn\u00ed \u0161v\u00fdcarsk\u00e9ho \u0159emesln\u00e9ho zpracov\u00e1n\u00ed, podsv\u00edcen\u00ed je hlubok\u00e9, osl\u0148uj\u00edc\u00ed na sv\u011btle!<br \/>\n[Pohyb] Pohyb funguje v souladu s origin\u00e1lem - dokonal\u00e1 kombinace m\u011bs\u00ed\u010dn\u00ed f\u00e1ze, pln\u00e9ho kalend\u00e1\u0159e, 24hodinov\u00fdch a multifunk\u010dn\u00edch funkc\u00ed chronografu, samonav\u00edjec\u00ed mechanick\u00fd strojek L687, 28 800 vibrac\u00ed za hodinu, a\u017e 45hodinov\u00e1 rezerva energie!<br \/>\nKL factory] KL tov\u00e1rna je pouze vytvo\u0159it nejobl\u00edben\u011bj\u0161\u00ed zn\u00e1m\u00fd Dlouh\u00e1 rodina nejvy\u0161\u0161\u00ed kvality hodinek, produkt bohat\u00fd, neust\u00e1l\u00e9 zlep\u0161ov\u00e1n\u00ed, ve snaze o kvalitu z\u00e1rove\u0148 tak\u00e9 d\u011blat na trhu jeden z nejv\u00edce n\u00e1kladov\u011b efektivn\u00ed tov\u00e1rny, ka\u017ed\u00e9 hodinky budou zakoupeny otev\u0159\u00edt formu p\u016fvodn\u00ed v\u00fdroby nov\u00e9ho v\u00fdrobku, tak\u017ee hodinky z detail\u016f textury jsou dokonale obnoveny, zde d\u00edky ka\u017ed\u00e9mu podnikateli na podporu KL tov\u00e1rny a p\u0159\u00e1tel hodinek, budeme i nad\u00e1le tvrd\u011b pracovat!<\/p>","protected":false},"excerpt":{"rendered":"<p>\ud83d\udd25\ud83d\udd25V\u0161echno zbo\u017e\u00ed na t\u00e9to webov\u00e9 str\u00e1nce jsou \u0161pi\u010dkov\u00e9 dokonal\u00e9 repliky vyroben\u00e9 super v\u00fdrobci, zcela nov\u00e9 a neotev\u0159en\u00e9, kvalita a poprodejn\u00ed servis jsou zaru\u010deny!<\/p>\n<p>\u2705\u2705\u2705\u2705Mirekboutique vyr\u00e1b\u00ed pouze vysoce kvalitn\u00ed zbo\u017e\u00ed V\u0161echny polo\u017eky v na\u0161em obchod\u011b jsou dod\u00e1v\u00e1ny s origin\u00e1ln\u00ed krabic\u00ed High-end d\u0159ev\u011bn\u00e1 krabice<\/p>\n<p>\ud83c\udf39\ud83c\udf39Pros\u00edm, bu\u010fte si jisti, \u017ee nakupujete Ve\u0161ker\u00e9 zbo\u017e\u00ed podporuje dob\u00edrku P\u0159ejeme v\u00e1m \u0161\u0165astn\u00e9 nakupov\u00e1n\u00ed.<\/p>","protected":false},"featured_media":1086,"comment_status":"open","ping_status":"closed","template":"","meta":{"_monsterinsights_skip_tracking":false,"_monsterinsights_sitenote_active":false,"_monsterinsights_sitenote_note":"","_monsterinsights_sitenote_category":0,"site-sidebar-layout":"default","site-content-layout":"","ast-site-content-layout":"default","site-content-style":"default","site-sidebar-style":"default","ast-global-header-display":"","ast-banner-title-visibility":"","ast-main-header-display":"","ast-hfb-above-header-display":"","ast-hfb-below-header-display":"","ast-hfb-mobile-header-display":"","site-post-title":"","ast-breadcrumbs-content":"","ast-featured-img":"","footer-sml-layout":"","theme-transparent-header-meta":"default","adv-header-id-meta":"","stick-header-meta":"","header-above-stick-meta":"","header-main-stick-meta":"","header-below-stick-meta":"","astra-migrate-meta-layouts":"set","ast-page-background-enabled":"default","ast-page-background-meta":{"desktop":{"background-color":"var(--ast-global-color-4)","background-image":"","background-repeat":"repeat","background-position":"center center","background-size":"auto","background-attachment":"scroll","background-type":"","background-media":"","overlay-type":"","overlay-color":"","overlay-opacity":"","overlay-gradient":""},"tablet":{"background-color":"","background-image":"","background-repeat":"repeat","background-position":"center center","background-size":"auto","background-attachment":"scroll","background-type":"","background-media":"","overlay-type":"","overlay-color":"","overlay-opacity":"","overlay-gradient":""},"mobile":{"background-color":"","background-image":"","background-repeat":"repeat","background-position":"center center","background-size":"auto","background-attachment":"scroll","background-type":"","background-media":"","overlay-type":"","overlay-color":"","overlay-opacity":"","overlay-gradient":""}},"ast-content-background-meta":{"desktop":{"background-color":"var(--ast-global-color-5)","background-image":"","background-repeat":"repeat","background-position":"center center","background-size":"auto","background-attachment":"scroll","background-type":"","background-media":"","overlay-type":"","overlay-color":"","overlay-opacity":"","overlay-gradient":""},"tablet":{"background-color":"var(--ast-global-color-5)","background-image":"","background-repeat":"repeat","background-position":"center center","background-size":"auto","background-attachment":"scroll","background-type":"","background-media":"","overlay-type":"","overlay-color":"","overlay-opacity":"","overlay-gradient":""},"mobile":{"background-color":"var(--ast-global-color-5)","background-image":"","background-repeat":"repeat","background-position":"center center","background-size":"auto","background-attachment":"scroll","background-type":"","background-media":"","overlay-type":"","overlay-color":"","overlay-opacity":"","overlay-gradient":""}}},"product_brand":[],"product_cat":[34],"product_tag":[],"class_list":{"0":"post-1085","1":"product","2":"type-product","3":"status-publish","4":"has-post-thumbnail","6":"product_cat-longines","7":"desktop-align-center","8":"tablet-align-left","9":"mobile-align-left","11":"first","12":"instock","13":"sale","14":"shipping-taxable","15":"purchasable","16":"product-type-simple"},"_links":{"self":[{"href":"https:\/\/mirekboutique.com\/cs\/wp-json\/wp\/v2\/product\/1085","targetHints":{"allow":["GET"]}}],"collection":[{"href":"https:\/\/mirekboutique.com\/cs\/wp-json\/wp\/v2\/product"}],"about":[{"href":"https:\/\/mirekboutique.com\/cs\/wp-json\/wp\/v2\/types\/product"}],"replies":[{"embeddable":true,"href":"https:\/\/mirekboutique.com\/cs\/wp-json\/wp\/v2\/comments?post=1085"}],"version-history":[{"count":1,"href":"https:\/\/mirekboutique.com\/cs\/wp-json\/wp\/v2\/product\/1085\/revisions"}],"predecessor-version":[{"id":1091,"href":"https:\/\/mirekboutique.com\/cs\/wp-json\/wp\/v2\/product\/1085\/revisions\/1091"}],"wp:featuredmedia":[{"embeddable":true,"href":"https:\/\/mirekboutique.com\/cs\/wp-json\/wp\/v2\/media\/1086"}],"wp:attachment":[{"href":"https:\/\/mirekboutique.com\/cs\/wp-json\/wp\/v2\/media?parent=1085"}],"wp:term":[{"taxonomy":"product_brand","embeddable":true,"href":"https:\/\/mirekboutique.com\/cs\/wp-json\/wp\/v2\/product_brand?post=1085"},{"taxonomy":"product_cat","embeddable":true,"href":"https:\/\/mirekboutique.com\/cs\/wp-json\/wp\/v2\/product_cat?post=1085"},{"taxonomy":"product_tag","embeddable":true,"href":"https:\/\/mirekboutique.com\/cs\/wp-json\/wp\/v2\/product_tag?post=1085"}],"curies":[{"name":"wp","href":"https:\/\/api.w.org\/{rel}","templated":true}]}}