{"id":1113,"date":"2025-05-09T01:31:45","date_gmt":"2025-05-08T17:31:45","guid":{"rendered":"https:\/\/mirekboutique.com\/?post_type=product&#038;p=1113"},"modified":"2025-05-24T19:21:46","modified_gmt":"2025-05-24T11:21:46","slug":"lq151-v2-upgrade-11-super-clone","status":"publish","type":"product","link":"https:\/\/mirekboutique.com\/cs\/produkt\/lq151-v2-upgrade-11-super-clone\/","title":{"rendered":"LQ151 V2 upgrade 1:1 Super Clone"},"content":{"rendered":"<p>LG op\u011bt vy\u0161plhal na vrchol repliky] V2 upgrade LG pe\u010dliv\u011b vytvo\u0159il nejnov\u011bj\u0161\u00ed model hodinek Masterpiece Moonphase L2.773.4.78.6 - tis\u00edc jemnost\u00ed, kter\u00e9 se sb\u00edhaj\u00ed v jednom disku, rozlo\u017een\u00ed je n\u00e1dhern\u00e9, pohled je vynikaj\u00edc\u00ed!<br \/>\n1\u20e3\ufe0f [Pouzdro] Hodinky m\u011b\u0159\u00ed 42 milimetr\u016f a jsou 14,5 milimetru tlust\u00e9! Pouzdro je vyrobeno z u\u0161lechtil\u00e9 oceli 316L vynikaj\u00edc\u00ed kvality, je jasn\u00e9 a leskl\u00e9 a vykazuje origin\u00e1ln\u00ed jemn\u00e9 a ladn\u00e9 linie. Vzp\u0159\u00edmen\u00e1 ucha jsou vytvarov\u00e1na do pouzdra, d\u00edky \u010demu\u017e je no\u0161en\u00ed mimo\u0159\u00e1dn\u011b pohodln\u00e9!<br \/>\n2\u20e3\ufe0f [pohyb] pomoc\u00ed pohybu Shanghai 7751 pro zm\u011bnu p\u016fvodn\u00edho pohybu typu L.687, v\u0161echny funkce synchronizov\u00e1ny s p\u016fvodn\u00edm.<br \/>\n3\u20e3\ufe0f[N\u00e1dhern\u00e9 detaily]<br \/>\n1. Funkce strojku odpov\u00eddaj\u00ed origin\u00e1lu - dokonal\u00e1 kombinace m\u011bs\u00ed\u010dn\u00ed f\u00e1ze, pln\u00e9ho kalend\u00e1\u0159e, \u010dty\u0159iadvaceti hodin a chronografu a dal\u0161\u00edch praktick\u00fdch funkc\u00ed!<br \/>\n2. Osm vysokoteplotn\u00edch kalen\u00ed a kov\u00e1n\u00ed rukou z modr\u00e9 oceli, hlubok\u00e9 a leskl\u00e9.<br \/>\n3. Exkluzivn\u011b na trhu - automatick\u00fd tourbillon je synchronizov\u00e1n s origin\u00e1lem, nejnov\u011bj\u0161\u00ed ofici\u00e1ln\u00ed verz\u00ed \u0159emesln\u00e9ho zpracov\u00e1n\u00ed LG!<\/p>","protected":false},"excerpt":{"rendered":"<p>\ud83d\udd25\ud83d\udd25V\u0161echno zbo\u017e\u00ed na t\u00e9to webov\u00e9 str\u00e1nce jsou \u0161pi\u010dkov\u00e9 dokonal\u00e9 repliky vyroben\u00e9 super v\u00fdrobci, zcela nov\u00e9 a neotev\u0159en\u00e9, kvalita a poprodejn\u00ed servis jsou zaru\u010deny!<\/p>\n<p>\u2705\u2705\u2705\u2705Mirekboutique vyr\u00e1b\u00ed pouze vysoce kvalitn\u00ed zbo\u017e\u00ed V\u0161echny polo\u017eky v na\u0161em obchod\u011b jsou dod\u00e1v\u00e1ny s origin\u00e1ln\u00ed krabic\u00ed High-end d\u0159ev\u011bn\u00e1 krabice<\/p>\n<p>\ud83c\udf39\ud83c\udf39Pros\u00edm, bu\u010fte si jisti, \u017ee nakupujete Ve\u0161ker\u00e9 zbo\u017e\u00ed podporuje dob\u00edrku P\u0159ejeme v\u00e1m \u0161\u0165astn\u00e9 nakupov\u00e1n\u00ed.<\/p>","protected":false},"featured_media":1114,"comment_status":"open","ping_status":"closed","template":"","meta":{"_monsterinsights_skip_tracking":false,"_monsterinsights_sitenote_active":false,"_monsterinsights_sitenote_note":"","_monsterinsights_sitenote_category":0,"site-sidebar-layout":"default","site-content-layout":"","ast-site-content-layout":"default","site-content-style":"default","site-sidebar-style":"default","ast-global-header-display":"","ast-banner-title-visibility":"","ast-main-header-display":"","ast-hfb-above-header-display":"","ast-hfb-below-header-display":"","ast-hfb-mobile-header-display":"","site-post-title":"","ast-breadcrumbs-content":"","ast-featured-img":"","footer-sml-layout":"","theme-transparent-header-meta":"default","adv-header-id-meta":"","stick-header-meta":"","header-above-stick-meta":"","header-main-stick-meta":"","header-below-stick-meta":"","astra-migrate-meta-layouts":"set","ast-page-background-enabled":"default","ast-page-background-meta":{"desktop":{"background-color":"var(--ast-global-color-4)","background-image":"","background-repeat":"repeat","background-position":"center center","background-size":"auto","background-attachment":"scroll","background-type":"","background-media":"","overlay-type":"","overlay-color":"","overlay-opacity":"","overlay-gradient":""},"tablet":{"background-color":"","background-image":"","background-repeat":"repeat","background-position":"center center","background-size":"auto","background-attachment":"scroll","background-type":"","background-media":"","overlay-type":"","overlay-color":"","overlay-opacity":"","overlay-gradient":""},"mobile":{"background-color":"","background-image":"","background-repeat":"repeat","background-position":"center center","background-size":"auto","background-attachment":"scroll","background-type":"","background-media":"","overlay-type":"","overlay-color":"","overlay-opacity":"","overlay-gradient":""}},"ast-content-background-meta":{"desktop":{"background-color":"var(--ast-global-color-5)","background-image":"","background-repeat":"repeat","background-position":"center center","background-size":"auto","background-attachment":"scroll","background-type":"","background-media":"","overlay-type":"","overlay-color":"","overlay-opacity":"","overlay-gradient":""},"tablet":{"background-color":"var(--ast-global-color-5)","background-image":"","background-repeat":"repeat","background-position":"center center","background-size":"auto","background-attachment":"scroll","background-type":"","background-media":"","overlay-type":"","overlay-color":"","overlay-opacity":"","overlay-gradient":""},"mobile":{"background-color":"var(--ast-global-color-5)","background-image":"","background-repeat":"repeat","background-position":"center center","background-size":"auto","background-attachment":"scroll","background-type":"","background-media":"","overlay-type":"","overlay-color":"","overlay-opacity":"","overlay-gradient":""}}},"product_brand":[],"product_cat":[34],"product_tag":[],"class_list":{"0":"post-1113","1":"product","2":"type-product","3":"status-publish","4":"has-post-thumbnail","6":"product_cat-longines","7":"desktop-align-center","8":"tablet-align-left","9":"mobile-align-left","11":"first","12":"instock","13":"sale","14":"shipping-taxable","15":"purchasable","16":"product-type-simple"},"_links":{"self":[{"href":"https:\/\/mirekboutique.com\/cs\/wp-json\/wp\/v2\/product\/1113","targetHints":{"allow":["GET"]}}],"collection":[{"href":"https:\/\/mirekboutique.com\/cs\/wp-json\/wp\/v2\/product"}],"about":[{"href":"https:\/\/mirekboutique.com\/cs\/wp-json\/wp\/v2\/types\/product"}],"replies":[{"embeddable":true,"href":"https:\/\/mirekboutique.com\/cs\/wp-json\/wp\/v2\/comments?post=1113"}],"version-history":[{"count":1,"href":"https:\/\/mirekboutique.com\/cs\/wp-json\/wp\/v2\/product\/1113\/revisions"}],"predecessor-version":[{"id":1119,"href":"https:\/\/mirekboutique.com\/cs\/wp-json\/wp\/v2\/product\/1113\/revisions\/1119"}],"wp:featuredmedia":[{"embeddable":true,"href":"https:\/\/mirekboutique.com\/cs\/wp-json\/wp\/v2\/media\/1114"}],"wp:attachment":[{"href":"https:\/\/mirekboutique.com\/cs\/wp-json\/wp\/v2\/media?parent=1113"}],"wp:term":[{"taxonomy":"product_brand","embeddable":true,"href":"https:\/\/mirekboutique.com\/cs\/wp-json\/wp\/v2\/product_brand?post=1113"},{"taxonomy":"product_cat","embeddable":true,"href":"https:\/\/mirekboutique.com\/cs\/wp-json\/wp\/v2\/product_cat?post=1113"},{"taxonomy":"product_tag","embeddable":true,"href":"https:\/\/mirekboutique.com\/cs\/wp-json\/wp\/v2\/product_tag?post=1113"}],"curies":[{"name":"wp","href":"https:\/\/api.w.org\/{rel}","templated":true}]}}