{"id":1159,"date":"2025-05-09T01:42:05","date_gmt":"2025-05-08T17:42:05","guid":{"rendered":"https:\/\/mirekboutique.com\/?post_type=product&#038;p=1159"},"modified":"2025-05-24T19:21:46","modified_gmt":"2025-05-24T11:21:46","slug":"omg221-omg-speedmaster-310-32-42-50-02-001-11-super-clone","status":"publish","type":"product","link":"https:\/\/mirekboutique.com\/cs\/produkt\/omg221-omg-speedmaster-310-32-42-50-02-001-11-super-clone\/","title":{"rendered":"OMG221 Omg Speedmaster 310.32.42.50.02.001 1:1 Super klon"},"content":{"rendered":"<p>N1Factory Omg Speedmaster 310.32.42.50.02.001<br \/>\nSnoopyho 50. v\u00fdro\u010d\u00ed \"Pln\u00e1 verze\"<br \/>\nKonkr\u00e9tn\u00ed aktualizace t\u00e9to verze V4 jsou n\u00e1sleduj\u00edc\u00ed:<br \/>\n1: Zkosen\u00ed a kart\u00e1\u010dovan\u00fd povrch na obou stran\u00e1ch pouzdra odpov\u00eddaj\u00ed origin\u00e1lu.<br \/>\n2: Keramick\u00fd krou\u017eek na r\u00e1me\u010dku m\u00e1 stejnou barvu jako origin\u00e1l.<br \/>\n3: Pohyb p\u0159ij\u00edm\u00e1 3861 ru\u010dn\u00ed natahov\u00e1n\u00ed v souladu s p\u016fvodn\u00ed verz\u00ed, pohyb byl modernizov\u00e1n a vylep\u0161en v mnoha ohledech a je stabiln\u011bj\u0161\u00ed ne\u017e d\u0159\u00edve.<br \/>\n4: Modely ocelov\u00fdch p\u00e1s\u016f jsou v souladu s p\u016fvodn\u00ed verz\u00ed zahrani\u010dn\u00edch ofici\u00e1ln\u00edch webov\u00fdch str\u00e1nek pro vytvo\u0159en\u00ed formy, skute\u010dn\u011b 1 a\u017e 1 k verzi.<br \/>\n5: S nejvy\u0161\u0161\u00ed certifika\u010dn\u00ed kartou chronometru, synchronizovanou indukc\u00ed p\u0159\u00edmo na ofici\u00e1ln\u00edch webov\u00fdch str\u00e1nk\u00e1ch odpov\u00eddaj\u00edc\u00edch model\u016f!<br \/>\nProdukce N1 v\u00e1s zavede do nejdokonalej\u0161\u00edho Snoopyho vesm\u00edrn\u00e9ho cestov\u00e1n\u00ed!<\/p>","protected":false},"excerpt":{"rendered":"<p>\ud83d\udd25\ud83d\udd25V\u0161echno zbo\u017e\u00ed na t\u00e9to webov\u00e9 str\u00e1nce jsou \u0161pi\u010dkov\u00e9 dokonal\u00e9 repliky vyroben\u00e9 super v\u00fdrobci, zcela nov\u00e9 a neotev\u0159en\u00e9, kvalita a poprodejn\u00ed servis jsou zaru\u010deny!<\/p>\n<p>\u2705\u2705\u2705\u2705Mirekboutique vyr\u00e1b\u00ed pouze vysoce kvalitn\u00ed zbo\u017e\u00ed V\u0161echny polo\u017eky v na\u0161em obchod\u011b jsou dod\u00e1v\u00e1ny s origin\u00e1ln\u00ed krabic\u00ed High-end d\u0159ev\u011bn\u00e1 krabice<\/p>\n<p>\ud83c\udf39\ud83c\udf39Pros\u00edm, bu\u010fte si jisti, \u017ee nakupujete Ve\u0161ker\u00e9 zbo\u017e\u00ed podporuje dob\u00edrku P\u0159ejeme v\u00e1m \u0161\u0165astn\u00e9 nakupov\u00e1n\u00ed.<\/p>","protected":false},"featured_media":1160,"comment_status":"open","ping_status":"closed","template":"","meta":{"_monsterinsights_skip_tracking":false,"_monsterinsights_sitenote_active":false,"_monsterinsights_sitenote_note":"","_monsterinsights_sitenote_category":0,"site-sidebar-layout":"default","site-content-layout":"","ast-site-content-layout":"default","site-content-style":"default","site-sidebar-style":"default","ast-global-header-display":"","ast-banner-title-visibility":"","ast-main-header-display":"","ast-hfb-above-header-display":"","ast-hfb-below-header-display":"","ast-hfb-mobile-header-display":"","site-post-title":"","ast-breadcrumbs-content":"","ast-featured-img":"","footer-sml-layout":"","theme-transparent-header-meta":"default","adv-header-id-meta":"","stick-header-meta":"","header-above-stick-meta":"","header-main-stick-meta":"","header-below-stick-meta":"","astra-migrate-meta-layouts":"set","ast-page-background-enabled":"default","ast-page-background-meta":{"desktop":{"background-color":"var(--ast-global-color-4)","background-image":"","background-repeat":"repeat","background-position":"center center","background-size":"auto","background-attachment":"scroll","background-type":"","background-media":"","overlay-type":"","overlay-color":"","overlay-opacity":"","overlay-gradient":""},"tablet":{"background-color":"","background-image":"","background-repeat":"repeat","background-position":"center center","background-size":"auto","background-attachment":"scroll","background-type":"","background-media":"","overlay-type":"","overlay-color":"","overlay-opacity":"","overlay-gradient":""},"mobile":{"background-color":"","background-image":"","background-repeat":"repeat","background-position":"center center","background-size":"auto","background-attachment":"scroll","background-type":"","background-media":"","overlay-type":"","overlay-color":"","overlay-opacity":"","overlay-gradient":""}},"ast-content-background-meta":{"desktop":{"background-color":"var(--ast-global-color-5)","background-image":"","background-repeat":"repeat","background-position":"center center","background-size":"auto","background-attachment":"scroll","background-type":"","background-media":"","overlay-type":"","overlay-color":"","overlay-opacity":"","overlay-gradient":""},"tablet":{"background-color":"var(--ast-global-color-5)","background-image":"","background-repeat":"repeat","background-position":"center center","background-size":"auto","background-attachment":"scroll","background-type":"","background-media":"","overlay-type":"","overlay-color":"","overlay-opacity":"","overlay-gradient":""},"mobile":{"background-color":"var(--ast-global-color-5)","background-image":"","background-repeat":"repeat","background-position":"center center","background-size":"auto","background-attachment":"scroll","background-type":"","background-media":"","overlay-type":"","overlay-color":"","overlay-opacity":"","overlay-gradient":""}}},"product_brand":[],"product_cat":[37],"product_tag":[],"class_list":{"0":"post-1159","1":"product","2":"type-product","3":"status-publish","4":"has-post-thumbnail","6":"product_cat-omega","7":"desktop-align-center","8":"tablet-align-left","9":"mobile-align-left","11":"first","12":"instock","13":"sale","14":"shipping-taxable","15":"purchasable","16":"product-type-simple"},"_links":{"self":[{"href":"https:\/\/mirekboutique.com\/cs\/wp-json\/wp\/v2\/product\/1159","targetHints":{"allow":["GET"]}}],"collection":[{"href":"https:\/\/mirekboutique.com\/cs\/wp-json\/wp\/v2\/product"}],"about":[{"href":"https:\/\/mirekboutique.com\/cs\/wp-json\/wp\/v2\/types\/product"}],"replies":[{"embeddable":true,"href":"https:\/\/mirekboutique.com\/cs\/wp-json\/wp\/v2\/comments?post=1159"}],"version-history":[{"count":1,"href":"https:\/\/mirekboutique.com\/cs\/wp-json\/wp\/v2\/product\/1159\/revisions"}],"predecessor-version":[{"id":1166,"href":"https:\/\/mirekboutique.com\/cs\/wp-json\/wp\/v2\/product\/1159\/revisions\/1166"}],"wp:featuredmedia":[{"embeddable":true,"href":"https:\/\/mirekboutique.com\/cs\/wp-json\/wp\/v2\/media\/1160"}],"wp:attachment":[{"href":"https:\/\/mirekboutique.com\/cs\/wp-json\/wp\/v2\/media?parent=1159"}],"wp:term":[{"taxonomy":"product_brand","embeddable":true,"href":"https:\/\/mirekboutique.com\/cs\/wp-json\/wp\/v2\/product_brand?post=1159"},{"taxonomy":"product_cat","embeddable":true,"href":"https:\/\/mirekboutique.com\/cs\/wp-json\/wp\/v2\/product_cat?post=1159"},{"taxonomy":"product_tag","embeddable":true,"href":"https:\/\/mirekboutique.com\/cs\/wp-json\/wp\/v2\/product_tag?post=1159"}],"curies":[{"name":"wp","href":"https:\/\/api.w.org\/{rel}","templated":true}]}}