{"id":1175,"date":"2025-05-09T01:46:11","date_gmt":"2025-05-08T17:46:11","guid":{"rendered":"https:\/\/mirekboutique.com\/?post_type=product&#038;p=1175"},"modified":"2025-05-24T19:21:46","modified_gmt":"2025-05-24T11:21:46","slug":"omg223-omg-seamaster-worldtimer-220-30-43-22-10-001-11-super-clone","status":"publish","type":"product","link":"https:\/\/mirekboutique.com\/cs\/produkt\/omg223-omg-seamaster-worldtimer-220-30-43-22-10-001-11-super-clone\/","title":{"rendered":"OMG223 Omg Seamaster Worldtimer 220.30.43.22.10.001 1:1 Super klon"},"content":{"rendered":"<p>N1F Factory<br \/>\nOmg Seamaster Worldtimer 220.30.43.22.10.001<br \/>\n1: p\u0159\u00edpad: origin\u00e1ln\u00ed \u0161ablona lisov\u00e1n\u00ed a origin\u00e1ln\u00ed konzistentn\u00ed 43 pr\u016fm\u011br (s v\u00fdjimkou poklesu lisu) \"v\u011bt\u0161ina\" obnovit jemn\u00fd lesk a m\u011bkkou strukturu origin\u00e1ln\u00ed p\u0159\u00edpad, p\u0159\u00edpad amplituda, k dosa\u017een\u00ed a origin\u00e1ln\u00ed univerz\u00e1ln\u00ed shell sada p\u0159\u00edslu\u0161enstv\u00ed<br \/>\n2: sklo: exkluzivn\u00ed pou\u017eit\u00ed obloukov\u00e9ho oblouku oboustrann\u00e9ho antireflexn\u00edho zrcadla ze saf\u00edrov\u00e9ho skla odoln\u00e9ho proti opot\u0159eben\u00ed, saf\u00edrov\u00e9 k\u0159i\u0161\u0165\u00e1lov\u00e9 zrcadlo pota\u017een\u00e9 antireflexn\u00ed k\u0159i\u0161\u0165\u00e1lovou f\u00f3li\u00ed s vysokou pr\u016fhlednost\u00ed, tak\u017ee funkce \u010dten\u00ed dos\u00e1hne \"nejlep\u0161\u00edho\"!<br \/>\n3:Literatura: vyt\u00e1\u010den\u00ed barvy trvalo rok m\u00edch\u00e1n\u00ed barev mimo<br \/>\n4: jehla: ukazatel v\u0161echny jemn\u00e9 le\u0161t\u011bn\u00ed a slovo neht\u016f barvy a skute\u010dn\u00e9 t\u00f3nov\u00e1n\u00ed konzistentn\u00ed, sv\u011bteln\u00fd a slovo neht\u016f super sv\u011bteln\u00fd barva je konzistentn\u00ed, neohro\u017een\u00fd \u010dten\u00ed ve tm\u011b, sbohem na trhu zbo\u017e\u00ed b\u00edl\u00e9, sv\u011bteln\u00fd efekt nekonzistentn\u00ed probl\u00e9my.<br \/>\n5: hnut\u00ed pou\u017eit\u00e9 v 8938 hnut\u00ed samonav\u00edjec\u00ed hnut\u00ed, rezerva energie dos\u00e1hla 48 hodin<br \/>\n6 \u0159em\u00ednek: origin\u00e1ln\u00ed otev\u0159en\u00fd tvarovan\u00fd ocelov\u00fd \u0159em\u00ednek 904 kvality A<br \/>\n7: P\u0159ezka: V p\u0159\u00edpad\u011b, \u017ee je to mo\u017en\u00e9, m\u016f\u017ee b\u00fdt p\u0159ezka z oceli 904, le\u0161t\u011bn\u00e1 hlava \u010d\u00e1stic, jednoduch\u00e1 a stru\u010dn\u00e1, demolice opot\u0159eben\u00ed pouze v m\u017eiku oka!<br \/>\nN1 sv\u011btov\u00fd \u010dasov\u00fd produkt, stropn\u00ed \u00farove\u0148 v\u00edtan\u00fdch hr\u00e1\u010d\u016f ochutn\u00e1vka (produkt N1 mus\u00ed b\u00fdt v po\u0159\u00e1dku)<\/p>","protected":false},"excerpt":{"rendered":"<p>\ud83d\udd25\ud83d\udd25V\u0161echno zbo\u017e\u00ed na t\u00e9to webov\u00e9 str\u00e1nce jsou \u0161pi\u010dkov\u00e9 dokonal\u00e9 repliky vyroben\u00e9 super v\u00fdrobci, zcela nov\u00e9 a neotev\u0159en\u00e9, kvalita a poprodejn\u00ed servis jsou zaru\u010deny!<\/p>\n<p>\u2705\u2705\u2705\u2705Mirekboutique vyr\u00e1b\u00ed pouze vysoce kvalitn\u00ed zbo\u017e\u00ed V\u0161echny polo\u017eky v na\u0161em obchod\u011b jsou dod\u00e1v\u00e1ny s origin\u00e1ln\u00ed krabic\u00ed High-end d\u0159ev\u011bn\u00e1 krabice<\/p>\n<p>\ud83c\udf39\ud83c\udf39Pros\u00edm, bu\u010fte si jisti, \u017ee nakupujete Ve\u0161ker\u00e9 zbo\u017e\u00ed podporuje dob\u00edrku P\u0159ejeme v\u00e1m \u0161\u0165astn\u00e9 nakupov\u00e1n\u00ed.<\/p>","protected":false},"featured_media":1176,"comment_status":"open","ping_status":"closed","template":"","meta":{"_monsterinsights_skip_tracking":false,"_monsterinsights_sitenote_active":false,"_monsterinsights_sitenote_note":"","_monsterinsights_sitenote_category":0,"site-sidebar-layout":"default","site-content-layout":"","ast-site-content-layout":"default","site-content-style":"default","site-sidebar-style":"default","ast-global-header-display":"","ast-banner-title-visibility":"","ast-main-header-display":"","ast-hfb-above-header-display":"","ast-hfb-below-header-display":"","ast-hfb-mobile-header-display":"","site-post-title":"","ast-breadcrumbs-content":"","ast-featured-img":"","footer-sml-layout":"","theme-transparent-header-meta":"default","adv-header-id-meta":"","stick-header-meta":"","header-above-stick-meta":"","header-main-stick-meta":"","header-below-stick-meta":"","astra-migrate-meta-layouts":"set","ast-page-background-enabled":"default","ast-page-background-meta":{"desktop":{"background-color":"var(--ast-global-color-4)","background-image":"","background-repeat":"repeat","background-position":"center center","background-size":"auto","background-attachment":"scroll","background-type":"","background-media":"","overlay-type":"","overlay-color":"","overlay-opacity":"","overlay-gradient":""},"tablet":{"background-color":"","background-image":"","background-repeat":"repeat","background-position":"center center","background-size":"auto","background-attachment":"scroll","background-type":"","background-media":"","overlay-type":"","overlay-color":"","overlay-opacity":"","overlay-gradient":""},"mobile":{"background-color":"","background-image":"","background-repeat":"repeat","background-position":"center center","background-size":"auto","background-attachment":"scroll","background-type":"","background-media":"","overlay-type":"","overlay-color":"","overlay-opacity":"","overlay-gradient":""}},"ast-content-background-meta":{"desktop":{"background-color":"var(--ast-global-color-5)","background-image":"","background-repeat":"repeat","background-position":"center center","background-size":"auto","background-attachment":"scroll","background-type":"","background-media":"","overlay-type":"","overlay-color":"","overlay-opacity":"","overlay-gradient":""},"tablet":{"background-color":"var(--ast-global-color-5)","background-image":"","background-repeat":"repeat","background-position":"center center","background-size":"auto","background-attachment":"scroll","background-type":"","background-media":"","overlay-type":"","overlay-color":"","overlay-opacity":"","overlay-gradient":""},"mobile":{"background-color":"var(--ast-global-color-5)","background-image":"","background-repeat":"repeat","background-position":"center center","background-size":"auto","background-attachment":"scroll","background-type":"","background-media":"","overlay-type":"","overlay-color":"","overlay-opacity":"","overlay-gradient":""}}},"product_brand":[],"product_cat":[37],"product_tag":[],"class_list":{"0":"post-1175","1":"product","2":"type-product","3":"status-publish","4":"has-post-thumbnail","6":"product_cat-omega","7":"desktop-align-center","8":"tablet-align-left","9":"mobile-align-left","11":"first","12":"instock","13":"sale","14":"shipping-taxable","15":"purchasable","16":"product-type-simple"},"_links":{"self":[{"href":"https:\/\/mirekboutique.com\/cs\/wp-json\/wp\/v2\/product\/1175","targetHints":{"allow":["GET"]}}],"collection":[{"href":"https:\/\/mirekboutique.com\/cs\/wp-json\/wp\/v2\/product"}],"about":[{"href":"https:\/\/mirekboutique.com\/cs\/wp-json\/wp\/v2\/types\/product"}],"replies":[{"embeddable":true,"href":"https:\/\/mirekboutique.com\/cs\/wp-json\/wp\/v2\/comments?post=1175"}],"version-history":[{"count":1,"href":"https:\/\/mirekboutique.com\/cs\/wp-json\/wp\/v2\/product\/1175\/revisions"}],"predecessor-version":[{"id":1182,"href":"https:\/\/mirekboutique.com\/cs\/wp-json\/wp\/v2\/product\/1175\/revisions\/1182"}],"wp:featuredmedia":[{"embeddable":true,"href":"https:\/\/mirekboutique.com\/cs\/wp-json\/wp\/v2\/media\/1176"}],"wp:attachment":[{"href":"https:\/\/mirekboutique.com\/cs\/wp-json\/wp\/v2\/media?parent=1175"}],"wp:term":[{"taxonomy":"product_brand","embeddable":true,"href":"https:\/\/mirekboutique.com\/cs\/wp-json\/wp\/v2\/product_brand?post=1175"},{"taxonomy":"product_cat","embeddable":true,"href":"https:\/\/mirekboutique.com\/cs\/wp-json\/wp\/v2\/product_cat?post=1175"},{"taxonomy":"product_tag","embeddable":true,"href":"https:\/\/mirekboutique.com\/cs\/wp-json\/wp\/v2\/product_tag?post=1175"}],"curies":[{"name":"wp","href":"https:\/\/api.w.org\/{rel}","templated":true}]}}