{"id":1298,"date":"2025-05-09T02:18:10","date_gmt":"2025-05-08T18:18:10","guid":{"rendered":"https:\/\/mirekboutique.com\/?post_type=product&#038;p=1298"},"modified":"2025-05-24T19:21:44","modified_gmt":"2025-05-24T11:21:44","slug":"bd001-3kaquanaut-5167a-001-11-super-clone-from-a-super-factory","status":"publish","type":"product","link":"https:\/\/mirekboutique.com\/cs\/produkt\/bd001-3kaquanaut-5167a-001-11-super-clone-from-a-super-factory\/","title":{"rendered":"BD001 3KAquanaut 5167A-001 1:1 super klon ze super tov\u00e1rny"},"content":{"rendered":"<p>3K-Factory Nejv\u00edce \u0159emesln\u00e9 3KAquanaut 5167A-001 Full line p\u0159ich\u00e1z\u00ed Po t\u0159ech letech je kone\u010dn\u011b k dispozici vynikaj\u00edc\u00ed Bo\u017e\u00ed d\u00edlo! Prav\u00fd strojek Baida Cal.324, prvn\u00ed bo\u017e\u00ed sv\u00e9ho druhu, srovnateln\u00fd s origin\u00e1ln\u00edm v\u00fdrobkem! V\u00edtejte pultov\u00e9 srovn\u00e1n\u00ed \ud83d\ude06 \ud83d\ude06 produkty p\u0159i\u0161ly z ni\u010deho pr\u016flomov\u00e9 tradi\u010dn\u00ed my\u0161len\u00ed, aby skute\u010dn\u011b replika v\u00fdrobku srovnateln\u00e1 s origin\u00e1ln\u00edm v\u00fdrobkem vlastnosti (t\u0159i jedine\u010dn\u00e9, skute\u010dn\u011b ne-odli\u0161n\u00e9) 1.jedin\u00e1 na trhu a origin\u00e1ln\u00ed verze velikosti pouzdra 40mm * 8,1mm skute\u010dn\u011b ne-odli\u0161n\u00e9 obnoven\u00ed ikonick\u00e9ho designu osmihranu Patek Philippe! 2. Jedin\u00fd na trhu se vzhledem strojku a origin\u00e1ln\u00edho strojku 324sc neli\u0161\u00ed! A\u0165 u\u017e se jedn\u00e1 o vzhled nebo tlou\u0161\u0165ku hnut\u00ed k tomu opravdu \u017e\u00e1dn\u00fd rozd\u00edl! P\u0159\u00edslu\u0161enstv\u00ed hnut\u00ed m\u016f\u017ee b\u00fdt v\u00edce zam\u011bniteln\u00e9 s origin\u00e1lem k tomu gran\u00e1t replika nejvy\u0161\u0161\u00ed \u00farove\u0148! 3. Na trhu je jedin\u00e1 verze kompozitn\u00ed p\u00e1sky a v kloubu s origin\u00e1ln\u00edm p\u0159izp\u016fsoben\u00fdm um\u00edst\u011bn\u00edm kovov\u00e9ho n\u00e1prstku, co\u017e sta\u010d\u00ed k tomu, aby se vypo\u0159\u00e1dal se v\u0161emi neo\u010dek\u00e1van\u00fdmi. A tabulka a k\u00f3d] 3K \"gran\u00e1t\" jsou vybaveny Patek Pe limitovan\u00e9 edice cestovn\u00ed krabice do vy\u010derp\u00e1n\u00ed z\u00e1sob a tabulka a krabice Jednomysln\u011b d\u011blat nejsiln\u011bj\u0161\u00ed kopii!<\/p>","protected":false},"excerpt":{"rendered":"<p>\ud83d\udd25\ud83d\udd25V\u0161echno zbo\u017e\u00ed na t\u00e9to webov\u00e9 str\u00e1nce jsou \u0161pi\u010dkov\u00e9 dokonal\u00e9 repliky vyroben\u00e9 super v\u00fdrobci, zcela nov\u00e9 a neotev\u0159en\u00e9, kvalita a poprodejn\u00ed servis jsou zaru\u010deny!<\/p>\n<p>\u2705\u2705\u2705\u2705Mirekboutique vyr\u00e1b\u00ed pouze vysoce kvalitn\u00ed zbo\u017e\u00ed V\u0161echny polo\u017eky v na\u0161em obchod\u011b jsou dod\u00e1v\u00e1ny s origin\u00e1ln\u00ed krabic\u00ed High-end d\u0159ev\u011bn\u00e1 krabice<\/p>\n<p>\ud83c\udf39\ud83c\udf39Pros\u00edm, bu\u010fte si jisti, \u017ee nakupujete Ve\u0161ker\u00e9 zbo\u017e\u00ed podporuje dob\u00edrku P\u0159ejeme v\u00e1m \u0161\u0165astn\u00e9 nakupov\u00e1n\u00ed.<\/p>","protected":false},"featured_media":1299,"comment_status":"open","ping_status":"closed","template":"","meta":{"_monsterinsights_skip_tracking":false,"_monsterinsights_sitenote_active":false,"_monsterinsights_sitenote_note":"","_monsterinsights_sitenote_category":0,"site-sidebar-layout":"default","site-content-layout":"","ast-site-content-layout":"default","site-content-style":"default","site-sidebar-style":"default","ast-global-header-display":"","ast-banner-title-visibility":"","ast-main-header-display":"","ast-hfb-above-header-display":"","ast-hfb-below-header-display":"","ast-hfb-mobile-header-display":"","site-post-title":"","ast-breadcrumbs-content":"","ast-featured-img":"","footer-sml-layout":"","theme-transparent-header-meta":"default","adv-header-id-meta":"","stick-header-meta":"","header-above-stick-meta":"","header-main-stick-meta":"","header-below-stick-meta":"","astra-migrate-meta-layouts":"set","ast-page-background-enabled":"default","ast-page-background-meta":{"desktop":{"background-color":"var(--ast-global-color-4)","background-image":"","background-repeat":"repeat","background-position":"center center","background-size":"auto","background-attachment":"scroll","background-type":"","background-media":"","overlay-type":"","overlay-color":"","overlay-opacity":"","overlay-gradient":""},"tablet":{"background-color":"","background-image":"","background-repeat":"repeat","background-position":"center center","background-size":"auto","background-attachment":"scroll","background-type":"","background-media":"","overlay-type":"","overlay-color":"","overlay-opacity":"","overlay-gradient":""},"mobile":{"background-color":"","background-image":"","background-repeat":"repeat","background-position":"center center","background-size":"auto","background-attachment":"scroll","background-type":"","background-media":"","overlay-type":"","overlay-color":"","overlay-opacity":"","overlay-gradient":""}},"ast-content-background-meta":{"desktop":{"background-color":"var(--ast-global-color-5)","background-image":"","background-repeat":"repeat","background-position":"center center","background-size":"auto","background-attachment":"scroll","background-type":"","background-media":"","overlay-type":"","overlay-color":"","overlay-opacity":"","overlay-gradient":""},"tablet":{"background-color":"var(--ast-global-color-5)","background-image":"","background-repeat":"repeat","background-position":"center center","background-size":"auto","background-attachment":"scroll","background-type":"","background-media":"","overlay-type":"","overlay-color":"","overlay-opacity":"","overlay-gradient":""},"mobile":{"background-color":"var(--ast-global-color-5)","background-image":"","background-repeat":"repeat","background-position":"center center","background-size":"auto","background-attachment":"scroll","background-type":"","background-media":"","overlay-type":"","overlay-color":"","overlay-opacity":"","overlay-gradient":""}}},"product_brand":[],"product_cat":[18],"product_tag":[],"class_list":{"0":"post-1298","1":"product","2":"type-product","3":"status-publish","4":"has-post-thumbnail","6":"product_cat-patek-philippe","7":"desktop-align-center","8":"tablet-align-left","9":"mobile-align-left","11":"first","12":"instock","13":"sale","14":"shipping-taxable","15":"purchasable","16":"product-type-simple"},"_links":{"self":[{"href":"https:\/\/mirekboutique.com\/cs\/wp-json\/wp\/v2\/product\/1298","targetHints":{"allow":["GET"]}}],"collection":[{"href":"https:\/\/mirekboutique.com\/cs\/wp-json\/wp\/v2\/product"}],"about":[{"href":"https:\/\/mirekboutique.com\/cs\/wp-json\/wp\/v2\/types\/product"}],"replies":[{"embeddable":true,"href":"https:\/\/mirekboutique.com\/cs\/wp-json\/wp\/v2\/comments?post=1298"}],"version-history":[{"count":1,"href":"https:\/\/mirekboutique.com\/cs\/wp-json\/wp\/v2\/product\/1298\/revisions"}],"predecessor-version":[{"id":1304,"href":"https:\/\/mirekboutique.com\/cs\/wp-json\/wp\/v2\/product\/1298\/revisions\/1304"}],"wp:featuredmedia":[{"embeddable":true,"href":"https:\/\/mirekboutique.com\/cs\/wp-json\/wp\/v2\/media\/1299"}],"wp:attachment":[{"href":"https:\/\/mirekboutique.com\/cs\/wp-json\/wp\/v2\/media?parent=1298"}],"wp:term":[{"taxonomy":"product_brand","embeddable":true,"href":"https:\/\/mirekboutique.com\/cs\/wp-json\/wp\/v2\/product_brand?post=1298"},{"taxonomy":"product_cat","embeddable":true,"href":"https:\/\/mirekboutique.com\/cs\/wp-json\/wp\/v2\/product_cat?post=1298"},{"taxonomy":"product_tag","embeddable":true,"href":"https:\/\/mirekboutique.com\/cs\/wp-json\/wp\/v2\/product_tag?post=1298"}],"curies":[{"name":"wp","href":"https:\/\/api.w.org\/{rel}","templated":true}]}}