{"id":1312,"date":"2025-05-09T02:23:24","date_gmt":"2025-05-08T18:23:24","guid":{"rendered":"https:\/\/mirekboutique.com\/?post_type=product&#038;p=1312"},"modified":"2025-05-24T19:21:44","modified_gmt":"2025-05-24T11:21:44","slug":"bd003-super-nautilus-v4-11-super-clone-from-a-super-factory","status":"publish","type":"product","link":"https:\/\/mirekboutique.com\/cs\/produkt\/bd003-super-nautilus-v4-11-super-clone-from-a-super-factory\/","title":{"rendered":"BD003 Super Nautilus V4 1:1 super klon ze super tov\u00e1rny"},"content":{"rendered":"<p>Verze PPF V4 modelu Super Nautilus je zp\u011bt! Prvn\u00ed skute\u010dn\u00fd Super Nautilus, \u0161okuj\u00edc\u00ed \u00fatok, nov\u00fd revidovan\u00fd \u0159em\u00ednek z nerezov\u00e9 oceli, \u010d\u00e1st z\u00e1v\u011bsu podle skute\u010dn\u00e9ho \u0159em\u00ednku z nerezov\u00e9 oceli Patek Philippe Nautilus demont\u00e1\u017e a v\u00fdvoj, a skute\u010dn\u00fd konzistentn\u00ed fit efekt, obr\u00e1cen\u00ed v\u0161ech p\u0159edchoz\u00edch kopi\u00ed, \u00fahel otev\u0159en\u00ed a zav\u0159en\u00ed z\u00e1v\u011bsu a stejn\u00fd jako origin\u00e1ln\u00ed, stejn\u00fd jako zvuk uzam\u010den\u00ed ne\u017e origin\u00e1ln\u00ed, d\u016fraz na verzi V4 \u010d\u00edseln\u00edku p\u0159i pou\u017eit\u00ed stejn\u00e9ho jako skute\u010dn\u00fd pokryt\u00fd luminiscen\u010dn\u00edm povlakem zlat\u00fdch trojrozm\u011brn\u00fdch \u010dasov\u00fdch zna\u010dek, zejm\u00e9na v\u00fdrazn\u00fd \"modr\u00fd p\u016fvab\" tv\u00e1\u0159e nekone\u010dn\u011b bl\u00edzk\u00fd origin\u00e1lu, strojek je nov\u00e1 upraven\u00e1 verze revidovan\u00e9ho jednoj\u00e1drov\u00e9ho Cal. Hodinov\u00e9 zna\u010dky, zvl\u00e1\u0161t\u011b v\u00fdrazn\u00fd \"modr\u00fd p\u016fvab\" obli\u010dej je nekone\u010dn\u011b bl\u00edzko origin\u00e1lu, pohyb je nov\u00e1 p\u0159izp\u016fsoben\u00e1 revize jednoj\u00e1drov\u00e9ho pohybu Cal. 324, je v sou\u010dasn\u00e9 dob\u011b jedin\u00e1, kter\u00e1 d\u011bl\u00e1 pohyb ocelov\u00e9 plomby a stejn\u00fd jako autentick\u00fd proces grav\u00edrov\u00e1n\u00ed. Jen to nejlep\u0161\u00ed, co ho nos\u00ed do b\u00e1sn\u00ed a vzd\u00e1len\u00fdch m\u00edst, PPFactory.Super Nautilus King of Kings<\/p>","protected":false},"excerpt":{"rendered":"<p>\ud83d\udd25\ud83d\udd25V\u0161echno zbo\u017e\u00ed na t\u00e9to webov\u00e9 str\u00e1nce jsou \u0161pi\u010dkov\u00e9 dokonal\u00e9 repliky vyroben\u00e9 super v\u00fdrobci, zcela nov\u00e9 a neotev\u0159en\u00e9, kvalita a poprodejn\u00ed servis jsou zaru\u010deny!<\/p>\n<p>\u2705\u2705\u2705\u2705Mirekboutique vyr\u00e1b\u00ed pouze vysoce kvalitn\u00ed zbo\u017e\u00ed V\u0161echny polo\u017eky v na\u0161em obchod\u011b jsou dod\u00e1v\u00e1ny s origin\u00e1ln\u00ed krabic\u00ed High-end d\u0159ev\u011bn\u00e1 krabice<\/p>\n<p>\ud83c\udf39\ud83c\udf39Pros\u00edm, bu\u010fte si jisti, \u017ee nakupujete Ve\u0161ker\u00e9 zbo\u017e\u00ed podporuje dob\u00edrku P\u0159ejeme v\u00e1m \u0161\u0165astn\u00e9 nakupov\u00e1n\u00ed.<\/p>","protected":false},"featured_media":1313,"comment_status":"open","ping_status":"closed","template":"","meta":{"_monsterinsights_skip_tracking":false,"_monsterinsights_sitenote_active":false,"_monsterinsights_sitenote_note":"","_monsterinsights_sitenote_category":0,"site-sidebar-layout":"default","site-content-layout":"","ast-site-content-layout":"default","site-content-style":"default","site-sidebar-style":"default","ast-global-header-display":"","ast-banner-title-visibility":"","ast-main-header-display":"","ast-hfb-above-header-display":"","ast-hfb-below-header-display":"","ast-hfb-mobile-header-display":"","site-post-title":"","ast-breadcrumbs-content":"","ast-featured-img":"","footer-sml-layout":"","theme-transparent-header-meta":"default","adv-header-id-meta":"","stick-header-meta":"","header-above-stick-meta":"","header-main-stick-meta":"","header-below-stick-meta":"","astra-migrate-meta-layouts":"set","ast-page-background-enabled":"default","ast-page-background-meta":{"desktop":{"background-color":"var(--ast-global-color-4)","background-image":"","background-repeat":"repeat","background-position":"center center","background-size":"auto","background-attachment":"scroll","background-type":"","background-media":"","overlay-type":"","overlay-color":"","overlay-opacity":"","overlay-gradient":""},"tablet":{"background-color":"","background-image":"","background-repeat":"repeat","background-position":"center center","background-size":"auto","background-attachment":"scroll","background-type":"","background-media":"","overlay-type":"","overlay-color":"","overlay-opacity":"","overlay-gradient":""},"mobile":{"background-color":"","background-image":"","background-repeat":"repeat","background-position":"center center","background-size":"auto","background-attachment":"scroll","background-type":"","background-media":"","overlay-type":"","overlay-color":"","overlay-opacity":"","overlay-gradient":""}},"ast-content-background-meta":{"desktop":{"background-color":"var(--ast-global-color-5)","background-image":"","background-repeat":"repeat","background-position":"center center","background-size":"auto","background-attachment":"scroll","background-type":"","background-media":"","overlay-type":"","overlay-color":"","overlay-opacity":"","overlay-gradient":""},"tablet":{"background-color":"var(--ast-global-color-5)","background-image":"","background-repeat":"repeat","background-position":"center center","background-size":"auto","background-attachment":"scroll","background-type":"","background-media":"","overlay-type":"","overlay-color":"","overlay-opacity":"","overlay-gradient":""},"mobile":{"background-color":"var(--ast-global-color-5)","background-image":"","background-repeat":"repeat","background-position":"center center","background-size":"auto","background-attachment":"scroll","background-type":"","background-media":"","overlay-type":"","overlay-color":"","overlay-opacity":"","overlay-gradient":""}}},"product_brand":[],"product_cat":[18],"product_tag":[],"class_list":{"0":"post-1312","1":"product","2":"type-product","3":"status-publish","4":"has-post-thumbnail","6":"product_cat-patek-philippe","7":"desktop-align-center","8":"tablet-align-left","9":"mobile-align-left","11":"first","12":"instock","13":"sale","14":"shipping-taxable","15":"purchasable","16":"product-type-simple"},"_links":{"self":[{"href":"https:\/\/mirekboutique.com\/cs\/wp-json\/wp\/v2\/product\/1312","targetHints":{"allow":["GET"]}}],"collection":[{"href":"https:\/\/mirekboutique.com\/cs\/wp-json\/wp\/v2\/product"}],"about":[{"href":"https:\/\/mirekboutique.com\/cs\/wp-json\/wp\/v2\/types\/product"}],"replies":[{"embeddable":true,"href":"https:\/\/mirekboutique.com\/cs\/wp-json\/wp\/v2\/comments?post=1312"}],"version-history":[{"count":1,"href":"https:\/\/mirekboutique.com\/cs\/wp-json\/wp\/v2\/product\/1312\/revisions"}],"predecessor-version":[{"id":1319,"href":"https:\/\/mirekboutique.com\/cs\/wp-json\/wp\/v2\/product\/1312\/revisions\/1319"}],"wp:featuredmedia":[{"embeddable":true,"href":"https:\/\/mirekboutique.com\/cs\/wp-json\/wp\/v2\/media\/1313"}],"wp:attachment":[{"href":"https:\/\/mirekboutique.com\/cs\/wp-json\/wp\/v2\/media?parent=1312"}],"wp:term":[{"taxonomy":"product_brand","embeddable":true,"href":"https:\/\/mirekboutique.com\/cs\/wp-json\/wp\/v2\/product_brand?post=1312"},{"taxonomy":"product_cat","embeddable":true,"href":"https:\/\/mirekboutique.com\/cs\/wp-json\/wp\/v2\/product_cat?post=1312"},{"taxonomy":"product_tag","embeddable":true,"href":"https:\/\/mirekboutique.com\/cs\/wp-json\/wp\/v2\/product_tag?post=1312"}],"curies":[{"name":"wp","href":"https:\/\/api.w.org\/{rel}","templated":true}]}}