{"id":1327,"date":"2025-05-09T02:27:41","date_gmt":"2025-05-08T18:27:41","guid":{"rendered":"https:\/\/mirekboutique.com\/?post_type=product&#038;p=1327"},"modified":"2025-05-24T19:21:44","modified_gmt":"2025-05-24T11:21:44","slug":"bd005-pp-ref-6007a-001-commemorative-model-of-the-prunzewalt-watch-building","status":"publish","type":"product","link":"https:\/\/mirekboutique.com\/cs\/produkt\/bd005-pp-ref-6007a-001-commemorative-model-of-the-prunzewalt-watch-building\/","title":{"rendered":"BD005 PP Ref. 6007A-001 (pam\u011btn\u00ed model budovy Prunzewalt Watch)"},"content":{"rendered":"<p>ZF elegantn\u00ed pr\u00e1ce, a pak vyl\u00e9zt na nov\u00fd vrchol ocelov\u00fdch hodinek, replika bacta nov\u00fd produkt - PP Ref.6007A-001 (Prunzewalt hodin\u00e1\u0159sk\u00e9 stavebn\u00ed pam\u011btn\u00ed modely) [n\u00e1dhern\u00e9 detaily] velikost hodinek 40 mm 1. saf\u00edrov\u00e9 pr\u016fhledn\u00e9 kryc\u00ed sklo s vyryt\u00fdm vzorem kalatravsk\u00e9ho k\u0159\u00ed\u017ee, stejn\u011b jako slova \"Nov\u00e1 v\u00fdroba 2019\" 2. pouzdro z nerezov\u00e9 oceli 316L s \u0161irok\u00fdm zak\u0159iven\u00fdm designem r\u00e1me\u010dku 3. cifern\u00edk: ikonick\u00e9 \u0161edomodr\u00e9 prvky s n\u00e1dhern\u00fdm kulat\u00fdm sat\u00e9nov\u00fdm le\u0161t\u011bn\u00edm [technick\u00fd pr\u016flom] P\u0159ijet\u00ed t\u0159et\u00ed generace p\u0159izp\u016fsoben\u00e9ho jednod\u00edln\u00e9ho strojku ZF 324S, simulace i m\u011b\u0159en\u00ed \u010dasu! [P\u0159ezka \u0159em\u00ednku] \u0160edomodr\u00fd \u0159em\u00ednek z telec\u00ed k\u016f\u017ee s b\u00edl\u00fdm pro\u0161\u00edv\u00e1n\u00edm, s klasickou PP sponou, design a barvy \u0161t\u00edtku se vz\u00e1jemn\u011b odr\u00e1\u017eej\u00ed! V\u00fdroba ZF - vytvo\u0159en\u00ed nejsiln\u011bj\u0161\u00edch ocelov\u00fdch hodinek na sv\u011bt\u011b!<\/p>","protected":false},"excerpt":{"rendered":"<p>\ud83d\udd25\ud83d\udd25V\u0161echno zbo\u017e\u00ed na t\u00e9to webov\u00e9 str\u00e1nce jsou \u0161pi\u010dkov\u00e9 dokonal\u00e9 repliky vyroben\u00e9 super v\u00fdrobci, zcela nov\u00e9 a neotev\u0159en\u00e9, kvalita a poprodejn\u00ed servis jsou zaru\u010deny!<\/p>\n<p>\u2705\u2705\u2705\u2705Mirekboutique vyr\u00e1b\u00ed pouze vysoce kvalitn\u00ed zbo\u017e\u00ed V\u0161echny polo\u017eky v na\u0161em obchod\u011b jsou dod\u00e1v\u00e1ny s origin\u00e1ln\u00ed krabic\u00ed High-end d\u0159ev\u011bn\u00e1 krabice<\/p>\n<p>\ud83c\udf39\ud83c\udf39Pros\u00edm, bu\u010fte si jisti, \u017ee nakupujete Ve\u0161ker\u00e9 zbo\u017e\u00ed podporuje dob\u00edrku P\u0159ejeme v\u00e1m \u0161\u0165astn\u00e9 nakupov\u00e1n\u00ed.<\/p>","protected":false},"featured_media":1328,"comment_status":"open","ping_status":"closed","template":"","meta":{"_monsterinsights_skip_tracking":false,"_monsterinsights_sitenote_active":false,"_monsterinsights_sitenote_note":"","_monsterinsights_sitenote_category":0,"site-sidebar-layout":"default","site-content-layout":"","ast-site-content-layout":"default","site-content-style":"default","site-sidebar-style":"default","ast-global-header-display":"","ast-banner-title-visibility":"","ast-main-header-display":"","ast-hfb-above-header-display":"","ast-hfb-below-header-display":"","ast-hfb-mobile-header-display":"","site-post-title":"","ast-breadcrumbs-content":"","ast-featured-img":"","footer-sml-layout":"","theme-transparent-header-meta":"default","adv-header-id-meta":"","stick-header-meta":"","header-above-stick-meta":"","header-main-stick-meta":"","header-below-stick-meta":"","astra-migrate-meta-layouts":"set","ast-page-background-enabled":"default","ast-page-background-meta":{"desktop":{"background-color":"var(--ast-global-color-4)","background-image":"","background-repeat":"repeat","background-position":"center center","background-size":"auto","background-attachment":"scroll","background-type":"","background-media":"","overlay-type":"","overlay-color":"","overlay-opacity":"","overlay-gradient":""},"tablet":{"background-color":"","background-image":"","background-repeat":"repeat","background-position":"center center","background-size":"auto","background-attachment":"scroll","background-type":"","background-media":"","overlay-type":"","overlay-color":"","overlay-opacity":"","overlay-gradient":""},"mobile":{"background-color":"","background-image":"","background-repeat":"repeat","background-position":"center center","background-size":"auto","background-attachment":"scroll","background-type":"","background-media":"","overlay-type":"","overlay-color":"","overlay-opacity":"","overlay-gradient":""}},"ast-content-background-meta":{"desktop":{"background-color":"var(--ast-global-color-5)","background-image":"","background-repeat":"repeat","background-position":"center center","background-size":"auto","background-attachment":"scroll","background-type":"","background-media":"","overlay-type":"","overlay-color":"","overlay-opacity":"","overlay-gradient":""},"tablet":{"background-color":"var(--ast-global-color-5)","background-image":"","background-repeat":"repeat","background-position":"center center","background-size":"auto","background-attachment":"scroll","background-type":"","background-media":"","overlay-type":"","overlay-color":"","overlay-opacity":"","overlay-gradient":""},"mobile":{"background-color":"var(--ast-global-color-5)","background-image":"","background-repeat":"repeat","background-position":"center center","background-size":"auto","background-attachment":"scroll","background-type":"","background-media":"","overlay-type":"","overlay-color":"","overlay-opacity":"","overlay-gradient":""}}},"product_brand":[],"product_cat":[18],"product_tag":[],"class_list":{"0":"post-1327","1":"product","2":"type-product","3":"status-publish","4":"has-post-thumbnail","6":"product_cat-patek-philippe","7":"desktop-align-center","8":"tablet-align-left","9":"mobile-align-left","11":"first","12":"instock","13":"sale","14":"shipping-taxable","15":"purchasable","16":"product-type-simple"},"_links":{"self":[{"href":"https:\/\/mirekboutique.com\/cs\/wp-json\/wp\/v2\/product\/1327","targetHints":{"allow":["GET"]}}],"collection":[{"href":"https:\/\/mirekboutique.com\/cs\/wp-json\/wp\/v2\/product"}],"about":[{"href":"https:\/\/mirekboutique.com\/cs\/wp-json\/wp\/v2\/types\/product"}],"replies":[{"embeddable":true,"href":"https:\/\/mirekboutique.com\/cs\/wp-json\/wp\/v2\/comments?post=1327"}],"version-history":[{"count":1,"href":"https:\/\/mirekboutique.com\/cs\/wp-json\/wp\/v2\/product\/1327\/revisions"}],"predecessor-version":[{"id":1333,"href":"https:\/\/mirekboutique.com\/cs\/wp-json\/wp\/v2\/product\/1327\/revisions\/1333"}],"wp:featuredmedia":[{"embeddable":true,"href":"https:\/\/mirekboutique.com\/cs\/wp-json\/wp\/v2\/media\/1328"}],"wp:attachment":[{"href":"https:\/\/mirekboutique.com\/cs\/wp-json\/wp\/v2\/media?parent=1327"}],"wp:term":[{"taxonomy":"product_brand","embeddable":true,"href":"https:\/\/mirekboutique.com\/cs\/wp-json\/wp\/v2\/product_brand?post=1327"},{"taxonomy":"product_cat","embeddable":true,"href":"https:\/\/mirekboutique.com\/cs\/wp-json\/wp\/v2\/product_cat?post=1327"},{"taxonomy":"product_tag","embeddable":true,"href":"https:\/\/mirekboutique.com\/cs\/wp-json\/wp\/v2\/product_tag?post=1327"}],"curies":[{"name":"wp","href":"https:\/\/api.w.org\/{rel}","templated":true}]}}