{"id":1334,"date":"2025-05-09T02:29:31","date_gmt":"2025-05-08T18:29:31","guid":{"rendered":"https:\/\/mirekboutique.com\/?post_type=product&#038;p=1334"},"modified":"2025-05-24T19:21:44","modified_gmt":"2025-05-24T11:21:44","slug":"bd006-classic-5153-11-super-clone-from-a-super-factory","status":"publish","type":"product","link":"https:\/\/mirekboutique.com\/cs\/produkt\/bd006-classic-5153-11-super-clone-from-a-super-factory\/","title":{"rendered":"BD006 Classic 5153 1:1 super klon ze super tov\u00e1rny"},"content":{"rendered":"<p>ZF \u0159emesln\u00edk \"j\u00e1dro\" vyr\u00e1b\u00ed Klasick\u00e9 pr\u00e1ce - Bada klasick\u00e9 hodinky \u0159ady 5153, elegantn\u00ed a ~! N\u00e1dhern\u00e9 detaily] Velikost hodinek 38 mmX10 mm 1. Le\u0161t\u011bn\u00ed pouzdra: za \u00fa\u010delem dosa\u017een\u00ed efektu prav\u00e9ho tepl\u00e9ho a vlhk\u00e9ho jako nefrit, hodin\u00e1\u0159i ZF pe\u010dliv\u011b brous\u00ed, pomalu a pe\u010dliv\u011b pracuj\u00ed. 2. Prachov\u00fd kryt a mechanismus kloubov\u00e9ho spojen\u00ed pl\u00e1\u0161t\u011b, srovnateln\u00fd se stejn\u00fdm jako prav\u00fd s ostr\u00fdm pocitem. 3. Stupnice a ru\u010di\u010dky, pou\u017eit\u00ed nejnov\u011bj\u0161\u00edho procesu pokovov\u00e1n\u00ed drah\u00fdmi kovy, efekt vy\u0161\u0161\u00ed \u00farovn\u011b. 4. Zrc\u00e1tko hodinek typu \"Pot cover\" mikrokonvexn\u00ed saf\u00edrov\u00e9, verze a stejn\u00e1 jako origin\u00e1ln\u00ed, efekt pr\u016fsvitnosti, jasn\u011b rozpozn\u00e1vaj\u00edc\u00ed \u010das. 5. T\u011bsn\u011bn\u00ed z drah\u00fdch kov\u016f ocelov\u00e9 trojrozm\u011brn\u00e9 normy, jasn\u00e9 a \u017eiv\u00e9. 6! Vede \u00e9ru jednod\u00edln\u00e9ho strojku]. P\u0159ijet\u00ed p\u0159izp\u016fsoben\u00e9 verze jednod\u00edln\u00e9ho stroje Cal.324 - ten\u010d\u00ed, stabiln\u011bj\u0161\u00ed, podobn\u011bj\u0161\u00ed. Nejd\u016fle\u017eit\u011bj\u0161\u00ed je, \u017ee stupe\u0148 simulace line\u00e1rn\u011b vzrostl. [\u0158em\u00ednek] Klasick\u00fd \u0159em\u00ednek z italsk\u00e9 telec\u00ed k\u016f\u017ee s jasn\u00fdm zrnem a dobrou strukturou. S kruhem \u0161pi\u010dkov\u00e9 lucernov\u00e9 spony Patek Philippe na trhu, univerz\u00e1ln\u00ed origin\u00e1l bez p\u0159\u00edtlaku. Confucious dr\u017eet do, v\u011b\u010dn\u00fd klasick\u00fd, low-key perfektn\u00ed, st\u016fl v gentleman!<\/p>","protected":false},"excerpt":{"rendered":"<p>\ud83d\udd25\ud83d\udd25V\u0161echno zbo\u017e\u00ed na t\u00e9to webov\u00e9 str\u00e1nce jsou \u0161pi\u010dkov\u00e9 dokonal\u00e9 repliky vyroben\u00e9 super v\u00fdrobci, zcela nov\u00e9 a neotev\u0159en\u00e9, kvalita a poprodejn\u00ed servis jsou zaru\u010deny!<\/p>\n<p>\u2705\u2705\u2705\u2705Mirekboutique vyr\u00e1b\u00ed pouze vysoce kvalitn\u00ed zbo\u017e\u00ed V\u0161echny polo\u017eky v na\u0161em obchod\u011b jsou dod\u00e1v\u00e1ny s origin\u00e1ln\u00ed krabic\u00ed High-end d\u0159ev\u011bn\u00e1 krabice<\/p>\n<p>\ud83c\udf39\ud83c\udf39Pros\u00edm, bu\u010fte si jisti, \u017ee nakupujete Ve\u0161ker\u00e9 zbo\u017e\u00ed podporuje dob\u00edrku P\u0159ejeme v\u00e1m \u0161\u0165astn\u00e9 nakupov\u00e1n\u00ed.<\/p>","protected":false},"featured_media":1335,"comment_status":"open","ping_status":"closed","template":"","meta":{"_monsterinsights_skip_tracking":false,"_monsterinsights_sitenote_active":false,"_monsterinsights_sitenote_note":"","_monsterinsights_sitenote_category":0,"site-sidebar-layout":"default","site-content-layout":"","ast-site-content-layout":"default","site-content-style":"default","site-sidebar-style":"default","ast-global-header-display":"","ast-banner-title-visibility":"","ast-main-header-display":"","ast-hfb-above-header-display":"","ast-hfb-below-header-display":"","ast-hfb-mobile-header-display":"","site-post-title":"","ast-breadcrumbs-content":"","ast-featured-img":"","footer-sml-layout":"","theme-transparent-header-meta":"default","adv-header-id-meta":"","stick-header-meta":"","header-above-stick-meta":"","header-main-stick-meta":"","header-below-stick-meta":"","astra-migrate-meta-layouts":"set","ast-page-background-enabled":"default","ast-page-background-meta":{"desktop":{"background-color":"var(--ast-global-color-4)","background-image":"","background-repeat":"repeat","background-position":"center center","background-size":"auto","background-attachment":"scroll","background-type":"","background-media":"","overlay-type":"","overlay-color":"","overlay-opacity":"","overlay-gradient":""},"tablet":{"background-color":"","background-image":"","background-repeat":"repeat","background-position":"center center","background-size":"auto","background-attachment":"scroll","background-type":"","background-media":"","overlay-type":"","overlay-color":"","overlay-opacity":"","overlay-gradient":""},"mobile":{"background-color":"","background-image":"","background-repeat":"repeat","background-position":"center center","background-size":"auto","background-attachment":"scroll","background-type":"","background-media":"","overlay-type":"","overlay-color":"","overlay-opacity":"","overlay-gradient":""}},"ast-content-background-meta":{"desktop":{"background-color":"var(--ast-global-color-5)","background-image":"","background-repeat":"repeat","background-position":"center center","background-size":"auto","background-attachment":"scroll","background-type":"","background-media":"","overlay-type":"","overlay-color":"","overlay-opacity":"","overlay-gradient":""},"tablet":{"background-color":"var(--ast-global-color-5)","background-image":"","background-repeat":"repeat","background-position":"center center","background-size":"auto","background-attachment":"scroll","background-type":"","background-media":"","overlay-type":"","overlay-color":"","overlay-opacity":"","overlay-gradient":""},"mobile":{"background-color":"var(--ast-global-color-5)","background-image":"","background-repeat":"repeat","background-position":"center center","background-size":"auto","background-attachment":"scroll","background-type":"","background-media":"","overlay-type":"","overlay-color":"","overlay-opacity":"","overlay-gradient":""}}},"product_brand":[],"product_cat":[18],"product_tag":[],"class_list":{"0":"post-1334","1":"product","2":"type-product","3":"status-publish","4":"has-post-thumbnail","6":"product_cat-patek-philippe","7":"desktop-align-center","8":"tablet-align-left","9":"mobile-align-left","11":"first","12":"instock","13":"sale","14":"shipping-taxable","15":"purchasable","16":"product-type-simple"},"_links":{"self":[{"href":"https:\/\/mirekboutique.com\/cs\/wp-json\/wp\/v2\/product\/1334","targetHints":{"allow":["GET"]}}],"collection":[{"href":"https:\/\/mirekboutique.com\/cs\/wp-json\/wp\/v2\/product"}],"about":[{"href":"https:\/\/mirekboutique.com\/cs\/wp-json\/wp\/v2\/types\/product"}],"replies":[{"embeddable":true,"href":"https:\/\/mirekboutique.com\/cs\/wp-json\/wp\/v2\/comments?post=1334"}],"version-history":[{"count":1,"href":"https:\/\/mirekboutique.com\/cs\/wp-json\/wp\/v2\/product\/1334\/revisions"}],"predecessor-version":[{"id":1340,"href":"https:\/\/mirekboutique.com\/cs\/wp-json\/wp\/v2\/product\/1334\/revisions\/1340"}],"wp:featuredmedia":[{"embeddable":true,"href":"https:\/\/mirekboutique.com\/cs\/wp-json\/wp\/v2\/media\/1335"}],"wp:attachment":[{"href":"https:\/\/mirekboutique.com\/cs\/wp-json\/wp\/v2\/media?parent=1334"}],"wp:term":[{"taxonomy":"product_brand","embeddable":true,"href":"https:\/\/mirekboutique.com\/cs\/wp-json\/wp\/v2\/product_brand?post=1334"},{"taxonomy":"product_cat","embeddable":true,"href":"https:\/\/mirekboutique.com\/cs\/wp-json\/wp\/v2\/product_cat?post=1334"},{"taxonomy":"product_tag","embeddable":true,"href":"https:\/\/mirekboutique.com\/cs\/wp-json\/wp\/v2\/product_tag?post=1334"}],"curies":[{"name":"wp","href":"https:\/\/api.w.org\/{rel}","templated":true}]}}