{"id":1348,"date":"2025-05-09T02:35:55","date_gmt":"2025-05-08T18:35:55","guid":{"rendered":"https:\/\/mirekboutique.com\/?post_type=product&#038;p=1348"},"modified":"2025-05-24T19:21:44","modified_gmt":"2025-05-24T11:21:44","slug":"bd008-ai-fantasy-star-watch-11-super-clone","status":"publish","type":"product","link":"https:\/\/mirekboutique.com\/cs\/produkt\/bd008-ai-fantasy-star-watch-11-super-clone\/","title":{"rendered":"BD008 AI Fantasy Star Watch 1:1 Super klon"},"content":{"rendered":"<p>AI Fantasy Star hodinky p\u0159i\u0161el odnikud a \u017eil a\u017e do sv\u00e9ho n\u00e1zvu: skute\u010dn\u00fd hv\u011bzda orbit\u00e1ln\u00ed cifern\u00edk, podle skute\u010dn\u00e9ho 745 hodin kruh. P\u0159esn\u011b takov\u00fd, jako je autentick\u00fd, exkluzivn\u00ed t\u0159\u00edvrstv\u00fd cifern\u00edk dokonal\u00e9 repliky origin\u00e1ln\u00edch hodinek! Dod\u00e1v\u00e1no s kontr\u00e9tn\u00ed p\u0159epravn\u00ed krabi\u010dkou!<br \/>\n\"Symbol aristokracie\" Hodinky PP Sky Moon obsahuj\u00ed panoramatick\u00fd pohled na oblohu, nejoslniv\u011bj\u0161\u00ed hv\u011bzdnou no\u010dn\u00ed oblohu severn\u00ed polokoule, s jedine\u010dn\u00fdm t\u0159\u00edvrstv\u00fdm cifern\u00edkem ot\u00e1\u010dej\u00edc\u00edm se r\u016fznou rychlost\u00ed, kter\u00fd p\u0159esn\u011b zobrazuje klenut\u00fd panoramatick\u00fd pohled na hv\u011bzdy a M\u011bs\u00edc ob\u00edhaj\u00edc\u00ed na no\u010dn\u00ed obloze. Hv\u011bzdn\u00e1 mapa se skl\u00e1d\u00e1 ze t\u0159\u00ed r\u016fzn\u00fdch disk\u016f: dvou disk\u016f zobrazuj\u00edc\u00edch pozad\u00ed hv\u011bzdn\u00e9 oblohy a f\u00e1ze M\u011bs\u00edce a pr\u016fhledn\u00e9ho k\u0159i\u0161\u0165\u00e1lov\u00e9ho disku zobrazuj\u00edc\u00edho hv\u011bzdnou mapu a Ml\u00e9\u010dnou dr\u00e1hu. Hodinov\u00e9 a minutov\u00e9 ru\u010di\u010dky jsou na cifern\u00edku a\u017eurov\u00e9 ve tvaru vrbov\u00fdch list\u016f, p\u0159i\u010dem\u017e na modr\u00e9m cifern\u00edku jsou ru\u010di\u010dky st\u0159\u00edbro\u0161ed\u00e9 a na \u010dern\u00e9m cifern\u00edku kr\u00e9mov\u00e9. St\u0159ed m\u00e1 pevnou le\u0161t\u011bnou st\u0159edovou osu, kter\u00e1 odpov\u00edd\u00e1 origin\u00e1lu a je exkluzivn\u00ed. Pr\u016fhledn\u00e1 zadn\u00ed strana pouzdra odhaluje perloidn\u00ed kalibr 240 LU CL C s tourbillonem o pr\u016fm\u011bru 38 mm, tlou\u0161\u0165ce 6,81 mm, 315 d\u00edlky, 12 m\u016fstky, 45 drahokamy, frekvenc\u00ed 28 800 vibrac\u00ed za hodinu, maxim\u00e1ln\u00ed rezervou chodu 48 hodin a mimost\u0159edn\u00fdm miniaturn\u00edm oscila\u010dn\u00edm z\u00e1va\u017e\u00edm z 22kar\u00e1tov\u00e9ho zlata. Rychloup\u00ednac\u00ed \u0159em\u00ednek je ru\u010dn\u011b \u0161it\u00fd sv\u011btl\u00fd barevn\u00fd \u0159em\u00ednek se vzorem \u010dtvercov\u00fdch stupnic a skl\u00e1dac\u00ed sponou. Ru\u010di\u010dka na 2. hodin\u011b k nastaven\u00ed pr\u016fhledn\u00e9ho astrologick\u00e9ho cifern\u00edku pro sou\u010dasn\u00e9 \u010dten\u00ed \u010dasu m\u011bs\u00ed\u010dn\u00edch f\u00e1z\u00ed, pr\u016fhledn\u00fd astrologick\u00fd cifern\u00edk se ot\u00e1\u010d\u00ed jednou za m\u011bs\u00edc, ru\u010di\u010dka na 4. hodin\u011b k nastaven\u00ed astrologick\u00e9ho cifern\u00edku, kulat\u00e9 \u25cb ok\u00e9nko pro zobrazen\u00ed m\u011bs\u00ed\u010dn\u00edch f\u00e1z\u00ed, pouzdro na 6. hodin\u011b je obaleno diamantem jako origin\u00e1l, kter\u00fd nikdy nevypadne z diamant\u016f! Jedn\u00e1 se o nej\u00fachvatn\u011bj\u0161\u00ed superkomplexn\u00ed model hodinek vyvinut\u00fd a vyroben\u00fd tov\u00e1rnou AI, noste na z\u00e1p\u011bst\u00ed celou hv\u011bzdnou oblohu, zaslou\u017e\u00edte si to!<\/p>","protected":false},"excerpt":{"rendered":"<p>\ud83d\udd25\ud83d\udd25V\u0161echno zbo\u017e\u00ed na t\u00e9to webov\u00e9 str\u00e1nce jsou \u0161pi\u010dkov\u00e9 dokonal\u00e9 repliky vyroben\u00e9 super v\u00fdrobci, zcela nov\u00e9 a neotev\u0159en\u00e9, kvalita a poprodejn\u00ed servis jsou zaru\u010deny!<\/p>\n<p>\u2705\u2705\u2705\u2705Mirekboutique vyr\u00e1b\u00ed pouze vysoce kvalitn\u00ed zbo\u017e\u00ed V\u0161echny polo\u017eky v na\u0161em obchod\u011b jsou dod\u00e1v\u00e1ny s origin\u00e1ln\u00ed krabic\u00ed High-end d\u0159ev\u011bn\u00e1 krabice<\/p>\n<p>\ud83c\udf39\ud83c\udf39Pros\u00edm, bu\u010fte si jisti, \u017ee nakupujete Ve\u0161ker\u00e9 zbo\u017e\u00ed podporuje dob\u00edrku P\u0159ejeme v\u00e1m \u0161\u0165astn\u00e9 nakupov\u00e1n\u00ed.<\/p>","protected":false},"featured_media":1349,"comment_status":"open","ping_status":"closed","template":"","meta":{"_monsterinsights_skip_tracking":false,"_monsterinsights_sitenote_active":false,"_monsterinsights_sitenote_note":"","_monsterinsights_sitenote_category":0,"site-sidebar-layout":"default","site-content-layout":"","ast-site-content-layout":"default","site-content-style":"default","site-sidebar-style":"default","ast-global-header-display":"","ast-banner-title-visibility":"","ast-main-header-display":"","ast-hfb-above-header-display":"","ast-hfb-below-header-display":"","ast-hfb-mobile-header-display":"","site-post-title":"","ast-breadcrumbs-content":"","ast-featured-img":"","footer-sml-layout":"","theme-transparent-header-meta":"default","adv-header-id-meta":"","stick-header-meta":"","header-above-stick-meta":"","header-main-stick-meta":"","header-below-stick-meta":"","astra-migrate-meta-layouts":"set","ast-page-background-enabled":"default","ast-page-background-meta":{"desktop":{"background-color":"var(--ast-global-color-4)","background-image":"","background-repeat":"repeat","background-position":"center center","background-size":"auto","background-attachment":"scroll","background-type":"","background-media":"","overlay-type":"","overlay-color":"","overlay-opacity":"","overlay-gradient":""},"tablet":{"background-color":"","background-image":"","background-repeat":"repeat","background-position":"center center","background-size":"auto","background-attachment":"scroll","background-type":"","background-media":"","overlay-type":"","overlay-color":"","overlay-opacity":"","overlay-gradient":""},"mobile":{"background-color":"","background-image":"","background-repeat":"repeat","background-position":"center center","background-size":"auto","background-attachment":"scroll","background-type":"","background-media":"","overlay-type":"","overlay-color":"","overlay-opacity":"","overlay-gradient":""}},"ast-content-background-meta":{"desktop":{"background-color":"var(--ast-global-color-5)","background-image":"","background-repeat":"repeat","background-position":"center center","background-size":"auto","background-attachment":"scroll","background-type":"","background-media":"","overlay-type":"","overlay-color":"","overlay-opacity":"","overlay-gradient":""},"tablet":{"background-color":"var(--ast-global-color-5)","background-image":"","background-repeat":"repeat","background-position":"center center","background-size":"auto","background-attachment":"scroll","background-type":"","background-media":"","overlay-type":"","overlay-color":"","overlay-opacity":"","overlay-gradient":""},"mobile":{"background-color":"var(--ast-global-color-5)","background-image":"","background-repeat":"repeat","background-position":"center center","background-size":"auto","background-attachment":"scroll","background-type":"","background-media":"","overlay-type":"","overlay-color":"","overlay-opacity":"","overlay-gradient":""}}},"product_brand":[],"product_cat":[18],"product_tag":[],"class_list":{"0":"post-1348","1":"product","2":"type-product","3":"status-publish","4":"has-post-thumbnail","6":"product_cat-patek-philippe","7":"desktop-align-center","8":"tablet-align-left","9":"mobile-align-left","11":"first","12":"instock","13":"sale","14":"shipping-taxable","15":"purchasable","16":"product-type-simple"},"_links":{"self":[{"href":"https:\/\/mirekboutique.com\/cs\/wp-json\/wp\/v2\/product\/1348","targetHints":{"allow":["GET"]}}],"collection":[{"href":"https:\/\/mirekboutique.com\/cs\/wp-json\/wp\/v2\/product"}],"about":[{"href":"https:\/\/mirekboutique.com\/cs\/wp-json\/wp\/v2\/types\/product"}],"replies":[{"embeddable":true,"href":"https:\/\/mirekboutique.com\/cs\/wp-json\/wp\/v2\/comments?post=1348"}],"version-history":[{"count":1,"href":"https:\/\/mirekboutique.com\/cs\/wp-json\/wp\/v2\/product\/1348\/revisions"}],"predecessor-version":[{"id":1354,"href":"https:\/\/mirekboutique.com\/cs\/wp-json\/wp\/v2\/product\/1348\/revisions\/1354"}],"wp:featuredmedia":[{"embeddable":true,"href":"https:\/\/mirekboutique.com\/cs\/wp-json\/wp\/v2\/media\/1349"}],"wp:attachment":[{"href":"https:\/\/mirekboutique.com\/cs\/wp-json\/wp\/v2\/media?parent=1348"}],"wp:term":[{"taxonomy":"product_brand","embeddable":true,"href":"https:\/\/mirekboutique.com\/cs\/wp-json\/wp\/v2\/product_brand?post=1348"},{"taxonomy":"product_cat","embeddable":true,"href":"https:\/\/mirekboutique.com\/cs\/wp-json\/wp\/v2\/product_cat?post=1348"},{"taxonomy":"product_tag","embeddable":true,"href":"https:\/\/mirekboutique.com\/cs\/wp-json\/wp\/v2\/product_tag?post=1348"}],"curies":[{"name":"wp","href":"https:\/\/api.w.org\/{rel}","templated":true}]}}