{"id":1369,"date":"2025-05-09T02:42:30","date_gmt":"2025-05-08T18:42:30","guid":{"rendered":"https:\/\/mirekboutique.com\/?post_type=product&#038;p=1369"},"modified":"2025-05-24T19:21:44","modified_gmt":"2025-05-24T11:21:44","slug":"bd011-pp-calatrava-11-super-clone-from-a-super-factory","status":"publish","type":"product","link":"https:\/\/mirekboutique.com\/cs\/produkt\/bd011-pp-calatrava-11-super-clone-from-a-super-factory\/","title":{"rendered":"BD011 PP Calatrava 1:1 super klon ze super tov\u00e1rny"},"content":{"rendered":"<p>Novinka z tov\u00e1rny PPF v Hongkongu - PP Calatrava Ref. 5226G-001 Pouzdro: Kolekce Calatrava je proslul\u00e1 sv\u00fdm zaoblen\u00fdm a hladk\u00fdm tvarem pouzdra. Dnes spole\u010dnost PP tuto vlastnost p\u0159evzala a p\u0159epracovala ji s motivem pa\u0159\u00ed\u017esk\u00fdch cvo\u010dk\u016f na bo\u010dn\u00edch hran\u00e1ch pouzdra. Motiv pa\u0159\u00ed\u017esk\u00fdch cvo\u010dk\u016f je klasick\u00fdm prvkem zna\u010dky Patek Philippe, kter\u00fd byl reprodukov\u00e1n na hodink\u00e1ch Calatrava Parisian Studded Ref. 6119 z roku 2021 a design\u00e9\u0159i vyvinuli speci\u00e1ln\u00ed konstrukci pouzdra, kter\u00e1 umo\u017e\u0148uje integrovat ucha do zadn\u00ed \u010d\u00e1sti pouzdra tak, aby pa\u0159\u00ed\u017esk\u00e9 cvo\u010dky zcela zakr\u00fdvaly bo\u010dn\u00ed stranu pouzdra. tov\u00e1rna Hk vylisovala pouzdro tak, aby odpov\u00eddalo origin\u00e1lu! Literatura: Uhlov\u011b \u0161ed\u00fd \u010d\u00edseln\u00edk je inspirov\u00e1n vintage, s \u010dern\u00fdm gradientem po okraj\u00edch a jemn\u00fdm zrn\u011bn\u00edm p\u0159ipom\u00ednaj\u00edc\u00edm vintage pouzdra fotoapar\u00e1t\u016f. Cifern\u00edk dopl\u0148uj\u00ed trojrozm\u011brn\u00e1 p\u00edsmena z b\u00edl\u00e9ho zlata s luminiscen\u010dn\u00edm b\u00e9\u017eov\u00fdm n\u00e1t\u011brem a nen\u00e1padn\u00e1 vte\u0159inov\u00e1 stupnice \"track\". V\u00e1lcov\u00e9 hodinov\u00e9 a minutov\u00e9 ru\u010di\u010dky z b\u00edl\u00e9ho zlata jsou opat\u0159eny b\u00e9\u017eov\u00fdm luminiscen\u010dn\u00edm povlakem a ok\u00e9nko s datem na 3. hodin\u011b obsahuje b\u00e9\u017eov\u00e9 n\u00e1pisy na \u010dern\u00e9m pozad\u00ed Movement: PPF Manufacture pou\u017e\u00edv\u00e1 jako z\u00e1kladn\u00ed kalibr dov\u00e1\u017een\u00fd kalibr 9015, kter\u00fd byl upraven a vylep\u0161en! Strojek m\u00e1 zkosen\u00e9 m\u016fstky, le\u0161t\u011bn\u00e9 hrany, ryb\u00ed \u0161upiny a dekorace C\u00f4tes de Gen\u00e8ve na velk\u00e9m a mal\u00e9m m\u016fstku, zlatem vykl\u00e1dan\u00e9 rytiny na povrchu m\u016fstk\u016f, le\u0161t\u011bn\u00e9 a zkosen\u00e9 vybr\u00e1n\u00ed pro \u0161roubky a je opat\u0159en klasickou zna\u010dkou Patek Philippe s dvojit\u00fdm P! \u0158em\u00ednek: Nov\u00fd \u0159em\u00ednek Ref. 5226G-001 je k dispozici se dv\u011bma vym\u011bniteln\u00fdmi \u0159em\u00ednky, jedn\u00edm z b\u00e9\u017eov\u00e9 semi\u0161ov\u00e9 telec\u00ed k\u016f\u017ee a druh\u00fdm z \u010dern\u00e9 telec\u00ed k\u016f\u017ee s reli\u00e9fn\u00edm texturovan\u00fdm vzorem a b\u00e9\u017eov\u00fdm pro\u0161\u00edv\u00e1n\u00edm. Oba \u0159em\u00ednky jsou opat\u0159eny kol\u00ed\u010dkovou sponou z b\u00edl\u00e9ho zlata a rychloup\u00ednac\u00edmi o\u010dky, d\u00edky \u010demu\u017e je operace v\u00fdm\u011bny \u0159em\u00ednku pohodln\u011bj\u0161\u00ed! Tov\u00e1rna PPF nevylet\u00ed do pov\u011bt\u0159\u00ed, bude se st\u00e1le zdokonalovat a nad\u00e1le vytv\u00e1\u0159et kvalitn\u00ed origin\u00e1ln\u00ed kopie hodinek pro milovn\u00edky hodinek ze v\u0161ech spole\u010densk\u00fdch vrstev.<\/p>","protected":false},"excerpt":{"rendered":"<p>\ud83d\udd25\ud83d\udd25V\u0161echno zbo\u017e\u00ed na t\u00e9to webov\u00e9 str\u00e1nce jsou \u0161pi\u010dkov\u00e9 dokonal\u00e9 repliky vyroben\u00e9 super v\u00fdrobci, zcela nov\u00e9 a neotev\u0159en\u00e9, kvalita a poprodejn\u00ed servis jsou zaru\u010deny!<\/p>\n<p>\u2705\u2705\u2705\u2705Mirekboutique vyr\u00e1b\u00ed pouze vysoce kvalitn\u00ed zbo\u017e\u00ed V\u0161echny polo\u017eky v na\u0161em obchod\u011b jsou dod\u00e1v\u00e1ny s origin\u00e1ln\u00ed krabic\u00ed High-end d\u0159ev\u011bn\u00e1 krabice<\/p>\n<p>\ud83c\udf39\ud83c\udf39Pros\u00edm, bu\u010fte si jisti, \u017ee nakupujete Ve\u0161ker\u00e9 zbo\u017e\u00ed podporuje dob\u00edrku P\u0159ejeme v\u00e1m \u0161\u0165astn\u00e9 nakupov\u00e1n\u00ed.<\/p>","protected":false},"featured_media":1370,"comment_status":"open","ping_status":"closed","template":"","meta":{"_monsterinsights_skip_tracking":false,"_monsterinsights_sitenote_active":false,"_monsterinsights_sitenote_note":"","_monsterinsights_sitenote_category":0,"site-sidebar-layout":"default","site-content-layout":"","ast-site-content-layout":"default","site-content-style":"default","site-sidebar-style":"default","ast-global-header-display":"","ast-banner-title-visibility":"","ast-main-header-display":"","ast-hfb-above-header-display":"","ast-hfb-below-header-display":"","ast-hfb-mobile-header-display":"","site-post-title":"","ast-breadcrumbs-content":"","ast-featured-img":"","footer-sml-layout":"","theme-transparent-header-meta":"default","adv-header-id-meta":"","stick-header-meta":"","header-above-stick-meta":"","header-main-stick-meta":"","header-below-stick-meta":"","astra-migrate-meta-layouts":"set","ast-page-background-enabled":"default","ast-page-background-meta":{"desktop":{"background-color":"var(--ast-global-color-4)","background-image":"","background-repeat":"repeat","background-position":"center center","background-size":"auto","background-attachment":"scroll","background-type":"","background-media":"","overlay-type":"","overlay-color":"","overlay-opacity":"","overlay-gradient":""},"tablet":{"background-color":"","background-image":"","background-repeat":"repeat","background-position":"center center","background-size":"auto","background-attachment":"scroll","background-type":"","background-media":"","overlay-type":"","overlay-color":"","overlay-opacity":"","overlay-gradient":""},"mobile":{"background-color":"","background-image":"","background-repeat":"repeat","background-position":"center center","background-size":"auto","background-attachment":"scroll","background-type":"","background-media":"","overlay-type":"","overlay-color":"","overlay-opacity":"","overlay-gradient":""}},"ast-content-background-meta":{"desktop":{"background-color":"var(--ast-global-color-5)","background-image":"","background-repeat":"repeat","background-position":"center center","background-size":"auto","background-attachment":"scroll","background-type":"","background-media":"","overlay-type":"","overlay-color":"","overlay-opacity":"","overlay-gradient":""},"tablet":{"background-color":"var(--ast-global-color-5)","background-image":"","background-repeat":"repeat","background-position":"center center","background-size":"auto","background-attachment":"scroll","background-type":"","background-media":"","overlay-type":"","overlay-color":"","overlay-opacity":"","overlay-gradient":""},"mobile":{"background-color":"var(--ast-global-color-5)","background-image":"","background-repeat":"repeat","background-position":"center center","background-size":"auto","background-attachment":"scroll","background-type":"","background-media":"","overlay-type":"","overlay-color":"","overlay-opacity":"","overlay-gradient":""}}},"product_brand":[],"product_cat":[18],"product_tag":[],"class_list":{"0":"post-1369","1":"product","2":"type-product","3":"status-publish","4":"has-post-thumbnail","6":"product_cat-patek-philippe","7":"desktop-align-center","8":"tablet-align-left","9":"mobile-align-left","11":"first","12":"instock","13":"sale","14":"shipping-taxable","15":"purchasable","16":"product-type-simple"},"_links":{"self":[{"href":"https:\/\/mirekboutique.com\/cs\/wp-json\/wp\/v2\/product\/1369","targetHints":{"allow":["GET"]}}],"collection":[{"href":"https:\/\/mirekboutique.com\/cs\/wp-json\/wp\/v2\/product"}],"about":[{"href":"https:\/\/mirekboutique.com\/cs\/wp-json\/wp\/v2\/types\/product"}],"replies":[{"embeddable":true,"href":"https:\/\/mirekboutique.com\/cs\/wp-json\/wp\/v2\/comments?post=1369"}],"version-history":[{"count":1,"href":"https:\/\/mirekboutique.com\/cs\/wp-json\/wp\/v2\/product\/1369\/revisions"}],"predecessor-version":[{"id":1375,"href":"https:\/\/mirekboutique.com\/cs\/wp-json\/wp\/v2\/product\/1369\/revisions\/1375"}],"wp:featuredmedia":[{"embeddable":true,"href":"https:\/\/mirekboutique.com\/cs\/wp-json\/wp\/v2\/media\/1370"}],"wp:attachment":[{"href":"https:\/\/mirekboutique.com\/cs\/wp-json\/wp\/v2\/media?parent=1369"}],"wp:term":[{"taxonomy":"product_brand","embeddable":true,"href":"https:\/\/mirekboutique.com\/cs\/wp-json\/wp\/v2\/product_brand?post=1369"},{"taxonomy":"product_cat","embeddable":true,"href":"https:\/\/mirekboutique.com\/cs\/wp-json\/wp\/v2\/product_cat?post=1369"},{"taxonomy":"product_tag","embeddable":true,"href":"https:\/\/mirekboutique.com\/cs\/wp-json\/wp\/v2\/product_tag?post=1369"}],"curies":[{"name":"wp","href":"https:\/\/api.w.org\/{rel}","templated":true}]}}