{"id":1422,"date":"2025-05-09T02:55:54","date_gmt":"2025-05-08T18:55:54","guid":{"rendered":"https:\/\/mirekboutique.com\/?post_type=product&#038;p=1422"},"modified":"2025-05-24T19:21:43","modified_gmt":"2025-05-24T11:21:43","slug":"bd018-womens-fashion-watches-classic-11-super-clone","status":"publish","type":"product","link":"https:\/\/mirekboutique.com\/cs\/produkt\/bd018-womens-fashion-watches-classic-11-super-clone\/","title":{"rendered":"BD018 D\u00e1msk\u00e9 m\u00f3dn\u00ed hodinky Classic 1:1 Super Clone"},"content":{"rendered":"<p>PP Klasick\u00e9, m\u00f3dn\u00ed hodinky! Zbrusu nov\u00e1 nab\u00eddka! Jedine\u010dn\u00e9 4\ufe0f\u20e3 5\ufe0f\u20e3 bit logo mal\u00e1 vte\u0159inov\u00e1 \ud83c\udf08 digit\u00e1ln\u00ed stupnice ode\u010d\u00edt\u00e1 \u010das pohodln\u00e9 saf\u00edrov\u00e9 dvojit\u00e9 d\u011bl\u00edc\u00ed sklo zrc\u00e1tko, standardn\u00ed velikost 41 mm, detaily dokonal\u00e9 v\u00fdstavn\u00ed linie zpracov\u00e1n\u00ed, jemn\u00e9 le\u0161t\u011bn\u00ed, jednoduch\u00fd vzhled, tak\u017ee poc\u00edt\u00edte atmosf\u00e9ru arogantn\u00edho gentlemana, dokonal\u00fd projev kr\u00e1lovsk\u00e9ho rodokmenu sv\u00fdch n\u00e1ramkov\u00fdch hodinek Patek Philippe, hodn\u00fd celosv\u011btov\u00e9 chv\u00e1ly.<\/p>","protected":false},"excerpt":{"rendered":"<p>\ud83d\udd25\ud83d\udd25V\u0161echno zbo\u017e\u00ed na t\u00e9to webov\u00e9 str\u00e1nce jsou \u0161pi\u010dkov\u00e9 dokonal\u00e9 repliky vyroben\u00e9 super v\u00fdrobci, zcela nov\u00e9 a neotev\u0159en\u00e9, kvalita a poprodejn\u00ed servis jsou zaru\u010deny!<\/p>\n<p>\u2705\u2705\u2705\u2705Mirekboutique vyr\u00e1b\u00ed pouze vysoce kvalitn\u00ed zbo\u017e\u00ed V\u0161echny polo\u017eky v na\u0161em obchod\u011b jsou dod\u00e1v\u00e1ny s origin\u00e1ln\u00ed krabic\u00ed High-end d\u0159ev\u011bn\u00e1 krabice<\/p>\n<p>\ud83c\udf39\ud83c\udf39Pros\u00edm, bu\u010fte si jisti, \u017ee nakupujete Ve\u0161ker\u00e9 zbo\u017e\u00ed podporuje dob\u00edrku P\u0159ejeme v\u00e1m \u0161\u0165astn\u00e9 nakupov\u00e1n\u00ed.<\/p>","protected":false},"featured_media":1423,"comment_status":"open","ping_status":"closed","template":"","meta":{"_monsterinsights_skip_tracking":false,"_monsterinsights_sitenote_active":false,"_monsterinsights_sitenote_note":"","_monsterinsights_sitenote_category":0,"site-sidebar-layout":"default","site-content-layout":"","ast-site-content-layout":"default","site-content-style":"default","site-sidebar-style":"default","ast-global-header-display":"","ast-banner-title-visibility":"","ast-main-header-display":"","ast-hfb-above-header-display":"","ast-hfb-below-header-display":"","ast-hfb-mobile-header-display":"","site-post-title":"","ast-breadcrumbs-content":"","ast-featured-img":"","footer-sml-layout":"","theme-transparent-header-meta":"default","adv-header-id-meta":"","stick-header-meta":"","header-above-stick-meta":"","header-main-stick-meta":"","header-below-stick-meta":"","astra-migrate-meta-layouts":"set","ast-page-background-enabled":"default","ast-page-background-meta":{"desktop":{"background-color":"var(--ast-global-color-4)","background-image":"","background-repeat":"repeat","background-position":"center center","background-size":"auto","background-attachment":"scroll","background-type":"","background-media":"","overlay-type":"","overlay-color":"","overlay-opacity":"","overlay-gradient":""},"tablet":{"background-color":"","background-image":"","background-repeat":"repeat","background-position":"center center","background-size":"auto","background-attachment":"scroll","background-type":"","background-media":"","overlay-type":"","overlay-color":"","overlay-opacity":"","overlay-gradient":""},"mobile":{"background-color":"","background-image":"","background-repeat":"repeat","background-position":"center center","background-size":"auto","background-attachment":"scroll","background-type":"","background-media":"","overlay-type":"","overlay-color":"","overlay-opacity":"","overlay-gradient":""}},"ast-content-background-meta":{"desktop":{"background-color":"var(--ast-global-color-5)","background-image":"","background-repeat":"repeat","background-position":"center center","background-size":"auto","background-attachment":"scroll","background-type":"","background-media":"","overlay-type":"","overlay-color":"","overlay-opacity":"","overlay-gradient":""},"tablet":{"background-color":"var(--ast-global-color-5)","background-image":"","background-repeat":"repeat","background-position":"center center","background-size":"auto","background-attachment":"scroll","background-type":"","background-media":"","overlay-type":"","overlay-color":"","overlay-opacity":"","overlay-gradient":""},"mobile":{"background-color":"var(--ast-global-color-5)","background-image":"","background-repeat":"repeat","background-position":"center center","background-size":"auto","background-attachment":"scroll","background-type":"","background-media":"","overlay-type":"","overlay-color":"","overlay-opacity":"","overlay-gradient":""}}},"product_brand":[],"product_cat":[18],"product_tag":[],"class_list":{"0":"post-1422","1":"product","2":"type-product","3":"status-publish","4":"has-post-thumbnail","6":"product_cat-patek-philippe","7":"desktop-align-center","8":"tablet-align-left","9":"mobile-align-left","11":"first","12":"instock","13":"sale","14":"shipping-taxable","15":"purchasable","16":"product-type-simple"},"_links":{"self":[{"href":"https:\/\/mirekboutique.com\/cs\/wp-json\/wp\/v2\/product\/1422","targetHints":{"allow":["GET"]}}],"collection":[{"href":"https:\/\/mirekboutique.com\/cs\/wp-json\/wp\/v2\/product"}],"about":[{"href":"https:\/\/mirekboutique.com\/cs\/wp-json\/wp\/v2\/types\/product"}],"replies":[{"embeddable":true,"href":"https:\/\/mirekboutique.com\/cs\/wp-json\/wp\/v2\/comments?post=1422"}],"version-history":[{"count":1,"href":"https:\/\/mirekboutique.com\/cs\/wp-json\/wp\/v2\/product\/1422\/revisions"}],"predecessor-version":[{"id":1428,"href":"https:\/\/mirekboutique.com\/cs\/wp-json\/wp\/v2\/product\/1422\/revisions\/1428"}],"wp:featuredmedia":[{"embeddable":true,"href":"https:\/\/mirekboutique.com\/cs\/wp-json\/wp\/v2\/media\/1423"}],"wp:attachment":[{"href":"https:\/\/mirekboutique.com\/cs\/wp-json\/wp\/v2\/media?parent=1422"}],"wp:term":[{"taxonomy":"product_brand","embeddable":true,"href":"https:\/\/mirekboutique.com\/cs\/wp-json\/wp\/v2\/product_brand?post=1422"},{"taxonomy":"product_cat","embeddable":true,"href":"https:\/\/mirekboutique.com\/cs\/wp-json\/wp\/v2\/product_cat?post=1422"},{"taxonomy":"product_tag","embeddable":true,"href":"https:\/\/mirekboutique.com\/cs\/wp-json\/wp\/v2\/product_tag?post=1422"}],"curies":[{"name":"wp","href":"https:\/\/api.w.org\/{rel}","templated":true}]}}