{"id":1435,"date":"2025-05-09T03:00:53","date_gmt":"2025-05-08T19:00:53","guid":{"rendered":"https:\/\/mirekboutique.com\/?post_type=product&#038;p=1435"},"modified":"2025-05-24T19:34:50","modified_gmt":"2025-05-24T11:34:50","slug":"lcd182-mille-carbon-fiber-limited-edition-11-super-clone","status":"publish","type":"product","link":"https:\/\/mirekboutique.com\/cs\/produkt\/lcd182-mille-carbon-fiber-limited-edition-11-super-clone\/","title":{"rendered":"LCD182 MILLE Karbonov\u00e1 limitovan\u00e1 edice 1:1 Super klon"},"content":{"rendered":"<p>\ud83c\ude50ZF High-Tech Reinventing the Legend RICHARD MILLE Carbon Fiber Limited Edition<br \/>\nRichard Mille RM055 \"White Legend\" - glob\u00e1ln\u00ed limitovan\u00e1 edice<br \/>\nNejvy\u0161\u0161\u00ed vizu\u00e1ln\u00ed efekt<br \/>\nT\u0159\u00edd\u00edln\u00e9 pouzdro ve tvaru tonneau m\u00e1 horn\u00ed a spodn\u00ed r\u00e1me\u010dek a prstenec z uhl\u00edkov\u00fdch vl\u00e1ken NTPT a p\u00edskovan\u00e9ho titanu.<br \/>\nModel \"White Legend\" m\u00e1 b\u00edl\u00fd vnit\u0159n\u00ed r\u00e1me\u010dek, ru\u010di\u010dky a oblo\u017een\u00ed korunky;<br \/>\nP\u0159\u00edruba \u010d\u00edseln\u00edku je vyrobena z \u010dern\u00fdch uhl\u00edkov\u00fdch vl\u00e1ken a hodinov\u00e9 zna\u010dky jsou homologov\u00e1ny s luminiscen\u010dn\u00ed vrstvou. P\u0159\u00edruba je o\u0161et\u0159ena povrchovou \u00fapravou DLC.<br \/>\nStrojek je integrov\u00e1n do cifern\u00edku a jako podklad a m\u016fstek pro tento \"skeletov\u00fd\" strojek byl zvolen titan t\u0159\u00eddy 5, kter\u00fd zaji\u0161\u0165uje vysokou p\u0159esnost a spolehlivost strojku.<br \/>\n\u00dasp\u011b\u0161n\u00fd v\u00fdvoj materi\u00e1lu NTPT umo\u017enil spole\u010dnosti ZF otev\u0159\u00edt pr\u016flom v technologii materi\u00e1l\u016f pro repliky hodinek.<br \/>\nV\u00fdrobky spole\u010dnosti ZF mus\u00ed b\u00fdt vysoce kvalitn\u00ed.<\/p>","protected":false},"excerpt":{"rendered":"<p>\ud83d\udd25\ud83d\udd25V\u0161echno zbo\u017e\u00ed na t\u00e9to webov\u00e9 str\u00e1nce jsou \u0161pi\u010dkov\u00e9 dokonal\u00e9 repliky vyroben\u00e9 super v\u00fdrobci, zcela nov\u00e9 a neotev\u0159en\u00e9, kvalita a poprodejn\u00ed servis jsou zaru\u010deny!<\/p>\n<p>\u2705\u2705\u2705\u2705Mirekboutique vyr\u00e1b\u00ed pouze vysoce kvalitn\u00ed zbo\u017e\u00ed V\u0161echny polo\u017eky v na\u0161em obchod\u011b jsou dod\u00e1v\u00e1ny s origin\u00e1ln\u00ed krabic\u00ed High-end d\u0159ev\u011bn\u00e1 krabice<\/p>\n<p>\ud83c\udf39\ud83c\udf39Pros\u00edm, bu\u010fte si jisti, \u017ee nakupujete Ve\u0161ker\u00e9 zbo\u017e\u00ed podporuje dob\u00edrku P\u0159ejeme v\u00e1m \u0161\u0165astn\u00e9 nakupov\u00e1n\u00ed.<\/p>","protected":false},"featured_media":1436,"comment_status":"open","ping_status":"closed","template":"","meta":{"_monsterinsights_skip_tracking":false,"_monsterinsights_sitenote_active":false,"_monsterinsights_sitenote_note":"","_monsterinsights_sitenote_category":0,"site-sidebar-layout":"default","site-content-layout":"","ast-site-content-layout":"default","site-content-style":"default","site-sidebar-style":"default","ast-global-header-display":"","ast-banner-title-visibility":"","ast-main-header-display":"","ast-hfb-above-header-display":"","ast-hfb-below-header-display":"","ast-hfb-mobile-header-display":"","site-post-title":"","ast-breadcrumbs-content":"","ast-featured-img":"","footer-sml-layout":"","theme-transparent-header-meta":"default","adv-header-id-meta":"","stick-header-meta":"","header-above-stick-meta":"","header-main-stick-meta":"","header-below-stick-meta":"","astra-migrate-meta-layouts":"set","ast-page-background-enabled":"default","ast-page-background-meta":{"desktop":{"background-color":"var(--ast-global-color-4)","background-image":"","background-repeat":"repeat","background-position":"center center","background-size":"auto","background-attachment":"scroll","background-type":"","background-media":"","overlay-type":"","overlay-color":"","overlay-opacity":"","overlay-gradient":""},"tablet":{"background-color":"","background-image":"","background-repeat":"repeat","background-position":"center center","background-size":"auto","background-attachment":"scroll","background-type":"","background-media":"","overlay-type":"","overlay-color":"","overlay-opacity":"","overlay-gradient":""},"mobile":{"background-color":"","background-image":"","background-repeat":"repeat","background-position":"center center","background-size":"auto","background-attachment":"scroll","background-type":"","background-media":"","overlay-type":"","overlay-color":"","overlay-opacity":"","overlay-gradient":""}},"ast-content-background-meta":{"desktop":{"background-color":"var(--ast-global-color-5)","background-image":"","background-repeat":"repeat","background-position":"center center","background-size":"auto","background-attachment":"scroll","background-type":"","background-media":"","overlay-type":"","overlay-color":"","overlay-opacity":"","overlay-gradient":""},"tablet":{"background-color":"var(--ast-global-color-5)","background-image":"","background-repeat":"repeat","background-position":"center center","background-size":"auto","background-attachment":"scroll","background-type":"","background-media":"","overlay-type":"","overlay-color":"","overlay-opacity":"","overlay-gradient":""},"mobile":{"background-color":"var(--ast-global-color-5)","background-image":"","background-repeat":"repeat","background-position":"center center","background-size":"auto","background-attachment":"scroll","background-type":"","background-media":"","overlay-type":"","overlay-color":"","overlay-opacity":"","overlay-gradient":""}}},"product_brand":[],"product_cat":[36],"product_tag":[],"class_list":{"0":"post-1435","1":"product","2":"type-product","3":"status-publish","4":"has-post-thumbnail","6":"product_cat-richard","7":"desktop-align-center","8":"tablet-align-left","9":"mobile-align-left","11":"first","12":"instock","13":"sale","14":"shipping-taxable","15":"purchasable","16":"product-type-simple"},"_links":{"self":[{"href":"https:\/\/mirekboutique.com\/cs\/wp-json\/wp\/v2\/product\/1435","targetHints":{"allow":["GET"]}}],"collection":[{"href":"https:\/\/mirekboutique.com\/cs\/wp-json\/wp\/v2\/product"}],"about":[{"href":"https:\/\/mirekboutique.com\/cs\/wp-json\/wp\/v2\/types\/product"}],"replies":[{"embeddable":true,"href":"https:\/\/mirekboutique.com\/cs\/wp-json\/wp\/v2\/comments?post=1435"}],"version-history":[{"count":1,"href":"https:\/\/mirekboutique.com\/cs\/wp-json\/wp\/v2\/product\/1435\/revisions"}],"predecessor-version":[{"id":1441,"href":"https:\/\/mirekboutique.com\/cs\/wp-json\/wp\/v2\/product\/1435\/revisions\/1441"}],"wp:featuredmedia":[{"embeddable":true,"href":"https:\/\/mirekboutique.com\/cs\/wp-json\/wp\/v2\/media\/1436"}],"wp:attachment":[{"href":"https:\/\/mirekboutique.com\/cs\/wp-json\/wp\/v2\/media?parent=1435"}],"wp:term":[{"taxonomy":"product_brand","embeddable":true,"href":"https:\/\/mirekboutique.com\/cs\/wp-json\/wp\/v2\/product_brand?post=1435"},{"taxonomy":"product_cat","embeddable":true,"href":"https:\/\/mirekboutique.com\/cs\/wp-json\/wp\/v2\/product_cat?post=1435"},{"taxonomy":"product_tag","embeddable":true,"href":"https:\/\/mirekboutique.com\/cs\/wp-json\/wp\/v2\/product_tag?post=1435"}],"curies":[{"name":"wp","href":"https:\/\/api.w.org\/{rel}","templated":true}]}}