{"id":1448,"date":"2025-05-09T03:06:34","date_gmt":"2025-05-08T19:06:34","guid":{"rendered":"https:\/\/mirekboutique.com\/?post_type=product&#038;p=1448"},"modified":"2025-05-24T19:34:49","modified_gmt":"2025-05-24T11:34:49","slug":"lcd184-rm12-01-gold-carbon-fiber-composite-constant-tourbillon-11-super-clone","status":"publish","type":"product","link":"https:\/\/mirekboutique.com\/cs\/produkt\/lcd184-rm12-01-gold-carbon-fiber-composite-constant-tourbillon-11-super-clone\/","title":{"rendered":"LCD184 RM12-01 Gold Carbon Fiber Composite Constant Tourbillon 1:1 Super Clone"},"content":{"rendered":"<p>Richard RM52-01 skute\u010dn\u00fd tourbillon, reinterpretace podstaty lebky R MILLE, pr\u016flom n\u011bkolika verz\u00ed BUG, tak\u017ee v\u011bt\u0161ina \u017eelezn\u00e9ho prachu m\u016f\u017ee m\u00edt spr\u00e1vnou velikost, skute\u010dn\u00fd pohyb, detaily v m\u00edst\u011b ultra-vysok\u00e9 kopie. D\u016fvody, pro\u010d se do toho pustit:<br \/>\n1, velikost v bl\u00edzkosti: ofici\u00e1ln\u00ed d\u00e9lka, \u0161\u00ed\u0159ka a tlou\u0161\u0165ka: 50 * 43 * 16 mm, tov\u00e1rn\u00ed d\u00e9lka, \u0161\u00ed\u0159ka a tlou\u0161\u0165ka JB: 49,8 * 44,3 * 16,4 mm;<br \/>\n2, skute\u010dn\u00e1 lo\u017eiska: rub\u00edn v \u00fastech lebky je skute\u010dn\u00fdm lo\u017eiskem tourbillonu, nikoliv dekorativn\u00edm, drahokam odpov\u00edd\u00e1 st\u0159edov\u00e9 ose tourbillonu zabalen\u00e9 v horn\u00ed a doln\u00ed \u010delisti, jako by polykal kouli energie, tak\u017ee origin\u00e1l cht\u011bl vyj\u00e1d\u0159it sci-fi n\u00e1ladu, kter\u00e1 m\u00e1 b\u00fdt zt\u011blesn\u011bna;<br \/>\n3, detaily jsou na sv\u00e9m m\u00edst\u011b: lev\u00e1 vnit\u0159n\u00ed st\u011bna vnit\u0159n\u00edho krytu pouzdra je poti\u0161t\u011bna stejn\u00fdm ocelov\u00fdm t\u011bsn\u011bn\u00edm RM052 jako origin\u00e1l, velikost a hloubka prav\u00e9ho o\u010dn\u00edho ozuben\u00e9ho kola se bl\u00ed\u017e\u00ed origin\u00e1lu, st\u0159ed \u0161perku na \u010dele je na\u010dervenal\u00fd a pr\u016fsvitn\u00fd, matn\u00e1 spona, dov\u00e1\u017een\u00fd gumov\u00fd p\u00e1sek z thajsk\u00fdch surovin;<br \/>\n4, zarovn\u00e1n\u00ed pohybu: d\u00edky um\u00edst\u011bn\u00ed velikosti tourbillonu a p\u016fvodn\u00ed konzistentn\u00ed, zpoza zadn\u00ed \u010d\u00e1sti lebky pod zadn\u00ed \u010d\u00e1st\u00ed hlavy, m\u016f\u017eete jasn\u011b vid\u011bt na gem koaxi\u00e1ln\u00ed tourbillon b\u011b\u017e\u00ed proces, zep\u0159edu vid\u011bt \u010dern\u00e9 kolo rovnov\u00e1hy je jen blokov\u00e1n lebky \u010delist\u00ed, tak\u017ee pouze escapement kolo putov\u00e1n\u00ed v lebce n\u00ed\u017ee;<br \/>\n5, uvnit\u0159 i vn\u011b: pohyb je p\u0159izp\u016fsoben\u00fd skute\u010dn\u00fd tourbillon pohyb z Shanghai Movement Factory, a ka\u017ed\u00fd kus hodinek pro\u0161el vysoce pevnostn\u00ed simul\u00e1tor QE \u010dasov\u00e1n\u00ed, krom\u011b zv\u00fd\u0161en\u00e9 vodot\u011bsnosti,.<br \/>\nJB Factory - pozorn\u011bj\u0161\u00ed s j\u00e1drem! Po hodink\u00e1ch Double Tourbillon, RM001, Roger Dubuis King, RM053, Rolex Tourbillon, Classic Fusion je to dal\u0161\u00ed mistrovsk\u00e9 d\u00edlo! Ke ka\u017ed\u00e9mu hodink\u00e1m JBFactory Tourbillon je zdarma dod\u00e1v\u00e1no ko\u017een\u00e9 ochrann\u00e9 pouzdro.<\/p>","protected":false},"excerpt":{"rendered":"<p>\ud83d\udd25\ud83d\udd25V\u0161echno zbo\u017e\u00ed na t\u00e9to webov\u00e9 str\u00e1nce jsou \u0161pi\u010dkov\u00e9 dokonal\u00e9 repliky vyroben\u00e9 super v\u00fdrobci, zcela nov\u00e9 a neotev\u0159en\u00e9, kvalita a poprodejn\u00ed servis jsou zaru\u010deny!<\/p>\n<p>\u2705\u2705\u2705\u2705Mirekboutique vyr\u00e1b\u00ed pouze vysoce kvalitn\u00ed zbo\u017e\u00ed V\u0161echny polo\u017eky v na\u0161em obchod\u011b jsou dod\u00e1v\u00e1ny s origin\u00e1ln\u00ed krabic\u00ed High-end d\u0159ev\u011bn\u00e1 krabice<\/p>\n<p>\ud83c\udf39\ud83c\udf39Pros\u00edm, bu\u010fte si jisti, \u017ee nakupujete Ve\u0161ker\u00e9 zbo\u017e\u00ed podporuje dob\u00edrku P\u0159ejeme v\u00e1m \u0161\u0165astn\u00e9 nakupov\u00e1n\u00ed.<\/p>","protected":false},"featured_media":1449,"comment_status":"open","ping_status":"closed","template":"","meta":{"_monsterinsights_skip_tracking":false,"_monsterinsights_sitenote_active":false,"_monsterinsights_sitenote_note":"","_monsterinsights_sitenote_category":0,"site-sidebar-layout":"default","site-content-layout":"","ast-site-content-layout":"default","site-content-style":"default","site-sidebar-style":"default","ast-global-header-display":"","ast-banner-title-visibility":"","ast-main-header-display":"","ast-hfb-above-header-display":"","ast-hfb-below-header-display":"","ast-hfb-mobile-header-display":"","site-post-title":"","ast-breadcrumbs-content":"","ast-featured-img":"","footer-sml-layout":"","theme-transparent-header-meta":"default","adv-header-id-meta":"","stick-header-meta":"","header-above-stick-meta":"","header-main-stick-meta":"","header-below-stick-meta":"","astra-migrate-meta-layouts":"set","ast-page-background-enabled":"default","ast-page-background-meta":{"desktop":{"background-color":"var(--ast-global-color-4)","background-image":"","background-repeat":"repeat","background-position":"center center","background-size":"auto","background-attachment":"scroll","background-type":"","background-media":"","overlay-type":"","overlay-color":"","overlay-opacity":"","overlay-gradient":""},"tablet":{"background-color":"","background-image":"","background-repeat":"repeat","background-position":"center center","background-size":"auto","background-attachment":"scroll","background-type":"","background-media":"","overlay-type":"","overlay-color":"","overlay-opacity":"","overlay-gradient":""},"mobile":{"background-color":"","background-image":"","background-repeat":"repeat","background-position":"center center","background-size":"auto","background-attachment":"scroll","background-type":"","background-media":"","overlay-type":"","overlay-color":"","overlay-opacity":"","overlay-gradient":""}},"ast-content-background-meta":{"desktop":{"background-color":"var(--ast-global-color-5)","background-image":"","background-repeat":"repeat","background-position":"center center","background-size":"auto","background-attachment":"scroll","background-type":"","background-media":"","overlay-type":"","overlay-color":"","overlay-opacity":"","overlay-gradient":""},"tablet":{"background-color":"var(--ast-global-color-5)","background-image":"","background-repeat":"repeat","background-position":"center center","background-size":"auto","background-attachment":"scroll","background-type":"","background-media":"","overlay-type":"","overlay-color":"","overlay-opacity":"","overlay-gradient":""},"mobile":{"background-color":"var(--ast-global-color-5)","background-image":"","background-repeat":"repeat","background-position":"center center","background-size":"auto","background-attachment":"scroll","background-type":"","background-media":"","overlay-type":"","overlay-color":"","overlay-opacity":"","overlay-gradient":""}}},"product_brand":[],"product_cat":[36],"product_tag":[],"class_list":{"0":"post-1448","1":"product","2":"type-product","3":"status-publish","4":"has-post-thumbnail","6":"product_cat-richard","7":"desktop-align-center","8":"tablet-align-left","9":"mobile-align-left","11":"first","12":"instock","13":"sale","14":"shipping-taxable","15":"purchasable","16":"product-type-simple"},"_links":{"self":[{"href":"https:\/\/mirekboutique.com\/cs\/wp-json\/wp\/v2\/product\/1448","targetHints":{"allow":["GET"]}}],"collection":[{"href":"https:\/\/mirekboutique.com\/cs\/wp-json\/wp\/v2\/product"}],"about":[{"href":"https:\/\/mirekboutique.com\/cs\/wp-json\/wp\/v2\/types\/product"}],"replies":[{"embeddable":true,"href":"https:\/\/mirekboutique.com\/cs\/wp-json\/wp\/v2\/comments?post=1448"}],"version-history":[{"count":1,"href":"https:\/\/mirekboutique.com\/cs\/wp-json\/wp\/v2\/product\/1448\/revisions"}],"predecessor-version":[{"id":1454,"href":"https:\/\/mirekboutique.com\/cs\/wp-json\/wp\/v2\/product\/1448\/revisions\/1454"}],"wp:featuredmedia":[{"embeddable":true,"href":"https:\/\/mirekboutique.com\/cs\/wp-json\/wp\/v2\/media\/1449"}],"wp:attachment":[{"href":"https:\/\/mirekboutique.com\/cs\/wp-json\/wp\/v2\/media?parent=1448"}],"wp:term":[{"taxonomy":"product_brand","embeddable":true,"href":"https:\/\/mirekboutique.com\/cs\/wp-json\/wp\/v2\/product_brand?post=1448"},{"taxonomy":"product_cat","embeddable":true,"href":"https:\/\/mirekboutique.com\/cs\/wp-json\/wp\/v2\/product_cat?post=1448"},{"taxonomy":"product_tag","embeddable":true,"href":"https:\/\/mirekboutique.com\/cs\/wp-json\/wp\/v2\/product_tag?post=1448"}],"curies":[{"name":"wp","href":"https:\/\/api.w.org\/{rel}","templated":true}]}}