{"id":1461,"date":"2025-05-09T03:14:26","date_gmt":"2025-05-08T19:14:26","guid":{"rendered":"https:\/\/mirekboutique.com\/?post_type=product&#038;p=1461"},"modified":"2025-05-24T19:34:49","modified_gmt":"2025-05-24T11:34:49","slug":"lcd186-rm055-ntpt-11-super-clone-from-a-super-factory","status":"publish","type":"product","link":"https:\/\/mirekboutique.com\/cs\/produkt\/lcd186-rm055-ntpt-11-super-clone-from-a-super-factory\/","title":{"rendered":"LCD186 RM055 NTPT 1:1 super klon ze super tov\u00e1rny"},"content":{"rendered":"<p>Nejsiln\u011bj\u0161\u00ed jed ZF.fatcory - Richard RM055 NTPT je ofici\u00e1ln\u011b p\u0159edstaven! Nov\u00fd skeletonizovan\u00fd strojek RMUL2 a pouzdro NTPT z uhl\u00edkov\u00fdch vl\u00e1ken jsou opravdovou t\u0159e\u0161ni\u010dkou na dortu tov\u00e1rny ZF!<br \/>\nPouzdro z uhl\u00edkov\u00fdch vl\u00e1ken o rozm\u011brech 49,90*42,70 NTPT je vyrobeno speci\u00e1ln\u00edm automatizovan\u00fdm \u0159\u00eddic\u00edm syst\u00e9mem a je protk\u00e1no speci\u00e1ln\u00edmi prysky\u0159i\u010dn\u00fdmi vl\u00e1kny a horn\u00ed a doln\u00ed zrc\u00e1tka jsou brou\u0161ena saf\u00edrem. S pohodln\u00fdm, lehk\u00fdm a odoln\u00fdm proveden\u00edm, zn\u00e1m\u00e9 jako \"Formule 1 na z\u00e1p\u011bst\u00ed\".<br \/>\nNov\u00fd ru\u010dn\u011b natahovan\u00fd strojek Caliber RMUL2 je vyroben z titanov\u00e9 slitiny t\u0159\u00eddy 5, je opat\u0159en z\u00e1kladovou deskou a m\u016fstky s PVD povlakem a \u00fapravou Titalyt, co\u017e zaji\u0161\u0165uje nejlep\u0161\u00ed celkovou konstruk\u010dn\u00ed ocel, dobrou rovinnost povrchu d\u00edl\u016f a dokonal\u00fd chod p\u0159evodov\u00e9ho \u00fastroj\u00ed. M\u00e1 tak\u00e9 \u0159adu funkc\u00ed, jako je nastaviteln\u00e1 hlavice pro natahov\u00e1n\u00ed, ochrana proti ot\u0159es\u016fm atd. P\u0159esnost a stabilita dos\u00e1hly mimo\u0159\u00e1dn\u00e9 \u00farovn\u011b. (V\u0161echna ozuben\u00e1 kola pracuj\u00ed jako origin\u00e1ln\u00ed)<br \/>\nPozn\u00e1mka \u203c\u203cZF tov\u00e1rna siln\u00e9 prohl\u00e1\u0161en\u00ed, tento RM055 NTPT v\u0161echny d\u00edly a origin\u00e1ln\u00ed zam\u011bniteln\u00e9 spole\u010dn\u00e9, je skute\u010dn\u00fd v\u00fdznam 1: 1.<\/p>","protected":false},"excerpt":{"rendered":"<p>\ud83d\udd25\ud83d\udd25V\u0161echno zbo\u017e\u00ed na t\u00e9to webov\u00e9 str\u00e1nce jsou \u0161pi\u010dkov\u00e9 dokonal\u00e9 repliky vyroben\u00e9 super v\u00fdrobci, zcela nov\u00e9 a neotev\u0159en\u00e9, kvalita a poprodejn\u00ed servis jsou zaru\u010deny!<\/p>\n<p>\u2705\u2705\u2705\u2705Mirekboutique vyr\u00e1b\u00ed pouze vysoce kvalitn\u00ed zbo\u017e\u00ed V\u0161echny polo\u017eky v na\u0161em obchod\u011b jsou dod\u00e1v\u00e1ny s origin\u00e1ln\u00ed krabic\u00ed High-end d\u0159ev\u011bn\u00e1 krabice<\/p>\n<p>\ud83c\udf39\ud83c\udf39Pros\u00edm, bu\u010fte si jisti, \u017ee nakupujete Ve\u0161ker\u00e9 zbo\u017e\u00ed podporuje dob\u00edrku P\u0159ejeme v\u00e1m \u0161\u0165astn\u00e9 nakupov\u00e1n\u00ed.<\/p>","protected":false},"featured_media":1462,"comment_status":"open","ping_status":"closed","template":"","meta":{"_monsterinsights_skip_tracking":false,"_monsterinsights_sitenote_active":false,"_monsterinsights_sitenote_note":"","_monsterinsights_sitenote_category":0,"site-sidebar-layout":"default","site-content-layout":"","ast-site-content-layout":"default","site-content-style":"default","site-sidebar-style":"default","ast-global-header-display":"","ast-banner-title-visibility":"","ast-main-header-display":"","ast-hfb-above-header-display":"","ast-hfb-below-header-display":"","ast-hfb-mobile-header-display":"","site-post-title":"","ast-breadcrumbs-content":"","ast-featured-img":"","footer-sml-layout":"","theme-transparent-header-meta":"default","adv-header-id-meta":"","stick-header-meta":"","header-above-stick-meta":"","header-main-stick-meta":"","header-below-stick-meta":"","astra-migrate-meta-layouts":"set","ast-page-background-enabled":"default","ast-page-background-meta":{"desktop":{"background-color":"var(--ast-global-color-4)","background-image":"","background-repeat":"repeat","background-position":"center center","background-size":"auto","background-attachment":"scroll","background-type":"","background-media":"","overlay-type":"","overlay-color":"","overlay-opacity":"","overlay-gradient":""},"tablet":{"background-color":"","background-image":"","background-repeat":"repeat","background-position":"center center","background-size":"auto","background-attachment":"scroll","background-type":"","background-media":"","overlay-type":"","overlay-color":"","overlay-opacity":"","overlay-gradient":""},"mobile":{"background-color":"","background-image":"","background-repeat":"repeat","background-position":"center center","background-size":"auto","background-attachment":"scroll","background-type":"","background-media":"","overlay-type":"","overlay-color":"","overlay-opacity":"","overlay-gradient":""}},"ast-content-background-meta":{"desktop":{"background-color":"var(--ast-global-color-5)","background-image":"","background-repeat":"repeat","background-position":"center center","background-size":"auto","background-attachment":"scroll","background-type":"","background-media":"","overlay-type":"","overlay-color":"","overlay-opacity":"","overlay-gradient":""},"tablet":{"background-color":"var(--ast-global-color-5)","background-image":"","background-repeat":"repeat","background-position":"center center","background-size":"auto","background-attachment":"scroll","background-type":"","background-media":"","overlay-type":"","overlay-color":"","overlay-opacity":"","overlay-gradient":""},"mobile":{"background-color":"var(--ast-global-color-5)","background-image":"","background-repeat":"repeat","background-position":"center center","background-size":"auto","background-attachment":"scroll","background-type":"","background-media":"","overlay-type":"","overlay-color":"","overlay-opacity":"","overlay-gradient":""}}},"product_brand":[],"product_cat":[36],"product_tag":[],"class_list":{"0":"post-1461","1":"product","2":"type-product","3":"status-publish","4":"has-post-thumbnail","6":"product_cat-richard","7":"desktop-align-center","8":"tablet-align-left","9":"mobile-align-left","11":"first","12":"instock","13":"sale","14":"shipping-taxable","15":"purchasable","16":"product-type-simple"},"_links":{"self":[{"href":"https:\/\/mirekboutique.com\/cs\/wp-json\/wp\/v2\/product\/1461","targetHints":{"allow":["GET"]}}],"collection":[{"href":"https:\/\/mirekboutique.com\/cs\/wp-json\/wp\/v2\/product"}],"about":[{"href":"https:\/\/mirekboutique.com\/cs\/wp-json\/wp\/v2\/types\/product"}],"replies":[{"embeddable":true,"href":"https:\/\/mirekboutique.com\/cs\/wp-json\/wp\/v2\/comments?post=1461"}],"version-history":[{"count":1,"href":"https:\/\/mirekboutique.com\/cs\/wp-json\/wp\/v2\/product\/1461\/revisions"}],"predecessor-version":[{"id":1467,"href":"https:\/\/mirekboutique.com\/cs\/wp-json\/wp\/v2\/product\/1461\/revisions\/1467"}],"wp:featuredmedia":[{"embeddable":true,"href":"https:\/\/mirekboutique.com\/cs\/wp-json\/wp\/v2\/media\/1462"}],"wp:attachment":[{"href":"https:\/\/mirekboutique.com\/cs\/wp-json\/wp\/v2\/media?parent=1461"}],"wp:term":[{"taxonomy":"product_brand","embeddable":true,"href":"https:\/\/mirekboutique.com\/cs\/wp-json\/wp\/v2\/product_brand?post=1461"},{"taxonomy":"product_cat","embeddable":true,"href":"https:\/\/mirekboutique.com\/cs\/wp-json\/wp\/v2\/product_cat?post=1461"},{"taxonomy":"product_tag","embeddable":true,"href":"https:\/\/mirekboutique.com\/cs\/wp-json\/wp\/v2\/product_tag?post=1461"}],"curies":[{"name":"wp","href":"https:\/\/api.w.org\/{rel}","templated":true}]}}