{"id":1481,"date":"2025-05-09T03:21:07","date_gmt":"2025-05-08T19:21:07","guid":{"rendered":"https:\/\/mirekboutique.com\/?post_type=product&#038;p=1481"},"modified":"2025-05-24T19:34:49","modified_gmt":"2025-05-24T11:34:49","slug":"lcd189-35-02-11-super-clone-from-a-super-factory","status":"publish","type":"product","link":"https:\/\/mirekboutique.com\/cs\/produkt\/lcd189-35-02-11-super-clone-from-a-super-factory\/","title":{"rendered":"LCD189 35-02 1:1 super klon ze super tov\u00e1rny"},"content":{"rendered":"<p>ZF.Factory op\u011bt ohromila hodin\u00e1\u0159sk\u00fd sv\u011bt a ofici\u00e1ln\u011b otev\u0159ela nov\u00fd miln\u00edk RM35-02!<br \/>\n1) Pouzdro, hodinky jsou vyrobeny z high-tech TPT [k\u0159emenn\u00e9 vl\u00e1kno] materi\u00e1l, velikost 49,94 * 44,5MM, tlou\u0161\u0165ka ne v\u00edce ne\u017e 45\u03bcm k\u0159em\u00edkov\u00fdch vl\u00e1ken vrstvy, prost\u0159ednictv\u00edm speci\u00e1ln\u00edho automatizovan\u00e9ho \u0159\u00eddic\u00edho syst\u00e9mu a speci\u00e1ln\u00ed prysky\u0159ice vl\u00e1ken prokl\u00e1dan\u00e9 tkan\u00ed, vl\u00e1kna mezi r\u016fzn\u00fdmi vrstvami jsou prokl\u00e1d\u00e1ny v \u00fahlu 45 stup\u0148\u016f v t\u0159\u00edstup\u0148ov\u00e9 vysokoteplotn\u00ed peci, zah\u0159\u00edv\u00e1 na 120 stup\u0148\u016f Celsia, a pak odesl\u00e1ny na zpracov\u00e1n\u00ed ProArt. Formov\u00e1n\u00ed. P\u0159\u00edrodn\u00ed k\u0159emenn\u00e1 vl\u00e1kna jsou b\u00edl\u00e1, lehk\u00e1, n\u00e1razuvzdorn\u00e1, nealergizuj\u00edc\u00ed a odoln\u00e1 v\u016f\u010di UV z\u00e1\u0159en\u00ed.<br \/>\n2) Strojek, nov\u00fd jednod\u00edln\u00fd kalibr Calibre RMAL1, m\u00e1 p\u00edskovanou titanovou z\u00e1kladn\u00ed desku a m\u016fstky t\u0159\u00eddy 5, o\u0161et\u0159en\u00e9 PVD\/Titaly pro zaji\u0161t\u011bn\u00ed maxim\u00e1ln\u00ed tuhosti a hladk\u00e9ho povrchu. Charakteristick\u00e1 v\u00e1ha s prom\u011bnlivou geometri\u00ed, kterou lze nastaven\u00edm polohy \u0161esti r\u016fzn\u00fdch k\u0159\u00eddel natahovat rychleji nebo pomaleji, m\u00e1 setrva\u010dnou frekvenci kmit\u00e1n\u00ed 28 800 VPH a je vybavena syst\u00e9mem dvojit\u00e9ho v\u00e1lce, kter\u00fd zaji\u0161\u0165uje v\u011bt\u0161\u00ed a stabiln\u011bj\u0161\u00ed to\u010div\u00fd moment. Nab\u00edz\u00ed tak\u00e9 rezervu chodu 55 hodin.<br \/>\nNov\u00fd jednod\u00edln\u00fd kalibr RMAL1, kter\u00fd spole\u010dnost ZF uvedla na trh, je nav\u00edc jedin\u00fdm kalibrem na trhu, kter\u00fd pou\u017e\u00edv\u00e1 prav\u00e9 b\u00edl\u00e9 drahokamy nad a pod z\u00e1va\u017e\u00edm na jednod\u00edln\u00e9 z\u00e1kladn\u00ed desce, co\u017e je skute\u010dn\u00e1 kvalita! To je tak\u00e9 nejv\u011bt\u0161\u00ed rozd\u00edl oproti tr\u017en\u00edm (ostatn\u00edch v\u00fdrobc\u016f) patkov\u00fdm drahokam\u016fm! Pro spole\u010dnost ZF je to obrovsk\u00fd skok vp\u0159ed v oblasti v\u00fdzkumu a v\u00fdvoje!<\/p>","protected":false},"excerpt":{"rendered":"<p>\ud83d\udd25\ud83d\udd25V\u0161echno zbo\u017e\u00ed na t\u00e9to webov\u00e9 str\u00e1nce jsou \u0161pi\u010dkov\u00e9 dokonal\u00e9 repliky vyroben\u00e9 super v\u00fdrobci, zcela nov\u00e9 a neotev\u0159en\u00e9, kvalita a poprodejn\u00ed servis jsou zaru\u010deny!<\/p>\n<p>\u2705\u2705\u2705\u2705Mirekboutique vyr\u00e1b\u00ed pouze vysoce kvalitn\u00ed zbo\u017e\u00ed V\u0161echny polo\u017eky v na\u0161em obchod\u011b jsou dod\u00e1v\u00e1ny s origin\u00e1ln\u00ed krabic\u00ed High-end d\u0159ev\u011bn\u00e1 krabice<\/p>\n<p>\ud83c\udf39\ud83c\udf39Pros\u00edm, bu\u010fte si jisti, \u017ee nakupujete Ve\u0161ker\u00e9 zbo\u017e\u00ed podporuje dob\u00edrku P\u0159ejeme v\u00e1m \u0161\u0165astn\u00e9 nakupov\u00e1n\u00ed.<\/p>","protected":false},"featured_media":1482,"comment_status":"open","ping_status":"closed","template":"","meta":{"_monsterinsights_skip_tracking":false,"_monsterinsights_sitenote_active":false,"_monsterinsights_sitenote_note":"","_monsterinsights_sitenote_category":0,"site-sidebar-layout":"default","site-content-layout":"","ast-site-content-layout":"default","site-content-style":"default","site-sidebar-style":"default","ast-global-header-display":"","ast-banner-title-visibility":"","ast-main-header-display":"","ast-hfb-above-header-display":"","ast-hfb-below-header-display":"","ast-hfb-mobile-header-display":"","site-post-title":"","ast-breadcrumbs-content":"","ast-featured-img":"","footer-sml-layout":"","theme-transparent-header-meta":"default","adv-header-id-meta":"","stick-header-meta":"","header-above-stick-meta":"","header-main-stick-meta":"","header-below-stick-meta":"","astra-migrate-meta-layouts":"set","ast-page-background-enabled":"default","ast-page-background-meta":{"desktop":{"background-color":"var(--ast-global-color-4)","background-image":"","background-repeat":"repeat","background-position":"center center","background-size":"auto","background-attachment":"scroll","background-type":"","background-media":"","overlay-type":"","overlay-color":"","overlay-opacity":"","overlay-gradient":""},"tablet":{"background-color":"","background-image":"","background-repeat":"repeat","background-position":"center center","background-size":"auto","background-attachment":"scroll","background-type":"","background-media":"","overlay-type":"","overlay-color":"","overlay-opacity":"","overlay-gradient":""},"mobile":{"background-color":"","background-image":"","background-repeat":"repeat","background-position":"center center","background-size":"auto","background-attachment":"scroll","background-type":"","background-media":"","overlay-type":"","overlay-color":"","overlay-opacity":"","overlay-gradient":""}},"ast-content-background-meta":{"desktop":{"background-color":"var(--ast-global-color-5)","background-image":"","background-repeat":"repeat","background-position":"center center","background-size":"auto","background-attachment":"scroll","background-type":"","background-media":"","overlay-type":"","overlay-color":"","overlay-opacity":"","overlay-gradient":""},"tablet":{"background-color":"var(--ast-global-color-5)","background-image":"","background-repeat":"repeat","background-position":"center center","background-size":"auto","background-attachment":"scroll","background-type":"","background-media":"","overlay-type":"","overlay-color":"","overlay-opacity":"","overlay-gradient":""},"mobile":{"background-color":"var(--ast-global-color-5)","background-image":"","background-repeat":"repeat","background-position":"center center","background-size":"auto","background-attachment":"scroll","background-type":"","background-media":"","overlay-type":"","overlay-color":"","overlay-opacity":"","overlay-gradient":""}}},"product_brand":[],"product_cat":[36],"product_tag":[],"class_list":{"0":"post-1481","1":"product","2":"type-product","3":"status-publish","4":"has-post-thumbnail","6":"product_cat-richard","7":"desktop-align-center","8":"tablet-align-left","9":"mobile-align-left","11":"first","12":"instock","13":"sale","14":"shipping-taxable","15":"purchasable","16":"product-type-simple"},"_links":{"self":[{"href":"https:\/\/mirekboutique.com\/cs\/wp-json\/wp\/v2\/product\/1481","targetHints":{"allow":["GET"]}}],"collection":[{"href":"https:\/\/mirekboutique.com\/cs\/wp-json\/wp\/v2\/product"}],"about":[{"href":"https:\/\/mirekboutique.com\/cs\/wp-json\/wp\/v2\/types\/product"}],"replies":[{"embeddable":true,"href":"https:\/\/mirekboutique.com\/cs\/wp-json\/wp\/v2\/comments?post=1481"}],"version-history":[{"count":1,"href":"https:\/\/mirekboutique.com\/cs\/wp-json\/wp\/v2\/product\/1481\/revisions"}],"predecessor-version":[{"id":1486,"href":"https:\/\/mirekboutique.com\/cs\/wp-json\/wp\/v2\/product\/1481\/revisions\/1486"}],"wp:featuredmedia":[{"embeddable":true,"href":"https:\/\/mirekboutique.com\/cs\/wp-json\/wp\/v2\/media\/1482"}],"wp:attachment":[{"href":"https:\/\/mirekboutique.com\/cs\/wp-json\/wp\/v2\/media?parent=1481"}],"wp:term":[{"taxonomy":"product_brand","embeddable":true,"href":"https:\/\/mirekboutique.com\/cs\/wp-json\/wp\/v2\/product_brand?post=1481"},{"taxonomy":"product_cat","embeddable":true,"href":"https:\/\/mirekboutique.com\/cs\/wp-json\/wp\/v2\/product_cat?post=1481"},{"taxonomy":"product_tag","embeddable":true,"href":"https:\/\/mirekboutique.com\/cs\/wp-json\/wp\/v2\/product_tag?post=1481"}],"curies":[{"name":"wp","href":"https:\/\/api.w.org\/{rel}","templated":true}]}}