{"id":1695,"date":"2025-05-09T04:28:04","date_gmt":"2025-05-08T20:28:04","guid":{"rendered":"https:\/\/mirekboutique.com\/?post_type=product&#038;p=1695"},"modified":"2025-05-24T19:21:41","modified_gmt":"2025-05-24T11:21:41","slug":"js101-vc-vacheron-constantin-overseas-4500v-11-super-clone","status":"publish","type":"product","link":"https:\/\/mirekboutique.com\/cs\/produkt\/js101-vc-vacheron-constantin-overseas-4500v-11-super-clone\/","title":{"rendered":"JS101 VC Vacheron Constantin Overseas 4500V 1:1 Super Clone"},"content":{"rendered":"<p>VC Vacheron Constantin Overseas 4500V (jeden ze t\u0159\u00ed ocelov\u00fdch kr\u00e1l\u016f sv\u011bta hodinek)<br \/>\nKlasick\u00e9 ocelov\u00e9 hodinky nejvy\u0161\u0161\u00ed \u00farovn\u011b luxusu Ocelov\u00e9 pouzdro o pr\u016fm\u011bru 41 mm s hladk\u00fdmi liniemi a jemnou strukturou je dokonale spojeno s n\u00e1ramkem, na jeho\u017e zadn\u00ed stran\u011b je vyra\u017eeno logo malt\u00e9zsk\u00e9ho k\u0159\u00ed\u017ee Vacheron Constantin, a je vybaveno antimagnetick\u00fdm za\u0159\u00edzen\u00edm a \u0161roubovac\u00ed korunkou, kter\u00e1 je odoln\u00e1 v\u016f\u010di magnetick\u00e9mu ru\u0161en\u00ed a zaru\u010duje p\u0159esnost. Slune\u010dn\u00ed kart\u00e1\u010dovan\u00fd \u010d\u00edseln\u00edk se sametov\u00fdmi okraji nab\u00edz\u00ed sytou nebo dynamickou barvu v z\u00e1vislosti na sv\u011btle a \u00fahlu pohledu. \"J\u00e1dro\" s \u017eenevskou pe\u010det\u00ed je podpo\u0159eno mechanick\u00fdm samonatahovac\u00edm strojkem Cal.5100 se 172 sou\u010d\u00e1stkami a dvojitou hlavn\u00ed, kter\u00fd zaru\u010duje 60hodinovou rezervu chodu v souladu s origin\u00e1ln\u00edm v\u00fdrobkem a je opat\u0159en grav\u00edrovanou \u017eenevskou pe\u010det\u00ed pro p\u0159esnost. Vypu\u0161t\u011bn\u00ed dvou \"\u0159em\u00ednk\u016f\" do a z rozmanitosti volby je d\u00e1t vertik\u00e1ln\u00ed a horizont\u00e1ln\u00ed doj\u00ed\u017ed\u011bn\u00ed nep\u0159emo\u017eiteln\u00e9, ocelov\u00fd p\u00e1sek tvrd\u00fd, p\u00e1sek lehk\u00fd. Sada sportovn\u00edho a volno\u010dasov\u00e9ho byznysu v jednom. Je to skute\u010dn\u011b nejnov\u011bj\u0161\u00ed generace hodinek, kter\u00e1 podtrhuje ducha Nezdoln\u00e9ho.<br \/>\nSpole\u010dnost MKS se v\u011bnuje ka\u017ed\u00e9mu detailu! \u26a0\ufe0f\u26a0\ufe0f\u26a0\ufe0f<\/p>","protected":false},"excerpt":{"rendered":"<p>\ud83d\udd25\ud83d\udd25V\u0161echno zbo\u017e\u00ed na t\u00e9to webov\u00e9 str\u00e1nce jsou \u0161pi\u010dkov\u00e9 dokonal\u00e9 repliky vyroben\u00e9 super v\u00fdrobci, zcela nov\u00e9 a neotev\u0159en\u00e9, kvalita a poprodejn\u00ed servis jsou zaru\u010deny!<\/p>\n<p>\u2705\u2705\u2705\u2705Mirekboutique vyr\u00e1b\u00ed pouze vysoce kvalitn\u00ed zbo\u017e\u00ed V\u0161echny polo\u017eky v na\u0161em obchod\u011b jsou dod\u00e1v\u00e1ny s origin\u00e1ln\u00ed krabic\u00ed High-end d\u0159ev\u011bn\u00e1 krabice<\/p>\n<p>\ud83c\udf39\ud83c\udf39Pros\u00edm, bu\u010fte si jisti, \u017ee nakupujete Ve\u0161ker\u00e9 zbo\u017e\u00ed podporuje dob\u00edrku P\u0159ejeme v\u00e1m \u0161\u0165astn\u00e9 nakupov\u00e1n\u00ed.<\/p>","protected":false},"featured_media":1696,"comment_status":"open","ping_status":"closed","template":"","meta":{"_monsterinsights_skip_tracking":false,"_monsterinsights_sitenote_active":false,"_monsterinsights_sitenote_note":"","_monsterinsights_sitenote_category":0,"site-sidebar-layout":"default","site-content-layout":"","ast-site-content-layout":"default","site-content-style":"default","site-sidebar-style":"default","ast-global-header-display":"","ast-banner-title-visibility":"","ast-main-header-display":"","ast-hfb-above-header-display":"","ast-hfb-below-header-display":"","ast-hfb-mobile-header-display":"","site-post-title":"","ast-breadcrumbs-content":"","ast-featured-img":"","footer-sml-layout":"","theme-transparent-header-meta":"default","adv-header-id-meta":"","stick-header-meta":"","header-above-stick-meta":"","header-main-stick-meta":"","header-below-stick-meta":"","astra-migrate-meta-layouts":"set","ast-page-background-enabled":"default","ast-page-background-meta":{"desktop":{"background-color":"var(--ast-global-color-4)","background-image":"","background-repeat":"repeat","background-position":"center center","background-size":"auto","background-attachment":"scroll","background-type":"","background-media":"","overlay-type":"","overlay-color":"","overlay-opacity":"","overlay-gradient":""},"tablet":{"background-color":"","background-image":"","background-repeat":"repeat","background-position":"center center","background-size":"auto","background-attachment":"scroll","background-type":"","background-media":"","overlay-type":"","overlay-color":"","overlay-opacity":"","overlay-gradient":""},"mobile":{"background-color":"","background-image":"","background-repeat":"repeat","background-position":"center center","background-size":"auto","background-attachment":"scroll","background-type":"","background-media":"","overlay-type":"","overlay-color":"","overlay-opacity":"","overlay-gradient":""}},"ast-content-background-meta":{"desktop":{"background-color":"var(--ast-global-color-5)","background-image":"","background-repeat":"repeat","background-position":"center center","background-size":"auto","background-attachment":"scroll","background-type":"","background-media":"","overlay-type":"","overlay-color":"","overlay-opacity":"","overlay-gradient":""},"tablet":{"background-color":"var(--ast-global-color-5)","background-image":"","background-repeat":"repeat","background-position":"center center","background-size":"auto","background-attachment":"scroll","background-type":"","background-media":"","overlay-type":"","overlay-color":"","overlay-opacity":"","overlay-gradient":""},"mobile":{"background-color":"var(--ast-global-color-5)","background-image":"","background-repeat":"repeat","background-position":"center center","background-size":"auto","background-attachment":"scroll","background-type":"","background-media":"","overlay-type":"","overlay-color":"","overlay-opacity":"","overlay-gradient":""}}},"product_brand":[],"product_cat":[22],"product_tag":[],"class_list":{"0":"post-1695","1":"product","2":"type-product","3":"status-publish","4":"has-post-thumbnail","6":"product_cat-vacheron-constantin","7":"desktop-align-center","8":"tablet-align-left","9":"mobile-align-left","11":"first","12":"instock","13":"sale","14":"shipping-taxable","15":"purchasable","16":"product-type-simple"},"_links":{"self":[{"href":"https:\/\/mirekboutique.com\/cs\/wp-json\/wp\/v2\/product\/1695","targetHints":{"allow":["GET"]}}],"collection":[{"href":"https:\/\/mirekboutique.com\/cs\/wp-json\/wp\/v2\/product"}],"about":[{"href":"https:\/\/mirekboutique.com\/cs\/wp-json\/wp\/v2\/types\/product"}],"replies":[{"embeddable":true,"href":"https:\/\/mirekboutique.com\/cs\/wp-json\/wp\/v2\/comments?post=1695"}],"version-history":[{"count":1,"href":"https:\/\/mirekboutique.com\/cs\/wp-json\/wp\/v2\/product\/1695\/revisions"}],"predecessor-version":[{"id":1700,"href":"https:\/\/mirekboutique.com\/cs\/wp-json\/wp\/v2\/product\/1695\/revisions\/1700"}],"wp:featuredmedia":[{"embeddable":true,"href":"https:\/\/mirekboutique.com\/cs\/wp-json\/wp\/v2\/media\/1696"}],"wp:attachment":[{"href":"https:\/\/mirekboutique.com\/cs\/wp-json\/wp\/v2\/media?parent=1695"}],"wp:term":[{"taxonomy":"product_brand","embeddable":true,"href":"https:\/\/mirekboutique.com\/cs\/wp-json\/wp\/v2\/product_brand?post=1695"},{"taxonomy":"product_cat","embeddable":true,"href":"https:\/\/mirekboutique.com\/cs\/wp-json\/wp\/v2\/product_cat?post=1695"},{"taxonomy":"product_tag","embeddable":true,"href":"https:\/\/mirekboutique.com\/cs\/wp-json\/wp\/v2\/product_tag?post=1695"}],"curies":[{"name":"wp","href":"https:\/\/api.w.org\/{rel}","templated":true}]}}