{"id":1715,"date":"2025-05-09T04:33:47","date_gmt":"2025-05-08T20:33:47","guid":{"rendered":"https:\/\/mirekboutique.com\/?post_type=product&#038;p=1715"},"modified":"2025-05-24T19:21:41","modified_gmt":"2025-05-24T11:21:41","slug":"js104-tfl-tourbillon-11-super-clone-from-a-super-factory","status":"publish","type":"product","link":"https:\/\/mirekboutique.com\/cs\/produkt\/js104-tfl-tourbillon-11-super-clone-from-a-super-factory\/","title":{"rendered":"JS104 TFL (Tourbillon) 1:1 super klon ze super tov\u00e1rny"},"content":{"rendered":"<p>TFL (Tourbillon) automatick\u00fd tourbillon, s n\u00e1kladov\u011b efektivn\u00ed interpretaci tourbillon, sn\u00ed\u017eit pr\u00e1h tourbillon, s technologi\u00ed vr\u00e1tit v\u011bt\u0161in\u011b hodin\u00e1\u0159\u016f. TFL p\u0159ij\u00edm\u00e1 skute\u010dn\u00e9 hodinky s tourbillonem p\u0159edstavuj\u00ed nejvy\u0161\u0161\u00ed \u00farove\u0148 procesu v\u00fdroby mechanick\u00fdch hodinek, cel\u00fd escapementov\u00fd regul\u00e1tor je spojen dohromady a je schopen se ot\u00e1\u010det ur\u010ditou rychlost\u00ed neust\u00e1l\u00e9ho ot\u00e1\u010den\u00ed, tak\u017ee se minimalizuje vliv gravitace na \"escapementov\u00fd syst\u00e9m\" v mechanick\u00fdch hodink\u00e1ch, aby se zlep\u0161ila p\u0159esnost m\u011b\u0159en\u00ed \u010dasu. \"T\u00edm se minimalizuje vliv gravitace na \"escapement\" v mechanick\u00fdch hodink\u00e1ch a zlep\u0161uje se p\u0159esnost m\u011b\u0159en\u00ed \u010dasu. D\u00edky sv\u00e9mu jedine\u010dn\u00e9mu zp\u016fsobu fungov\u00e1n\u00ed p\u0159ivedl um\u011bn\u00ed horologick\u00e9ho strojku na nejvy\u0161\u0161\u00ed \u00farove\u0148 dokonalosti. Pouzdro ve tvaru p\u016flt\u00f3nu je elegantn\u00edm a poutav\u00fdm kouskem, kter\u00fd je d\u00edky nejnov\u011bj\u0161\u00edm technik\u00e1m le\u0161t\u011bn\u00ed na nejvy\u0161\u0161\u00ed \u00farovni \u0159emesln\u00e9ho zpracov\u00e1n\u00ed. Trojrozm\u011brn\u00e9 n\u00e1pisy na p\u00e1sech spolu s trojrozm\u011brn\u00fdm logem VC dod\u00e1vaj\u00ed hodink\u00e1m elegantn\u00ed a prvot\u0159\u00eddn\u00ed vzhled.<\/p>","protected":false},"excerpt":{"rendered":"<p>\ud83d\udd25\ud83d\udd25V\u0161echno zbo\u017e\u00ed na t\u00e9to webov\u00e9 str\u00e1nce jsou \u0161pi\u010dkov\u00e9 dokonal\u00e9 repliky vyroben\u00e9 super v\u00fdrobci, zcela nov\u00e9 a neotev\u0159en\u00e9, kvalita a poprodejn\u00ed servis jsou zaru\u010deny!<\/p>\n<p>\u2705\u2705\u2705\u2705Mirekboutique vyr\u00e1b\u00ed pouze vysoce kvalitn\u00ed zbo\u017e\u00ed V\u0161echny polo\u017eky v na\u0161em obchod\u011b jsou dod\u00e1v\u00e1ny s origin\u00e1ln\u00ed krabic\u00ed High-end d\u0159ev\u011bn\u00e1 krabice<\/p>\n<p>\ud83c\udf39\ud83c\udf39Pros\u00edm, bu\u010fte si jisti, \u017ee nakupujete Ve\u0161ker\u00e9 zbo\u017e\u00ed podporuje dob\u00edrku P\u0159ejeme v\u00e1m \u0161\u0165astn\u00e9 nakupov\u00e1n\u00ed.<\/p>","protected":false},"featured_media":1716,"comment_status":"open","ping_status":"closed","template":"","meta":{"_monsterinsights_skip_tracking":false,"_monsterinsights_sitenote_active":false,"_monsterinsights_sitenote_note":"","_monsterinsights_sitenote_category":0,"site-sidebar-layout":"default","site-content-layout":"","ast-site-content-layout":"default","site-content-style":"default","site-sidebar-style":"default","ast-global-header-display":"","ast-banner-title-visibility":"","ast-main-header-display":"","ast-hfb-above-header-display":"","ast-hfb-below-header-display":"","ast-hfb-mobile-header-display":"","site-post-title":"","ast-breadcrumbs-content":"","ast-featured-img":"","footer-sml-layout":"","theme-transparent-header-meta":"default","adv-header-id-meta":"","stick-header-meta":"","header-above-stick-meta":"","header-main-stick-meta":"","header-below-stick-meta":"","astra-migrate-meta-layouts":"set","ast-page-background-enabled":"default","ast-page-background-meta":{"desktop":{"background-color":"var(--ast-global-color-4)","background-image":"","background-repeat":"repeat","background-position":"center center","background-size":"auto","background-attachment":"scroll","background-type":"","background-media":"","overlay-type":"","overlay-color":"","overlay-opacity":"","overlay-gradient":""},"tablet":{"background-color":"","background-image":"","background-repeat":"repeat","background-position":"center center","background-size":"auto","background-attachment":"scroll","background-type":"","background-media":"","overlay-type":"","overlay-color":"","overlay-opacity":"","overlay-gradient":""},"mobile":{"background-color":"","background-image":"","background-repeat":"repeat","background-position":"center center","background-size":"auto","background-attachment":"scroll","background-type":"","background-media":"","overlay-type":"","overlay-color":"","overlay-opacity":"","overlay-gradient":""}},"ast-content-background-meta":{"desktop":{"background-color":"var(--ast-global-color-5)","background-image":"","background-repeat":"repeat","background-position":"center center","background-size":"auto","background-attachment":"scroll","background-type":"","background-media":"","overlay-type":"","overlay-color":"","overlay-opacity":"","overlay-gradient":""},"tablet":{"background-color":"var(--ast-global-color-5)","background-image":"","background-repeat":"repeat","background-position":"center center","background-size":"auto","background-attachment":"scroll","background-type":"","background-media":"","overlay-type":"","overlay-color":"","overlay-opacity":"","overlay-gradient":""},"mobile":{"background-color":"var(--ast-global-color-5)","background-image":"","background-repeat":"repeat","background-position":"center center","background-size":"auto","background-attachment":"scroll","background-type":"","background-media":"","overlay-type":"","overlay-color":"","overlay-opacity":"","overlay-gradient":""}}},"product_brand":[],"product_cat":[22],"product_tag":[],"class_list":{"0":"post-1715","1":"product","2":"type-product","3":"status-publish","4":"has-post-thumbnail","6":"product_cat-vacheron-constantin","7":"desktop-align-center","8":"tablet-align-left","9":"mobile-align-left","11":"first","12":"instock","13":"sale","14":"shipping-taxable","15":"purchasable","16":"product-type-simple"},"_links":{"self":[{"href":"https:\/\/mirekboutique.com\/cs\/wp-json\/wp\/v2\/product\/1715","targetHints":{"allow":["GET"]}}],"collection":[{"href":"https:\/\/mirekboutique.com\/cs\/wp-json\/wp\/v2\/product"}],"about":[{"href":"https:\/\/mirekboutique.com\/cs\/wp-json\/wp\/v2\/types\/product"}],"replies":[{"embeddable":true,"href":"https:\/\/mirekboutique.com\/cs\/wp-json\/wp\/v2\/comments?post=1715"}],"version-history":[{"count":1,"href":"https:\/\/mirekboutique.com\/cs\/wp-json\/wp\/v2\/product\/1715\/revisions"}],"predecessor-version":[{"id":1722,"href":"https:\/\/mirekboutique.com\/cs\/wp-json\/wp\/v2\/product\/1715\/revisions\/1722"}],"wp:featuredmedia":[{"embeddable":true,"href":"https:\/\/mirekboutique.com\/cs\/wp-json\/wp\/v2\/media\/1716"}],"wp:attachment":[{"href":"https:\/\/mirekboutique.com\/cs\/wp-json\/wp\/v2\/media?parent=1715"}],"wp:term":[{"taxonomy":"product_brand","embeddable":true,"href":"https:\/\/mirekboutique.com\/cs\/wp-json\/wp\/v2\/product_brand?post=1715"},{"taxonomy":"product_cat","embeddable":true,"href":"https:\/\/mirekboutique.com\/cs\/wp-json\/wp\/v2\/product_cat?post=1715"},{"taxonomy":"product_tag","embeddable":true,"href":"https:\/\/mirekboutique.com\/cs\/wp-json\/wp\/v2\/product_tag?post=1715"}],"curies":[{"name":"wp","href":"https:\/\/api.w.org\/{rel}","templated":true}]}}