{"id":1773,"date":"2025-05-09T04:50:38","date_gmt":"2025-05-08T20:50:38","guid":{"rendered":"https:\/\/mirekboutique.com\/?post_type=product&#038;p=1773"},"modified":"2025-05-24T19:21:40","modified_gmt":"2025-05-24T11:21:40","slug":"js114-vc-historical-masterpiece-series-%f0%9f%8e%aeot2-american-1921-11-super-clone","status":"publish","type":"product","link":"https:\/\/mirekboutique.com\/cs\/produkt\/js114-vc-historical-masterpiece-series-%f0%9f%8e%aeot2-american-1921-11-super-clone\/","title":{"rendered":"JS114 VC Historical Masterpiece Series \ud83c\udfaeOT2 American 1921 1:1 Super Clone"},"content":{"rendered":"<p>VC Historical Masterpiece Series \ud83c\udfaeOT2 American 1921<br \/>\nVybaven dvouap\u016flru\u010dn\u00edm strojkem Danton 2824<br \/>\n1\ufe0f\u20e3Unique pouzdro ve tvaru pol\u0161t\u00e1\u0159ku o pr\u016fm\u011bru 40 mm vych\u00e1z\u00ed z ran\u00e9ho designu pouzdra ve tvaru pol\u0161t\u00e1\u0159ku, kombinuje sou\u010dasn\u00e9 u\u0161lechtil\u00e9 materi\u00e1ly, \u0159emesln\u00e9 zpracov\u00e1n\u00ed a estetick\u00e9 pojet\u00ed a znovuobjevuje klasiku;<br \/>\n2\ufe0f\u20e3 Korunka je um\u00edst\u011bna mimo prav\u00fd horn\u00ed roh pouzdra pro pohodln\u011bj\u0161\u00ed no\u0161en\u00ed, co\u017e je rovn\u011b\u017e inspirov\u00e1no d\u0159\u00edv\u011bj\u0161\u00edmi hodinkami ve tvaru pol\u0161t\u00e1\u0159ku; \ud83c\udfae.<br \/>\n3\ufe0f\u20e3Dial indexy jsou uspo\u0159\u00e1d\u00e1ny diagon\u00e1ln\u011b vzhledem k pouzdru, co\u017e je v\u00fdrazn\u00fd prvek, a cifern\u00edk je zv\u00fdrazn\u011bn malt\u00e9zsk\u00fdm k\u0159\u00ed\u017eem z le\u0161t\u011bn\u00e9ho r\u016f\u017eov\u00e9ho zlata na 12. hodin\u011b;<br \/>\n4\ufe0f\u20e3 \u010dern\u00e9 oxidovan\u00e9 hodinov\u00e9 a minutov\u00e9 ru\u010di\u010dky a \u010dern\u00e1 oxidovan\u00e1 vte\u0159inov\u00e1 ru\u010di\u010dka ve tvaru ty\u010de, elegantn\u00ed a \u0161ik.<br \/>\n\ufe0f 5\ufe0f\u20e3 Zadn\u00ed strana hodinek je opat\u0159ena pr\u016fhledn\u00fdm saf\u00edrov\u00fdm skl\u00ed\u010dkem, kter\u00e9 se od\u0161roubuje, aby bylo vid\u011bt vynikaj\u00edc\u00ed povrchovou \u00fapravu \u0161pi\u010dkov\u00e9ho strojku VC. Hodinky jsou nav\u00edc opat\u0159eny ru\u010dn\u011b \u0161it\u00fdm \u010dtvercov\u00fdm \u0159em\u00ednkem z telec\u00ed k\u016f\u017ee s le\u0161t\u011bnou sponou v designu polovi\u010dn\u00edho malt\u00e9zsk\u00e9ho k\u0159\u00ed\u017ee. \ud83c\udfaeSJ pe\u010dliv\u011b doporu\u010den\u00e9 mechanick\u00e9 hodinky pro chlapce<\/p>","protected":false},"excerpt":{"rendered":"<p>\ud83d\udd25\ud83d\udd25V\u0161echno zbo\u017e\u00ed na t\u00e9to webov\u00e9 str\u00e1nce jsou \u0161pi\u010dkov\u00e9 dokonal\u00e9 repliky vyroben\u00e9 super v\u00fdrobci, zcela nov\u00e9 a neotev\u0159en\u00e9, kvalita a poprodejn\u00ed servis jsou zaru\u010deny!<\/p>\n<p>\u2705\u2705\u2705\u2705Mirekboutique vyr\u00e1b\u00ed pouze vysoce kvalitn\u00ed zbo\u017e\u00ed V\u0161echny polo\u017eky v na\u0161em obchod\u011b jsou dod\u00e1v\u00e1ny s origin\u00e1ln\u00ed krabic\u00ed High-end d\u0159ev\u011bn\u00e1 krabice<\/p>\n<p>\ud83c\udf39\ud83c\udf39Pros\u00edm, bu\u010fte si jisti, \u017ee nakupujete Ve\u0161ker\u00e9 zbo\u017e\u00ed podporuje dob\u00edrku P\u0159ejeme v\u00e1m \u0161\u0165astn\u00e9 nakupov\u00e1n\u00ed.<\/p>","protected":false},"featured_media":1774,"comment_status":"open","ping_status":"closed","template":"","meta":{"_monsterinsights_skip_tracking":false,"_monsterinsights_sitenote_active":false,"_monsterinsights_sitenote_note":"","_monsterinsights_sitenote_category":0,"site-sidebar-layout":"default","site-content-layout":"","ast-site-content-layout":"default","site-content-style":"default","site-sidebar-style":"default","ast-global-header-display":"","ast-banner-title-visibility":"","ast-main-header-display":"","ast-hfb-above-header-display":"","ast-hfb-below-header-display":"","ast-hfb-mobile-header-display":"","site-post-title":"","ast-breadcrumbs-content":"","ast-featured-img":"","footer-sml-layout":"","theme-transparent-header-meta":"default","adv-header-id-meta":"","stick-header-meta":"","header-above-stick-meta":"","header-main-stick-meta":"","header-below-stick-meta":"","astra-migrate-meta-layouts":"set","ast-page-background-enabled":"default","ast-page-background-meta":{"desktop":{"background-color":"var(--ast-global-color-4)","background-image":"","background-repeat":"repeat","background-position":"center center","background-size":"auto","background-attachment":"scroll","background-type":"","background-media":"","overlay-type":"","overlay-color":"","overlay-opacity":"","overlay-gradient":""},"tablet":{"background-color":"","background-image":"","background-repeat":"repeat","background-position":"center center","background-size":"auto","background-attachment":"scroll","background-type":"","background-media":"","overlay-type":"","overlay-color":"","overlay-opacity":"","overlay-gradient":""},"mobile":{"background-color":"","background-image":"","background-repeat":"repeat","background-position":"center center","background-size":"auto","background-attachment":"scroll","background-type":"","background-media":"","overlay-type":"","overlay-color":"","overlay-opacity":"","overlay-gradient":""}},"ast-content-background-meta":{"desktop":{"background-color":"var(--ast-global-color-5)","background-image":"","background-repeat":"repeat","background-position":"center center","background-size":"auto","background-attachment":"scroll","background-type":"","background-media":"","overlay-type":"","overlay-color":"","overlay-opacity":"","overlay-gradient":""},"tablet":{"background-color":"var(--ast-global-color-5)","background-image":"","background-repeat":"repeat","background-position":"center center","background-size":"auto","background-attachment":"scroll","background-type":"","background-media":"","overlay-type":"","overlay-color":"","overlay-opacity":"","overlay-gradient":""},"mobile":{"background-color":"var(--ast-global-color-5)","background-image":"","background-repeat":"repeat","background-position":"center center","background-size":"auto","background-attachment":"scroll","background-type":"","background-media":"","overlay-type":"","overlay-color":"","overlay-opacity":"","overlay-gradient":""}}},"product_brand":[],"product_cat":[22],"product_tag":[],"class_list":{"0":"post-1773","1":"product","2":"type-product","3":"status-publish","4":"has-post-thumbnail","6":"product_cat-vacheron-constantin","7":"desktop-align-center","8":"tablet-align-left","9":"mobile-align-left","11":"first","12":"instock","13":"sale","14":"shipping-taxable","15":"purchasable","16":"product-type-simple"},"_links":{"self":[{"href":"https:\/\/mirekboutique.com\/cs\/wp-json\/wp\/v2\/product\/1773","targetHints":{"allow":["GET"]}}],"collection":[{"href":"https:\/\/mirekboutique.com\/cs\/wp-json\/wp\/v2\/product"}],"about":[{"href":"https:\/\/mirekboutique.com\/cs\/wp-json\/wp\/v2\/types\/product"}],"replies":[{"embeddable":true,"href":"https:\/\/mirekboutique.com\/cs\/wp-json\/wp\/v2\/comments?post=1773"}],"version-history":[{"count":1,"href":"https:\/\/mirekboutique.com\/cs\/wp-json\/wp\/v2\/product\/1773\/revisions"}],"predecessor-version":[{"id":1779,"href":"https:\/\/mirekboutique.com\/cs\/wp-json\/wp\/v2\/product\/1773\/revisions\/1779"}],"wp:featuredmedia":[{"embeddable":true,"href":"https:\/\/mirekboutique.com\/cs\/wp-json\/wp\/v2\/media\/1774"}],"wp:attachment":[{"href":"https:\/\/mirekboutique.com\/cs\/wp-json\/wp\/v2\/media?parent=1773"}],"wp:term":[{"taxonomy":"product_brand","embeddable":true,"href":"https:\/\/mirekboutique.com\/cs\/wp-json\/wp\/v2\/product_brand?post=1773"},{"taxonomy":"product_cat","embeddable":true,"href":"https:\/\/mirekboutique.com\/cs\/wp-json\/wp\/v2\/product_cat?post=1773"},{"taxonomy":"product_tag","embeddable":true,"href":"https:\/\/mirekboutique.com\/cs\/wp-json\/wp\/v2\/product_tag?post=1773"}],"curies":[{"name":"wp","href":"https:\/\/api.w.org\/{rel}","templated":true}]}}