{"id":1876,"date":"2025-05-09T05:23:50","date_gmt":"2025-05-08T21:23:50","guid":{"rendered":"https:\/\/mirekboutique.com\/?post_type=product&#038;p=1876"},"modified":"2025-05-24T19:38:54","modified_gmt":"2025-05-24T11:38:54","slug":"bgl622-11-super-clone-from-a-super-factory","status":"publish","type":"product","link":"https:\/\/mirekboutique.com\/cs\/produkt\/bgl622-11-super-clone-from-a-super-factory\/","title":{"rendered":"BGL622 1:1 super klon ze super tov\u00e1rny"},"content":{"rendered":"<p>\ud83d\udd39[ve zlat\u00e9 verzi].<br \/>\nBv Collection N\u00e1hrdeln\u00edk se sukn\u00ed Karneol N\u00e1hrdeln\u00edk Uzn\u00e1n exkluzivn\u00ed sn\u00edmek!<br \/>\nOrigin\u00e1ln\u00ed otev\u0159en\u00e1 forma, n\u00e1hrdeln\u00edk se sukn\u00ed Bvlgari m\u00e9 rodiny pod lupou \ud83d\udd0d detail:<br \/>\n1:Materi\u00e1l v\u00fdrobku: v zlat\u00fd materi\u00e1l! Galvanick\u00e9 pokovov\u00e1n\u00ed tlust\u00e9 zlato v\u00fdhody nen\u00ed snadn\u00e9 vyblednout, a verze trhu obecn\u00e9 galvanick\u00e9 oby\u010dejn\u00e9 zlato, oby\u010dejn\u00e9 zlato lesk a jas bude hor\u0161\u00ed, kupuj\u00edc\u00ed mohou vz\u00edt na trh nejvy\u0161\u0161\u00ed verzi srovn\u00e1n\u00ed, lesk rozhodn\u011b nen\u00ed lep\u0161\u00ed ne\u017e na\u0161e dom\u00e1c\u00ed!!!!<br \/>\n2: (dobr\u00fd jas povrchu, pevn\u011b usazen\u00fd, bez \u0161kr\u00e1banc\u016f a prasklin). A tr\u017en\u00ed zbo\u017e\u00ed pou\u017e\u00edvaj\u00edc\u00ed imitaci kamene (m\u011bkk\u00e1 textura, snadn\u00e9 stopy, v\u00edce vad).<br \/>\n3: m\u016fj domov je po\u010d\u00edtadlo origin\u00e1ln\u00ed slovo tisk (pomoc\u00ed lit\u00ed grav\u00edrov\u00e1n\u00ed, s pl\u00edsn\u00ed jednor\u00e1zov\u00e9 grav\u00edrov\u00e1n\u00ed nahoru, velikost slova tisk, hloubka po\u010d\u00edtadla se stejn\u00fdm, spodn\u00ed \u010d\u00e1sti hladk\u00e9), nikdy na trhu oby\u010dejn\u00e9 laserov\u00e9 slovo (grav\u00edrov\u00e1n\u00ed je m\u011blk\u00e9, spodn\u00ed \u010d\u00e1st p\u00edsma m\u00e1 matnou texturu, spodn\u00ed \u010d\u00e1st hrbolat\u00e9)<\/p>","protected":false},"excerpt":{"rendered":"<p>\ud83d\udd25\ud83d\udd25V\u0161echno zbo\u017e\u00ed na t\u00e9to webov\u00e9 str\u00e1nce jsou \u0161pi\u010dkov\u00e9 dokonal\u00e9 repliky vyroben\u00e9 super v\u00fdrobci, zcela nov\u00e9 a neotev\u0159en\u00e9, kvalita a poprodejn\u00ed servis jsou zaru\u010deny!<\/p>\n<p>\u2705\u2705\u2705\u2705Mirekboutique vyr\u00e1b\u00ed pouze vysoce kvalitn\u00ed zbo\u017e\u00ed V\u0161echny polo\u017eky v na\u0161em obchod\u011b jsou dod\u00e1v\u00e1ny s origin\u00e1ln\u00ed krabic\u00ed High-end d\u0159ev\u011bn\u00e1 krabice<\/p>\n<p>\ud83c\udf39\ud83c\udf39Pros\u00edm, bu\u010fte si jisti, \u017ee nakupujete Ve\u0161ker\u00e9 zbo\u017e\u00ed podporuje dob\u00edrku P\u0159ejeme v\u00e1m \u0161\u0165astn\u00e9 nakupov\u00e1n\u00ed.<\/p>","protected":false},"featured_media":1877,"comment_status":"open","ping_status":"closed","template":"","meta":{"_monsterinsights_skip_tracking":false,"_monsterinsights_sitenote_active":false,"_monsterinsights_sitenote_note":"","_monsterinsights_sitenote_category":0,"site-sidebar-layout":"default","site-content-layout":"","ast-site-content-layout":"default","site-content-style":"default","site-sidebar-style":"default","ast-global-header-display":"","ast-banner-title-visibility":"","ast-main-header-display":"","ast-hfb-above-header-display":"","ast-hfb-below-header-display":"","ast-hfb-mobile-header-display":"","site-post-title":"","ast-breadcrumbs-content":"","ast-featured-img":"","footer-sml-layout":"","theme-transparent-header-meta":"default","adv-header-id-meta":"","stick-header-meta":"","header-above-stick-meta":"","header-main-stick-meta":"","header-below-stick-meta":"","astra-migrate-meta-layouts":"set","ast-page-background-enabled":"default","ast-page-background-meta":{"desktop":{"background-color":"var(--ast-global-color-4)","background-image":"","background-repeat":"repeat","background-position":"center center","background-size":"auto","background-attachment":"scroll","background-type":"","background-media":"","overlay-type":"","overlay-color":"","overlay-opacity":"","overlay-gradient":""},"tablet":{"background-color":"","background-image":"","background-repeat":"repeat","background-position":"center center","background-size":"auto","background-attachment":"scroll","background-type":"","background-media":"","overlay-type":"","overlay-color":"","overlay-opacity":"","overlay-gradient":""},"mobile":{"background-color":"","background-image":"","background-repeat":"repeat","background-position":"center center","background-size":"auto","background-attachment":"scroll","background-type":"","background-media":"","overlay-type":"","overlay-color":"","overlay-opacity":"","overlay-gradient":""}},"ast-content-background-meta":{"desktop":{"background-color":"var(--ast-global-color-5)","background-image":"","background-repeat":"repeat","background-position":"center center","background-size":"auto","background-attachment":"scroll","background-type":"","background-media":"","overlay-type":"","overlay-color":"","overlay-opacity":"","overlay-gradient":""},"tablet":{"background-color":"var(--ast-global-color-5)","background-image":"","background-repeat":"repeat","background-position":"center center","background-size":"auto","background-attachment":"scroll","background-type":"","background-media":"","overlay-type":"","overlay-color":"","overlay-opacity":"","overlay-gradient":""},"mobile":{"background-color":"var(--ast-global-color-5)","background-image":"","background-repeat":"repeat","background-position":"center center","background-size":"auto","background-attachment":"scroll","background-type":"","background-media":"","overlay-type":"","overlay-color":"","overlay-opacity":"","overlay-gradient":""}}},"product_brand":[],"product_cat":[41],"product_tag":[],"class_list":{"0":"post-1876","1":"product","2":"type-product","3":"status-publish","4":"has-post-thumbnail","6":"product_cat-bracelets-necklaces","7":"desktop-align-center","8":"tablet-align-left","9":"mobile-align-left","11":"first","12":"instock","13":"sale","14":"shipping-taxable","15":"purchasable","16":"product-type-simple"},"_links":{"self":[{"href":"https:\/\/mirekboutique.com\/cs\/wp-json\/wp\/v2\/product\/1876","targetHints":{"allow":["GET"]}}],"collection":[{"href":"https:\/\/mirekboutique.com\/cs\/wp-json\/wp\/v2\/product"}],"about":[{"href":"https:\/\/mirekboutique.com\/cs\/wp-json\/wp\/v2\/types\/product"}],"replies":[{"embeddable":true,"href":"https:\/\/mirekboutique.com\/cs\/wp-json\/wp\/v2\/comments?post=1876"}],"version-history":[{"count":1,"href":"https:\/\/mirekboutique.com\/cs\/wp-json\/wp\/v2\/product\/1876\/revisions"}],"predecessor-version":[{"id":1882,"href":"https:\/\/mirekboutique.com\/cs\/wp-json\/wp\/v2\/product\/1876\/revisions\/1882"}],"wp:featuredmedia":[{"embeddable":true,"href":"https:\/\/mirekboutique.com\/cs\/wp-json\/wp\/v2\/media\/1877"}],"wp:attachment":[{"href":"https:\/\/mirekboutique.com\/cs\/wp-json\/wp\/v2\/media?parent=1876"}],"wp:term":[{"taxonomy":"product_brand","embeddable":true,"href":"https:\/\/mirekboutique.com\/cs\/wp-json\/wp\/v2\/product_brand?post=1876"},{"taxonomy":"product_cat","embeddable":true,"href":"https:\/\/mirekboutique.com\/cs\/wp-json\/wp\/v2\/product_cat?post=1876"},{"taxonomy":"product_tag","embeddable":true,"href":"https:\/\/mirekboutique.com\/cs\/wp-json\/wp\/v2\/product_tag?post=1876"}],"curies":[{"name":"wp","href":"https:\/\/api.w.org\/{rel}","templated":true}]}}