{"id":2116,"date":"2025-05-09T06:26:14","date_gmt":"2025-05-08T22:26:14","guid":{"rendered":"https:\/\/mirekboutique.com\/?post_type=product&#038;p=2116"},"modified":"2025-05-24T19:21:37","modified_gmt":"2025-05-24T11:21:37","slug":"guq993-horsebit-bag-11-super-clone-from-a-super-factory","status":"publish","type":"product","link":"https:\/\/mirekboutique.com\/cs\/produkt\/guq993-horsebit-bag-11-super-clone-from-a-super-factory\/","title":{"rendered":"GUQ993 S\u00e1\u010dek s ko\u0148sk\u00fdm zob\u00e1kem 1:1 super klon ze super tov\u00e1rny"},"content":{"rendered":"<p>Pultov\u00e9 balen\u00ed\ud83c\udf81<br \/>\nTa\u0161ka Gucic 1955 Horsebit debutuje v kolekci Early Spring 2022, kter\u00e1 si vyp\u016fj\u010duje linie a tvary klasick\u00e9ho kousku z doby p\u0159ed v\u00edce ne\u017e \u0161edes\u00e1ti lety a kombinuje klasick\u00e9 detaily s modern\u00edm duchem, kter\u00fd zd\u016fraz\u0148uje ko\u0148sk\u00fd h\u0159bet, ikonick\u00fd designov\u00fd prvek domu. Motiv inspirovan\u00fd jezdeck\u00fdm sv\u011btem se skl\u00e1d\u00e1 ze dvou prvk\u016f - dvojit\u00e9ho krou\u017eku a spojovac\u00edho pruhu - a stal se jedn\u00edm z nejp\u016fvabn\u011bj\u0161\u00edch a nejikoni\u010dt\u011bj\u0161\u00edch prvk\u016f zna\u010dky. *Velikost: 25 cm<\/p>","protected":false},"excerpt":{"rendered":"<p>\ud83d\udd25\ud83d\udd25V\u0161echno zbo\u017e\u00ed na t\u00e9to webov\u00e9 str\u00e1nce jsou \u0161pi\u010dkov\u00e9 dokonal\u00e9 repliky vyroben\u00e9 super v\u00fdrobci, zcela nov\u00e9 a neotev\u0159en\u00e9, kvalita a poprodejn\u00ed servis jsou zaru\u010deny!<\/p>\n<p>\u2705\u2705\u2705\u2705Mirekboutique vyr\u00e1b\u00ed pouze vysoce kvalitn\u00ed zbo\u017e\u00ed V\u0161echny polo\u017eky v na\u0161em obchod\u011b jsou dod\u00e1v\u00e1ny s origin\u00e1ln\u00ed krabic\u00ed High-end d\u0159ev\u011bn\u00e1 krabice<\/p>\n<p>\ud83c\udf39\ud83c\udf39Pros\u00edm, bu\u010fte si jisti, \u017ee nakupujete Ve\u0161ker\u00e9 zbo\u017e\u00ed podporuje dob\u00edrku P\u0159ejeme v\u00e1m \u0161\u0165astn\u00e9 nakupov\u00e1n\u00ed.<\/p>","protected":false},"featured_media":2117,"comment_status":"open","ping_status":"closed","template":"","meta":{"_monsterinsights_skip_tracking":false,"_monsterinsights_sitenote_active":false,"_monsterinsights_sitenote_note":"","_monsterinsights_sitenote_category":0,"site-sidebar-layout":"default","site-content-layout":"","ast-site-content-layout":"default","site-content-style":"default","site-sidebar-style":"default","ast-global-header-display":"","ast-banner-title-visibility":"","ast-main-header-display":"","ast-hfb-above-header-display":"","ast-hfb-below-header-display":"","ast-hfb-mobile-header-display":"","site-post-title":"","ast-breadcrumbs-content":"","ast-featured-img":"","footer-sml-layout":"","ast-disable-related-posts":"","theme-transparent-header-meta":"default","adv-header-id-meta":"","stick-header-meta":"","header-above-stick-meta":"","header-main-stick-meta":"","header-below-stick-meta":"","astra-migrate-meta-layouts":"set","ast-page-background-enabled":"default","ast-page-background-meta":{"desktop":{"background-color":"var(--ast-global-color-4)","background-image":"","background-repeat":"repeat","background-position":"center center","background-size":"auto","background-attachment":"scroll","background-type":"","background-media":"","overlay-type":"","overlay-color":"","overlay-opacity":"","overlay-gradient":""},"tablet":{"background-color":"","background-image":"","background-repeat":"repeat","background-position":"center center","background-size":"auto","background-attachment":"scroll","background-type":"","background-media":"","overlay-type":"","overlay-color":"","overlay-opacity":"","overlay-gradient":""},"mobile":{"background-color":"","background-image":"","background-repeat":"repeat","background-position":"center center","background-size":"auto","background-attachment":"scroll","background-type":"","background-media":"","overlay-type":"","overlay-color":"","overlay-opacity":"","overlay-gradient":""}},"ast-content-background-meta":{"desktop":{"background-color":"var(--ast-global-color-5)","background-image":"","background-repeat":"repeat","background-position":"center center","background-size":"auto","background-attachment":"scroll","background-type":"","background-media":"","overlay-type":"","overlay-color":"","overlay-opacity":"","overlay-gradient":""},"tablet":{"background-color":"var(--ast-global-color-5)","background-image":"","background-repeat":"repeat","background-position":"center center","background-size":"auto","background-attachment":"scroll","background-type":"","background-media":"","overlay-type":"","overlay-color":"","overlay-opacity":"","overlay-gradient":""},"mobile":{"background-color":"var(--ast-global-color-5)","background-image":"","background-repeat":"repeat","background-position":"center center","background-size":"auto","background-attachment":"scroll","background-type":"","background-media":"","overlay-type":"","overlay-color":"","overlay-opacity":"","overlay-gradient":""}}},"product_brand":[],"product_cat":[27],"product_tag":[],"class_list":{"0":"post-2116","1":"product","2":"type-product","3":"status-publish","4":"has-post-thumbnail","6":"product_cat-gucci","7":"desktop-align-center","8":"tablet-align-left","9":"mobile-align-left","11":"first","12":"instock","13":"sale","14":"shipping-taxable","15":"purchasable","16":"product-type-simple"},"_links":{"self":[{"href":"https:\/\/mirekboutique.com\/cs\/wp-json\/wp\/v2\/product\/2116","targetHints":{"allow":["GET"]}}],"collection":[{"href":"https:\/\/mirekboutique.com\/cs\/wp-json\/wp\/v2\/product"}],"about":[{"href":"https:\/\/mirekboutique.com\/cs\/wp-json\/wp\/v2\/types\/product"}],"replies":[{"embeddable":true,"href":"https:\/\/mirekboutique.com\/cs\/wp-json\/wp\/v2\/comments?post=2116"}],"version-history":[{"count":1,"href":"https:\/\/mirekboutique.com\/cs\/wp-json\/wp\/v2\/product\/2116\/revisions"}],"predecessor-version":[{"id":2123,"href":"https:\/\/mirekboutique.com\/cs\/wp-json\/wp\/v2\/product\/2116\/revisions\/2123"}],"wp:featuredmedia":[{"embeddable":true,"href":"https:\/\/mirekboutique.com\/cs\/wp-json\/wp\/v2\/media\/2117"}],"wp:attachment":[{"href":"https:\/\/mirekboutique.com\/cs\/wp-json\/wp\/v2\/media?parent=2116"}],"wp:term":[{"taxonomy":"product_brand","embeddable":true,"href":"https:\/\/mirekboutique.com\/cs\/wp-json\/wp\/v2\/product_brand?post=2116"},{"taxonomy":"product_cat","embeddable":true,"href":"https:\/\/mirekboutique.com\/cs\/wp-json\/wp\/v2\/product_cat?post=2116"},{"taxonomy":"product_tag","embeddable":true,"href":"https:\/\/mirekboutique.com\/cs\/wp-json\/wp\/v2\/product_tag?post=2116"}],"curies":[{"name":"wp","href":"https:\/\/api.w.org\/{rel}","templated":true}]}}