{"id":2391,"date":"2025-05-17T20:14:18","date_gmt":"2025-05-17T12:14:18","guid":{"rendered":"https:\/\/mirekboutique.com\/?post_type=product&#038;p=2391"},"modified":"2025-05-24T19:21:35","modified_gmt":"2025-05-24T11:21:35","slug":"lq157-longines-773-4-eight-hand-moonphase-multifunction-mechanical-11-super-clone","status":"publish","type":"product","link":"https:\/\/mirekboutique.com\/cs\/produkt\/lq157-longines-773-4-eight-hand-moonphase-multifunction-mechanical-11-super-clone\/","title":{"rendered":"LQ157 Longines 773.4 Multifunk\u010dn\u00ed osmiruk\u00e1lek s m\u011bs\u00ed\u010dn\u00ed f\u00e1z\u00ed 1:1 Super Clone"},"content":{"rendered":"<p>Stropn\u00ed novinka LGS Longines L2.773.4 s osmi ru\u010di\u010dkami a multifunk\u010dn\u00ed mechanickou m\u011bs\u00ed\u010dn\u00ed f\u00e1z\u00ed<br \/>\n\u3010Pohyb\u3011 vybaven 7751 exkluzivn\u00ed modr\u00e9 ocelov\u00e9 kolo automatick\u00fd mechanick\u00fd pohyb na p\u016fvodn\u00ed L2.687.5 nejnov\u011bj\u0161\u00ed skeletonized automatick\u00e9 kladivo, modernizovan\u00e1 verze technologie je velmi stabiln\u00ed rezerva energie a\u017e 48 hodin<br \/>\n\u3010Pouzdro\u3011\"Klad\u00edvkov\u00fd lis\" z nerezov\u00e9 oceli 316L. Pouzdro je vyrobeno z nerezov\u00e9 oceli 316L. Velikost 40MM. po po\u010d\u00edta\u010dov\u00e9m CNC numerick\u00e9m \u0159\u00edzen\u00ed grav\u00edrov\u00e1n\u00ed ultrap\u0159esn\u00e9 vodot\u011bsn\u00e9 hloubky 100 metr\u016f.<br \/>\n\u3010Face\u3011 ukazatele pomoc\u00ed kalen\u00e9 le\u0161t\u011bn\u00e9 oceli modr\u00e9, hork\u00e9 lisov\u00e1n\u00ed m\u011bs\u00ed\u010dn\u00ed f\u00e1ze disku, poprv\u00e9 pomoc\u00ed origin\u00e1ln\u00edho lisov\u00e1n\u00ed, vlastn\u00ed korekce p\u016fvodn\u00edho displeje bump pocit je tak\u00e9 stejn\u00fd jako skute\u010dn\u00e9 konzistentn\u00ed detaily<br \/>\n\u3010Band\u3011 Ocel 316L \u0159ez\u00e1n\u00edm po v\u011bt\u0161in\u011b brou\u0161en\u00ed a pot\u00e9 ru\u010dn\u011b sestavena do 360stup\u0148ov\u00e9ho mrtv\u00e9ho \u00fahlu 0 po\u0161kr\u00e1b\u00e1n\u00ed rukou. In-kind vynikaj\u00edc\u00ed hmotnost a odolnost na ruce skute\u010dn\u00e9 v\u011bci je naprosto \u00fa\u017easn\u00e9. (\ud83c\udf81 d\u00e1rkov\u00fd opasek z telec\u00ed k\u016f\u017ee a origin\u00e1ln\u00ed opaskov\u00e1 spona v sad\u011b, lze vybrat \u010dernohn\u011bdou)<\/p>\n<p>&nbsp;<\/p>\n<p>\u2764\ufe0f \"\u010cas jako dar, va\u017ete si ka\u017ed\u00e9ho okam\u017eiku\" \ud83c\udf81<br \/>\n\ud83d\udd25 Pr\u00e1zdninov\u00e1 limitovan\u00e1 d\u00e1rkov\u00e1 sada<\/p>","protected":false},"excerpt":{"rendered":"<p>\ud83d\udd25\ud83d\udd25V\u0161echno zbo\u017e\u00ed na t\u00e9to webov\u00e9 str\u00e1nce jsou \u0161pi\u010dkov\u00e9 dokonal\u00e9 repliky vyroben\u00e9 super v\u00fdrobci, zcela nov\u00e9 a neotev\u0159en\u00e9, kvalita a poprodejn\u00ed servis jsou zaru\u010deny!<\/p>\n<p>\u2705\u2705\u2705\u2705Mirekboutique vyr\u00e1b\u00ed pouze vysoce kvalitn\u00ed zbo\u017e\u00ed V\u0161echny polo\u017eky v na\u0161em obchod\u011b jsou dod\u00e1v\u00e1ny s origin\u00e1ln\u00ed krabic\u00ed High-end d\u0159ev\u011bn\u00e1 krabice<\/p>\n<p>\ud83c\udf39\ud83c\udf39Pros\u00edm, bu\u010fte si jisti, \u017ee nakupujete Ve\u0161ker\u00e9 zbo\u017e\u00ed podporuje dob\u00edrku P\u0159ejeme v\u00e1m \u0161\u0165astn\u00e9 nakupov\u00e1n\u00ed.<\/p>","protected":false},"featured_media":2392,"comment_status":"open","ping_status":"closed","template":"","meta":{"_monsterinsights_skip_tracking":false,"_monsterinsights_sitenote_active":false,"_monsterinsights_sitenote_note":"","_monsterinsights_sitenote_category":0,"site-sidebar-layout":"default","site-content-layout":"","ast-site-content-layout":"default","site-content-style":"default","site-sidebar-style":"default","ast-global-header-display":"","ast-banner-title-visibility":"","ast-main-header-display":"","ast-hfb-above-header-display":"","ast-hfb-below-header-display":"","ast-hfb-mobile-header-display":"","site-post-title":"","ast-breadcrumbs-content":"","ast-featured-img":"","footer-sml-layout":"","theme-transparent-header-meta":"default","adv-header-id-meta":"","stick-header-meta":"","header-above-stick-meta":"","header-main-stick-meta":"","header-below-stick-meta":"","astra-migrate-meta-layouts":"set","ast-page-background-enabled":"default","ast-page-background-meta":{"desktop":{"background-color":"var(--ast-global-color-4)","background-image":"","background-repeat":"repeat","background-position":"center center","background-size":"auto","background-attachment":"scroll","background-type":"","background-media":"","overlay-type":"","overlay-color":"","overlay-opacity":"","overlay-gradient":""},"tablet":{"background-color":"","background-image":"","background-repeat":"repeat","background-position":"center center","background-size":"auto","background-attachment":"scroll","background-type":"","background-media":"","overlay-type":"","overlay-color":"","overlay-opacity":"","overlay-gradient":""},"mobile":{"background-color":"","background-image":"","background-repeat":"repeat","background-position":"center center","background-size":"auto","background-attachment":"scroll","background-type":"","background-media":"","overlay-type":"","overlay-color":"","overlay-opacity":"","overlay-gradient":""}},"ast-content-background-meta":{"desktop":{"background-color":"var(--ast-global-color-5)","background-image":"","background-repeat":"repeat","background-position":"center center","background-size":"auto","background-attachment":"scroll","background-type":"","background-media":"","overlay-type":"","overlay-color":"","overlay-opacity":"","overlay-gradient":""},"tablet":{"background-color":"var(--ast-global-color-5)","background-image":"","background-repeat":"repeat","background-position":"center center","background-size":"auto","background-attachment":"scroll","background-type":"","background-media":"","overlay-type":"","overlay-color":"","overlay-opacity":"","overlay-gradient":""},"mobile":{"background-color":"var(--ast-global-color-5)","background-image":"","background-repeat":"repeat","background-position":"center center","background-size":"auto","background-attachment":"scroll","background-type":"","background-media":"","overlay-type":"","overlay-color":"","overlay-opacity":"","overlay-gradient":""}}},"product_brand":[],"product_cat":[34],"product_tag":[],"class_list":{"0":"post-2391","1":"product","2":"type-product","3":"status-publish","4":"has-post-thumbnail","6":"product_cat-longines","7":"desktop-align-center","8":"tablet-align-left","9":"mobile-align-left","11":"first","12":"instock","13":"sale","14":"shipping-taxable","15":"purchasable","16":"product-type-simple"},"_links":{"self":[{"href":"https:\/\/mirekboutique.com\/cs\/wp-json\/wp\/v2\/product\/2391","targetHints":{"allow":["GET"]}}],"collection":[{"href":"https:\/\/mirekboutique.com\/cs\/wp-json\/wp\/v2\/product"}],"about":[{"href":"https:\/\/mirekboutique.com\/cs\/wp-json\/wp\/v2\/types\/product"}],"replies":[{"embeddable":true,"href":"https:\/\/mirekboutique.com\/cs\/wp-json\/wp\/v2\/comments?post=2391"}],"version-history":[{"count":1,"href":"https:\/\/mirekboutique.com\/cs\/wp-json\/wp\/v2\/product\/2391\/revisions"}],"predecessor-version":[{"id":2398,"href":"https:\/\/mirekboutique.com\/cs\/wp-json\/wp\/v2\/product\/2391\/revisions\/2398"}],"wp:featuredmedia":[{"embeddable":true,"href":"https:\/\/mirekboutique.com\/cs\/wp-json\/wp\/v2\/media\/2392"}],"wp:attachment":[{"href":"https:\/\/mirekboutique.com\/cs\/wp-json\/wp\/v2\/media?parent=2391"}],"wp:term":[{"taxonomy":"product_brand","embeddable":true,"href":"https:\/\/mirekboutique.com\/cs\/wp-json\/wp\/v2\/product_brand?post=2391"},{"taxonomy":"product_cat","embeddable":true,"href":"https:\/\/mirekboutique.com\/cs\/wp-json\/wp\/v2\/product_cat?post=2391"},{"taxonomy":"product_tag","embeddable":true,"href":"https:\/\/mirekboutique.com\/cs\/wp-json\/wp\/v2\/product_tag?post=2391"}],"curies":[{"name":"wp","href":"https:\/\/api.w.org\/{rel}","templated":true}]}}