{"id":821,"date":"2025-05-09T00:11:12","date_gmt":"2025-05-08T16:11:12","guid":{"rendered":"https:\/\/mirekboutique.com\/?post_type=product&#038;p=821"},"modified":"2025-05-24T19:21:49","modified_gmt":"2025-05-24T11:21:49","slug":"cdy132-11-super-clone","status":"publish","type":"product","link":"https:\/\/mirekboutique.com\/cs\/produkt\/cdy132-11-super-clone\/","title":{"rendered":"CDY132 1:1 Super klon"},"content":{"rendered":"<p>\u2705 Minimalistick\u00fd design, univerz\u00e1ln\u00ed a nekoliduj\u00edc\u00ed s modely<\/p>\n<p>\u2705 Lehk\u00fd luxusn\u00ed kovov\u00fd \u0159em\u00ednek, pln\u00fd textury<\/p>\n<p>\u2705 Ultra tenk\u00fd design, pohodln\u00e9 no\u0161en\u00ed<\/p>\n<p>&nbsp;<\/p>\n<p>Touha po m\u00edru, odpor proti v\u00e1lce! AF dokonale demonstruje nen\u00e1padn\u00fd, ale ne luxusn\u00ed vintage styl kolekce Tank!<br \/>\nS\u00e9rie Cartier Tank<br \/>\n[P\u0159\u00edpad] Velk\u00fd: Velk\u00fd: 41mm*31mm, rozb\u00edj\u00ed kulat\u00fd tvar tradi\u010dn\u00edho t\u011bla hodinek, nad a pod symetrick\u00fdm paraleln\u00edm r\u00e1me\u010dkem vystupuje \u010dtvercov\u00fd cifern\u00edk, tvrd\u00fd a jednoduch\u00fd styl \u010din\u00ed lidi nezapomenuteln\u00fdmi. Linie jsou jednoduch\u00e9 a pevn\u00e9, se siln\u00fdm pr\u016fmyslov\u00fdm stylem. Hladk\u00e9 k\u0159ivky a ostr\u00e9 hrany ukazuj\u00ed smysl pro modernost a m\u00f3du. Velmi dob\u0159e rozpoznateln\u00e1 jsou ou\u0161ka ve stylu tank-track a osmihrann\u00e1 korunka s modr\u00fdm spinelov\u00fdm podpisem Cartier.<br \/>\n[Cifern\u00edk] Cifern\u00edk je zobrazen klasick\u00fdmi \u0159\u00edmsk\u00fdmi stupnicemi, b\u00edl\u00fdm cifern\u00edkem s modr\u00fdmi ocelov\u00fdmi ru\u010di\u010dkami a uprost\u0159ed cifern\u00edku je \u010dtvercov\u00e1 stupnice vnit\u0159n\u00edho kruhu. Hodinky Tank, kombinuj\u00edc\u00ed prvot\u0159\u00eddn\u00ed vkus a avantgardn\u00ed design, se sv\u00fdm modern\u00edm smyslem pro nad\u010dasovost v\u017edy st\u00e1ly v \u010dele doby a byly ozna\u010dov\u00e1ny za jeden z nejv\u00fdznamn\u011bj\u0161\u00edch design\u016f v historii n\u00e1ramkov\u00fdch hodinek.<br \/>\n[Pohyb] AF tov\u00e1rna pro \u0159adu Tank vytvo\u0159it celou \u0159adu \u0161pi\u010dkov\u00fdch pohyb\u016f, v\u010detn\u011b ru\u010dn\u00edho nav\u00edjen\u00ed hnut\u00ed, automatick\u00e9 hnut\u00ed, quartz hnut\u00ed, atd., ka\u017ed\u00fd pohyb pro\u0161el Cartier p\u0159\u00edsnou kontrolu kvality. Krom\u011b toho je \u0159emesln\u00e9 zpracov\u00e1n\u00ed tak\u00e9 velmi vynikaj\u00edc\u00ed, ka\u017ed\u00e9 hodinky Tank byly mnohokr\u00e1t le\u0161t\u011bny a le\u0161t\u011bny, co\u017e ukazuje vynikaj\u00edc\u00ed kvalitu a \u00farove\u0148 \u0159emesln\u00e9ho zpracov\u00e1n\u00ed.<br \/>\n[\u0158em\u00ednek] Italsk\u00fd ko\u017een\u00fd \u0159em\u00ednek z li\u010di, ko\u017een\u00fd \u0159em\u00ednek z hov\u011bz\u00ed k\u016f\u017ee, ocelov\u00fd \u0159em\u00ednek ve stylu tankov\u00e9 dr\u00e1hy. V\u017edy se najde \u0159em\u00ednek, kter\u00fd se dotkne va\u0161\u00ed vnit\u0159n\u00ed snahy o dokonalost. Dokonale zobrazuje nen\u00e1padn\u00fd, ale ne luxusn\u00ed retro styl \u0159ady tank!<br \/>\nAF tov\u00e1rna, v\u00fdrobce, kter\u00fd byl hluboce zapojen do Cartier dokonal\u00e9 repliky po mnoho let, jste hodni d\u016fv\u011bry!<\/p>","protected":false},"excerpt":{"rendered":"<p>\ud83d\udd25\ud83d\udd25V\u0161echno zbo\u017e\u00ed na t\u00e9to webov\u00e9 str\u00e1nce jsou \u0161pi\u010dkov\u00e9 dokonal\u00e9 repliky vyroben\u00e9 super v\u00fdrobci, zcela nov\u00e9 a neotev\u0159en\u00e9, kvalita a poprodejn\u00ed servis jsou zaru\u010deny!<\/p>\n<p>\u2705\u2705\u2705\u2705Mirekboutique vyr\u00e1b\u00ed pouze vysoce kvalitn\u00ed zbo\u017e\u00ed V\u0161echny polo\u017eky v na\u0161em obchod\u011b jsou dod\u00e1v\u00e1ny s origin\u00e1ln\u00ed krabic\u00ed High-end d\u0159ev\u011bn\u00e1 krabice<\/p>\n<p>\ud83c\udf39\ud83c\udf39Pros\u00edm, bu\u010fte si jisti, \u017ee nakupujete Ve\u0161ker\u00e9 zbo\u017e\u00ed podporuje dob\u00edrku P\u0159ejeme v\u00e1m \u0161\u0165astn\u00e9 nakupov\u00e1n\u00ed.<\/p>","protected":false},"featured_media":822,"comment_status":"open","ping_status":"closed","template":"","meta":{"_monsterinsights_skip_tracking":false,"_monsterinsights_sitenote_active":false,"_monsterinsights_sitenote_note":"","_monsterinsights_sitenote_category":0,"site-sidebar-layout":"default","site-content-layout":"","ast-site-content-layout":"default","site-content-style":"default","site-sidebar-style":"default","ast-global-header-display":"","ast-banner-title-visibility":"","ast-main-header-display":"","ast-hfb-above-header-display":"","ast-hfb-below-header-display":"","ast-hfb-mobile-header-display":"","site-post-title":"","ast-breadcrumbs-content":"","ast-featured-img":"","footer-sml-layout":"","theme-transparent-header-meta":"default","adv-header-id-meta":"","stick-header-meta":"","header-above-stick-meta":"","header-main-stick-meta":"","header-below-stick-meta":"","astra-migrate-meta-layouts":"set","ast-page-background-enabled":"default","ast-page-background-meta":{"desktop":{"background-color":"var(--ast-global-color-4)","background-image":"","background-repeat":"repeat","background-position":"center center","background-size":"auto","background-attachment":"scroll","background-type":"","background-media":"","overlay-type":"","overlay-color":"","overlay-opacity":"","overlay-gradient":""},"tablet":{"background-color":"","background-image":"","background-repeat":"repeat","background-position":"center center","background-size":"auto","background-attachment":"scroll","background-type":"","background-media":"","overlay-type":"","overlay-color":"","overlay-opacity":"","overlay-gradient":""},"mobile":{"background-color":"","background-image":"","background-repeat":"repeat","background-position":"center center","background-size":"auto","background-attachment":"scroll","background-type":"","background-media":"","overlay-type":"","overlay-color":"","overlay-opacity":"","overlay-gradient":""}},"ast-content-background-meta":{"desktop":{"background-color":"var(--ast-global-color-5)","background-image":"","background-repeat":"repeat","background-position":"center center","background-size":"auto","background-attachment":"scroll","background-type":"","background-media":"","overlay-type":"","overlay-color":"","overlay-opacity":"","overlay-gradient":""},"tablet":{"background-color":"var(--ast-global-color-5)","background-image":"","background-repeat":"repeat","background-position":"center center","background-size":"auto","background-attachment":"scroll","background-type":"","background-media":"","overlay-type":"","overlay-color":"","overlay-opacity":"","overlay-gradient":""},"mobile":{"background-color":"var(--ast-global-color-5)","background-image":"","background-repeat":"repeat","background-position":"center center","background-size":"auto","background-attachment":"scroll","background-type":"","background-media":"","overlay-type":"","overlay-color":"","overlay-opacity":"","overlay-gradient":""}}},"product_brand":[],"product_cat":[33],"product_tag":[],"class_list":{"0":"post-821","1":"product","2":"type-product","3":"status-publish","4":"has-post-thumbnail","6":"product_cat-cartier","7":"desktop-align-center","8":"tablet-align-left","9":"mobile-align-left","11":"first","12":"instock","13":"sale","14":"shipping-taxable","15":"purchasable","16":"product-type-simple"},"_links":{"self":[{"href":"https:\/\/mirekboutique.com\/cs\/wp-json\/wp\/v2\/product\/821","targetHints":{"allow":["GET"]}}],"collection":[{"href":"https:\/\/mirekboutique.com\/cs\/wp-json\/wp\/v2\/product"}],"about":[{"href":"https:\/\/mirekboutique.com\/cs\/wp-json\/wp\/v2\/types\/product"}],"replies":[{"embeddable":true,"href":"https:\/\/mirekboutique.com\/cs\/wp-json\/wp\/v2\/comments?post=821"}],"version-history":[{"count":1,"href":"https:\/\/mirekboutique.com\/cs\/wp-json\/wp\/v2\/product\/821\/revisions"}],"predecessor-version":[{"id":827,"href":"https:\/\/mirekboutique.com\/cs\/wp-json\/wp\/v2\/product\/821\/revisions\/827"}],"wp:featuredmedia":[{"embeddable":true,"href":"https:\/\/mirekboutique.com\/cs\/wp-json\/wp\/v2\/media\/822"}],"wp:attachment":[{"href":"https:\/\/mirekboutique.com\/cs\/wp-json\/wp\/v2\/media?parent=821"}],"wp:term":[{"taxonomy":"product_brand","embeddable":true,"href":"https:\/\/mirekboutique.com\/cs\/wp-json\/wp\/v2\/product_brand?post=821"},{"taxonomy":"product_cat","embeddable":true,"href":"https:\/\/mirekboutique.com\/cs\/wp-json\/wp\/v2\/product_cat?post=821"},{"taxonomy":"product_tag","embeddable":true,"href":"https:\/\/mirekboutique.com\/cs\/wp-json\/wp\/v2\/product_tag?post=821"}],"curies":[{"name":"wp","href":"https:\/\/api.w.org\/{rel}","templated":true}]}}