{"id":915,"date":"2025-05-09T00:37:32","date_gmt":"2025-05-08T16:37:32","guid":{"rendered":"https:\/\/mirekboutique.com\/?post_type=product&#038;p=915"},"modified":"2025-05-24T19:35:29","modified_gmt":"2025-05-24T11:35:29","slug":"flk066-frank-m-ladies-watch-11-super-clone","status":"publish","type":"product","link":"https:\/\/mirekboutique.com\/cs\/produkt\/flk066-frank-m-ladies-watch-11-super-clone\/","title":{"rendered":"FLK066 D\u00e1msk\u00e9 hodinky Frank M 1:1 Super Clone"},"content":{"rendered":"<p>Frank M D\u00e1msk\u00e9 hodinky Obd\u00e9ln\u00edkov\u00e9 pouzdro z nerezov\u00e9 oceli 316 CNC le\u0161t\u011bn\u00e9 Zadn\u00ed kryt kart\u00e1\u010dovan\u00fd jemn\u00fd grav\u00edrovan\u00fd n\u00e1pis \u010dir\u00e9 klenut\u00e9 saf\u00edrov\u00e9 zrcadlo Zrcadlo a pouzdro k sob\u011b dokonale pasuj\u00ed<br \/>\nK v\u00fdrob\u011b kor\u00e1lkov\u00e9ho klenut\u00e9ho cifern\u00edku se pou\u017e\u00edv\u00e1 mu\u0161le trida\u010dna, prvn\u00ed ze sedmi poklad\u016f tibetsk\u00e9ho buddhismu Samotn\u00e1 trida\u010dna je velmi vz\u00e1cn\u00e1 a je\u0161t\u011b vz\u00e1cn\u011bj\u0161\u00ed je v\u00fdb\u011br spr\u00e1vn\u00e9ho klenut\u00e9ho materi\u00e1lu Z jedin\u00e9 trida\u010dny lze vyrobit pouze jeden nebo dva kusy tohoto cifern\u00edku, a vzhledem ke zmetkovitosti v\u00fdroby a le\u0161t\u011bn\u00ed a instalaci index\u016f je tento materi\u00e1l \u010d\u00edseln\u00edku je\u0161t\u011b vz\u00e1cn\u011bj\u0161\u00ed Zkosen\u00e9 a le\u0161t\u011bn\u00e9 trojrozm\u011brn\u00e9 ocelov\u00e9 arabsk\u00e9 \u010d\u00edslice pota\u017een\u00e9 rhodiem na obloukov\u00e9 stran\u011b \u010d\u00edseln\u00edku jsou rhodiovan\u00e9 na obloukov\u00e9 stran\u011b ru\u010di\u010dek Kalibr Cal. 751 Strojek Strojek je origin\u00e1ln\u00edm \u0161v\u00fdcarsk\u00fdm strojkem z dovozu. P\u0159ijat\u00fd origin\u00e1ln\u00ed \u0161v\u00fdcarsk\u00fd origin\u00e1ln\u00ed dov\u00e1\u017een\u00fd quartzov\u00fd strojek Prav\u00fd americk\u00fd alig\u00e1tor b\u0159i\u0161n\u00ed materi\u00e1l krokod\u00fdl\u00ed k\u016f\u017ee \u0159em\u00ednek Zadn\u00ed materi\u00e1l \u0159em\u00ednku je tak\u00e9 pe\u010dliv\u011b vybr\u00e1n z prav\u00e9ho protiko\u017en\u00edho materi\u00e1lu Rychloup\u00ednac\u00ed \u0159em\u00ednek \u0158em\u00ednek \u010cern\u00fd hn\u011bd\u00fd \u010derven\u00fd r\u016f\u017eov\u00fd oran\u017eov\u00fd \u0161ed\u00fd fialov\u00fd k dispozici v\u00edcebarevn\u00fd Jehlov\u00e1 spona \u0160\u00ed\u0159ka 26 mm D\u00e9lka 37 mm Tlou\u0161\u0165ka 7 mm P\u0159\u00edslu\u0161enstv\u00ed lze vym\u011bnit za origin\u00e1ln\u00ed modely Pure export!<\/p>","protected":false},"excerpt":{"rendered":"<p>\ud83d\udd25\ud83d\udd25V\u0161echno zbo\u017e\u00ed na t\u00e9to webov\u00e9 str\u00e1nce jsou \u0161pi\u010dkov\u00e9 dokonal\u00e9 repliky vyroben\u00e9 super v\u00fdrobci, zcela nov\u00e9 a neotev\u0159en\u00e9, kvalita a poprodejn\u00ed servis jsou zaru\u010deny!<\/p>\n<p>\u2705\u2705\u2705\u2705Mirekboutique vyr\u00e1b\u00ed pouze vysoce kvalitn\u00ed zbo\u017e\u00ed V\u0161echny polo\u017eky v na\u0161em obchod\u011b jsou dod\u00e1v\u00e1ny s origin\u00e1ln\u00ed krabic\u00ed High-end d\u0159ev\u011bn\u00e1 krabice<\/p>\n<p>\ud83c\udf39\ud83c\udf39Pros\u00edm, bu\u010fte si jisti, \u017ee nakupujete Ve\u0161ker\u00e9 zbo\u017e\u00ed podporuje dob\u00edrku P\u0159ejeme v\u00e1m \u0161\u0165astn\u00e9 nakupov\u00e1n\u00ed.<\/p>","protected":false},"featured_media":916,"comment_status":"open","ping_status":"closed","template":"","meta":{"_monsterinsights_skip_tracking":false,"_monsterinsights_sitenote_active":false,"_monsterinsights_sitenote_note":"","_monsterinsights_sitenote_category":0,"site-sidebar-layout":"default","site-content-layout":"","ast-site-content-layout":"default","site-content-style":"default","site-sidebar-style":"default","ast-global-header-display":"","ast-banner-title-visibility":"","ast-main-header-display":"","ast-hfb-above-header-display":"","ast-hfb-below-header-display":"","ast-hfb-mobile-header-display":"","site-post-title":"","ast-breadcrumbs-content":"","ast-featured-img":"","footer-sml-layout":"","theme-transparent-header-meta":"default","adv-header-id-meta":"","stick-header-meta":"","header-above-stick-meta":"","header-main-stick-meta":"","header-below-stick-meta":"","astra-migrate-meta-layouts":"set","ast-page-background-enabled":"default","ast-page-background-meta":{"desktop":{"background-color":"var(--ast-global-color-4)","background-image":"","background-repeat":"repeat","background-position":"center center","background-size":"auto","background-attachment":"scroll","background-type":"","background-media":"","overlay-type":"","overlay-color":"","overlay-opacity":"","overlay-gradient":""},"tablet":{"background-color":"","background-image":"","background-repeat":"repeat","background-position":"center center","background-size":"auto","background-attachment":"scroll","background-type":"","background-media":"","overlay-type":"","overlay-color":"","overlay-opacity":"","overlay-gradient":""},"mobile":{"background-color":"","background-image":"","background-repeat":"repeat","background-position":"center center","background-size":"auto","background-attachment":"scroll","background-type":"","background-media":"","overlay-type":"","overlay-color":"","overlay-opacity":"","overlay-gradient":""}},"ast-content-background-meta":{"desktop":{"background-color":"var(--ast-global-color-5)","background-image":"","background-repeat":"repeat","background-position":"center center","background-size":"auto","background-attachment":"scroll","background-type":"","background-media":"","overlay-type":"","overlay-color":"","overlay-opacity":"","overlay-gradient":""},"tablet":{"background-color":"var(--ast-global-color-5)","background-image":"","background-repeat":"repeat","background-position":"center center","background-size":"auto","background-attachment":"scroll","background-type":"","background-media":"","overlay-type":"","overlay-color":"","overlay-opacity":"","overlay-gradient":""},"mobile":{"background-color":"var(--ast-global-color-5)","background-image":"","background-repeat":"repeat","background-position":"center center","background-size":"auto","background-attachment":"scroll","background-type":"","background-media":"","overlay-type":"","overlay-color":"","overlay-opacity":"","overlay-gradient":""}}},"product_brand":[],"product_cat":[32],"product_tag":[],"class_list":{"0":"post-915","1":"product","2":"type-product","3":"status-publish","4":"has-post-thumbnail","6":"product_cat-frank-muller","7":"desktop-align-center","8":"tablet-align-left","9":"mobile-align-left","11":"first","12":"instock","13":"sale","14":"shipping-taxable","15":"purchasable","16":"product-type-simple"},"_links":{"self":[{"href":"https:\/\/mirekboutique.com\/cs\/wp-json\/wp\/v2\/product\/915","targetHints":{"allow":["GET"]}}],"collection":[{"href":"https:\/\/mirekboutique.com\/cs\/wp-json\/wp\/v2\/product"}],"about":[{"href":"https:\/\/mirekboutique.com\/cs\/wp-json\/wp\/v2\/types\/product"}],"replies":[{"embeddable":true,"href":"https:\/\/mirekboutique.com\/cs\/wp-json\/wp\/v2\/comments?post=915"}],"version-history":[{"count":1,"href":"https:\/\/mirekboutique.com\/cs\/wp-json\/wp\/v2\/product\/915\/revisions"}],"predecessor-version":[{"id":922,"href":"https:\/\/mirekboutique.com\/cs\/wp-json\/wp\/v2\/product\/915\/revisions\/922"}],"wp:featuredmedia":[{"embeddable":true,"href":"https:\/\/mirekboutique.com\/cs\/wp-json\/wp\/v2\/media\/916"}],"wp:attachment":[{"href":"https:\/\/mirekboutique.com\/cs\/wp-json\/wp\/v2\/media?parent=915"}],"wp:term":[{"taxonomy":"product_brand","embeddable":true,"href":"https:\/\/mirekboutique.com\/cs\/wp-json\/wp\/v2\/product_brand?post=915"},{"taxonomy":"product_cat","embeddable":true,"href":"https:\/\/mirekboutique.com\/cs\/wp-json\/wp\/v2\/product_cat?post=915"},{"taxonomy":"product_tag","embeddable":true,"href":"https:\/\/mirekboutique.com\/cs\/wp-json\/wp\/v2\/product_tag?post=915"}],"curies":[{"name":"wp","href":"https:\/\/api.w.org\/{rel}","templated":true}]}}