{"id":591,"date":"2025-05-07T19:57:41","date_gmt":"2025-05-07T11:57:41","guid":{"rendered":"https:\/\/mirekboutique.com\/?page_id=591"},"modified":"2025-05-21T19:56:36","modified_gmt":"2025-05-21T11:56:36","slug":"cod","status":"publish","type":"page","link":"https:\/\/mirekboutique.com\/de\/cod\/","title":{"rendered":"COD"},"content":{"rendered":"<div data-elementor-type=\"wp-page\" data-elementor-id=\"591\" class=\"elementor elementor-591\">\n\t\t\t\t<div class=\"elementor-element elementor-element-9346e8d e-flex e-con-boxed e-con e-parent\" data-id=\"9346e8d\" data-element_type=\"container\" data-settings=\"{&quot;background_background&quot;:&quot;classic&quot;}\">\n\t\t\t\t\t<div class=\"e-con-inner\">\n\t\t<div class=\"elementor-element elementor-element-4b2bba9 e-con-full e-flex e-con e-child\" data-id=\"4b2bba9\" data-element_type=\"container\">\n\t\t\t\t<div class=\"elementor-element elementor-element-5a21cb0 elementor-widget elementor-widget-heading\" data-id=\"5a21cb0\" data-element_type=\"widget\" data-widget_type=\"heading.default\">\n\t\t\t\t<div class=\"elementor-widget-container\">\n\t\t\t\t\t<h6 class=\"elementor-heading-title elementor-size-default\">Lieferung gegen Nachnahme<\/h6>\t\t\t\t<\/div>\n\t\t\t\t<\/div>\n\t\t\t\t<div class=\"elementor-element elementor-element-a19a656 elementor-widget elementor-widget-heading\" data-id=\"a19a656\" data-element_type=\"widget\" data-widget_type=\"heading.default\">\n\t\t\t\t<div class=\"elementor-widget-container\">\n\t\t\t\t\t<h1 class=\"elementor-heading-title elementor-size-default\">COD<\/h1>\t\t\t\t<\/div>\n\t\t\t\t<\/div>\n\t\t\t\t<\/div>\n\t\t\t\t\t<\/div>\n\t\t\t\t<\/div>\n\t\t<div class=\"elementor-element elementor-element-8261433 e-flex e-con-boxed e-con e-parent\" data-id=\"8261433\" data-element_type=\"container\">\n\t\t\t\t\t<div class=\"e-con-inner\">\n\t\t\t\t<div class=\"elementor-element elementor-element-ab6c507 elementor-widget elementor-widget-text-editor\" data-id=\"ab6c507\" data-element_type=\"widget\" data-widget_type=\"text-editor.default\">\n\t\t\t\t<div class=\"elementor-widget-container\">\n\t\t\t\t\t\t\t\t\t<p><strong>Wir sind stolz darauf, Ihnen einen weltweiten Versandservice anbieten zu k\u00f6nnen. Die folgenden Bedingungen sollen Ihnen ein perfektes Einkaufserlebnis bieten. Bitte lesen Sie die folgenden Lieferbedingungen sorgf\u00e4ltig durch, bevor Sie Ihre Bestellung aufgeben.<\/strong><\/p><p><strong>1. Weltweite Lieferung:<\/strong><\/p><p>Wir sind stolz darauf, weltweite Lieferungen in viele L\u00e4nder und Regionen anbieten zu k\u00f6nnen. Sie k\u00f6nnen die Vorteile der Nachnahme nutzen, indem Sie eine Anzahlung von 10% leisten. Nachdem Sie die Ware erhalten und gepr\u00fcft haben, k\u00f6nnen Sie den Restbetrag an den Zusteller zahlen. Sie k\u00f6nnen den Restbetrag in der W\u00e4hrung Ihres Landes bezahlen<\/p><p><strong>2. Schwelle f\u00fcr kostenlosen Versand:<\/strong><\/p><p>Geben Sie Ihre Bestellung mit einer 10%-Einzahlung auf und genie\u00dfen Sie den kostenlosen weltweiten Versand.<\/p><p><strong>3. Gesch\u00e4tzte Lieferfrist:<\/strong><\/p><p>Bitte rechnen Sie mit einer Lieferzeit von 3 bis 14 Werktagen f\u00fcr die Auslieferung Ihrer Bestellung weltweit. Bitte beachten Sie, dass die Lieferzeiten je nach Ihrem Standort und externen Faktoren, die au\u00dferhalb unserer Kontrolle liegen, variieren k\u00f6nnen.<\/p><p><strong>4. Steuerbefreiung:<\/strong><\/p><p>Wir sind bestrebt, ein einfaches und unkompliziertes Einkaufserlebnis zu bieten. Daher sind alle Bestellungen weltweit steuerfrei.<\/p><p><strong>5. Geteilte Lieferung:<\/strong><\/p><p>Bei Bestellungen, die mehrere Artikel enthalten, k\u00f6nnen wir diese getrennt versenden, um eine effiziente Lieferung zu gew\u00e4hrleisten. Jeder Artikel wird sicher verpackt und einzeln nachverfolgt.<\/p><p><strong>6. International Express wird bevorzugt:<\/strong><\/p><p>Ihre Zufriedenheit hat f\u00fcr uns oberste Priorit\u00e4t und wir w\u00e4hlen den f\u00fcr Ihren Standort am besten geeigneten internationalen Kurierdienst aus. Zu unseren vertrauensw\u00fcrdigen Partnern geh\u00f6ren FedEx, DHL, UPS, USPS Inpost, etc.<\/p><p><strong>7. Sendungsverfolgung:<\/strong><\/p><p>Nach Eingang Ihrer 10%-Anzahlung erhalten Sie innerhalb von 5 Tagen eine Tracking-Nummer. Ihr Vertreter wird Sie \u00fcber die Nummer des Versandkuriers informieren oder Sie k\u00f6nnen Ihre E-Mail-Adresse \u00fcberpr\u00fcfen.<\/p><p><strong>8. Versandeinschr\u00e4nkungen:<\/strong><\/p><p>Obwohl wir uns bem\u00fchen, genaue Lieferzeiten anzugeben, sollten Sie sich bewusst sein, dass unvorhergesehene Umst\u00e4nde, wie z. B. Wetterbedingungen und Zollverfahren, die Lieferzeiten beeinflussen k\u00f6nnen.<\/p><p><strong>9. Auftragsabwicklung:<\/strong><\/p><p>Sobald eine Bestellung aufgegeben wird, bearbeiten wir sie sorgf\u00e4ltig, um eine korrekte Verpackung und einen rechtzeitigen Versand zu gew\u00e4hrleisten.<\/p><p><strong>10. Adressgenauigkeit:<\/strong><\/p><p>Bitte \u00fcberpr\u00fcfen Sie die Lieferadresse auf ihre Richtigkeit. Wir sind nicht verantwortlich f\u00fcr Versp\u00e4tungen oder Versandfehler aufgrund von falschen Adressen.<\/p><p><strong>11. Verantwortlichkeiten des Kunden:<\/strong><\/p><p>Die Kunden m\u00fcssen f\u00fcr die Lieferung genaue geografische Angaben machen. Wir sind nicht verantwortlich, wenn Sie nicht in der Lage sind, den Zusteller aufgrund Ihrer eigenen Gr\u00fcnde zu kontaktieren.<\/p><p><strong>12. Verlust oder Verz\u00f6gerung von Waren:<\/strong><\/p><p>In dem unwahrscheinlichen Fall, dass eine Sendung verloren geht oder sich stark verz\u00f6gert, wenden Sie sich bitte an unseren Kundendienst oder Ihren Vertreter. Wir werden sofort eine gr\u00fcndliche Untersuchung durchf\u00fchren, um das Problem zu l\u00f6sen.<\/p><p><strong>13. Versand-Update:<\/strong><\/p><p>Bleiben Sie per E-Mail-Benachrichtigung \u00fcber den Fortschritt Ihrer Sendung informiert oder kontaktieren Sie Ihren Agenten.<\/p><p><strong>14. Kontaktieren Sie uns:<\/strong><\/p><p>Wenn Sie Fragen oder Probleme mit Ihrer Sendung haben, stehen Ihnen unser Kundendienstteam oder unsere Vertreter jederzeit zur Verf\u00fcgung. Bitte senden Sie eine E-Mail an info@mirekboutique.com.<\/p><p>Indem Sie eine Bestellung bei uns aufgeben, nehmen Sie diese Allgemeinen Gesch\u00e4ftsbedingungen f\u00fcr den weltweiten Versand zur Kenntnis und akzeptieren sie. Wir sind bestrebt, Ihnen einen hervorragenden Service und ein angenehmes Einkaufserlebnis zu bieten.<\/p><p><strong>15 \u00dcber den Bestellvorgang<\/strong><br \/>Zun\u00e4chst einmal ist die von uns angebotene Logistikmethode die Nachnahme. Wir m\u00fcssen Ihnen eine 10% Anzahlung berechnen. Sie k\u00f6nnen die Kaution durch Ihren Agenten bezahlen oder sich an das offizielle Personal wenden. Wenn Sie sich weigern, die Waren nach Erhalt zu akzeptieren, werden wir nicht erstatten die 10% Kaution. Die Produkte in diesem Gesch\u00e4ft sind alle High-End-Produkte. Die Transport- und Versicherungskosten sind teuer, daher ist eine Anzahlung erforderlich. Wir danken Ihnen f\u00fcr Ihr Verst\u00e4ndnis<\/p><p><strong>Vielen Dank, dass Sie uns f\u00fcr Ihre weltweiten Eink\u00e4ufe gew\u00e4hlt haben!<\/strong><\/p>\t\t\t\t\t\t\t\t<\/div>\n\t\t\t\t<\/div>\n\t\t\t\t\t<\/div>\n\t\t\t\t<\/div>\n\t\t\t\t<\/div>","protected":false},"excerpt":{"rendered":"<p>cash on delivery COD We are proud to offer you worldwide shipping services, the following terms and conditions are designed to provide you with a perfect shopping experience. Please read the following delivery terms and conditions carefully before placing your order. 1. Worldwide delivery: We are proud to offer worldwide delivery to many countries and [&hellip;]<\/p>","protected":false},"author":1,"featured_media":0,"parent":0,"menu_order":0,"comment_status":"closed","ping_status":"closed","template":"","meta":{"_monsterinsights_skip_tracking":false,"_monsterinsights_sitenote_active":false,"_monsterinsights_sitenote_note":"","_monsterinsights_sitenote_category":0,"site-sidebar-layout":"no-sidebar","site-content-layout":"page-builder","ast-site-content-layout":"full-width-container","site-content-style":"default","site-sidebar-style":"default","ast-global-header-display":"","ast-banner-title-visibility":"","ast-main-header-display":"","ast-hfb-above-header-display":"","ast-hfb-below-header-display":"","ast-hfb-mobile-header-display":"","site-post-title":"disabled","ast-breadcrumbs-content":"","ast-featured-img":"disabled","footer-sml-layout":"","theme-transparent-header-meta":"default","adv-header-id-meta":"","stick-header-meta":"","header-above-stick-meta":"","header-main-stick-meta":"","header-below-stick-meta":"","astra-migrate-meta-layouts":"set","ast-page-background-enabled":"default","ast-page-background-meta":{"desktop":{"background-color":"var(--ast-global-color-4)","background-image":"","background-repeat":"repeat","background-position":"center center","background-size":"auto","background-attachment":"scroll","background-type":"","background-media":"","overlay-type":"","overlay-color":"","overlay-opacity":"","overlay-gradient":""},"tablet":{"background-color":"","background-image":"","background-repeat":"repeat","background-position":"center center","background-size":"auto","background-attachment":"scroll","background-type":"","background-media":"","overlay-type":"","overlay-color":"","overlay-opacity":"","overlay-gradient":""},"mobile":{"background-color":"","background-image":"","background-repeat":"repeat","background-position":"center center","background-size":"auto","background-attachment":"scroll","background-type":"","background-media":"","overlay-type":"","overlay-color":"","overlay-opacity":"","overlay-gradient":""}},"ast-content-background-meta":{"desktop":{"background-color":"var(--ast-global-color-5)","background-image":"","background-repeat":"repeat","background-position":"center center","background-size":"auto","background-attachment":"scroll","background-type":"","background-media":"","overlay-type":"","overlay-color":"","overlay-opacity":"","overlay-gradient":""},"tablet":{"background-color":"var(--ast-global-color-5)","background-image":"","background-repeat":"repeat","background-position":"center center","background-size":"auto","background-attachment":"scroll","background-type":"","background-media":"","overlay-type":"","overlay-color":"","overlay-opacity":"","overlay-gradient":""},"mobile":{"background-color":"var(--ast-global-color-5)","background-image":"","background-repeat":"repeat","background-position":"center center","background-size":"auto","background-attachment":"scroll","background-type":"","background-media":"","overlay-type":"","overlay-color":"","overlay-opacity":"","overlay-gradient":""}},"footnotes":""},"class_list":["post-591","page","type-page","status-publish","hentry"],"_links":{"self":[{"href":"https:\/\/mirekboutique.com\/de\/wp-json\/wp\/v2\/pages\/591","targetHints":{"allow":["GET"]}}],"collection":[{"href":"https:\/\/mirekboutique.com\/de\/wp-json\/wp\/v2\/pages"}],"about":[{"href":"https:\/\/mirekboutique.com\/de\/wp-json\/wp\/v2\/types\/page"}],"author":[{"embeddable":true,"href":"https:\/\/mirekboutique.com\/de\/wp-json\/wp\/v2\/users\/1"}],"replies":[{"embeddable":true,"href":"https:\/\/mirekboutique.com\/de\/wp-json\/wp\/v2\/comments?post=591"}],"version-history":[{"count":22,"href":"https:\/\/mirekboutique.com\/de\/wp-json\/wp\/v2\/pages\/591\/revisions"}],"predecessor-version":[{"id":2421,"href":"https:\/\/mirekboutique.com\/de\/wp-json\/wp\/v2\/pages\/591\/revisions\/2421"}],"wp:attachment":[{"href":"https:\/\/mirekboutique.com\/de\/wp-json\/wp\/v2\/media?parent=591"}],"curies":[{"name":"wp","href":"https:\/\/api.w.org\/{rel}","templated":true}]}}