{"id":1041,"date":"2025-05-09T01:08:34","date_gmt":"2025-05-08T17:08:34","guid":{"rendered":"https:\/\/mirekboutique.com\/?post_type=product&#038;p=1041"},"modified":"2025-05-24T19:21:47","modified_gmt":"2025-05-24T11:21:47","slug":"lq141-kv6-11-super-clone-from-a-super-factory","status":"publish","type":"product","link":"https:\/\/mirekboutique.com\/de\/produkt\/lq141-kv6-11-super-clone-from-a-super-factory\/","title":{"rendered":"LQ141 KV6 1:1 Super-Klon aus einer Super-Fabrik"},"content":{"rendered":"<p>HK New Longines \ud83c\udfaeKV6 Hochfrequenz-Chronometer Kollektion<br \/>\nDie neue Longines LONGINES \ud83c\udfaeKV6 Hochfrequenz-Chronometer-Kollektion h\u00e4lt sich an die ikonischen Design-Codes des Originals und enth\u00e4lt innovative Elemente, die nicht nur Liebhaber von Vintage-Uhren ansprechen, sondern auch der \u00c4sthetik der heutigen Verbraucher entsprechen.<br \/>\nDas erkennbare kissenf\u00f6rmige Stahlgeh\u00e4use mit einem Durchmesser von 43 Millimetern, einer \u00fcblichen Gr\u00f6\u00dfe unter den Sportuhren, ist robust und elegant.<br \/>\nTauchl\u00fcnette aus Saphir. Dieses Material ist nicht leicht zu zerkratzen und hat einen hohen Grad an Transparenz, die nicht nur die Tauchleistung der Uhr gew\u00e4hrleisten kann, sondern uns auch einen einzigartigen visuellen Effekt bringt. \ud83c\udfae<br \/>\nDas Zifferblatt hat ein minimalistisches Design, mit Super-LumiNova-beschichteten Stunden<br \/>\nDie mit Super-LumiNova beschichteten Indexe wechseln sich mit den rhodinierten ab und erg\u00e4nzen das markante, schwarz genarbte Zifferblatt, w\u00e4hrend der auff\u00e4llige rote Minutenzeiger f\u00fcr einen Hauch von Vitalit\u00e4t sorgt.<br \/>\nDas Uhrwerk besteht aus dem importierten Original Citizen 9015, mit stabiler Zeitmessung und niedriger Reparaturrate!<br \/>\nG\u00fcrtel importiert italienischen Kalbsleder mit original gepr\u00e4gten Muster Dornschlie\u00dfe, dreidimensionalen Sinn der vollen.<br \/>\nHk Produktion, muss ein feines Produkt sein! \ud83c\udfaeS1 exquisite empfohlen Herren mechanische Uhren<\/p>","protected":false},"excerpt":{"rendered":"<p>\ud83d\udd25\ud83d\udd25Alle Waren auf dieser Website sind High-End-perfekte Repliken von Super-Hersteller, nagelneu und unge\u00f6ffnet, Qualit\u00e4t und After-Sales-Service sind garantiert!<\/p>\n<p>\u2705\u2705\u2705\u2705Mirekboutique produziert nur qualitativ hochwertige Artikel Alle Artikel in unserem Shop werden mit der Originalverpackung geliefert Hochwertige Holzbox<\/p>\n<p>\ud83c\udf39\ud83c\udf39Bitte kaufen Sie sicher Alle Waren unterst\u00fctzen Nachnahme W\u00fcnschen Sie einen guten Einkauf<\/p>","protected":false},"featured_media":1042,"comment_status":"open","ping_status":"closed","template":"","meta":{"_monsterinsights_skip_tracking":false,"_monsterinsights_sitenote_active":false,"_monsterinsights_sitenote_note":"","_monsterinsights_sitenote_category":0,"site-sidebar-layout":"default","site-content-layout":"","ast-site-content-layout":"default","site-content-style":"default","site-sidebar-style":"default","ast-global-header-display":"","ast-banner-title-visibility":"","ast-main-header-display":"","ast-hfb-above-header-display":"","ast-hfb-below-header-display":"","ast-hfb-mobile-header-display":"","site-post-title":"","ast-breadcrumbs-content":"","ast-featured-img":"","footer-sml-layout":"","theme-transparent-header-meta":"default","adv-header-id-meta":"","stick-header-meta":"","header-above-stick-meta":"","header-main-stick-meta":"","header-below-stick-meta":"","astra-migrate-meta-layouts":"set","ast-page-background-enabled":"default","ast-page-background-meta":{"desktop":{"background-color":"var(--ast-global-color-4)","background-image":"","background-repeat":"repeat","background-position":"center center","background-size":"auto","background-attachment":"scroll","background-type":"","background-media":"","overlay-type":"","overlay-color":"","overlay-opacity":"","overlay-gradient":""},"tablet":{"background-color":"","background-image":"","background-repeat":"repeat","background-position":"center center","background-size":"auto","background-attachment":"scroll","background-type":"","background-media":"","overlay-type":"","overlay-color":"","overlay-opacity":"","overlay-gradient":""},"mobile":{"background-color":"","background-image":"","background-repeat":"repeat","background-position":"center center","background-size":"auto","background-attachment":"scroll","background-type":"","background-media":"","overlay-type":"","overlay-color":"","overlay-opacity":"","overlay-gradient":""}},"ast-content-background-meta":{"desktop":{"background-color":"var(--ast-global-color-5)","background-image":"","background-repeat":"repeat","background-position":"center center","background-size":"auto","background-attachment":"scroll","background-type":"","background-media":"","overlay-type":"","overlay-color":"","overlay-opacity":"","overlay-gradient":""},"tablet":{"background-color":"var(--ast-global-color-5)","background-image":"","background-repeat":"repeat","background-position":"center center","background-size":"auto","background-attachment":"scroll","background-type":"","background-media":"","overlay-type":"","overlay-color":"","overlay-opacity":"","overlay-gradient":""},"mobile":{"background-color":"var(--ast-global-color-5)","background-image":"","background-repeat":"repeat","background-position":"center center","background-size":"auto","background-attachment":"scroll","background-type":"","background-media":"","overlay-type":"","overlay-color":"","overlay-opacity":"","overlay-gradient":""}}},"product_brand":[],"product_cat":[34],"product_tag":[],"class_list":{"0":"post-1041","1":"product","2":"type-product","3":"status-publish","4":"has-post-thumbnail","6":"product_cat-longines","7":"desktop-align-center","8":"tablet-align-left","9":"mobile-align-left","11":"first","12":"instock","13":"sale","14":"shipping-taxable","15":"purchasable","16":"product-type-simple"},"_links":{"self":[{"href":"https:\/\/mirekboutique.com\/de\/wp-json\/wp\/v2\/product\/1041","targetHints":{"allow":["GET"]}}],"collection":[{"href":"https:\/\/mirekboutique.com\/de\/wp-json\/wp\/v2\/product"}],"about":[{"href":"https:\/\/mirekboutique.com\/de\/wp-json\/wp\/v2\/types\/product"}],"replies":[{"embeddable":true,"href":"https:\/\/mirekboutique.com\/de\/wp-json\/wp\/v2\/comments?post=1041"}],"version-history":[{"count":1,"href":"https:\/\/mirekboutique.com\/de\/wp-json\/wp\/v2\/product\/1041\/revisions"}],"predecessor-version":[{"id":1047,"href":"https:\/\/mirekboutique.com\/de\/wp-json\/wp\/v2\/product\/1041\/revisions\/1047"}],"wp:featuredmedia":[{"embeddable":true,"href":"https:\/\/mirekboutique.com\/de\/wp-json\/wp\/v2\/media\/1042"}],"wp:attachment":[{"href":"https:\/\/mirekboutique.com\/de\/wp-json\/wp\/v2\/media?parent=1041"}],"wp:term":[{"taxonomy":"product_brand","embeddable":true,"href":"https:\/\/mirekboutique.com\/de\/wp-json\/wp\/v2\/product_brand?post=1041"},{"taxonomy":"product_cat","embeddable":true,"href":"https:\/\/mirekboutique.com\/de\/wp-json\/wp\/v2\/product_cat?post=1041"},{"taxonomy":"product_tag","embeddable":true,"href":"https:\/\/mirekboutique.com\/de\/wp-json\/wp\/v2\/product_tag?post=1041"}],"curies":[{"name":"wp","href":"https:\/\/api.w.org\/{rel}","templated":true}]}}