{"id":1048,"date":"2025-05-09T01:11:52","date_gmt":"2025-05-08T17:11:52","guid":{"rendered":"https:\/\/mirekboutique.com\/?post_type=product&#038;p=1048"},"modified":"2025-05-24T19:21:47","modified_gmt":"2025-05-24T11:21:47","slug":"lq142-legend-diver-perfectly-reproduced","status":"publish","type":"product","link":"https:\/\/mirekboutique.com\/de\/produkt\/lq142-legend-diver-perfectly-reproduced\/","title":{"rendered":"LQ142 Legend Diver Perfekt wiedergegeben"},"content":{"rendered":"<p>Neu gelistet! [OS Factory \ud83c\udfaeDG1 Classic Replica Legend Diver Legend Series Diving Watches, einzigartige Retro-Textur, vielseitig Business und Freizeit und andere mehrere Gelegenheiten, die Interpretation der zeitgen\u00f6ssischen M\u00e4nner Eleganz und Charme, die urspr\u00fcngliche Formgebung, das exklusive Deb\u00fct des Marktes! Die Oberfl\u00c3?che des Geh\u00c3?uses nach satiniert geb\u00c3?rstet Prozess, voller Textur, Bronze-Material-Geh\u00c3?use mit dem Lauf der Zeit wird ein einzigartiges Kupfergr\u00c3?n zu produzieren, was die Zeit in der ruhigen und bestimmten Gentleman Charme! 2, die Tabelle Seite auf beiden Seiten mit dem gleichen authentisch, mit zwei rotierenden Kronen, zwei Uhr Krone verwendet, um die Drehung des inneren Kreises, vier Uhr verwendet, um Zeit einzustellen. Die Oberseite der Krone ist mit einem karierten Design eingraviert, beide Seiten sind auch mit rutschfesten Lochmuster ausgestattet, so dass der Tr\u00e4ger die Zeit einstellen kann! 3, das Glas ist aus echtem konsistenten hoch gew\u00f6lbten doppelseitigen Antireflexions-Saphirglas Spiegel gemacht! \ud83c\udfae4, das Zifferblatt und die authentische konsequent lackiert Gradient Stil, geschichtet. Harmonischer Farbton, und passende Zeiger mit der authentischen sind mit Leuchtstoff beschichtet! Die Stundenmarkierungen sind mit quadratischen Markern eingelegt, die mit Super-LumiNova Leuchtstoff beschichtet sind! Stellen Sie sicher, dass die Zeit auch in einer d\u00fcsteren Umgebung deutlich gelesen werden kann! 5, die Uhr Bodenabdeckung und die gleiche wie die authentische Verwendung von geschlossenen Boden-Design, und mit einem Taucher gepr\u00e4gte Emblem eingraviert, ein Echo der tiefen Wurzeln dieser Uhr und Tauchen! 6, das Band und die gleiche wie die authentische Verwendung von einzigartigen Textur von Kalbsleder Material, mit dem gleichen authentischen quadratischen Schnalle, einfach zu bedienen, bequem zu tragen und langlebig! 7, die Bewegung ist weithin Replik Gemeinschaft respektiert M\u00f6we TOP-Ebene! 2824 Automatikwerk, um die urspr\u00fcngliche Cal.L888.5 Bewegung! OS Produktion: Handwerkskunst, Fokus auf Details! \ud83c\udfaeS1 exquisite empfohlen Herren mechanische Uhren<\/p>","protected":false},"excerpt":{"rendered":"<p>\ud83d\udd25\ud83d\udd25Alle Waren auf dieser Website sind High-End-perfekte Repliken von Super-Hersteller, nagelneu und unge\u00f6ffnet, Qualit\u00e4t und After-Sales-Service sind garantiert!<\/p>\n<p>\u2705\u2705\u2705\u2705Mirekboutique produziert nur qualitativ hochwertige Artikel Alle Artikel in unserem Shop werden mit der Originalverpackung geliefert Hochwertige Holzbox<\/p>\n<p>\ud83c\udf39\ud83c\udf39Bitte kaufen Sie sicher Alle Waren unterst\u00fctzen Nachnahme W\u00fcnschen Sie einen guten Einkauf<\/p>","protected":false},"featured_media":1049,"comment_status":"open","ping_status":"closed","template":"","meta":{"_monsterinsights_skip_tracking":false,"_monsterinsights_sitenote_active":false,"_monsterinsights_sitenote_note":"","_monsterinsights_sitenote_category":0,"site-sidebar-layout":"default","site-content-layout":"","ast-site-content-layout":"default","site-content-style":"default","site-sidebar-style":"default","ast-global-header-display":"","ast-banner-title-visibility":"","ast-main-header-display":"","ast-hfb-above-header-display":"","ast-hfb-below-header-display":"","ast-hfb-mobile-header-display":"","site-post-title":"","ast-breadcrumbs-content":"","ast-featured-img":"","footer-sml-layout":"","theme-transparent-header-meta":"default","adv-header-id-meta":"","stick-header-meta":"","header-above-stick-meta":"","header-main-stick-meta":"","header-below-stick-meta":"","astra-migrate-meta-layouts":"set","ast-page-background-enabled":"default","ast-page-background-meta":{"desktop":{"background-color":"var(--ast-global-color-4)","background-image":"","background-repeat":"repeat","background-position":"center center","background-size":"auto","background-attachment":"scroll","background-type":"","background-media":"","overlay-type":"","overlay-color":"","overlay-opacity":"","overlay-gradient":""},"tablet":{"background-color":"","background-image":"","background-repeat":"repeat","background-position":"center center","background-size":"auto","background-attachment":"scroll","background-type":"","background-media":"","overlay-type":"","overlay-color":"","overlay-opacity":"","overlay-gradient":""},"mobile":{"background-color":"","background-image":"","background-repeat":"repeat","background-position":"center center","background-size":"auto","background-attachment":"scroll","background-type":"","background-media":"","overlay-type":"","overlay-color":"","overlay-opacity":"","overlay-gradient":""}},"ast-content-background-meta":{"desktop":{"background-color":"var(--ast-global-color-5)","background-image":"","background-repeat":"repeat","background-position":"center center","background-size":"auto","background-attachment":"scroll","background-type":"","background-media":"","overlay-type":"","overlay-color":"","overlay-opacity":"","overlay-gradient":""},"tablet":{"background-color":"var(--ast-global-color-5)","background-image":"","background-repeat":"repeat","background-position":"center center","background-size":"auto","background-attachment":"scroll","background-type":"","background-media":"","overlay-type":"","overlay-color":"","overlay-opacity":"","overlay-gradient":""},"mobile":{"background-color":"var(--ast-global-color-5)","background-image":"","background-repeat":"repeat","background-position":"center center","background-size":"auto","background-attachment":"scroll","background-type":"","background-media":"","overlay-type":"","overlay-color":"","overlay-opacity":"","overlay-gradient":""}}},"product_brand":[],"product_cat":[34],"product_tag":[],"class_list":{"0":"post-1048","1":"product","2":"type-product","3":"status-publish","4":"has-post-thumbnail","6":"product_cat-longines","7":"desktop-align-center","8":"tablet-align-left","9":"mobile-align-left","11":"first","12":"instock","13":"sale","14":"shipping-taxable","15":"purchasable","16":"product-type-simple"},"_links":{"self":[{"href":"https:\/\/mirekboutique.com\/de\/wp-json\/wp\/v2\/product\/1048","targetHints":{"allow":["GET"]}}],"collection":[{"href":"https:\/\/mirekboutique.com\/de\/wp-json\/wp\/v2\/product"}],"about":[{"href":"https:\/\/mirekboutique.com\/de\/wp-json\/wp\/v2\/types\/product"}],"replies":[{"embeddable":true,"href":"https:\/\/mirekboutique.com\/de\/wp-json\/wp\/v2\/comments?post=1048"}],"version-history":[{"count":1,"href":"https:\/\/mirekboutique.com\/de\/wp-json\/wp\/v2\/product\/1048\/revisions"}],"predecessor-version":[{"id":1053,"href":"https:\/\/mirekboutique.com\/de\/wp-json\/wp\/v2\/product\/1048\/revisions\/1053"}],"wp:featuredmedia":[{"embeddable":true,"href":"https:\/\/mirekboutique.com\/de\/wp-json\/wp\/v2\/media\/1049"}],"wp:attachment":[{"href":"https:\/\/mirekboutique.com\/de\/wp-json\/wp\/v2\/media?parent=1048"}],"wp:term":[{"taxonomy":"product_brand","embeddable":true,"href":"https:\/\/mirekboutique.com\/de\/wp-json\/wp\/v2\/product_brand?post=1048"},{"taxonomy":"product_cat","embeddable":true,"href":"https:\/\/mirekboutique.com\/de\/wp-json\/wp\/v2\/product_cat?post=1048"},{"taxonomy":"product_tag","embeddable":true,"href":"https:\/\/mirekboutique.com\/de\/wp-json\/wp\/v2\/product_tag?post=1048"}],"curies":[{"name":"wp","href":"https:\/\/api.w.org\/{rel}","templated":true}]}}