{"id":1085,"date":"2025-05-09T01:23:55","date_gmt":"2025-05-08T17:23:55","guid":{"rendered":"https:\/\/mirekboutique.com\/?post_type=product&#038;p=1085"},"modified":"2025-05-24T19:21:46","modified_gmt":"2025-05-24T11:21:46","slug":"lq147-masterpiece-moonphase-latest-model-l2-11-super-clone","status":"publish","type":"product","link":"https:\/\/mirekboutique.com\/de\/produkt\/lq147-masterpiece-moonphase-latest-model-l2-11-super-clone\/","title":{"rendered":"LQ147 Masterpiece Moonphase Neuestes Modell L2 1:1 Super Clone"},"content":{"rendered":"<p>KL Fabrik wieder auf den Gipfel der Replik sorgf\u00e4ltig gefertigte Meisterwerk Mondphase neuesten L2.773.4.78.6 Uhr - Tausende von Feinheiten, die Konvergenz einer Scheibe, das Layout der exquisiten, ausgezeichneten Sinn der Ansicht!<br \/>\nDrei Originaluhren wurden gekauft und gegossen, und die exquisite Handwerkskunst ist am Handgelenk zu sehen.<br \/>\n[Geh\u00e4use] Uhrengr\u00f6\u00dfe 40mm X 14.5mm Das Geh\u00e4use ist aus hochwertigem 316L-Edelstahl gefertigt, hell und gl\u00e4nzend, mit der urspr\u00fcnglichen gl\u00e4nzenden Textur der weichen Linien. Upright Nasen und Fall in einem St\u00fcck geformt, das Tragen eines in der N\u00e4he der Hand, extrem komfortabel!<br \/>\n[Bewegung] mit Dandong 7751 Bewegung, um die urspr\u00fcngliche L.687 Art Bewegung zu \u00e4ndern, alle Funktionen mit dem Original synchronisiert. Es ist eines der stolzen Produkte der inl\u00e4ndischen Bewegung Gewicht, und ist auch die charakteristische klassische Longines Stil.<br \/>\n[W\u00f6rtlich] Longines Mondphase wieder den h\u00f6chsten Grad der \"Weizenkorn\" Verzierung, dreidimensionalen Druck der schwarzen arabischen Skala, jede Schriftart sind strenge Bezugnahme auf den urspr\u00fcnglichen Stil, zu erreichen und echte austauschbar Ebenen<br \/>\n[Zeiger] acht Nadel Mondphase hat acht Hochtemperatur-Abschrecken und Schmieden gebl\u00e4utem Stahl H\u00e4nde, tief und unverwechselbar, glitzernde. Der gebl\u00e4ute Stahl Prozess ist das h\u00f6chste Niveau der Schweizer Handwerkskunst, Hintergrundbeleuchtung tief, schillernd, um das Licht!<br \/>\n[Das Uhrwerk funktioniert wie das Original - eine perfekte Mischung aus Mondphase, Vollkalender, 24-Stunden- und Multifunktions-Chronographenfunktionen, mechanisches Uhrwerk mit Automatikaufzug L687, 28.800 Halbschwingungen pro Stunde, bis zu 45 Stunden Gangreserve!<br \/>\nKL Fabrik] KL Fabrik ist nur auf die beliebtesten vertrauten Long Familie der h\u00f6chsten Qualit\u00e4t Uhren, Produkt reich, kontinuierliche Verbesserung zu schaffen, in dem Streben nach Qualit\u00e4t zur gleichen Zeit auch tun, den Markt eines der kosteng\u00fcnstigsten Fabrik, wird jede Uhr gekauft werden, um die Form des urspr\u00fcnglichen neuen Produkt-Produktion zu \u00f6ffnen, so dass die Uhr aus den Details der Textur sind perfekt restauriert, hier dank jeder und jeder Gesch\u00e4ftsmann, um die KL Fabrik und Freunde der Uhr zu unterst\u00fctzen, werden wir weiterhin hart arbeiten!<\/p>","protected":false},"excerpt":{"rendered":"<p>\ud83d\udd25\ud83d\udd25Alle Waren auf dieser Website sind High-End-perfekte Repliken von Super-Hersteller, nagelneu und unge\u00f6ffnet, Qualit\u00e4t und After-Sales-Service sind garantiert!<\/p>\n<p>\u2705\u2705\u2705\u2705Mirekboutique produziert nur qualitativ hochwertige Artikel Alle Artikel in unserem Shop werden mit der Originalverpackung geliefert Hochwertige Holzbox<\/p>\n<p>\ud83c\udf39\ud83c\udf39Bitte kaufen Sie sicher Alle Waren unterst\u00fctzen Nachnahme W\u00fcnschen Sie einen guten Einkauf<\/p>","protected":false},"featured_media":1086,"comment_status":"open","ping_status":"closed","template":"","meta":{"_monsterinsights_skip_tracking":false,"_monsterinsights_sitenote_active":false,"_monsterinsights_sitenote_note":"","_monsterinsights_sitenote_category":0,"site-sidebar-layout":"default","site-content-layout":"","ast-site-content-layout":"default","site-content-style":"default","site-sidebar-style":"default","ast-global-header-display":"","ast-banner-title-visibility":"","ast-main-header-display":"","ast-hfb-above-header-display":"","ast-hfb-below-header-display":"","ast-hfb-mobile-header-display":"","site-post-title":"","ast-breadcrumbs-content":"","ast-featured-img":"","footer-sml-layout":"","theme-transparent-header-meta":"default","adv-header-id-meta":"","stick-header-meta":"","header-above-stick-meta":"","header-main-stick-meta":"","header-below-stick-meta":"","astra-migrate-meta-layouts":"set","ast-page-background-enabled":"default","ast-page-background-meta":{"desktop":{"background-color":"var(--ast-global-color-4)","background-image":"","background-repeat":"repeat","background-position":"center center","background-size":"auto","background-attachment":"scroll","background-type":"","background-media":"","overlay-type":"","overlay-color":"","overlay-opacity":"","overlay-gradient":""},"tablet":{"background-color":"","background-image":"","background-repeat":"repeat","background-position":"center center","background-size":"auto","background-attachment":"scroll","background-type":"","background-media":"","overlay-type":"","overlay-color":"","overlay-opacity":"","overlay-gradient":""},"mobile":{"background-color":"","background-image":"","background-repeat":"repeat","background-position":"center center","background-size":"auto","background-attachment":"scroll","background-type":"","background-media":"","overlay-type":"","overlay-color":"","overlay-opacity":"","overlay-gradient":""}},"ast-content-background-meta":{"desktop":{"background-color":"var(--ast-global-color-5)","background-image":"","background-repeat":"repeat","background-position":"center center","background-size":"auto","background-attachment":"scroll","background-type":"","background-media":"","overlay-type":"","overlay-color":"","overlay-opacity":"","overlay-gradient":""},"tablet":{"background-color":"var(--ast-global-color-5)","background-image":"","background-repeat":"repeat","background-position":"center center","background-size":"auto","background-attachment":"scroll","background-type":"","background-media":"","overlay-type":"","overlay-color":"","overlay-opacity":"","overlay-gradient":""},"mobile":{"background-color":"var(--ast-global-color-5)","background-image":"","background-repeat":"repeat","background-position":"center center","background-size":"auto","background-attachment":"scroll","background-type":"","background-media":"","overlay-type":"","overlay-color":"","overlay-opacity":"","overlay-gradient":""}}},"product_brand":[],"product_cat":[34],"product_tag":[],"class_list":{"0":"post-1085","1":"product","2":"type-product","3":"status-publish","4":"has-post-thumbnail","6":"product_cat-longines","7":"desktop-align-center","8":"tablet-align-left","9":"mobile-align-left","11":"first","12":"instock","13":"sale","14":"shipping-taxable","15":"purchasable","16":"product-type-simple"},"_links":{"self":[{"href":"https:\/\/mirekboutique.com\/de\/wp-json\/wp\/v2\/product\/1085","targetHints":{"allow":["GET"]}}],"collection":[{"href":"https:\/\/mirekboutique.com\/de\/wp-json\/wp\/v2\/product"}],"about":[{"href":"https:\/\/mirekboutique.com\/de\/wp-json\/wp\/v2\/types\/product"}],"replies":[{"embeddable":true,"href":"https:\/\/mirekboutique.com\/de\/wp-json\/wp\/v2\/comments?post=1085"}],"version-history":[{"count":1,"href":"https:\/\/mirekboutique.com\/de\/wp-json\/wp\/v2\/product\/1085\/revisions"}],"predecessor-version":[{"id":1091,"href":"https:\/\/mirekboutique.com\/de\/wp-json\/wp\/v2\/product\/1085\/revisions\/1091"}],"wp:featuredmedia":[{"embeddable":true,"href":"https:\/\/mirekboutique.com\/de\/wp-json\/wp\/v2\/media\/1086"}],"wp:attachment":[{"href":"https:\/\/mirekboutique.com\/de\/wp-json\/wp\/v2\/media?parent=1085"}],"wp:term":[{"taxonomy":"product_brand","embeddable":true,"href":"https:\/\/mirekboutique.com\/de\/wp-json\/wp\/v2\/product_brand?post=1085"},{"taxonomy":"product_cat","embeddable":true,"href":"https:\/\/mirekboutique.com\/de\/wp-json\/wp\/v2\/product_cat?post=1085"},{"taxonomy":"product_tag","embeddable":true,"href":"https:\/\/mirekboutique.com\/de\/wp-json\/wp\/v2\/product_tag?post=1085"}],"curies":[{"name":"wp","href":"https:\/\/api.w.org\/{rel}","templated":true}]}}