{"id":1113,"date":"2025-05-09T01:31:45","date_gmt":"2025-05-08T17:31:45","guid":{"rendered":"https:\/\/mirekboutique.com\/?post_type=product&#038;p=1113"},"modified":"2025-05-24T19:21:46","modified_gmt":"2025-05-24T11:21:46","slug":"lq151-v2-upgrade-11-super-clone","status":"publish","type":"product","link":"https:\/\/mirekboutique.com\/de\/produkt\/lq151-v2-upgrade-11-super-clone\/","title":{"rendered":"LQ151 V2 Upgrade 1:1 Super Clone"},"content":{"rendered":"<p>LG kletterte die Spitze der Replik wieder] V2 Upgrade LG sorgf\u00e4ltig gestaltete das neueste Modell der Masterpiece Moonphase L2.773.4.78.6 Uhr - tausend Feinheiten, konvergierende in einer Scheibe, das Layout ist exquisit, die Aussicht ist ausgezeichnet!<br \/>\n1\u20e3\ufe0f [Geh\u00e4use] Die Uhr misst 42 Millimeter und ist 14,5 Millimeter dick! Das Geh\u00e4use ist aus 316L-Edelstahl von hervorragender Qualit\u00e4t gefertigt, gl\u00e4nzend und mit den urspr\u00fcnglichen weichen und anmutigen Linien. Die aufrecht stehenden Bandanst\u00f6\u00dfe sind in das Geh\u00e4use eingearbeitet und sorgen f\u00fcr einen hohen Tragekomfort!<br \/>\n2\u20e3\ufe0f [Uhrwerk] mit Shanghai 7751 Bewegung, um die urspr\u00fcngliche L.687 Typ Bewegung, alle Funktionen mit dem Original synchronisiert zu \u00e4ndern.<br \/>\n3\u20e3\ufe0f[Wundersch\u00f6ne Details]<br \/>\n1. Die Uhrwerkfunktion entspricht dem Original - eine perfekte Mischung aus Mondphase, Vollkalender, Vierundzwanzig-Stunden- und Chronographenfunktion und anderen praktischen Funktionen!<br \/>\n2. Acht Hochtemperatur-Abschrecken und Schmieden von gebl\u00e4uten Stahl H\u00e4nde, tief und gl\u00e4nzend.<br \/>\n3. Exklusiv auf dem Markt - das automatische Tourbillon ist mit dem Original synchronisiert, der neuesten offiziellen Version der LG Handwerkskunst!<\/p>","protected":false},"excerpt":{"rendered":"<p>\ud83d\udd25\ud83d\udd25Alle Waren auf dieser Website sind High-End-perfekte Repliken von Super-Hersteller, nagelneu und unge\u00f6ffnet, Qualit\u00e4t und After-Sales-Service sind garantiert!<\/p>\n<p>\u2705\u2705\u2705\u2705Mirekboutique produziert nur qualitativ hochwertige Artikel Alle Artikel in unserem Shop werden mit der Originalverpackung geliefert Hochwertige Holzbox<\/p>\n<p>\ud83c\udf39\ud83c\udf39Bitte kaufen Sie sicher Alle Waren unterst\u00fctzen Nachnahme W\u00fcnschen Sie einen guten Einkauf<\/p>","protected":false},"featured_media":1114,"comment_status":"open","ping_status":"closed","template":"","meta":{"_monsterinsights_skip_tracking":false,"_monsterinsights_sitenote_active":false,"_monsterinsights_sitenote_note":"","_monsterinsights_sitenote_category":0,"site-sidebar-layout":"default","site-content-layout":"","ast-site-content-layout":"default","site-content-style":"default","site-sidebar-style":"default","ast-global-header-display":"","ast-banner-title-visibility":"","ast-main-header-display":"","ast-hfb-above-header-display":"","ast-hfb-below-header-display":"","ast-hfb-mobile-header-display":"","site-post-title":"","ast-breadcrumbs-content":"","ast-featured-img":"","footer-sml-layout":"","theme-transparent-header-meta":"default","adv-header-id-meta":"","stick-header-meta":"","header-above-stick-meta":"","header-main-stick-meta":"","header-below-stick-meta":"","astra-migrate-meta-layouts":"set","ast-page-background-enabled":"default","ast-page-background-meta":{"desktop":{"background-color":"var(--ast-global-color-4)","background-image":"","background-repeat":"repeat","background-position":"center center","background-size":"auto","background-attachment":"scroll","background-type":"","background-media":"","overlay-type":"","overlay-color":"","overlay-opacity":"","overlay-gradient":""},"tablet":{"background-color":"","background-image":"","background-repeat":"repeat","background-position":"center center","background-size":"auto","background-attachment":"scroll","background-type":"","background-media":"","overlay-type":"","overlay-color":"","overlay-opacity":"","overlay-gradient":""},"mobile":{"background-color":"","background-image":"","background-repeat":"repeat","background-position":"center center","background-size":"auto","background-attachment":"scroll","background-type":"","background-media":"","overlay-type":"","overlay-color":"","overlay-opacity":"","overlay-gradient":""}},"ast-content-background-meta":{"desktop":{"background-color":"var(--ast-global-color-5)","background-image":"","background-repeat":"repeat","background-position":"center center","background-size":"auto","background-attachment":"scroll","background-type":"","background-media":"","overlay-type":"","overlay-color":"","overlay-opacity":"","overlay-gradient":""},"tablet":{"background-color":"var(--ast-global-color-5)","background-image":"","background-repeat":"repeat","background-position":"center center","background-size":"auto","background-attachment":"scroll","background-type":"","background-media":"","overlay-type":"","overlay-color":"","overlay-opacity":"","overlay-gradient":""},"mobile":{"background-color":"var(--ast-global-color-5)","background-image":"","background-repeat":"repeat","background-position":"center center","background-size":"auto","background-attachment":"scroll","background-type":"","background-media":"","overlay-type":"","overlay-color":"","overlay-opacity":"","overlay-gradient":""}}},"product_brand":[],"product_cat":[34],"product_tag":[],"class_list":{"0":"post-1113","1":"product","2":"type-product","3":"status-publish","4":"has-post-thumbnail","6":"product_cat-longines","7":"desktop-align-center","8":"tablet-align-left","9":"mobile-align-left","11":"first","12":"instock","13":"sale","14":"shipping-taxable","15":"purchasable","16":"product-type-simple"},"_links":{"self":[{"href":"https:\/\/mirekboutique.com\/de\/wp-json\/wp\/v2\/product\/1113","targetHints":{"allow":["GET"]}}],"collection":[{"href":"https:\/\/mirekboutique.com\/de\/wp-json\/wp\/v2\/product"}],"about":[{"href":"https:\/\/mirekboutique.com\/de\/wp-json\/wp\/v2\/types\/product"}],"replies":[{"embeddable":true,"href":"https:\/\/mirekboutique.com\/de\/wp-json\/wp\/v2\/comments?post=1113"}],"version-history":[{"count":1,"href":"https:\/\/mirekboutique.com\/de\/wp-json\/wp\/v2\/product\/1113\/revisions"}],"predecessor-version":[{"id":1119,"href":"https:\/\/mirekboutique.com\/de\/wp-json\/wp\/v2\/product\/1113\/revisions\/1119"}],"wp:featuredmedia":[{"embeddable":true,"href":"https:\/\/mirekboutique.com\/de\/wp-json\/wp\/v2\/media\/1114"}],"wp:attachment":[{"href":"https:\/\/mirekboutique.com\/de\/wp-json\/wp\/v2\/media?parent=1113"}],"wp:term":[{"taxonomy":"product_brand","embeddable":true,"href":"https:\/\/mirekboutique.com\/de\/wp-json\/wp\/v2\/product_brand?post=1113"},{"taxonomy":"product_cat","embeddable":true,"href":"https:\/\/mirekboutique.com\/de\/wp-json\/wp\/v2\/product_cat?post=1113"},{"taxonomy":"product_tag","embeddable":true,"href":"https:\/\/mirekboutique.com\/de\/wp-json\/wp\/v2\/product_tag?post=1113"}],"curies":[{"name":"wp","href":"https:\/\/api.w.org\/{rel}","templated":true}]}}