{"id":1348,"date":"2025-05-09T02:35:55","date_gmt":"2025-05-08T18:35:55","guid":{"rendered":"https:\/\/mirekboutique.com\/?post_type=product&#038;p=1348"},"modified":"2025-05-24T19:21:44","modified_gmt":"2025-05-24T11:21:44","slug":"bd008-ai-fantasy-star-watch-11-super-clone","status":"publish","type":"product","link":"https:\/\/mirekboutique.com\/de\/produkt\/bd008-ai-fantasy-star-watch-11-super-clone\/","title":{"rendered":"BD008 AI Fantasy Star Watch 1:1 Super-Klon"},"content":{"rendered":"<p>Die AI Fantasy Star Uhr kam aus dem Nichts und machte ihrem Namen alle Ehre: ein echtes Stern-Orbit-Zifferblatt, das nach den echten 745 Stunden einen Kreis bildet. Genau wie das authentische, exklusive dreilagige Zifferblatt eine perfekte Replik der Originaluhr! Geliefert mit Z\u00e4hler Versandkarton!<br \/>\n\"Das Symbol der Aristokratie\" PP Sky Moon Watches enth\u00e4lt eine Panoramaansicht des Himmels, des schillerndsten Sternenhimmels der n\u00f6rdlichen Hemisph\u00e4re, mit einem einzigartigen dreischichtigen Zifferblatt, das sich in verschiedenen Geschwindigkeiten dreht und ein gew\u00f6lbtes Panorama der Sterne und des Mondes, der sich am Nachthimmel bewegt, pr\u00e4zise anzeigt. Die Sternenkarte setzt sich aus drei verschiedenen Scheiben zusammen: zwei Scheiben, die den Hintergrund des Sternenhimmels und die Mondphasen zeigen, sowie eine Scheibe aus transparentem Kristall, die die Sternenkarte und die Milchstra\u00dfe darstellt. Die Stunden- und Minutenzeiger sind durchbrochen in Form von Weidenbl\u00e4ttern auf dem Zifferblatt, mit silbergrauen Zeigern auf dem blauen Zifferblatt und cremefarbenen Zeigern auf dem schwarzen Zifferblatt. Das Zentrum hat eine massive, polierte Mittelachse, die dem Original entspricht und exklusiv ist. Der transparente Geh\u00e4useboden gibt den Blick frei auf das Tourbillonkaliber 240 LU CL C pearloid mit einem Durchmesser von 38 mm, einer Dicke von 6,81 mm, 315 Einzelteilen, 12 Br\u00fccken, 45 Steinen, einer Frequenz von 28.800 Halbschwingungen pro Stunde, einer maximalen Gangreserve von 48 Stunden und einer au\u00dfermittigen Miniaturschwungmasse aus 22-kar\u00e4tigem Gold. Das Armband mit Schnellverschluss ist ein handgen\u00e4htes Armband mit quadratischem Skalenmuster in hellen Farben und einer Faltschlie\u00dfe. 2-Uhr-Griff zum Einstellen des transparenten astrologischen Zifferblattes, um gleichzeitig die Mondphasenzeit abzulesen, das transparente astrologische Zifferblatt dreht sich einmal im Monat, 4-Uhr-Griff zum Einstellen des astrologischen Zifferblattes, rundes \u25cb Fenster zur Anzeige der Mondphasen, das 6-Uhr-Geh\u00e4use ist wie beim Original mit einem Diamanten umwickelt, der niemals aus den Diamanten herausfallen wird! Dies ist das faszinierendste super-komplexe Uhrenmodell, das von der AI-Fabrik entwickelt und produziert wurde, tragen Sie den ganzen Sternenhimmel an Ihrem Handgelenk, Sie haben es verdient!<\/p>","protected":false},"excerpt":{"rendered":"<p>\ud83d\udd25\ud83d\udd25Alle Waren auf dieser Website sind High-End-perfekte Repliken von Super-Hersteller, nagelneu und unge\u00f6ffnet, Qualit\u00e4t und After-Sales-Service sind garantiert!<\/p>\n<p>\u2705\u2705\u2705\u2705Mirekboutique produziert nur qualitativ hochwertige Artikel Alle Artikel in unserem Shop werden mit der Originalverpackung geliefert Hochwertige Holzbox<\/p>\n<p>\ud83c\udf39\ud83c\udf39Bitte kaufen Sie sicher Alle Waren unterst\u00fctzen Nachnahme W\u00fcnschen Sie einen guten Einkauf<\/p>","protected":false},"featured_media":1349,"comment_status":"open","ping_status":"closed","template":"","meta":{"_monsterinsights_skip_tracking":false,"_monsterinsights_sitenote_active":false,"_monsterinsights_sitenote_note":"","_monsterinsights_sitenote_category":0,"site-sidebar-layout":"default","site-content-layout":"","ast-site-content-layout":"default","site-content-style":"default","site-sidebar-style":"default","ast-global-header-display":"","ast-banner-title-visibility":"","ast-main-header-display":"","ast-hfb-above-header-display":"","ast-hfb-below-header-display":"","ast-hfb-mobile-header-display":"","site-post-title":"","ast-breadcrumbs-content":"","ast-featured-img":"","footer-sml-layout":"","theme-transparent-header-meta":"default","adv-header-id-meta":"","stick-header-meta":"","header-above-stick-meta":"","header-main-stick-meta":"","header-below-stick-meta":"","astra-migrate-meta-layouts":"set","ast-page-background-enabled":"default","ast-page-background-meta":{"desktop":{"background-color":"var(--ast-global-color-4)","background-image":"","background-repeat":"repeat","background-position":"center center","background-size":"auto","background-attachment":"scroll","background-type":"","background-media":"","overlay-type":"","overlay-color":"","overlay-opacity":"","overlay-gradient":""},"tablet":{"background-color":"","background-image":"","background-repeat":"repeat","background-position":"center center","background-size":"auto","background-attachment":"scroll","background-type":"","background-media":"","overlay-type":"","overlay-color":"","overlay-opacity":"","overlay-gradient":""},"mobile":{"background-color":"","background-image":"","background-repeat":"repeat","background-position":"center center","background-size":"auto","background-attachment":"scroll","background-type":"","background-media":"","overlay-type":"","overlay-color":"","overlay-opacity":"","overlay-gradient":""}},"ast-content-background-meta":{"desktop":{"background-color":"var(--ast-global-color-5)","background-image":"","background-repeat":"repeat","background-position":"center center","background-size":"auto","background-attachment":"scroll","background-type":"","background-media":"","overlay-type":"","overlay-color":"","overlay-opacity":"","overlay-gradient":""},"tablet":{"background-color":"var(--ast-global-color-5)","background-image":"","background-repeat":"repeat","background-position":"center center","background-size":"auto","background-attachment":"scroll","background-type":"","background-media":"","overlay-type":"","overlay-color":"","overlay-opacity":"","overlay-gradient":""},"mobile":{"background-color":"var(--ast-global-color-5)","background-image":"","background-repeat":"repeat","background-position":"center center","background-size":"auto","background-attachment":"scroll","background-type":"","background-media":"","overlay-type":"","overlay-color":"","overlay-opacity":"","overlay-gradient":""}}},"product_brand":[],"product_cat":[18],"product_tag":[],"class_list":{"0":"post-1348","1":"product","2":"type-product","3":"status-publish","4":"has-post-thumbnail","6":"product_cat-patek-philippe","7":"desktop-align-center","8":"tablet-align-left","9":"mobile-align-left","11":"first","12":"instock","13":"sale","14":"shipping-taxable","15":"purchasable","16":"product-type-simple"},"_links":{"self":[{"href":"https:\/\/mirekboutique.com\/de\/wp-json\/wp\/v2\/product\/1348","targetHints":{"allow":["GET"]}}],"collection":[{"href":"https:\/\/mirekboutique.com\/de\/wp-json\/wp\/v2\/product"}],"about":[{"href":"https:\/\/mirekboutique.com\/de\/wp-json\/wp\/v2\/types\/product"}],"replies":[{"embeddable":true,"href":"https:\/\/mirekboutique.com\/de\/wp-json\/wp\/v2\/comments?post=1348"}],"version-history":[{"count":1,"href":"https:\/\/mirekboutique.com\/de\/wp-json\/wp\/v2\/product\/1348\/revisions"}],"predecessor-version":[{"id":1354,"href":"https:\/\/mirekboutique.com\/de\/wp-json\/wp\/v2\/product\/1348\/revisions\/1354"}],"wp:featuredmedia":[{"embeddable":true,"href":"https:\/\/mirekboutique.com\/de\/wp-json\/wp\/v2\/media\/1349"}],"wp:attachment":[{"href":"https:\/\/mirekboutique.com\/de\/wp-json\/wp\/v2\/media?parent=1348"}],"wp:term":[{"taxonomy":"product_brand","embeddable":true,"href":"https:\/\/mirekboutique.com\/de\/wp-json\/wp\/v2\/product_brand?post=1348"},{"taxonomy":"product_cat","embeddable":true,"href":"https:\/\/mirekboutique.com\/de\/wp-json\/wp\/v2\/product_cat?post=1348"},{"taxonomy":"product_tag","embeddable":true,"href":"https:\/\/mirekboutique.com\/de\/wp-json\/wp\/v2\/product_tag?post=1348"}],"curies":[{"name":"wp","href":"https:\/\/api.w.org\/{rel}","templated":true}]}}