{"id":1362,"date":"2025-05-09T02:40:22","date_gmt":"2025-05-08T18:40:22","guid":{"rendered":"https:\/\/mirekboutique.com\/?post_type=product&#038;p=1362"},"modified":"2025-05-24T19:21:44","modified_gmt":"2025-05-24T11:21:44","slug":"bd010-clatrava-series-11-super-clone-from-a-super-factory","status":"publish","type":"product","link":"https:\/\/mirekboutique.com\/de\/produkt\/bd010-clatrava-series-11-super-clone-from-a-super-factory\/","title":{"rendered":"BD010 Clatrava Serie 1:1 Super-Klon aus einer Super-Fabrik"},"content":{"rendered":"<p>Neu aus der PPF-Fabrik in Hongkong - PP Calatrava Ref. 5226G-001 Geh\u00e4use: Die Calatrava-Kollektion ist bekannt f\u00fcr ihre abgerundete und glatte Geh\u00e4useform. Heute hat PP dieses Merkmal aufgegriffen und es mit einem Pariser Nietenmotiv an den Seitenkanten des Geh\u00e4uses neu gestaltet. Das Pariser Nietenmotiv ist ein klassisches Element von Patek Philippe, das bei der Calatrava Parisian Studded Ref. 6119 im Jahr 2021 aufgegriffen wurde. Die Designer haben eine spezielle Geh\u00e4usekonstruktion entwickelt, die es erm\u00f6glicht, die Bandanst\u00f6\u00dfe in den Geh\u00e4useboden zu integrieren, so dass die Pariser Nieten die Geh\u00e4useseite vollst\u00e4ndig bedecken. Das Hk-Werk hat das Geh\u00e4use so geformt, dass es dem Original entspricht! Literatur: Das anthrazitfarbene Zifferblatt ist vom Vintage-Stil inspiriert, mit einem schwarzen Farbverlauf an den R\u00e4ndern und einer dezenten Maserung, die an alte Kamerageh\u00e4use erinnert. Das Zifferblatt wird durch dreidimensionale Wei\u00dfgoldbuchstaben mit beigefarbener Leuchtbeschichtung und eine dezente \"Track\"-Sekundenanzeige erg\u00e4nzt. Die zylindrischen Stunden- und Minutenzeiger aus Wei\u00dfgold sind mit beigefarbener Leuchtmasse beschichtet, und das Datumsfenster bei 3 Uhr ist mit beigefarbener Schrift vor schwarzem Hintergrund beschriftet Movement: Die Manufaktur PPF verwendet als Basiskaliber das importierte 9015, das angepasst und aufgewertet wurde! Das Uhrwerk verf\u00fcgt \u00fcber abgeschr\u00e4gte Br\u00fccken, polierte Kanten, Fischschuppen und Genfer Streifen auf den gro\u00dfen und kleinen Br\u00fccken, goldfarbene Gravuren auf den Oberfl\u00e4chen der Br\u00fccken, polierte und abgeschr\u00e4gte Schraubenaussparungen und ist mit dem klassischen Patek Philippe Doppel-P-Zeichen versehen! Armband: Die neue Ref. 5226G-001 ist mit zwei auswechselbaren Armb\u00e4ndern erh\u00e4ltlich: einem aus beigem Kalbsveloursleder und einem aus schwarzem Kalbsleder mit gepr\u00e4gtem Strukturmuster und beiger Naht. Beide Armb\u00e4nder sind mit einer wei\u00dfgoldenen Dornschlie\u00dfe und einem Schnellverschluss ausgestattet, was das Auswechseln der Armb\u00e4nder noch bequemer macht! Die PPF-Fabrik wird sich nicht aufl\u00f6sen, sie wird sich weiter verbessern und auch in Zukunft Originalkopien von Uhren f\u00fcr Uhrenliebhaber aus allen Gesellschaftsschichten herstellen.<\/p>","protected":false},"excerpt":{"rendered":"<p>\ud83d\udd25\ud83d\udd25Alle Waren auf dieser Website sind High-End-perfekte Repliken von Super-Hersteller, nagelneu und unge\u00f6ffnet, Qualit\u00e4t und After-Sales-Service sind garantiert!<\/p>\n<p>\u2705\u2705\u2705\u2705Mirekboutique produziert nur qualitativ hochwertige Artikel Alle Artikel in unserem Shop werden mit der Originalverpackung geliefert Hochwertige Holzbox<\/p>\n<p>\ud83c\udf39\ud83c\udf39Bitte kaufen Sie sicher Alle Waren unterst\u00fctzen Nachnahme W\u00fcnschen Sie einen guten Einkauf<\/p>","protected":false},"featured_media":1363,"comment_status":"open","ping_status":"closed","template":"","meta":{"_monsterinsights_skip_tracking":false,"_monsterinsights_sitenote_active":false,"_monsterinsights_sitenote_note":"","_monsterinsights_sitenote_category":0,"site-sidebar-layout":"default","site-content-layout":"","ast-site-content-layout":"default","site-content-style":"default","site-sidebar-style":"default","ast-global-header-display":"","ast-banner-title-visibility":"","ast-main-header-display":"","ast-hfb-above-header-display":"","ast-hfb-below-header-display":"","ast-hfb-mobile-header-display":"","site-post-title":"","ast-breadcrumbs-content":"","ast-featured-img":"","footer-sml-layout":"","theme-transparent-header-meta":"default","adv-header-id-meta":"","stick-header-meta":"","header-above-stick-meta":"","header-main-stick-meta":"","header-below-stick-meta":"","astra-migrate-meta-layouts":"set","ast-page-background-enabled":"default","ast-page-background-meta":{"desktop":{"background-color":"var(--ast-global-color-4)","background-image":"","background-repeat":"repeat","background-position":"center center","background-size":"auto","background-attachment":"scroll","background-type":"","background-media":"","overlay-type":"","overlay-color":"","overlay-opacity":"","overlay-gradient":""},"tablet":{"background-color":"","background-image":"","background-repeat":"repeat","background-position":"center center","background-size":"auto","background-attachment":"scroll","background-type":"","background-media":"","overlay-type":"","overlay-color":"","overlay-opacity":"","overlay-gradient":""},"mobile":{"background-color":"","background-image":"","background-repeat":"repeat","background-position":"center center","background-size":"auto","background-attachment":"scroll","background-type":"","background-media":"","overlay-type":"","overlay-color":"","overlay-opacity":"","overlay-gradient":""}},"ast-content-background-meta":{"desktop":{"background-color":"var(--ast-global-color-5)","background-image":"","background-repeat":"repeat","background-position":"center center","background-size":"auto","background-attachment":"scroll","background-type":"","background-media":"","overlay-type":"","overlay-color":"","overlay-opacity":"","overlay-gradient":""},"tablet":{"background-color":"var(--ast-global-color-5)","background-image":"","background-repeat":"repeat","background-position":"center center","background-size":"auto","background-attachment":"scroll","background-type":"","background-media":"","overlay-type":"","overlay-color":"","overlay-opacity":"","overlay-gradient":""},"mobile":{"background-color":"var(--ast-global-color-5)","background-image":"","background-repeat":"repeat","background-position":"center center","background-size":"auto","background-attachment":"scroll","background-type":"","background-media":"","overlay-type":"","overlay-color":"","overlay-opacity":"","overlay-gradient":""}}},"product_brand":[],"product_cat":[18],"product_tag":[],"class_list":{"0":"post-1362","1":"product","2":"type-product","3":"status-publish","4":"has-post-thumbnail","6":"product_cat-patek-philippe","7":"desktop-align-center","8":"tablet-align-left","9":"mobile-align-left","11":"first","12":"instock","13":"sale","14":"shipping-taxable","15":"purchasable","16":"product-type-simple"},"_links":{"self":[{"href":"https:\/\/mirekboutique.com\/de\/wp-json\/wp\/v2\/product\/1362","targetHints":{"allow":["GET"]}}],"collection":[{"href":"https:\/\/mirekboutique.com\/de\/wp-json\/wp\/v2\/product"}],"about":[{"href":"https:\/\/mirekboutique.com\/de\/wp-json\/wp\/v2\/types\/product"}],"replies":[{"embeddable":true,"href":"https:\/\/mirekboutique.com\/de\/wp-json\/wp\/v2\/comments?post=1362"}],"version-history":[{"count":1,"href":"https:\/\/mirekboutique.com\/de\/wp-json\/wp\/v2\/product\/1362\/revisions"}],"predecessor-version":[{"id":1368,"href":"https:\/\/mirekboutique.com\/de\/wp-json\/wp\/v2\/product\/1362\/revisions\/1368"}],"wp:featuredmedia":[{"embeddable":true,"href":"https:\/\/mirekboutique.com\/de\/wp-json\/wp\/v2\/media\/1363"}],"wp:attachment":[{"href":"https:\/\/mirekboutique.com\/de\/wp-json\/wp\/v2\/media?parent=1362"}],"wp:term":[{"taxonomy":"product_brand","embeddable":true,"href":"https:\/\/mirekboutique.com\/de\/wp-json\/wp\/v2\/product_brand?post=1362"},{"taxonomy":"product_cat","embeddable":true,"href":"https:\/\/mirekboutique.com\/de\/wp-json\/wp\/v2\/product_cat?post=1362"},{"taxonomy":"product_tag","embeddable":true,"href":"https:\/\/mirekboutique.com\/de\/wp-json\/wp\/v2\/product_tag?post=1362"}],"curies":[{"name":"wp","href":"https:\/\/api.w.org\/{rel}","templated":true}]}}