{"id":1422,"date":"2025-05-09T02:55:54","date_gmt":"2025-05-08T18:55:54","guid":{"rendered":"https:\/\/mirekboutique.com\/?post_type=product&#038;p=1422"},"modified":"2025-05-24T19:21:43","modified_gmt":"2025-05-24T11:21:43","slug":"bd018-womens-fashion-watches-classic-11-super-clone","status":"publish","type":"product","link":"https:\/\/mirekboutique.com\/de\/produkt\/bd018-womens-fashion-watches-classic-11-super-clone\/","title":{"rendered":"BD018 Damenmode Uhren Classic 1:1 Super Clone"},"content":{"rendered":"<p>PP Classics, modische Uhren! Brand New Listing! Einzigartige 4\ufe0f\u20e3 5\ufe0f\u20e3 Bit-Logo kleine Sekunde \ud83c\udf08 digitale Skala liest die Zeit bequem Saphir Doppelteiler Glasspiegel, Standardgr\u00f6\u00dfe 41mm, die Details der perfekten Show Linie Verarbeitung, feine Politur, einfaches Aussehen, so dass Sie das Gef\u00fchl, die arrogante Gentleman Atmosph\u00e4re, perfekte Manifestation der k\u00f6niglichen Stammbaum der Patek Philippe Armbanduhren, w\u00fcrdig der globalen Lob.<\/p>","protected":false},"excerpt":{"rendered":"<p>\ud83d\udd25\ud83d\udd25Alle Waren auf dieser Website sind High-End-perfekte Repliken von Super-Hersteller, nagelneu und unge\u00f6ffnet, Qualit\u00e4t und After-Sales-Service sind garantiert!<\/p>\n<p>\u2705\u2705\u2705\u2705Mirekboutique produziert nur qualitativ hochwertige Artikel Alle Artikel in unserem Shop werden mit der Originalverpackung geliefert Hochwertige Holzbox<\/p>\n<p>\ud83c\udf39\ud83c\udf39Bitte kaufen Sie sicher Alle Waren unterst\u00fctzen Nachnahme W\u00fcnschen Sie einen guten Einkauf<\/p>","protected":false},"featured_media":1423,"comment_status":"open","ping_status":"closed","template":"","meta":{"_monsterinsights_skip_tracking":false,"_monsterinsights_sitenote_active":false,"_monsterinsights_sitenote_note":"","_monsterinsights_sitenote_category":0,"site-sidebar-layout":"default","site-content-layout":"","ast-site-content-layout":"default","site-content-style":"default","site-sidebar-style":"default","ast-global-header-display":"","ast-banner-title-visibility":"","ast-main-header-display":"","ast-hfb-above-header-display":"","ast-hfb-below-header-display":"","ast-hfb-mobile-header-display":"","site-post-title":"","ast-breadcrumbs-content":"","ast-featured-img":"","footer-sml-layout":"","theme-transparent-header-meta":"default","adv-header-id-meta":"","stick-header-meta":"","header-above-stick-meta":"","header-main-stick-meta":"","header-below-stick-meta":"","astra-migrate-meta-layouts":"set","ast-page-background-enabled":"default","ast-page-background-meta":{"desktop":{"background-color":"var(--ast-global-color-4)","background-image":"","background-repeat":"repeat","background-position":"center center","background-size":"auto","background-attachment":"scroll","background-type":"","background-media":"","overlay-type":"","overlay-color":"","overlay-opacity":"","overlay-gradient":""},"tablet":{"background-color":"","background-image":"","background-repeat":"repeat","background-position":"center center","background-size":"auto","background-attachment":"scroll","background-type":"","background-media":"","overlay-type":"","overlay-color":"","overlay-opacity":"","overlay-gradient":""},"mobile":{"background-color":"","background-image":"","background-repeat":"repeat","background-position":"center center","background-size":"auto","background-attachment":"scroll","background-type":"","background-media":"","overlay-type":"","overlay-color":"","overlay-opacity":"","overlay-gradient":""}},"ast-content-background-meta":{"desktop":{"background-color":"var(--ast-global-color-5)","background-image":"","background-repeat":"repeat","background-position":"center center","background-size":"auto","background-attachment":"scroll","background-type":"","background-media":"","overlay-type":"","overlay-color":"","overlay-opacity":"","overlay-gradient":""},"tablet":{"background-color":"var(--ast-global-color-5)","background-image":"","background-repeat":"repeat","background-position":"center center","background-size":"auto","background-attachment":"scroll","background-type":"","background-media":"","overlay-type":"","overlay-color":"","overlay-opacity":"","overlay-gradient":""},"mobile":{"background-color":"var(--ast-global-color-5)","background-image":"","background-repeat":"repeat","background-position":"center center","background-size":"auto","background-attachment":"scroll","background-type":"","background-media":"","overlay-type":"","overlay-color":"","overlay-opacity":"","overlay-gradient":""}}},"product_brand":[],"product_cat":[18],"product_tag":[],"class_list":{"0":"post-1422","1":"product","2":"type-product","3":"status-publish","4":"has-post-thumbnail","6":"product_cat-patek-philippe","7":"desktop-align-center","8":"tablet-align-left","9":"mobile-align-left","11":"first","12":"instock","13":"sale","14":"shipping-taxable","15":"purchasable","16":"product-type-simple"},"_links":{"self":[{"href":"https:\/\/mirekboutique.com\/de\/wp-json\/wp\/v2\/product\/1422","targetHints":{"allow":["GET"]}}],"collection":[{"href":"https:\/\/mirekboutique.com\/de\/wp-json\/wp\/v2\/product"}],"about":[{"href":"https:\/\/mirekboutique.com\/de\/wp-json\/wp\/v2\/types\/product"}],"replies":[{"embeddable":true,"href":"https:\/\/mirekboutique.com\/de\/wp-json\/wp\/v2\/comments?post=1422"}],"version-history":[{"count":1,"href":"https:\/\/mirekboutique.com\/de\/wp-json\/wp\/v2\/product\/1422\/revisions"}],"predecessor-version":[{"id":1428,"href":"https:\/\/mirekboutique.com\/de\/wp-json\/wp\/v2\/product\/1422\/revisions\/1428"}],"wp:featuredmedia":[{"embeddable":true,"href":"https:\/\/mirekboutique.com\/de\/wp-json\/wp\/v2\/media\/1423"}],"wp:attachment":[{"href":"https:\/\/mirekboutique.com\/de\/wp-json\/wp\/v2\/media?parent=1422"}],"wp:term":[{"taxonomy":"product_brand","embeddable":true,"href":"https:\/\/mirekboutique.com\/de\/wp-json\/wp\/v2\/product_brand?post=1422"},{"taxonomy":"product_cat","embeddable":true,"href":"https:\/\/mirekboutique.com\/de\/wp-json\/wp\/v2\/product_cat?post=1422"},{"taxonomy":"product_tag","embeddable":true,"href":"https:\/\/mirekboutique.com\/de\/wp-json\/wp\/v2\/product_tag?post=1422"}],"curies":[{"name":"wp","href":"https:\/\/api.w.org\/{rel}","templated":true}]}}