{"id":1442,"date":"2025-05-09T03:03:40","date_gmt":"2025-05-08T19:03:40","guid":{"rendered":"https:\/\/mirekboutique.com\/?post_type=product&#038;p=1442"},"modified":"2025-05-24T19:34:49","modified_gmt":"2025-05-24T11:34:49","slug":"lcd183-rm52-01-real-tourbillon-11-super-clone","status":"publish","type":"product","link":"https:\/\/mirekboutique.com\/de\/produkt\/lcd183-rm52-01-real-tourbillon-11-super-clone\/","title":{"rendered":"LCD183 RM52-01 Real Tourbillon 1:1 Super Clone"},"content":{"rendered":"<p>Richard RM52-01 echte Tourbillon, Neuinterpretation des Wesens der R MILLE Sch\u00e4del, Durchbruch von mehreren Versionen des BUG, so dass die Mehrheit der Eisenpulver kann die richtige Gr\u00f6\u00dfe, wahre Bewegung, Details anstelle der ultra-hohen Kopie haben. Gr\u00fcnde, um zu beginnen:<br \/>\n1, Gr\u00f6\u00dfe schlie\u00dfen: offizielle L\u00e4nge, Breite und Dicke: 50 * 43 * 16mm, JB Fabrik L\u00e4nge, Breite und Dicke: 49,8 * 44,3 * 16,4 mm;<br \/>\n2, echte Lager: der Rubin im Mund des Sch\u00e4dels ist das eigentliche Lager des Tourbillons, nicht dekorativ, der Edelstein entspricht der Tourbillon-Mittelachse, die in den Ober- und Unterkiefer eingewickelt ist, als ob er den Energieball verschluckt, so dass das Original die Sci-Fi-Stimmung verk\u00f6rpern wollte;<br \/>\n3, die Details sind an Ort und Stelle: die linke Innenwand des inneren Geh\u00e4usedeckels ist mit der gleichen RM052 Stahldichtung wie das Original gedruckt, die Gr\u00f6\u00dfe und Tiefe des rechten Auge Zahnr\u00e4der sind in der N\u00e4he des Originals, die Mitte der Stirn Juwel ist r\u00f6tlich und durchscheinend, mattiert Schnalle, importiert Thai Rohstoffe Kautschukband;<br \/>\n4, Bewegung Ausrichtung: dank der Lage des Tourbillons Gr\u00f6\u00dfe und die urspr\u00fcngliche konsequent, von der R\u00fcckseite des Sch\u00e4dels unter der R\u00fcckseite des Kopfes, k\u00f6nnen Sie deutlich sehen, um gem koaxialen Tourbillon laufenden Prozess, von der Front zu sehen, die schwarze Unruh ist nur durch den Sch\u00e4del Kiefer blockiert, so dass nur die Hemmung Rad wandern in den Sch\u00e4del unten;<br \/>\n5, sowohl innerhalb als auch au\u00dferhalb: das Uhrwerk ist eine ma\u00dfgeschneiderte echte Tourbillon Uhrwerk von Shanghai Movement Factory, und jedes St\u00fcck der Uhr hat durch eine hochfeste Simulator QE Timing, zus\u00e4tzlich zu einer verbesserten Wasserdichtigkeit, gegangen.<br \/>\nJB Factory - aufmerksamer mit dem Kern! Dies ist ein weiteres Meisterwerk nach Double Tourbillon, RM001, Roger Dubuis King, RM053, Rolex Tourbillon, Classic Fusion! Jedes JBFactory Tourbillon wird mit einem Schutzetui aus Leder geliefert.<\/p>","protected":false},"excerpt":{"rendered":"<p>\ud83d\udd25\ud83d\udd25Alle Waren auf dieser Website sind High-End-perfekte Repliken von Super-Hersteller, nagelneu und unge\u00f6ffnet, Qualit\u00e4t und After-Sales-Service sind garantiert!<\/p>\n<p>\u2705\u2705\u2705\u2705Mirekboutique produziert nur qualitativ hochwertige Artikel Alle Artikel in unserem Shop werden mit der Originalverpackung geliefert Hochwertige Holzbox<\/p>\n<p>\ud83c\udf39\ud83c\udf39Bitte kaufen Sie sicher Alle Waren unterst\u00fctzen Nachnahme W\u00fcnschen Sie einen guten Einkauf<\/p>","protected":false},"featured_media":1443,"comment_status":"open","ping_status":"closed","template":"","meta":{"_monsterinsights_skip_tracking":false,"_monsterinsights_sitenote_active":false,"_monsterinsights_sitenote_note":"","_monsterinsights_sitenote_category":0,"site-sidebar-layout":"default","site-content-layout":"","ast-site-content-layout":"default","site-content-style":"default","site-sidebar-style":"default","ast-global-header-display":"","ast-banner-title-visibility":"","ast-main-header-display":"","ast-hfb-above-header-display":"","ast-hfb-below-header-display":"","ast-hfb-mobile-header-display":"","site-post-title":"","ast-breadcrumbs-content":"","ast-featured-img":"","footer-sml-layout":"","theme-transparent-header-meta":"default","adv-header-id-meta":"","stick-header-meta":"","header-above-stick-meta":"","header-main-stick-meta":"","header-below-stick-meta":"","astra-migrate-meta-layouts":"set","ast-page-background-enabled":"default","ast-page-background-meta":{"desktop":{"background-color":"var(--ast-global-color-4)","background-image":"","background-repeat":"repeat","background-position":"center center","background-size":"auto","background-attachment":"scroll","background-type":"","background-media":"","overlay-type":"","overlay-color":"","overlay-opacity":"","overlay-gradient":""},"tablet":{"background-color":"","background-image":"","background-repeat":"repeat","background-position":"center center","background-size":"auto","background-attachment":"scroll","background-type":"","background-media":"","overlay-type":"","overlay-color":"","overlay-opacity":"","overlay-gradient":""},"mobile":{"background-color":"","background-image":"","background-repeat":"repeat","background-position":"center center","background-size":"auto","background-attachment":"scroll","background-type":"","background-media":"","overlay-type":"","overlay-color":"","overlay-opacity":"","overlay-gradient":""}},"ast-content-background-meta":{"desktop":{"background-color":"var(--ast-global-color-5)","background-image":"","background-repeat":"repeat","background-position":"center center","background-size":"auto","background-attachment":"scroll","background-type":"","background-media":"","overlay-type":"","overlay-color":"","overlay-opacity":"","overlay-gradient":""},"tablet":{"background-color":"var(--ast-global-color-5)","background-image":"","background-repeat":"repeat","background-position":"center center","background-size":"auto","background-attachment":"scroll","background-type":"","background-media":"","overlay-type":"","overlay-color":"","overlay-opacity":"","overlay-gradient":""},"mobile":{"background-color":"var(--ast-global-color-5)","background-image":"","background-repeat":"repeat","background-position":"center center","background-size":"auto","background-attachment":"scroll","background-type":"","background-media":"","overlay-type":"","overlay-color":"","overlay-opacity":"","overlay-gradient":""}}},"product_brand":[],"product_cat":[36],"product_tag":[],"class_list":{"0":"post-1442","1":"product","2":"type-product","3":"status-publish","4":"has-post-thumbnail","6":"product_cat-richard","7":"desktop-align-center","8":"tablet-align-left","9":"mobile-align-left","11":"first","12":"instock","13":"sale","14":"shipping-taxable","15":"purchasable","16":"product-type-simple"},"_links":{"self":[{"href":"https:\/\/mirekboutique.com\/de\/wp-json\/wp\/v2\/product\/1442","targetHints":{"allow":["GET"]}}],"collection":[{"href":"https:\/\/mirekboutique.com\/de\/wp-json\/wp\/v2\/product"}],"about":[{"href":"https:\/\/mirekboutique.com\/de\/wp-json\/wp\/v2\/types\/product"}],"replies":[{"embeddable":true,"href":"https:\/\/mirekboutique.com\/de\/wp-json\/wp\/v2\/comments?post=1442"}],"version-history":[{"count":1,"href":"https:\/\/mirekboutique.com\/de\/wp-json\/wp\/v2\/product\/1442\/revisions"}],"predecessor-version":[{"id":1447,"href":"https:\/\/mirekboutique.com\/de\/wp-json\/wp\/v2\/product\/1442\/revisions\/1447"}],"wp:featuredmedia":[{"embeddable":true,"href":"https:\/\/mirekboutique.com\/de\/wp-json\/wp\/v2\/media\/1443"}],"wp:attachment":[{"href":"https:\/\/mirekboutique.com\/de\/wp-json\/wp\/v2\/media?parent=1442"}],"wp:term":[{"taxonomy":"product_brand","embeddable":true,"href":"https:\/\/mirekboutique.com\/de\/wp-json\/wp\/v2\/product_brand?post=1442"},{"taxonomy":"product_cat","embeddable":true,"href":"https:\/\/mirekboutique.com\/de\/wp-json\/wp\/v2\/product_cat?post=1442"},{"taxonomy":"product_tag","embeddable":true,"href":"https:\/\/mirekboutique.com\/de\/wp-json\/wp\/v2\/product_tag?post=1442"}],"curies":[{"name":"wp","href":"https:\/\/api.w.org\/{rel}","templated":true}]}}