{"id":1468,"date":"2025-05-09T03:16:13","date_gmt":"2025-05-08T19:16:13","guid":{"rendered":"https:\/\/mirekboutique.com\/?post_type=product&#038;p=1468"},"modified":"2025-05-24T19:34:49","modified_gmt":"2025-05-24T11:34:49","slug":"lcd187-rm35-02-11-super-clone","status":"publish","type":"product","link":"https:\/\/mirekboutique.com\/de\/produkt\/lcd187-rm35-02-11-super-clone\/","title":{"rendered":"LCD187 RM35-02 1:1 Super-Klon"},"content":{"rendered":"<p>ZF.Factory hat die Uhrenwelt wieder einmal in Erstaunen versetzt und den neuen Meilenstein der RM35-02 offiziell er\u00f6ffnet!<br \/>\n1) Geh\u00e4use, die Uhr ist aus High-Tech-TPT [Quarz-Faser] Material, Gr\u00f6\u00dfe 49.94*44.5MM, Dicke von nicht mehr als 45\u03bcm Siliziumdioxid-Faser-Schicht, durch eine spezielle automatische Steuerung und spezielle Harz Faser verflochten Weben, die Fasern zwischen den verschiedenen Schichten sind in einem 45-Grad-Winkel in einem dreistufigen Hochtemperatur-Ofen verflochten, erhitzt auf 120 Grad Celsius, und dann an die ProArt Verarbeitung. Formgebung. Die nat\u00fcrlichen Quarzfasern sind wei\u00df, leicht, sto\u00dffest, nicht allergen und UV-best\u00e4ndig.<br \/>\n2) Das Uhrwerk, ein neues, einteiliges Kaliber RMAL1, verf\u00fcgt \u00fcber eine sandgestrahlte Grundplatine und Br\u00fccken aus Titan Grad 5, die mit PVD\/Titaly behandelt wurden, um maximale Steifigkeit und glatte Oberfl\u00e4chen zu gew\u00e4hrleisten. Die charakteristische Unruh mit variabler Geometrie, die durch Verstellung der Position der sechs verschiedenen Fl\u00fcgel schneller oder langsamer aufgezogen werden kann, hat eine Tr\u00e4gheitsschwingungsfrequenz von 28.800 VPH und ist mit einem Doppelfederhaussystem ausgestattet, das ein h\u00f6heres und stabileres Drehmoment gew\u00e4hrleistet. Au\u00dferdem bietet es eine Gangreserve von 55 Stunden.<br \/>\nDar\u00fcber hinaus ist das neue einteilige Kaliber RMAL1 von ZF das einzige auf dem Markt, das echte wei\u00dfe Steine \u00fcber und unter der Unruh auf einer einteiligen Grundplatine verwendet, also ein echtes Produkt! Dies ist auch der gr\u00f6\u00dfte Unterschied zu den auf dem Markt befindlichen Patronensteinen (anderer Hersteller)! Dies ist ein gro\u00dfer Fortschritt in der Forschung und Entwicklung von ZF!<\/p>","protected":false},"excerpt":{"rendered":"<p>\ud83d\udd25\ud83d\udd25Alle Waren auf dieser Website sind High-End-perfekte Repliken von Super-Hersteller, nagelneu und unge\u00f6ffnet, Qualit\u00e4t und After-Sales-Service sind garantiert!<\/p>\n<p>\u2705\u2705\u2705\u2705Mirekboutique produziert nur qualitativ hochwertige Artikel Alle Artikel in unserem Shop werden mit der Originalverpackung geliefert Hochwertige Holzbox<\/p>\n<p>\ud83c\udf39\ud83c\udf39Bitte kaufen Sie sicher Alle Waren unterst\u00fctzen Nachnahme W\u00fcnschen Sie einen guten Einkauf<\/p>","protected":false},"featured_media":1469,"comment_status":"open","ping_status":"closed","template":"","meta":{"_monsterinsights_skip_tracking":false,"_monsterinsights_sitenote_active":false,"_monsterinsights_sitenote_note":"","_monsterinsights_sitenote_category":0,"site-sidebar-layout":"default","site-content-layout":"","ast-site-content-layout":"default","site-content-style":"default","site-sidebar-style":"default","ast-global-header-display":"","ast-banner-title-visibility":"","ast-main-header-display":"","ast-hfb-above-header-display":"","ast-hfb-below-header-display":"","ast-hfb-mobile-header-display":"","site-post-title":"","ast-breadcrumbs-content":"","ast-featured-img":"","footer-sml-layout":"","theme-transparent-header-meta":"default","adv-header-id-meta":"","stick-header-meta":"","header-above-stick-meta":"","header-main-stick-meta":"","header-below-stick-meta":"","astra-migrate-meta-layouts":"set","ast-page-background-enabled":"default","ast-page-background-meta":{"desktop":{"background-color":"var(--ast-global-color-4)","background-image":"","background-repeat":"repeat","background-position":"center center","background-size":"auto","background-attachment":"scroll","background-type":"","background-media":"","overlay-type":"","overlay-color":"","overlay-opacity":"","overlay-gradient":""},"tablet":{"background-color":"","background-image":"","background-repeat":"repeat","background-position":"center center","background-size":"auto","background-attachment":"scroll","background-type":"","background-media":"","overlay-type":"","overlay-color":"","overlay-opacity":"","overlay-gradient":""},"mobile":{"background-color":"","background-image":"","background-repeat":"repeat","background-position":"center center","background-size":"auto","background-attachment":"scroll","background-type":"","background-media":"","overlay-type":"","overlay-color":"","overlay-opacity":"","overlay-gradient":""}},"ast-content-background-meta":{"desktop":{"background-color":"var(--ast-global-color-5)","background-image":"","background-repeat":"repeat","background-position":"center center","background-size":"auto","background-attachment":"scroll","background-type":"","background-media":"","overlay-type":"","overlay-color":"","overlay-opacity":"","overlay-gradient":""},"tablet":{"background-color":"var(--ast-global-color-5)","background-image":"","background-repeat":"repeat","background-position":"center center","background-size":"auto","background-attachment":"scroll","background-type":"","background-media":"","overlay-type":"","overlay-color":"","overlay-opacity":"","overlay-gradient":""},"mobile":{"background-color":"var(--ast-global-color-5)","background-image":"","background-repeat":"repeat","background-position":"center center","background-size":"auto","background-attachment":"scroll","background-type":"","background-media":"","overlay-type":"","overlay-color":"","overlay-opacity":"","overlay-gradient":""}}},"product_brand":[],"product_cat":[36],"product_tag":[],"class_list":{"0":"post-1468","1":"product","2":"type-product","3":"status-publish","4":"has-post-thumbnail","6":"product_cat-richard","7":"desktop-align-center","8":"tablet-align-left","9":"mobile-align-left","11":"first","12":"instock","13":"sale","14":"shipping-taxable","15":"purchasable","16":"product-type-simple"},"_links":{"self":[{"href":"https:\/\/mirekboutique.com\/de\/wp-json\/wp\/v2\/product\/1468","targetHints":{"allow":["GET"]}}],"collection":[{"href":"https:\/\/mirekboutique.com\/de\/wp-json\/wp\/v2\/product"}],"about":[{"href":"https:\/\/mirekboutique.com\/de\/wp-json\/wp\/v2\/types\/product"}],"replies":[{"embeddable":true,"href":"https:\/\/mirekboutique.com\/de\/wp-json\/wp\/v2\/comments?post=1468"}],"version-history":[{"count":1,"href":"https:\/\/mirekboutique.com\/de\/wp-json\/wp\/v2\/product\/1468\/revisions"}],"predecessor-version":[{"id":1474,"href":"https:\/\/mirekboutique.com\/de\/wp-json\/wp\/v2\/product\/1468\/revisions\/1474"}],"wp:featuredmedia":[{"embeddable":true,"href":"https:\/\/mirekboutique.com\/de\/wp-json\/wp\/v2\/media\/1469"}],"wp:attachment":[{"href":"https:\/\/mirekboutique.com\/de\/wp-json\/wp\/v2\/media?parent=1468"}],"wp:term":[{"taxonomy":"product_brand","embeddable":true,"href":"https:\/\/mirekboutique.com\/de\/wp-json\/wp\/v2\/product_brand?post=1468"},{"taxonomy":"product_cat","embeddable":true,"href":"https:\/\/mirekboutique.com\/de\/wp-json\/wp\/v2\/product_cat?post=1468"},{"taxonomy":"product_tag","embeddable":true,"href":"https:\/\/mirekboutique.com\/de\/wp-json\/wp\/v2\/product_tag?post=1468"}],"curies":[{"name":"wp","href":"https:\/\/api.w.org\/{rel}","templated":true}]}}