{"id":1891,"date":"2025-05-09T05:28:24","date_gmt":"2025-05-08T21:28:24","guid":{"rendered":"https:\/\/mirekboutique.com\/?post_type=product&#038;p=1891"},"modified":"2025-05-24T19:38:54","modified_gmt":"2025-05-24T11:38:54","slug":"bgl620-perfectly-reproduced","status":"publish","type":"product","link":"https:\/\/mirekboutique.com\/de\/produkt\/bgl620-perfectly-reproduced\/","title":{"rendered":"BGL620 Perfekt reproduziert"},"content":{"rendered":"<p>\ud83d\udd39 [v-gold Version].<br \/>\nBv Zero1 Kollektion Mattschwarze Keramik Halskette<br \/>\nHergestellt aus V-Gold, feine Handwerkskunst, perfekte Details, lang anhaltende Farberhaltung!<br \/>\nEiner der Gegenst\u00fccke Serie, genug, um die authentische Entwicklung geben, erkennen die exklusive Dreharbeiten!<br \/>\nEs gibt Gleichaltrige auf dem Markt aus diesem Abschnitt, aber die Farbe Blick auf die Karte, um die falsche Version zu tun, produzieren wir eine komplette ZP Replik, vor allem Keramik angepasst ist, hat der Markt gesehen, ist die gleiche Gr\u00f6\u00dfe wie der traditionelle Stil, das ist wirklich niedrig!<br \/>\nNeue matte Keramik-Halskette, geh\u00f6rt zu den langen Halskette, Jungen und M\u00e4dchen tragen k\u00f6nnen \ud83d\ude01!<\/p>","protected":false},"excerpt":{"rendered":"<p>\ud83d\udd25\ud83d\udd25Alle Waren auf dieser Website sind High-End-perfekte Repliken von Super-Hersteller, nagelneu und unge\u00f6ffnet, Qualit\u00e4t und After-Sales-Service sind garantiert!<\/p>\n<p>\u2705\u2705\u2705\u2705Mirekboutique produziert nur qualitativ hochwertige Artikel Alle Artikel in unserem Shop werden mit der Originalverpackung geliefert Hochwertige Holzbox<\/p>\n<p>\ud83c\udf39\ud83c\udf39Bitte kaufen Sie sicher Alle Waren unterst\u00fctzen Nachnahme W\u00fcnschen Sie einen guten Einkauf<\/p>","protected":false},"featured_media":1892,"comment_status":"open","ping_status":"closed","template":"","meta":{"_monsterinsights_skip_tracking":false,"_monsterinsights_sitenote_active":false,"_monsterinsights_sitenote_note":"","_monsterinsights_sitenote_category":0,"site-sidebar-layout":"default","site-content-layout":"","ast-site-content-layout":"default","site-content-style":"default","site-sidebar-style":"default","ast-global-header-display":"","ast-banner-title-visibility":"","ast-main-header-display":"","ast-hfb-above-header-display":"","ast-hfb-below-header-display":"","ast-hfb-mobile-header-display":"","site-post-title":"","ast-breadcrumbs-content":"","ast-featured-img":"","footer-sml-layout":"","theme-transparent-header-meta":"default","adv-header-id-meta":"","stick-header-meta":"","header-above-stick-meta":"","header-main-stick-meta":"","header-below-stick-meta":"","astra-migrate-meta-layouts":"set","ast-page-background-enabled":"default","ast-page-background-meta":{"desktop":{"background-color":"var(--ast-global-color-4)","background-image":"","background-repeat":"repeat","background-position":"center center","background-size":"auto","background-attachment":"scroll","background-type":"","background-media":"","overlay-type":"","overlay-color":"","overlay-opacity":"","overlay-gradient":""},"tablet":{"background-color":"","background-image":"","background-repeat":"repeat","background-position":"center center","background-size":"auto","background-attachment":"scroll","background-type":"","background-media":"","overlay-type":"","overlay-color":"","overlay-opacity":"","overlay-gradient":""},"mobile":{"background-color":"","background-image":"","background-repeat":"repeat","background-position":"center center","background-size":"auto","background-attachment":"scroll","background-type":"","background-media":"","overlay-type":"","overlay-color":"","overlay-opacity":"","overlay-gradient":""}},"ast-content-background-meta":{"desktop":{"background-color":"var(--ast-global-color-5)","background-image":"","background-repeat":"repeat","background-position":"center center","background-size":"auto","background-attachment":"scroll","background-type":"","background-media":"","overlay-type":"","overlay-color":"","overlay-opacity":"","overlay-gradient":""},"tablet":{"background-color":"var(--ast-global-color-5)","background-image":"","background-repeat":"repeat","background-position":"center center","background-size":"auto","background-attachment":"scroll","background-type":"","background-media":"","overlay-type":"","overlay-color":"","overlay-opacity":"","overlay-gradient":""},"mobile":{"background-color":"var(--ast-global-color-5)","background-image":"","background-repeat":"repeat","background-position":"center center","background-size":"auto","background-attachment":"scroll","background-type":"","background-media":"","overlay-type":"","overlay-color":"","overlay-opacity":"","overlay-gradient":""}}},"product_brand":[],"product_cat":[41],"product_tag":[],"class_list":{"0":"post-1891","1":"product","2":"type-product","3":"status-publish","4":"has-post-thumbnail","6":"product_cat-bracelets-necklaces","7":"desktop-align-center","8":"tablet-align-left","9":"mobile-align-left","11":"first","12":"instock","13":"sale","14":"shipping-taxable","15":"purchasable","16":"product-type-simple"},"_links":{"self":[{"href":"https:\/\/mirekboutique.com\/de\/wp-json\/wp\/v2\/product\/1891","targetHints":{"allow":["GET"]}}],"collection":[{"href":"https:\/\/mirekboutique.com\/de\/wp-json\/wp\/v2\/product"}],"about":[{"href":"https:\/\/mirekboutique.com\/de\/wp-json\/wp\/v2\/types\/product"}],"replies":[{"embeddable":true,"href":"https:\/\/mirekboutique.com\/de\/wp-json\/wp\/v2\/comments?post=1891"}],"version-history":[{"count":1,"href":"https:\/\/mirekboutique.com\/de\/wp-json\/wp\/v2\/product\/1891\/revisions"}],"predecessor-version":[{"id":1896,"href":"https:\/\/mirekboutique.com\/de\/wp-json\/wp\/v2\/product\/1891\/revisions\/1896"}],"wp:featuredmedia":[{"embeddable":true,"href":"https:\/\/mirekboutique.com\/de\/wp-json\/wp\/v2\/media\/1892"}],"wp:attachment":[{"href":"https:\/\/mirekboutique.com\/de\/wp-json\/wp\/v2\/media?parent=1891"}],"wp:term":[{"taxonomy":"product_brand","embeddable":true,"href":"https:\/\/mirekboutique.com\/de\/wp-json\/wp\/v2\/product_brand?post=1891"},{"taxonomy":"product_cat","embeddable":true,"href":"https:\/\/mirekboutique.com\/de\/wp-json\/wp\/v2\/product_cat?post=1891"},{"taxonomy":"product_tag","embeddable":true,"href":"https:\/\/mirekboutique.com\/de\/wp-json\/wp\/v2\/product_tag?post=1891"}],"curies":[{"name":"wp","href":"https:\/\/api.w.org\/{rel}","templated":true}]}}