{"id":2391,"date":"2025-05-17T20:14:18","date_gmt":"2025-05-17T12:14:18","guid":{"rendered":"https:\/\/mirekboutique.com\/?post_type=product&#038;p=2391"},"modified":"2025-05-24T19:21:35","modified_gmt":"2025-05-24T11:21:35","slug":"lq157-longines-773-4-eight-hand-moonphase-multifunction-mechanical-11-super-clone","status":"publish","type":"product","link":"https:\/\/mirekboutique.com\/de\/produkt\/lq157-longines-773-4-eight-hand-moonphase-multifunction-mechanical-11-super-clone\/","title":{"rendered":"LQ157 Longines 773.4 Acht-Zeiger-Mondphase Multifunktion Mechanisch 1:1 Super Clone"},"content":{"rendered":"<p>LGS neue Decke Longines L2.773.4 Achtzeiger-Mondphasen-Multifunktionsmechanik<br \/>\n\u3010Movement\u3011 ausgestattet mit 7751 exklusiven gebl\u00e4uten Stahlrad automatische mechanische Bewegung, um die urspr\u00fcngliche L2.687.5 neuesten skelettierten automatischen Hammer, aktualisierte Version der Technologie ist sehr stabil Gangreserve von bis zu 48 Stunden<br \/>\n\u3010Geh\u00e4use\u3011\"Hammerpresse Typ\" 316L Edelstahl. Das Geh\u00e4use ist aus 316L-Edelstahl gefertigt. Gr\u00f6\u00dfe 40MM. nach dem Computer CNC numerische Steuerung Gravur ultrapr\u00e4zise wasserdicht Tiefe von 100 Metern<br \/>\n\u3010Face\u3011 Zeiger mit abgeschrecktem br\u00fcniertem Stahl blau, hei\u00dfe Pr\u00e4gung der Mondphase Scheibe, das erste Mal mit dem urspr\u00fcnglichen Guss, benutzerdefinierte Korrektur der urspr\u00fcnglichen Anzeige Bump Gef\u00fchl ist auch die gleichen wie die echte konsistente Details<br \/>\n\u3010Band\u3011 316L Stahl durch Schneiden Prozess nach dem Gro\u00dfteil der Schleifen und dann von Hand in eine 360-Grad-Totwinkel 0 Kratzer H\u00e4nde montiert. In-kind exquisite Gewicht und Haltbarkeit, um die H\u00e4nde der realen Sache ist absolut genial. (\ud83c\udf81 Geschenk Kalbsleder G\u00fcrtel und original G\u00fcrtelschnalle Set, schwarz braun kann gew\u00e4hlt werden)<\/p>\n<p>&nbsp;<\/p>\n<p>\u2764\ufe0f \"Zeit ist ein Geschenk, sch\u00e4tze jeden Augenblick\" \ud83c\udf81<br \/>\n\ud83d\udd25 Limitiertes Geschenkset f\u00fcr den Urlaub<\/p>","protected":false},"excerpt":{"rendered":"<p>\ud83d\udd25\ud83d\udd25Alle Waren auf dieser Website sind High-End-perfekte Repliken von Super-Hersteller, nagelneu und unge\u00f6ffnet, Qualit\u00e4t und After-Sales-Service sind garantiert!<\/p>\n<p>\u2705\u2705\u2705\u2705Mirekboutique produziert nur qualitativ hochwertige Artikel Alle Artikel in unserem Shop werden mit der Originalverpackung geliefert Hochwertige Holzbox<\/p>\n<p>\ud83c\udf39\ud83c\udf39Bitte kaufen Sie sicher Alle Waren unterst\u00fctzen Nachnahme W\u00fcnschen Sie einen guten Einkauf<\/p>","protected":false},"featured_media":2392,"comment_status":"open","ping_status":"closed","template":"","meta":{"_monsterinsights_skip_tracking":false,"_monsterinsights_sitenote_active":false,"_monsterinsights_sitenote_note":"","_monsterinsights_sitenote_category":0,"site-sidebar-layout":"default","site-content-layout":"","ast-site-content-layout":"default","site-content-style":"default","site-sidebar-style":"default","ast-global-header-display":"","ast-banner-title-visibility":"","ast-main-header-display":"","ast-hfb-above-header-display":"","ast-hfb-below-header-display":"","ast-hfb-mobile-header-display":"","site-post-title":"","ast-breadcrumbs-content":"","ast-featured-img":"","footer-sml-layout":"","theme-transparent-header-meta":"default","adv-header-id-meta":"","stick-header-meta":"","header-above-stick-meta":"","header-main-stick-meta":"","header-below-stick-meta":"","astra-migrate-meta-layouts":"set","ast-page-background-enabled":"default","ast-page-background-meta":{"desktop":{"background-color":"var(--ast-global-color-4)","background-image":"","background-repeat":"repeat","background-position":"center center","background-size":"auto","background-attachment":"scroll","background-type":"","background-media":"","overlay-type":"","overlay-color":"","overlay-opacity":"","overlay-gradient":""},"tablet":{"background-color":"","background-image":"","background-repeat":"repeat","background-position":"center center","background-size":"auto","background-attachment":"scroll","background-type":"","background-media":"","overlay-type":"","overlay-color":"","overlay-opacity":"","overlay-gradient":""},"mobile":{"background-color":"","background-image":"","background-repeat":"repeat","background-position":"center center","background-size":"auto","background-attachment":"scroll","background-type":"","background-media":"","overlay-type":"","overlay-color":"","overlay-opacity":"","overlay-gradient":""}},"ast-content-background-meta":{"desktop":{"background-color":"var(--ast-global-color-5)","background-image":"","background-repeat":"repeat","background-position":"center center","background-size":"auto","background-attachment":"scroll","background-type":"","background-media":"","overlay-type":"","overlay-color":"","overlay-opacity":"","overlay-gradient":""},"tablet":{"background-color":"var(--ast-global-color-5)","background-image":"","background-repeat":"repeat","background-position":"center center","background-size":"auto","background-attachment":"scroll","background-type":"","background-media":"","overlay-type":"","overlay-color":"","overlay-opacity":"","overlay-gradient":""},"mobile":{"background-color":"var(--ast-global-color-5)","background-image":"","background-repeat":"repeat","background-position":"center center","background-size":"auto","background-attachment":"scroll","background-type":"","background-media":"","overlay-type":"","overlay-color":"","overlay-opacity":"","overlay-gradient":""}}},"product_brand":[],"product_cat":[34],"product_tag":[],"class_list":{"0":"post-2391","1":"product","2":"type-product","3":"status-publish","4":"has-post-thumbnail","6":"product_cat-longines","7":"desktop-align-center","8":"tablet-align-left","9":"mobile-align-left","11":"first","12":"instock","13":"sale","14":"shipping-taxable","15":"purchasable","16":"product-type-simple"},"_links":{"self":[{"href":"https:\/\/mirekboutique.com\/de\/wp-json\/wp\/v2\/product\/2391","targetHints":{"allow":["GET"]}}],"collection":[{"href":"https:\/\/mirekboutique.com\/de\/wp-json\/wp\/v2\/product"}],"about":[{"href":"https:\/\/mirekboutique.com\/de\/wp-json\/wp\/v2\/types\/product"}],"replies":[{"embeddable":true,"href":"https:\/\/mirekboutique.com\/de\/wp-json\/wp\/v2\/comments?post=2391"}],"version-history":[{"count":1,"href":"https:\/\/mirekboutique.com\/de\/wp-json\/wp\/v2\/product\/2391\/revisions"}],"predecessor-version":[{"id":2398,"href":"https:\/\/mirekboutique.com\/de\/wp-json\/wp\/v2\/product\/2391\/revisions\/2398"}],"wp:featuredmedia":[{"embeddable":true,"href":"https:\/\/mirekboutique.com\/de\/wp-json\/wp\/v2\/media\/2392"}],"wp:attachment":[{"href":"https:\/\/mirekboutique.com\/de\/wp-json\/wp\/v2\/media?parent=2391"}],"wp:term":[{"taxonomy":"product_brand","embeddable":true,"href":"https:\/\/mirekboutique.com\/de\/wp-json\/wp\/v2\/product_brand?post=2391"},{"taxonomy":"product_cat","embeddable":true,"href":"https:\/\/mirekboutique.com\/de\/wp-json\/wp\/v2\/product_cat?post=2391"},{"taxonomy":"product_tag","embeddable":true,"href":"https:\/\/mirekboutique.com\/de\/wp-json\/wp\/v2\/product_tag?post=2391"}],"curies":[{"name":"wp","href":"https:\/\/api.w.org\/{rel}","templated":true}]}}