{"id":821,"date":"2025-05-09T00:11:12","date_gmt":"2025-05-08T16:11:12","guid":{"rendered":"https:\/\/mirekboutique.com\/?post_type=product&#038;p=821"},"modified":"2025-05-24T19:21:49","modified_gmt":"2025-05-24T11:21:49","slug":"cdy132-11-super-clone","status":"publish","type":"product","link":"https:\/\/mirekboutique.com\/de\/produkt\/cdy132-11-super-clone\/","title":{"rendered":"CDY132 1:1 Super-Klon"},"content":{"rendered":"<p>\u2705 Minimalistisches Design, vielseitig und nicht mit Modellen kollidieren<\/p>\n<p>\u2705 Leichtes, luxuri\u00f6ses Metallband, voller Textur<\/p>\n<p>\u2705 Ultrad\u00fcnnes Design, angenehm zu tragen<\/p>\n<p>&nbsp;<\/p>\n<p>Sehnsucht nach Frieden, Widerstand gegen den Krieg! AF demonstriert perfekt den unaufdringlichen, aber nicht luxuri\u00f6sen Vintage-Stil der Tank Collection!<br \/>\nCartier Tank Serie<br \/>\n[Geh\u00e4use] Gro\u00df: 41mm*31mm, bricht die runde Form des traditionellen Uhrenk\u00f6rpers, oben und unten die symmetrische parallele L\u00fcnette, die das quadratische Zifferblatt abhebt, harter und einfacher Stil macht die Menschen unvergesslich. Die Linien sind einfach und starr, mit einem starken industriellen Stil. Die sanften Kurven und scharfen Kanten vermitteln einen Sinn f\u00fcr Modernit\u00e4t und Mode. Die Bandanst\u00f6\u00dfe und die achteckige Krone mit dem charakteristischen blauen Spinell von Cartier haben einen hohen Wiedererkennungswert.<br \/>\n[Das Zifferblatt zeigt klassische r\u00f6mische Skalen, ein wei\u00dfes Zifferblatt mit gebl\u00e4uten Stahlzeigern und in der Mitte des Zifferblatts einen quadratischen Skaleninnenkreis. Mit ihrer Kombination aus erstklassigem Geschmack und avantgardistischem Design war die Tank-Uhr mit ihrem modernen Sinn f\u00fcr Zeitlosigkeit immer an der Spitze der Zeit und wurde als eines der wichtigsten Designs in der Geschichte der Armbanduhren bezeichnet.<br \/>\n[AF-Fabrik f\u00fcr die Tank-Serie, um eine Vielzahl von Top-Bewegungen, einschlie\u00dflich Handaufzug Uhrwerk, Automatikwerk, Quarzwerk, etc. zu schaffen, hat jede Bewegung Cartier strenge Qualit\u00e4tskontrolle bestanden. Jedes Uhrwerk hat die strenge Qualit\u00e4tskontrolle von Cartier bestanden. Dar\u00fcber hinaus ist die Handwerkskunst auch sehr exquisit, jede Tank-Uhr wurde viele Male poliert und poliert, was eine ausgezeichnete Qualit\u00e4t und Handwerkskunst Niveau zeigt.<br \/>\n[Armband] Italienisches Lychee-Lederarmband, Rindslederarmband, Stahlarmband im Panzerkettenstil. Es gibt immer ein Armband, das Ihrem inneren Streben nach Perfektion entspricht. Perfekt, um den zur\u00fcckhaltenden, aber nicht luxuri\u00f6sen Retro-Stil der Panzerserie zu unterstreichen!<br \/>\nAF Fabrik, ein Hersteller, der tief in Cartier perfekte Replik seit vielen Jahren besch\u00e4ftigt hat, sind Sie des Vertrauens w\u00fcrdig!<\/p>","protected":false},"excerpt":{"rendered":"<p>\ud83d\udd25\ud83d\udd25Alle Waren auf dieser Website sind High-End-perfekte Repliken von Super-Hersteller, nagelneu und unge\u00f6ffnet, Qualit\u00e4t und After-Sales-Service sind garantiert!<\/p>\n<p>\u2705\u2705\u2705\u2705Mirekboutique produziert nur qualitativ hochwertige Artikel Alle Artikel in unserem Shop werden mit der Originalverpackung geliefert Hochwertige Holzbox<\/p>\n<p>\ud83c\udf39\ud83c\udf39Bitte kaufen Sie sicher Alle Waren unterst\u00fctzen Nachnahme W\u00fcnschen Sie einen guten Einkauf<\/p>","protected":false},"featured_media":822,"comment_status":"open","ping_status":"closed","template":"","meta":{"_monsterinsights_skip_tracking":false,"_monsterinsights_sitenote_active":false,"_monsterinsights_sitenote_note":"","_monsterinsights_sitenote_category":0,"site-sidebar-layout":"default","site-content-layout":"","ast-site-content-layout":"default","site-content-style":"default","site-sidebar-style":"default","ast-global-header-display":"","ast-banner-title-visibility":"","ast-main-header-display":"","ast-hfb-above-header-display":"","ast-hfb-below-header-display":"","ast-hfb-mobile-header-display":"","site-post-title":"","ast-breadcrumbs-content":"","ast-featured-img":"","footer-sml-layout":"","theme-transparent-header-meta":"default","adv-header-id-meta":"","stick-header-meta":"","header-above-stick-meta":"","header-main-stick-meta":"","header-below-stick-meta":"","astra-migrate-meta-layouts":"set","ast-page-background-enabled":"default","ast-page-background-meta":{"desktop":{"background-color":"var(--ast-global-color-4)","background-image":"","background-repeat":"repeat","background-position":"center center","background-size":"auto","background-attachment":"scroll","background-type":"","background-media":"","overlay-type":"","overlay-color":"","overlay-opacity":"","overlay-gradient":""},"tablet":{"background-color":"","background-image":"","background-repeat":"repeat","background-position":"center center","background-size":"auto","background-attachment":"scroll","background-type":"","background-media":"","overlay-type":"","overlay-color":"","overlay-opacity":"","overlay-gradient":""},"mobile":{"background-color":"","background-image":"","background-repeat":"repeat","background-position":"center center","background-size":"auto","background-attachment":"scroll","background-type":"","background-media":"","overlay-type":"","overlay-color":"","overlay-opacity":"","overlay-gradient":""}},"ast-content-background-meta":{"desktop":{"background-color":"var(--ast-global-color-5)","background-image":"","background-repeat":"repeat","background-position":"center center","background-size":"auto","background-attachment":"scroll","background-type":"","background-media":"","overlay-type":"","overlay-color":"","overlay-opacity":"","overlay-gradient":""},"tablet":{"background-color":"var(--ast-global-color-5)","background-image":"","background-repeat":"repeat","background-position":"center center","background-size":"auto","background-attachment":"scroll","background-type":"","background-media":"","overlay-type":"","overlay-color":"","overlay-opacity":"","overlay-gradient":""},"mobile":{"background-color":"var(--ast-global-color-5)","background-image":"","background-repeat":"repeat","background-position":"center center","background-size":"auto","background-attachment":"scroll","background-type":"","background-media":"","overlay-type":"","overlay-color":"","overlay-opacity":"","overlay-gradient":""}}},"product_brand":[],"product_cat":[33],"product_tag":[],"class_list":{"0":"post-821","1":"product","2":"type-product","3":"status-publish","4":"has-post-thumbnail","6":"product_cat-cartier","7":"desktop-align-center","8":"tablet-align-left","9":"mobile-align-left","11":"first","12":"instock","13":"sale","14":"shipping-taxable","15":"purchasable","16":"product-type-simple"},"_links":{"self":[{"href":"https:\/\/mirekboutique.com\/de\/wp-json\/wp\/v2\/product\/821","targetHints":{"allow":["GET"]}}],"collection":[{"href":"https:\/\/mirekboutique.com\/de\/wp-json\/wp\/v2\/product"}],"about":[{"href":"https:\/\/mirekboutique.com\/de\/wp-json\/wp\/v2\/types\/product"}],"replies":[{"embeddable":true,"href":"https:\/\/mirekboutique.com\/de\/wp-json\/wp\/v2\/comments?post=821"}],"version-history":[{"count":1,"href":"https:\/\/mirekboutique.com\/de\/wp-json\/wp\/v2\/product\/821\/revisions"}],"predecessor-version":[{"id":827,"href":"https:\/\/mirekboutique.com\/de\/wp-json\/wp\/v2\/product\/821\/revisions\/827"}],"wp:featuredmedia":[{"embeddable":true,"href":"https:\/\/mirekboutique.com\/de\/wp-json\/wp\/v2\/media\/822"}],"wp:attachment":[{"href":"https:\/\/mirekboutique.com\/de\/wp-json\/wp\/v2\/media?parent=821"}],"wp:term":[{"taxonomy":"product_brand","embeddable":true,"href":"https:\/\/mirekboutique.com\/de\/wp-json\/wp\/v2\/product_brand?post=821"},{"taxonomy":"product_cat","embeddable":true,"href":"https:\/\/mirekboutique.com\/de\/wp-json\/wp\/v2\/product_cat?post=821"},{"taxonomy":"product_tag","embeddable":true,"href":"https:\/\/mirekboutique.com\/de\/wp-json\/wp\/v2\/product_tag?post=821"}],"curies":[{"name":"wp","href":"https:\/\/api.w.org\/{rel}","templated":true}]}}