{"id":591,"date":"2025-05-07T19:57:41","date_gmt":"2025-05-07T11:57:41","guid":{"rendered":"https:\/\/mirekboutique.com\/?page_id=591"},"modified":"2025-05-21T19:56:36","modified_gmt":"2025-05-21T11:56:36","slug":"cod","status":"publish","type":"page","link":"https:\/\/mirekboutique.com\/es\/cod\/","title":{"rendered":"COD"},"content":{"rendered":"<div data-elementor-type=\"wp-page\" data-elementor-id=\"591\" class=\"elementor elementor-591\">\n\t\t\t\t<div class=\"elementor-element elementor-element-9346e8d e-flex e-con-boxed e-con e-parent\" data-id=\"9346e8d\" data-element_type=\"container\" data-settings=\"{&quot;background_background&quot;:&quot;classic&quot;}\">\n\t\t\t\t\t<div class=\"e-con-inner\">\n\t\t<div class=\"elementor-element elementor-element-4b2bba9 e-con-full e-flex e-con e-child\" data-id=\"4b2bba9\" data-element_type=\"container\">\n\t\t\t\t<div class=\"elementor-element elementor-element-5a21cb0 elementor-widget elementor-widget-heading\" data-id=\"5a21cb0\" data-element_type=\"widget\" data-widget_type=\"heading.default\">\n\t\t\t\t<div class=\"elementor-widget-container\">\n\t\t\t\t\t<h6 class=\"elementor-heading-title elementor-size-default\">contra reembolso<\/h6>\t\t\t\t<\/div>\n\t\t\t\t<\/div>\n\t\t\t\t<div class=\"elementor-element elementor-element-a19a656 elementor-widget elementor-widget-heading\" data-id=\"a19a656\" data-element_type=\"widget\" data-widget_type=\"heading.default\">\n\t\t\t\t<div class=\"elementor-widget-container\">\n\t\t\t\t\t<h1 class=\"elementor-heading-title elementor-size-default\">COD<\/h1>\t\t\t\t<\/div>\n\t\t\t\t<\/div>\n\t\t\t\t<\/div>\n\t\t\t\t\t<\/div>\n\t\t\t\t<\/div>\n\t\t<div class=\"elementor-element elementor-element-8261433 e-flex e-con-boxed e-con e-parent\" data-id=\"8261433\" data-element_type=\"container\">\n\t\t\t\t\t<div class=\"e-con-inner\">\n\t\t\t\t<div class=\"elementor-element elementor-element-ab6c507 elementor-widget elementor-widget-text-editor\" data-id=\"ab6c507\" data-element_type=\"widget\" data-widget_type=\"text-editor.default\">\n\t\t\t\t<div class=\"elementor-widget-container\">\n\t\t\t\t\t\t\t\t\t<p><strong>Estamos orgullosos de ofrecerle servicios de env\u00edo en todo el mundo, los siguientes t\u00e9rminos y condiciones est\u00e1n dise\u00f1ados para proporcionarle una experiencia de compra perfecta. Lea atentamente las siguientes condiciones de env\u00edo antes de realizar su pedido.<\/strong><\/p><p><strong>1. Entrega en todo el mundo:<\/strong><\/p><p>Estamos orgullosos de ofrecer entrega en todo el mundo a muchos pa\u00edses y regiones. Puede beneficiarse de la modalidad contra reembolso pagando un dep\u00f3sito de 10%. Tras recibir e inspeccionar la mercanc\u00eda, puede pagar el resto al repartidor. Puede pagar el resto en la moneda de su pa\u00eds.<\/p><p><strong>2. Umbral de env\u00edo gratuito:<\/strong><\/p><p>Haga su pedido con un dep\u00f3sito 10% y disfrute de env\u00edo gratuito a todo el mundo.<\/p><p><strong>3. Tiempo estimado de entrega:<\/strong><\/p><p>Por favor, espere de 3 a 14 d\u00edas h\u00e1biles para que su pedido sea entregado en todo el mundo. Tenga en cuenta que los plazos de entrega pueden variar en funci\u00f3n de su ubicaci\u00f3n y de factores externos que escapan a nuestro control.<\/p><p><strong>4. Exenci\u00f3n fiscal:<\/strong><\/p><p>Nos comprometemos a ofrecer una experiencia de compra f\u00e1cil y sin complicaciones. Por ello, todos los pedidos est\u00e1n libres de impuestos en todo el mundo.<\/p><p><strong>5. Env\u00edo fraccionado:<\/strong><\/p><p>En el caso de pedidos que contengan varios art\u00edculos, es posible que los enviemos por separado para garantizar una entrega eficaz. Cada art\u00edculo se empaquetar\u00e1 de forma segura y se le har\u00e1 un seguimiento individual.<\/p><p><strong>6. Se prefiere International Express:<\/strong><\/p><p>Nos tomamos su satisfacci\u00f3n como nuestra m\u00e1xima prioridad y seleccionamos el servicio de mensajer\u00eda internacional m\u00e1s adecuado en funci\u00f3n de su ubicaci\u00f3n. Nuestros socios de confianza incluyen FedEx, DHL, UPS, USPS Inpost, etc.<\/p><p><strong>7. Seguimiento del env\u00edo:<\/strong><\/p><p>Tras recibir su dep\u00f3sito 10%, recibir\u00e1 un n\u00famero de seguimiento en un plazo de 5 d\u00edas. Su agente le informar\u00e1 del n\u00famero de mensajer\u00eda de env\u00edo o puede consultar su direcci\u00f3n de correo electr\u00f3nico.<\/p><p><strong>8. Restricciones de env\u00edo:<\/strong><\/p><p>Aunque nos esforzamos por ofrecer plazos de entrega precisos, tenga en cuenta que circunstancias imprevistas, como las condiciones meteorol\u00f3gicas y los tr\u00e1mites aduaneros, pueden afectar a los plazos de env\u00edo.<\/p><p><strong>9. Tramitaci\u00f3n de pedidos:<\/strong><\/p><p>Una vez realizado el pedido, lo procesamos minuciosamente para garantizar un embalaje preciso y un env\u00edo puntual.<\/p><p><strong>10. Precisi\u00f3n de la direcci\u00f3n:<\/strong><\/p><p>Compruebe que la direcci\u00f3n de entrega es correcta. No nos hacemos responsables de retrasos o fallos en el env\u00edo debidos a direcciones incorrectas.<\/p><p><strong>11. Responsabilidades del cliente:<\/strong><\/p><p>Los clientes deben facilitar informaci\u00f3n precisa sobre su ubicaci\u00f3n geogr\u00e1fica para la entrega. No nos hacemos responsables si no puede ponerse en contacto con el repartidor por motivos propios.<\/p><p><strong>12. P\u00e9rdida o retraso de la mercanc\u00eda:<\/strong><\/p><p>En el improbable caso de que un env\u00edo se pierda o se retrase mucho, p\u00f3ngase en contacto con nuestro equipo de Atenci\u00f3n al Cliente o con su agente. Realizaremos inmediatamente una investigaci\u00f3n exhaustiva para resolver el problema.<\/p><p><strong>13. Actualizaci\u00f3n del env\u00edo:<\/strong><\/p><p>Mant\u00e9ngase informado del progreso de su env\u00edo mediante notificaciones por correo electr\u00f3nico o p\u00f3ngase en contacto con su agente.<\/p><p><strong>14. P\u00f3ngase en contacto con nosotros:<\/strong><\/p><p>Si tiene alguna duda o problema con su env\u00edo, nuestro equipo de atenci\u00f3n al cliente o nuestros agentes est\u00e1n siempre dispuestos a ayudarle. Env\u00ede un correo electr\u00f3nico a info@mirekboutique.com.<\/p><p>Al realizar un pedido con nosotros, usted reconoce y acepta estas Condiciones Generales de Env\u00edo. Nos comprometemos a ofrecerle un servicio excelente y una experiencia de compra agradable.<\/p><p><strong>15 Sobre el proceso de pedido<\/strong><br \/>En primer lugar, el m\u00e9todo log\u00edstico que ofrecemos es contra reembolso. Necesitamos cobrarle un dep\u00f3sito 10%. Puede pagar el dep\u00f3sito a trav\u00e9s de su agente o ponerse en contacto con el personal oficial. Si se niega a aceptar la mercanc\u00eda despu\u00e9s de recibirla, no le devolveremos el dep\u00f3sito 10%. Los productos de esta tienda son todos de gama alta. Los costes de transporte y seguro son caros, por lo que se requiere un dep\u00f3sito. Gracias por su comprensi\u00f3n.<\/p><p><strong>Gracias por elegirnos para sus compras globales.<\/strong><\/p>\t\t\t\t\t\t\t\t<\/div>\n\t\t\t\t<\/div>\n\t\t\t\t\t<\/div>\n\t\t\t\t<\/div>\n\t\t\t\t<\/div>","protected":false},"excerpt":{"rendered":"<p>cash on delivery COD We are proud to offer you worldwide shipping services, the following terms and conditions are designed to provide you with a perfect shopping experience. Please read the following delivery terms and conditions carefully before placing your order. 1. Worldwide delivery: We are proud to offer worldwide delivery to many countries and [&hellip;]<\/p>","protected":false},"author":1,"featured_media":0,"parent":0,"menu_order":0,"comment_status":"closed","ping_status":"closed","template":"","meta":{"_monsterinsights_skip_tracking":false,"_monsterinsights_sitenote_active":false,"_monsterinsights_sitenote_note":"","_monsterinsights_sitenote_category":0,"site-sidebar-layout":"no-sidebar","site-content-layout":"page-builder","ast-site-content-layout":"full-width-container","site-content-style":"default","site-sidebar-style":"default","ast-global-header-display":"","ast-banner-title-visibility":"","ast-main-header-display":"","ast-hfb-above-header-display":"","ast-hfb-below-header-display":"","ast-hfb-mobile-header-display":"","site-post-title":"disabled","ast-breadcrumbs-content":"","ast-featured-img":"disabled","footer-sml-layout":"","theme-transparent-header-meta":"default","adv-header-id-meta":"","stick-header-meta":"","header-above-stick-meta":"","header-main-stick-meta":"","header-below-stick-meta":"","astra-migrate-meta-layouts":"set","ast-page-background-enabled":"default","ast-page-background-meta":{"desktop":{"background-color":"var(--ast-global-color-4)","background-image":"","background-repeat":"repeat","background-position":"center center","background-size":"auto","background-attachment":"scroll","background-type":"","background-media":"","overlay-type":"","overlay-color":"","overlay-opacity":"","overlay-gradient":""},"tablet":{"background-color":"","background-image":"","background-repeat":"repeat","background-position":"center center","background-size":"auto","background-attachment":"scroll","background-type":"","background-media":"","overlay-type":"","overlay-color":"","overlay-opacity":"","overlay-gradient":""},"mobile":{"background-color":"","background-image":"","background-repeat":"repeat","background-position":"center center","background-size":"auto","background-attachment":"scroll","background-type":"","background-media":"","overlay-type":"","overlay-color":"","overlay-opacity":"","overlay-gradient":""}},"ast-content-background-meta":{"desktop":{"background-color":"var(--ast-global-color-5)","background-image":"","background-repeat":"repeat","background-position":"center center","background-size":"auto","background-attachment":"scroll","background-type":"","background-media":"","overlay-type":"","overlay-color":"","overlay-opacity":"","overlay-gradient":""},"tablet":{"background-color":"var(--ast-global-color-5)","background-image":"","background-repeat":"repeat","background-position":"center center","background-size":"auto","background-attachment":"scroll","background-type":"","background-media":"","overlay-type":"","overlay-color":"","overlay-opacity":"","overlay-gradient":""},"mobile":{"background-color":"var(--ast-global-color-5)","background-image":"","background-repeat":"repeat","background-position":"center center","background-size":"auto","background-attachment":"scroll","background-type":"","background-media":"","overlay-type":"","overlay-color":"","overlay-opacity":"","overlay-gradient":""}},"footnotes":""},"class_list":["post-591","page","type-page","status-publish","hentry"],"_links":{"self":[{"href":"https:\/\/mirekboutique.com\/es\/wp-json\/wp\/v2\/pages\/591","targetHints":{"allow":["GET"]}}],"collection":[{"href":"https:\/\/mirekboutique.com\/es\/wp-json\/wp\/v2\/pages"}],"about":[{"href":"https:\/\/mirekboutique.com\/es\/wp-json\/wp\/v2\/types\/page"}],"author":[{"embeddable":true,"href":"https:\/\/mirekboutique.com\/es\/wp-json\/wp\/v2\/users\/1"}],"replies":[{"embeddable":true,"href":"https:\/\/mirekboutique.com\/es\/wp-json\/wp\/v2\/comments?post=591"}],"version-history":[{"count":22,"href":"https:\/\/mirekboutique.com\/es\/wp-json\/wp\/v2\/pages\/591\/revisions"}],"predecessor-version":[{"id":2421,"href":"https:\/\/mirekboutique.com\/es\/wp-json\/wp\/v2\/pages\/591\/revisions\/2421"}],"wp:attachment":[{"href":"https:\/\/mirekboutique.com\/es\/wp-json\/wp\/v2\/media?parent=591"}],"curies":[{"name":"wp","href":"https:\/\/api.w.org\/{rel}","templated":true}]}}