{"id":1085,"date":"2025-05-09T01:23:55","date_gmt":"2025-05-08T17:23:55","guid":{"rendered":"https:\/\/mirekboutique.com\/?post_type=product&#038;p=1085"},"modified":"2025-05-24T19:21:46","modified_gmt":"2025-05-24T11:21:46","slug":"lq147-masterpiece-moonphase-latest-model-l2-11-super-clone","status":"publish","type":"product","link":"https:\/\/mirekboutique.com\/es\/producto\/lq147-masterpiece-moonphase-latest-model-l2-11-super-clone\/","title":{"rendered":"LQ147 Masterpiece Moonphase \u00daltimo Modelo L2 1:1 Super Clon"},"content":{"rendered":"<p>\u00a1KL f\u00e1brica de nuevo subi\u00f3 a la cima de la r\u00e9plica cuidadosamente elaborado obra maestra fase lunar \u00faltima L2.773.4.78.6 reloj - miles de sutilezas, la convergencia de un disco, el dise\u00f1o de la exquisita, excelente sentido de la vista!<br \/>\nSe compraron y moldearon tres relojes originales, y la exquisita artesan\u00eda se aprecia en la mu\u00f1eca.<br \/>\n[Caso] tama\u00f1o del reloj 40mm X 14.5mm El caso est\u00e1 hecho de acero inoxidable 316L de excelente calidad, brillante y brillante, presentando la textura brillante original de las l\u00edneas suaves. \u00a1Upright asas y el caso moldeado en una sola pieza, que lleva un cerca de la mano, muy c\u00f3modo!<br \/>\n[Movimiento] utilizando Dandong 7751 movimiento para cambiar el original L.687 tipo de movimiento, todas las funciones sincronizadas con el original. Es uno de los productos orgullosos del peso movimiento nacional, y es tambi\u00e9n el m\u00e1s caracter\u00edstico estilo cl\u00e1sico Longines.<br \/>\n[Literal] Longines fase lunar restaurar el m\u00e1s alto grado de \"grano de trigo\" ornamentaci\u00f3n, impresi\u00f3n tridimensional de la escala \u00e1rabe negro, cada fuente son estricta referencia al estilo original, para lograr y genuinos niveles intercambiables<br \/>\n[Manos] ocho agujas fase lunar tiene ocho de alta temperatura de temple y forja de acero azulado manos, profundo y distintivo, brillante. \u00a1El proceso de acero azulado es el m\u00e1s alto nivel de la artesan\u00eda suiza, retroiluminaci\u00f3n profunda, deslumbrante a la luz!<br \/>\n[Movimiento] El movimiento funciona en consonancia con el original: una mezcla perfecta de funciones de fases lunares, calendario completo, 24 horas y cron\u00f3grafo multifunci\u00f3n, movimiento mec\u00e1nico autom\u00e1tico L687, 28.800 alternancias por hora, \u00a1hasta 45 horas de reserva de marcha!<br \/>\nKL f\u00e1brica] \u00a1KL f\u00e1brica es s\u00f3lo para crear la familia familiar Long m\u00e1s popular de los relojes de la m\u00e1s alta calidad, producto rico, la mejora continua, en la b\u00fasqueda de la calidad al mismo tiempo tambi\u00e9n hacer el mercado uno de la f\u00e1brica m\u00e1s rentable, cada reloj ser\u00e1 comprado para abrir el molde de la producci\u00f3n de nuevos productos originales, por lo que el reloj de los detalles de la textura son perfectamente restaurado, aqu\u00ed gracias a todos y cada empresario para apoyar la f\u00e1brica KL y amigos del reloj, vamos a seguir trabajando duro!<\/p>","protected":false},"excerpt":{"rendered":"<p>\ud83d\udd25\ud83d\udd25\u00a1Todos los productos de este sitio web son r\u00e9plicas perfectas de alta gama hechas por s\u00faper fabricantes, completamente nuevas y sin abrir, la calidad y el servicio posventa est\u00e1n garantizados!<\/p>\n<p>\u2705\u2705\u2705\u2705Mirekboutique s\u00f3lo produce art\u00edculos de alta calidad Todos los art\u00edculos de nuestra tienda vienen con la caja original Caja de madera de gama alta<\/p>\n<p>\ud83c\udf39\ud83c\udf39Por favor, estar seguro de comprar Todos los bienes de apoyo contra reembolso Le deseo una feliz compra<\/p>","protected":false},"featured_media":1086,"comment_status":"open","ping_status":"closed","template":"","meta":{"_monsterinsights_skip_tracking":false,"_monsterinsights_sitenote_active":false,"_monsterinsights_sitenote_note":"","_monsterinsights_sitenote_category":0,"site-sidebar-layout":"default","site-content-layout":"","ast-site-content-layout":"default","site-content-style":"default","site-sidebar-style":"default","ast-global-header-display":"","ast-banner-title-visibility":"","ast-main-header-display":"","ast-hfb-above-header-display":"","ast-hfb-below-header-display":"","ast-hfb-mobile-header-display":"","site-post-title":"","ast-breadcrumbs-content":"","ast-featured-img":"","footer-sml-layout":"","theme-transparent-header-meta":"default","adv-header-id-meta":"","stick-header-meta":"","header-above-stick-meta":"","header-main-stick-meta":"","header-below-stick-meta":"","astra-migrate-meta-layouts":"set","ast-page-background-enabled":"default","ast-page-background-meta":{"desktop":{"background-color":"var(--ast-global-color-4)","background-image":"","background-repeat":"repeat","background-position":"center center","background-size":"auto","background-attachment":"scroll","background-type":"","background-media":"","overlay-type":"","overlay-color":"","overlay-opacity":"","overlay-gradient":""},"tablet":{"background-color":"","background-image":"","background-repeat":"repeat","background-position":"center center","background-size":"auto","background-attachment":"scroll","background-type":"","background-media":"","overlay-type":"","overlay-color":"","overlay-opacity":"","overlay-gradient":""},"mobile":{"background-color":"","background-image":"","background-repeat":"repeat","background-position":"center center","background-size":"auto","background-attachment":"scroll","background-type":"","background-media":"","overlay-type":"","overlay-color":"","overlay-opacity":"","overlay-gradient":""}},"ast-content-background-meta":{"desktop":{"background-color":"var(--ast-global-color-5)","background-image":"","background-repeat":"repeat","background-position":"center center","background-size":"auto","background-attachment":"scroll","background-type":"","background-media":"","overlay-type":"","overlay-color":"","overlay-opacity":"","overlay-gradient":""},"tablet":{"background-color":"var(--ast-global-color-5)","background-image":"","background-repeat":"repeat","background-position":"center center","background-size":"auto","background-attachment":"scroll","background-type":"","background-media":"","overlay-type":"","overlay-color":"","overlay-opacity":"","overlay-gradient":""},"mobile":{"background-color":"var(--ast-global-color-5)","background-image":"","background-repeat":"repeat","background-position":"center center","background-size":"auto","background-attachment":"scroll","background-type":"","background-media":"","overlay-type":"","overlay-color":"","overlay-opacity":"","overlay-gradient":""}}},"product_brand":[],"product_cat":[34],"product_tag":[],"class_list":{"0":"post-1085","1":"product","2":"type-product","3":"status-publish","4":"has-post-thumbnail","6":"product_cat-longines","7":"desktop-align-center","8":"tablet-align-left","9":"mobile-align-left","11":"first","12":"instock","13":"sale","14":"shipping-taxable","15":"purchasable","16":"product-type-simple"},"_links":{"self":[{"href":"https:\/\/mirekboutique.com\/es\/wp-json\/wp\/v2\/product\/1085","targetHints":{"allow":["GET"]}}],"collection":[{"href":"https:\/\/mirekboutique.com\/es\/wp-json\/wp\/v2\/product"}],"about":[{"href":"https:\/\/mirekboutique.com\/es\/wp-json\/wp\/v2\/types\/product"}],"replies":[{"embeddable":true,"href":"https:\/\/mirekboutique.com\/es\/wp-json\/wp\/v2\/comments?post=1085"}],"version-history":[{"count":1,"href":"https:\/\/mirekboutique.com\/es\/wp-json\/wp\/v2\/product\/1085\/revisions"}],"predecessor-version":[{"id":1091,"href":"https:\/\/mirekboutique.com\/es\/wp-json\/wp\/v2\/product\/1085\/revisions\/1091"}],"wp:featuredmedia":[{"embeddable":true,"href":"https:\/\/mirekboutique.com\/es\/wp-json\/wp\/v2\/media\/1086"}],"wp:attachment":[{"href":"https:\/\/mirekboutique.com\/es\/wp-json\/wp\/v2\/media?parent=1085"}],"wp:term":[{"taxonomy":"product_brand","embeddable":true,"href":"https:\/\/mirekboutique.com\/es\/wp-json\/wp\/v2\/product_brand?post=1085"},{"taxonomy":"product_cat","embeddable":true,"href":"https:\/\/mirekboutique.com\/es\/wp-json\/wp\/v2\/product_cat?post=1085"},{"taxonomy":"product_tag","embeddable":true,"href":"https:\/\/mirekboutique.com\/es\/wp-json\/wp\/v2\/product_tag?post=1085"}],"curies":[{"name":"wp","href":"https:\/\/api.w.org\/{rel}","templated":true}]}}