{"id":1175,"date":"2025-05-09T01:46:11","date_gmt":"2025-05-08T17:46:11","guid":{"rendered":"https:\/\/mirekboutique.com\/?post_type=product&#038;p=1175"},"modified":"2025-05-24T19:21:46","modified_gmt":"2025-05-24T11:21:46","slug":"omg223-omg-seamaster-worldtimer-220-30-43-22-10-001-11-super-clone","status":"publish","type":"product","link":"https:\/\/mirekboutique.com\/es\/producto\/omg223-omg-seamaster-worldtimer-220-30-43-22-10-001-11-super-clone\/","title":{"rendered":"OMG223 Omg Seamaster Worldtimer 220.30.43.22.10.001 1:1 Super Clon"},"content":{"rendered":"<p>F\u00e1brica N1F<br \/>\nOmg Seamaster Worldtimer 220.30.43.22.10.001<br \/>\n1: caso: moldeado plantilla genuina y genuina consistente 43 de di\u00e1metro (excluyendo la ca\u00edda de prensa) \"m\u00e1s\" restaurar el delicado brillo y la textura suave de la caja genuina, la amplitud del caso, para lograr y genuina c\u00e1scara universal conjunto de accesorios<br \/>\n\u00a12: cristal: uso exclusivo de arco de doble cara antirreflectante resistente al desgaste espejo de cristal de zafiro, espejo de cristal de zafiro chapado antirreflectante pel\u00edcula de cristal de alta transparencia, de modo que la funci\u00f3n de lectura para lograr el \"mejor\"!<br \/>\n3:Literatura: el color del dial llev\u00f3 un a\u00f1o de mezcla de colores m\u00e1s all\u00e1 de la<br \/>\n4: aguja: puntero todo pulido fino y palabra u\u00f1a color y tonificaci\u00f3n genuina consistente, luminoso y palabra u\u00f1a color super luminoso es consistente, lectura sin miedo en la oscuridad, adi\u00f3s a los bienes de mercado blanco, efecto luminoso problemas inconsistentes.<br \/>\n5: el movimiento utilizado en el 8938 movimiento autom\u00e1tico, reserva de marcha lleg\u00f3 a 48 horas<br \/>\n6 correa: aut\u00e9ntica correa de acero 904 moldeada abierta calidad A<br \/>\n7: Hebilla: \u00a1Genuino consistente 904 de acero de tipo partido hebilla, actividades pulido part\u00edculas cabeza, simple y concisa, una demolici\u00f3n de un desgaste s\u00f3lo en un abrir y cerrar de ojos!<br \/>\nN1 producto de tiempo mundial, el nivel m\u00e1ximo de bienvenida a los jugadores degustaci\u00f3n (N1 producto debe estar bien)<\/p>","protected":false},"excerpt":{"rendered":"<p>\ud83d\udd25\ud83d\udd25\u00a1Todos los productos de este sitio web son r\u00e9plicas perfectas de alta gama hechas por s\u00faper fabricantes, completamente nuevas y sin abrir, la calidad y el servicio posventa est\u00e1n garantizados!<\/p>\n<p>\u2705\u2705\u2705\u2705Mirekboutique s\u00f3lo produce art\u00edculos de alta calidad Todos los art\u00edculos de nuestra tienda vienen con la caja original Caja de madera de gama alta<\/p>\n<p>\ud83c\udf39\ud83c\udf39Por favor, estar seguro de comprar Todos los bienes de apoyo contra reembolso Le deseo una feliz compra<\/p>","protected":false},"featured_media":1176,"comment_status":"open","ping_status":"closed","template":"","meta":{"_monsterinsights_skip_tracking":false,"_monsterinsights_sitenote_active":false,"_monsterinsights_sitenote_note":"","_monsterinsights_sitenote_category":0,"site-sidebar-layout":"default","site-content-layout":"","ast-site-content-layout":"default","site-content-style":"default","site-sidebar-style":"default","ast-global-header-display":"","ast-banner-title-visibility":"","ast-main-header-display":"","ast-hfb-above-header-display":"","ast-hfb-below-header-display":"","ast-hfb-mobile-header-display":"","site-post-title":"","ast-breadcrumbs-content":"","ast-featured-img":"","footer-sml-layout":"","theme-transparent-header-meta":"default","adv-header-id-meta":"","stick-header-meta":"","header-above-stick-meta":"","header-main-stick-meta":"","header-below-stick-meta":"","astra-migrate-meta-layouts":"set","ast-page-background-enabled":"default","ast-page-background-meta":{"desktop":{"background-color":"var(--ast-global-color-4)","background-image":"","background-repeat":"repeat","background-position":"center center","background-size":"auto","background-attachment":"scroll","background-type":"","background-media":"","overlay-type":"","overlay-color":"","overlay-opacity":"","overlay-gradient":""},"tablet":{"background-color":"","background-image":"","background-repeat":"repeat","background-position":"center center","background-size":"auto","background-attachment":"scroll","background-type":"","background-media":"","overlay-type":"","overlay-color":"","overlay-opacity":"","overlay-gradient":""},"mobile":{"background-color":"","background-image":"","background-repeat":"repeat","background-position":"center center","background-size":"auto","background-attachment":"scroll","background-type":"","background-media":"","overlay-type":"","overlay-color":"","overlay-opacity":"","overlay-gradient":""}},"ast-content-background-meta":{"desktop":{"background-color":"var(--ast-global-color-5)","background-image":"","background-repeat":"repeat","background-position":"center center","background-size":"auto","background-attachment":"scroll","background-type":"","background-media":"","overlay-type":"","overlay-color":"","overlay-opacity":"","overlay-gradient":""},"tablet":{"background-color":"var(--ast-global-color-5)","background-image":"","background-repeat":"repeat","background-position":"center center","background-size":"auto","background-attachment":"scroll","background-type":"","background-media":"","overlay-type":"","overlay-color":"","overlay-opacity":"","overlay-gradient":""},"mobile":{"background-color":"var(--ast-global-color-5)","background-image":"","background-repeat":"repeat","background-position":"center center","background-size":"auto","background-attachment":"scroll","background-type":"","background-media":"","overlay-type":"","overlay-color":"","overlay-opacity":"","overlay-gradient":""}}},"product_brand":[],"product_cat":[37],"product_tag":[],"class_list":{"0":"post-1175","1":"product","2":"type-product","3":"status-publish","4":"has-post-thumbnail","6":"product_cat-omega","7":"desktop-align-center","8":"tablet-align-left","9":"mobile-align-left","11":"first","12":"instock","13":"sale","14":"shipping-taxable","15":"purchasable","16":"product-type-simple"},"_links":{"self":[{"href":"https:\/\/mirekboutique.com\/es\/wp-json\/wp\/v2\/product\/1175","targetHints":{"allow":["GET"]}}],"collection":[{"href":"https:\/\/mirekboutique.com\/es\/wp-json\/wp\/v2\/product"}],"about":[{"href":"https:\/\/mirekboutique.com\/es\/wp-json\/wp\/v2\/types\/product"}],"replies":[{"embeddable":true,"href":"https:\/\/mirekboutique.com\/es\/wp-json\/wp\/v2\/comments?post=1175"}],"version-history":[{"count":1,"href":"https:\/\/mirekboutique.com\/es\/wp-json\/wp\/v2\/product\/1175\/revisions"}],"predecessor-version":[{"id":1182,"href":"https:\/\/mirekboutique.com\/es\/wp-json\/wp\/v2\/product\/1175\/revisions\/1182"}],"wp:featuredmedia":[{"embeddable":true,"href":"https:\/\/mirekboutique.com\/es\/wp-json\/wp\/v2\/media\/1176"}],"wp:attachment":[{"href":"https:\/\/mirekboutique.com\/es\/wp-json\/wp\/v2\/media?parent=1175"}],"wp:term":[{"taxonomy":"product_brand","embeddable":true,"href":"https:\/\/mirekboutique.com\/es\/wp-json\/wp\/v2\/product_brand?post=1175"},{"taxonomy":"product_cat","embeddable":true,"href":"https:\/\/mirekboutique.com\/es\/wp-json\/wp\/v2\/product_cat?post=1175"},{"taxonomy":"product_tag","embeddable":true,"href":"https:\/\/mirekboutique.com\/es\/wp-json\/wp\/v2\/product_tag?post=1175"}],"curies":[{"name":"wp","href":"https:\/\/api.w.org\/{rel}","templated":true}]}}