{"id":1348,"date":"2025-05-09T02:35:55","date_gmt":"2025-05-08T18:35:55","guid":{"rendered":"https:\/\/mirekboutique.com\/?post_type=product&#038;p=1348"},"modified":"2025-05-24T19:21:44","modified_gmt":"2025-05-24T11:21:44","slug":"bd008-ai-fantasy-star-watch-11-super-clone","status":"publish","type":"product","link":"https:\/\/mirekboutique.com\/es\/producto\/bd008-ai-fantasy-star-watch-11-super-clone\/","title":{"rendered":"BD008 AI Reloj Estrella Fantas\u00eda 1:1 Super Clon"},"content":{"rendered":"<p>AI Fantasy Star reloj sali\u00f3 de la nada y a la altura de su nombre: esfera de la \u00f3rbita de la estrella real, de acuerdo con la genuina 745 horas un c\u00edrculo. \u00a1Exactamente igual que la aut\u00e9ntica y exclusiva esfera de tres capas r\u00e9plica perfecta del reloj original! \u00a1Entregado con caja de env\u00edo contador!<br \/>\n\"El s\u00edmbolo de la aristocracia\" PP Sky Moon Watches contiene una vista panor\u00e1mica del cielo, el cielo nocturno estrellado m\u00e1s deslumbrante del hemisferio norte, con una exclusiva esfera de tres capas que gira a diferentes velocidades, mostrando con precisi\u00f3n una vista panor\u00e1mica abovedada de las estrellas y la luna orbitando en el cielo nocturno. El mapa estelar se compone de tres discos diferentes: dos discos que muestran el fondo del cielo estrellado y las fases de la luna, y un disco de cristal transparente que muestra el mapa estelar y la V\u00eda L\u00e1ctea. Las agujas de las horas y los minutos est\u00e1n caladas en forma de hojas de sauce en la esfera, con agujas de color gris plateado en la esfera azul y de color crema en la esfera negra. El centro tiene un s\u00f3lido eje central pulido que es coherente con el original y exclusivo. El fondo transparente de la caja revela el calibre tourbillon perlado 240 LU CL C con un di\u00e1metro de 38 mm, un grosor de 6,81 mm, 315 piezas, 12 puentes, 45 rub\u00edes, una frecuencia de 28.800 alternancias por hora, una reserva de marcha m\u00e1xima de 48 horas y una masa oscilante en miniatura descentrada de oro de 22 quilates. La correa de liberaci\u00f3n r\u00e1pida es una correa con motivo de escamas cuadradas de color brillante cosida a mano con cierre desplegable. Asa a las 2 para ajustar la esfera astrol\u00f3gica transparente y leer al mismo tiempo la hora de las fases lunares, la esfera astrol\u00f3gica transparente gira una vez al mes, asa a las 4 para ajustar la esfera astrol\u00f3gica, ventana \u25cb redonda para visualizar las fases lunares, la caja a las 6 est\u00e1 envuelta en un diamante como el original, \u00a1que nunca se caer\u00e1 de los diamantes! Este es el modelo de reloj supercomplejo m\u00e1s fascinante desarrollado y producido por la f\u00e1brica AI, lleva todo el cielo estrellado en tu mu\u00f1eca, \u00a1te lo mereces!<\/p>","protected":false},"excerpt":{"rendered":"<p>\ud83d\udd25\ud83d\udd25\u00a1Todos los productos de este sitio web son r\u00e9plicas perfectas de alta gama hechas por s\u00faper fabricantes, completamente nuevas y sin abrir, la calidad y el servicio posventa est\u00e1n garantizados!<\/p>\n<p>\u2705\u2705\u2705\u2705Mirekboutique s\u00f3lo produce art\u00edculos de alta calidad Todos los art\u00edculos de nuestra tienda vienen con la caja original Caja de madera de gama alta<\/p>\n<p>\ud83c\udf39\ud83c\udf39Por favor, estar seguro de comprar Todos los bienes de apoyo contra reembolso Le deseo una feliz compra<\/p>","protected":false},"featured_media":1349,"comment_status":"open","ping_status":"closed","template":"","meta":{"_monsterinsights_skip_tracking":false,"_monsterinsights_sitenote_active":false,"_monsterinsights_sitenote_note":"","_monsterinsights_sitenote_category":0,"site-sidebar-layout":"default","site-content-layout":"","ast-site-content-layout":"default","site-content-style":"default","site-sidebar-style":"default","ast-global-header-display":"","ast-banner-title-visibility":"","ast-main-header-display":"","ast-hfb-above-header-display":"","ast-hfb-below-header-display":"","ast-hfb-mobile-header-display":"","site-post-title":"","ast-breadcrumbs-content":"","ast-featured-img":"","footer-sml-layout":"","theme-transparent-header-meta":"default","adv-header-id-meta":"","stick-header-meta":"","header-above-stick-meta":"","header-main-stick-meta":"","header-below-stick-meta":"","astra-migrate-meta-layouts":"set","ast-page-background-enabled":"default","ast-page-background-meta":{"desktop":{"background-color":"var(--ast-global-color-4)","background-image":"","background-repeat":"repeat","background-position":"center center","background-size":"auto","background-attachment":"scroll","background-type":"","background-media":"","overlay-type":"","overlay-color":"","overlay-opacity":"","overlay-gradient":""},"tablet":{"background-color":"","background-image":"","background-repeat":"repeat","background-position":"center center","background-size":"auto","background-attachment":"scroll","background-type":"","background-media":"","overlay-type":"","overlay-color":"","overlay-opacity":"","overlay-gradient":""},"mobile":{"background-color":"","background-image":"","background-repeat":"repeat","background-position":"center center","background-size":"auto","background-attachment":"scroll","background-type":"","background-media":"","overlay-type":"","overlay-color":"","overlay-opacity":"","overlay-gradient":""}},"ast-content-background-meta":{"desktop":{"background-color":"var(--ast-global-color-5)","background-image":"","background-repeat":"repeat","background-position":"center center","background-size":"auto","background-attachment":"scroll","background-type":"","background-media":"","overlay-type":"","overlay-color":"","overlay-opacity":"","overlay-gradient":""},"tablet":{"background-color":"var(--ast-global-color-5)","background-image":"","background-repeat":"repeat","background-position":"center center","background-size":"auto","background-attachment":"scroll","background-type":"","background-media":"","overlay-type":"","overlay-color":"","overlay-opacity":"","overlay-gradient":""},"mobile":{"background-color":"var(--ast-global-color-5)","background-image":"","background-repeat":"repeat","background-position":"center center","background-size":"auto","background-attachment":"scroll","background-type":"","background-media":"","overlay-type":"","overlay-color":"","overlay-opacity":"","overlay-gradient":""}}},"product_brand":[],"product_cat":[18],"product_tag":[],"class_list":{"0":"post-1348","1":"product","2":"type-product","3":"status-publish","4":"has-post-thumbnail","6":"product_cat-patek-philippe","7":"desktop-align-center","8":"tablet-align-left","9":"mobile-align-left","11":"first","12":"instock","13":"sale","14":"shipping-taxable","15":"purchasable","16":"product-type-simple"},"_links":{"self":[{"href":"https:\/\/mirekboutique.com\/es\/wp-json\/wp\/v2\/product\/1348","targetHints":{"allow":["GET"]}}],"collection":[{"href":"https:\/\/mirekboutique.com\/es\/wp-json\/wp\/v2\/product"}],"about":[{"href":"https:\/\/mirekboutique.com\/es\/wp-json\/wp\/v2\/types\/product"}],"replies":[{"embeddable":true,"href":"https:\/\/mirekboutique.com\/es\/wp-json\/wp\/v2\/comments?post=1348"}],"version-history":[{"count":1,"href":"https:\/\/mirekboutique.com\/es\/wp-json\/wp\/v2\/product\/1348\/revisions"}],"predecessor-version":[{"id":1354,"href":"https:\/\/mirekboutique.com\/es\/wp-json\/wp\/v2\/product\/1348\/revisions\/1354"}],"wp:featuredmedia":[{"embeddable":true,"href":"https:\/\/mirekboutique.com\/es\/wp-json\/wp\/v2\/media\/1349"}],"wp:attachment":[{"href":"https:\/\/mirekboutique.com\/es\/wp-json\/wp\/v2\/media?parent=1348"}],"wp:term":[{"taxonomy":"product_brand","embeddable":true,"href":"https:\/\/mirekboutique.com\/es\/wp-json\/wp\/v2\/product_brand?post=1348"},{"taxonomy":"product_cat","embeddable":true,"href":"https:\/\/mirekboutique.com\/es\/wp-json\/wp\/v2\/product_cat?post=1348"},{"taxonomy":"product_tag","embeddable":true,"href":"https:\/\/mirekboutique.com\/es\/wp-json\/wp\/v2\/product_tag?post=1348"}],"curies":[{"name":"wp","href":"https:\/\/api.w.org\/{rel}","templated":true}]}}