{"id":1362,"date":"2025-05-09T02:40:22","date_gmt":"2025-05-08T18:40:22","guid":{"rendered":"https:\/\/mirekboutique.com\/?post_type=product&#038;p=1362"},"modified":"2025-05-24T19:21:44","modified_gmt":"2025-05-24T11:21:44","slug":"bd010-clatrava-series-11-super-clone-from-a-super-factory","status":"publish","type":"product","link":"https:\/\/mirekboutique.com\/es\/producto\/bd010-clatrava-series-11-super-clone-from-a-super-factory\/","title":{"rendered":"BD010 Clatrava Serie 1:1 superclon de una superf\u00e1brica"},"content":{"rendered":"<p>Nuevo de la f\u00e1brica de PPF en Hong Kong - PP Calatrava Ref. 5226G-001 Caja: La colecci\u00f3n Calatrava es famosa por la forma redondeada y suave de su caja. Hoy, PP ha tomado esta caracter\u00edstica y la ha redise\u00f1ado con un motivo de tachuelas parisinas en los bordes laterales de la caja. El motivo de tachuelas parisinas es un elemento cl\u00e1sico de Patek Philippe que se reprodujo en el Calatrava Parisian Studded Ref. 6119 en 2021, y los dise\u00f1adores han desarrollado una construcci\u00f3n especial de la caja que permite que las asas se integren en el fondo de la caja para que los tachones parisinos cubran por completo el lateral de la caja. \u00a1la f\u00e1brica Hk ha moldeado la caja para que coincida con la original! Esfera: La esfera gris marengo es de inspiraci\u00f3n vintage, con un degradado negro en los bordes y un sutil veteado que recuerda a las cajas de las c\u00e1maras antiguas. La esfera se complementa con letras tridimensionales de oro blanco con revestimiento luminiscente beige y una discreta escala de segundos \"track\". Las agujas cil\u00edndricas de las horas y los minutos, de oro blanco, tienen un revestimiento luminiscente de color beige, y la ventana de la fecha, situada a las 3 horas, presenta letras de color beige sobre un fondo negro Movimiento: El PPF Manufacture utiliza como calibre base el 9015 importado, que ha sido adaptado y mejorado. El movimiento cuenta con puentes biselados, bordes pulidos, decoraci\u00f3n de escamas de pez y C\u00f4tes de Gen\u00e8ve en los puentes grande y peque\u00f1o, grabado con incrustaciones de oro en las superficies de los puentes, cavidades para los tornillos pulidas y biseladas, y lleva estampada la cl\u00e1sica marca de la doble P de Patek Philippe. Correa: La nueva Ref. 5226G-001 est\u00e1 disponible con dos correas intercambiables, una en piel de becerro de ante beige y la otra en piel de becerro negra con un patr\u00f3n de textura en relieve y pespuntes beige. Ambas correas est\u00e1n equipadas con hebilla de pasador de oro blanco y leng\u00fcetas de liberaci\u00f3n r\u00e1pida, lo que hace que la operaci\u00f3n de sustituci\u00f3n de la correa sea m\u00e1s c\u00f3moda. La f\u00e1brica PPF no estallar\u00e1, seguir\u00e1 mejorando y continuar\u00e1 creando copias de relojes de calidad original para los amantes de los relojes de todos los \u00e1mbitos de la vida.<\/p>","protected":false},"excerpt":{"rendered":"<p>\ud83d\udd25\ud83d\udd25\u00a1Todos los productos de este sitio web son r\u00e9plicas perfectas de alta gama hechas por s\u00faper fabricantes, completamente nuevas y sin abrir, la calidad y el servicio posventa est\u00e1n garantizados!<\/p>\n<p>\u2705\u2705\u2705\u2705Mirekboutique s\u00f3lo produce art\u00edculos de alta calidad Todos los art\u00edculos de nuestra tienda vienen con la caja original Caja de madera de gama alta<\/p>\n<p>\ud83c\udf39\ud83c\udf39Por favor, estar seguro de comprar Todos los bienes de apoyo contra reembolso Le deseo una feliz compra<\/p>","protected":false},"featured_media":1363,"comment_status":"open","ping_status":"closed","template":"","meta":{"_monsterinsights_skip_tracking":false,"_monsterinsights_sitenote_active":false,"_monsterinsights_sitenote_note":"","_monsterinsights_sitenote_category":0,"site-sidebar-layout":"default","site-content-layout":"","ast-site-content-layout":"default","site-content-style":"default","site-sidebar-style":"default","ast-global-header-display":"","ast-banner-title-visibility":"","ast-main-header-display":"","ast-hfb-above-header-display":"","ast-hfb-below-header-display":"","ast-hfb-mobile-header-display":"","site-post-title":"","ast-breadcrumbs-content":"","ast-featured-img":"","footer-sml-layout":"","theme-transparent-header-meta":"default","adv-header-id-meta":"","stick-header-meta":"","header-above-stick-meta":"","header-main-stick-meta":"","header-below-stick-meta":"","astra-migrate-meta-layouts":"set","ast-page-background-enabled":"default","ast-page-background-meta":{"desktop":{"background-color":"var(--ast-global-color-4)","background-image":"","background-repeat":"repeat","background-position":"center center","background-size":"auto","background-attachment":"scroll","background-type":"","background-media":"","overlay-type":"","overlay-color":"","overlay-opacity":"","overlay-gradient":""},"tablet":{"background-color":"","background-image":"","background-repeat":"repeat","background-position":"center center","background-size":"auto","background-attachment":"scroll","background-type":"","background-media":"","overlay-type":"","overlay-color":"","overlay-opacity":"","overlay-gradient":""},"mobile":{"background-color":"","background-image":"","background-repeat":"repeat","background-position":"center center","background-size":"auto","background-attachment":"scroll","background-type":"","background-media":"","overlay-type":"","overlay-color":"","overlay-opacity":"","overlay-gradient":""}},"ast-content-background-meta":{"desktop":{"background-color":"var(--ast-global-color-5)","background-image":"","background-repeat":"repeat","background-position":"center center","background-size":"auto","background-attachment":"scroll","background-type":"","background-media":"","overlay-type":"","overlay-color":"","overlay-opacity":"","overlay-gradient":""},"tablet":{"background-color":"var(--ast-global-color-5)","background-image":"","background-repeat":"repeat","background-position":"center center","background-size":"auto","background-attachment":"scroll","background-type":"","background-media":"","overlay-type":"","overlay-color":"","overlay-opacity":"","overlay-gradient":""},"mobile":{"background-color":"var(--ast-global-color-5)","background-image":"","background-repeat":"repeat","background-position":"center center","background-size":"auto","background-attachment":"scroll","background-type":"","background-media":"","overlay-type":"","overlay-color":"","overlay-opacity":"","overlay-gradient":""}}},"product_brand":[],"product_cat":[18],"product_tag":[],"class_list":{"0":"post-1362","1":"product","2":"type-product","3":"status-publish","4":"has-post-thumbnail","6":"product_cat-patek-philippe","7":"desktop-align-center","8":"tablet-align-left","9":"mobile-align-left","11":"first","12":"instock","13":"sale","14":"shipping-taxable","15":"purchasable","16":"product-type-simple"},"_links":{"self":[{"href":"https:\/\/mirekboutique.com\/es\/wp-json\/wp\/v2\/product\/1362","targetHints":{"allow":["GET"]}}],"collection":[{"href":"https:\/\/mirekboutique.com\/es\/wp-json\/wp\/v2\/product"}],"about":[{"href":"https:\/\/mirekboutique.com\/es\/wp-json\/wp\/v2\/types\/product"}],"replies":[{"embeddable":true,"href":"https:\/\/mirekboutique.com\/es\/wp-json\/wp\/v2\/comments?post=1362"}],"version-history":[{"count":1,"href":"https:\/\/mirekboutique.com\/es\/wp-json\/wp\/v2\/product\/1362\/revisions"}],"predecessor-version":[{"id":1368,"href":"https:\/\/mirekboutique.com\/es\/wp-json\/wp\/v2\/product\/1362\/revisions\/1368"}],"wp:featuredmedia":[{"embeddable":true,"href":"https:\/\/mirekboutique.com\/es\/wp-json\/wp\/v2\/media\/1363"}],"wp:attachment":[{"href":"https:\/\/mirekboutique.com\/es\/wp-json\/wp\/v2\/media?parent=1362"}],"wp:term":[{"taxonomy":"product_brand","embeddable":true,"href":"https:\/\/mirekboutique.com\/es\/wp-json\/wp\/v2\/product_brand?post=1362"},{"taxonomy":"product_cat","embeddable":true,"href":"https:\/\/mirekboutique.com\/es\/wp-json\/wp\/v2\/product_cat?post=1362"},{"taxonomy":"product_tag","embeddable":true,"href":"https:\/\/mirekboutique.com\/es\/wp-json\/wp\/v2\/product_tag?post=1362"}],"curies":[{"name":"wp","href":"https:\/\/api.w.org\/{rel}","templated":true}]}}