{"id":1429,"date":"2025-05-09T02:58:38","date_gmt":"2025-05-08T18:58:38","guid":{"rendered":"https:\/\/mirekboutique.com\/?post_type=product&#038;p=1429"},"modified":"2025-05-24T19:34:50","modified_gmt":"2025-05-24T11:34:50","slug":"lcd181-richard-mille-rm47-series-waterproof-11-super-clone","status":"publish","type":"product","link":"https:\/\/mirekboutique.com\/es\/producto\/lcd181-richard-mille-rm47-series-waterproof-11-super-clone\/","title":{"rendered":"LCD181 Richard Mille serie rm47, impermeable 1:1 Super Clon"},"content":{"rendered":"<p>\u00a1Richmere rm47 serie, resistente al agua, exclusiva resistencia al agua personalizada! \u00a1BLACK KNIGHT ONE PIECE REAL TOURBILLON \u00a1Vea las pesas para el tourbillon real! artesan\u00eda relojera reloj de cer\u00e1mica pulida manos toffee tambi\u00e9n conocido como el yin y el yang manos volante de seis letras girar\u00e1! Es resistente al agua, de f\u00e1brica<\/p>","protected":false},"excerpt":{"rendered":"<p>\ud83d\udd25\ud83d\udd25\u00a1Todos los productos de este sitio web son r\u00e9plicas perfectas de alta gama hechas por s\u00faper fabricantes, completamente nuevas y sin abrir, la calidad y el servicio posventa est\u00e1n garantizados!<\/p>\n<p>\u2705\u2705\u2705\u2705Mirekboutique s\u00f3lo produce art\u00edculos de alta calidad Todos los art\u00edculos de nuestra tienda vienen con la caja original Caja de madera de gama alta<\/p>\n<p>\ud83c\udf39\ud83c\udf39Por favor, estar seguro de comprar Todos los bienes de apoyo contra reembolso Le deseo una feliz compra<\/p>","protected":false},"featured_media":1430,"comment_status":"open","ping_status":"closed","template":"","meta":{"_monsterinsights_skip_tracking":false,"_monsterinsights_sitenote_active":false,"_monsterinsights_sitenote_note":"","_monsterinsights_sitenote_category":0,"site-sidebar-layout":"default","site-content-layout":"","ast-site-content-layout":"default","site-content-style":"default","site-sidebar-style":"default","ast-global-header-display":"","ast-banner-title-visibility":"","ast-main-header-display":"","ast-hfb-above-header-display":"","ast-hfb-below-header-display":"","ast-hfb-mobile-header-display":"","site-post-title":"","ast-breadcrumbs-content":"","ast-featured-img":"","footer-sml-layout":"","theme-transparent-header-meta":"default","adv-header-id-meta":"","stick-header-meta":"","header-above-stick-meta":"","header-main-stick-meta":"","header-below-stick-meta":"","astra-migrate-meta-layouts":"set","ast-page-background-enabled":"default","ast-page-background-meta":{"desktop":{"background-color":"var(--ast-global-color-4)","background-image":"","background-repeat":"repeat","background-position":"center center","background-size":"auto","background-attachment":"scroll","background-type":"","background-media":"","overlay-type":"","overlay-color":"","overlay-opacity":"","overlay-gradient":""},"tablet":{"background-color":"","background-image":"","background-repeat":"repeat","background-position":"center center","background-size":"auto","background-attachment":"scroll","background-type":"","background-media":"","overlay-type":"","overlay-color":"","overlay-opacity":"","overlay-gradient":""},"mobile":{"background-color":"","background-image":"","background-repeat":"repeat","background-position":"center center","background-size":"auto","background-attachment":"scroll","background-type":"","background-media":"","overlay-type":"","overlay-color":"","overlay-opacity":"","overlay-gradient":""}},"ast-content-background-meta":{"desktop":{"background-color":"var(--ast-global-color-5)","background-image":"","background-repeat":"repeat","background-position":"center center","background-size":"auto","background-attachment":"scroll","background-type":"","background-media":"","overlay-type":"","overlay-color":"","overlay-opacity":"","overlay-gradient":""},"tablet":{"background-color":"var(--ast-global-color-5)","background-image":"","background-repeat":"repeat","background-position":"center center","background-size":"auto","background-attachment":"scroll","background-type":"","background-media":"","overlay-type":"","overlay-color":"","overlay-opacity":"","overlay-gradient":""},"mobile":{"background-color":"var(--ast-global-color-5)","background-image":"","background-repeat":"repeat","background-position":"center center","background-size":"auto","background-attachment":"scroll","background-type":"","background-media":"","overlay-type":"","overlay-color":"","overlay-opacity":"","overlay-gradient":""}}},"product_brand":[],"product_cat":[36],"product_tag":[],"class_list":{"0":"post-1429","1":"product","2":"type-product","3":"status-publish","4":"has-post-thumbnail","6":"product_cat-richard","7":"desktop-align-center","8":"tablet-align-left","9":"mobile-align-left","11":"first","12":"instock","13":"sale","14":"shipping-taxable","15":"purchasable","16":"product-type-simple"},"_links":{"self":[{"href":"https:\/\/mirekboutique.com\/es\/wp-json\/wp\/v2\/product\/1429","targetHints":{"allow":["GET"]}}],"collection":[{"href":"https:\/\/mirekboutique.com\/es\/wp-json\/wp\/v2\/product"}],"about":[{"href":"https:\/\/mirekboutique.com\/es\/wp-json\/wp\/v2\/types\/product"}],"replies":[{"embeddable":true,"href":"https:\/\/mirekboutique.com\/es\/wp-json\/wp\/v2\/comments?post=1429"}],"version-history":[{"count":1,"href":"https:\/\/mirekboutique.com\/es\/wp-json\/wp\/v2\/product\/1429\/revisions"}],"predecessor-version":[{"id":1434,"href":"https:\/\/mirekboutique.com\/es\/wp-json\/wp\/v2\/product\/1429\/revisions\/1434"}],"wp:featuredmedia":[{"embeddable":true,"href":"https:\/\/mirekboutique.com\/es\/wp-json\/wp\/v2\/media\/1430"}],"wp:attachment":[{"href":"https:\/\/mirekboutique.com\/es\/wp-json\/wp\/v2\/media?parent=1429"}],"wp:term":[{"taxonomy":"product_brand","embeddable":true,"href":"https:\/\/mirekboutique.com\/es\/wp-json\/wp\/v2\/product_brand?post=1429"},{"taxonomy":"product_cat","embeddable":true,"href":"https:\/\/mirekboutique.com\/es\/wp-json\/wp\/v2\/product_cat?post=1429"},{"taxonomy":"product_tag","embeddable":true,"href":"https:\/\/mirekboutique.com\/es\/wp-json\/wp\/v2\/product_tag?post=1429"}],"curies":[{"name":"wp","href":"https:\/\/api.w.org\/{rel}","templated":true}]}}