{"id":1442,"date":"2025-05-09T03:03:40","date_gmt":"2025-05-08T19:03:40","guid":{"rendered":"https:\/\/mirekboutique.com\/?post_type=product&#038;p=1442"},"modified":"2025-05-24T19:34:49","modified_gmt":"2025-05-24T11:34:49","slug":"lcd183-rm52-01-real-tourbillon-11-super-clone","status":"publish","type":"product","link":"https:\/\/mirekboutique.com\/es\/producto\/lcd183-rm52-01-real-tourbillon-11-super-clone\/","title":{"rendered":"LCD183 RM52-01 Tourbillon Real 1:1 Super Clon"},"content":{"rendered":"<p>Richard RM52-01 tourbillon real, reinterpretaci\u00f3n de la esencia de la calavera R MILLE, avance de varias versiones de la BUG, por lo que la mayor\u00eda de polvo de hierro puede tener el tama\u00f1o adecuado, verdadero movimiento, los detalles en lugar de la copia de ultra-alta. Razones para empezar:<br \/>\n1, tama\u00f1o cerca: oficial longitud, anchura y espesor: 50 * 43 * 16mm, JB f\u00e1brica longitud, anchura y espesor: 49,8 * 44,3 * 16,4mm;<br \/>\n2, cojinetes reales: el rub\u00ed en la boca de la calavera es el cojinete real del tourbillon, no decorativo, la piedra preciosa corresponde al eje central del tourbillon envuelto en las mand\u00edbulas superior e inferior, como si se tragara la bola de energ\u00eda, de modo que el original quer\u00eda expresar el estado de \u00e1nimo de ciencia-ficci\u00f3n a encarnar;<br \/>\n3, los detalles est\u00e1n en su sitio: la pared interior izquierda de la tapa interior de la caja lleva impreso el mismo sello de acero RM052 que el original, el tama\u00f1o y la profundidad del engranaje del ojo derecho se acercan al original, el centro de la joya de la frente es rojizo y transl\u00facido, hebilla esmerilada, correa de caucho importado de materias primas tailandesas;<br \/>\n4, la alineaci\u00f3n del movimiento: gracias a la ubicaci\u00f3n del tama\u00f1o del tourbillon y el original coherente, desde detr\u00e1s de la parte posterior del cr\u00e1neo por debajo de la parte posterior de la cabeza, se puede ver claramente a la joya tourbillon coaxial proceso de ejecuci\u00f3n, desde el frente para ver la rueda de equilibrio negro es s\u00f3lo bloqueado por las mand\u00edbulas cr\u00e1neo, dejando s\u00f3lo la rueda de escape vagando en el cr\u00e1neo de abajo;<br \/>\n5, tanto por dentro como por fuera: el movimiento es un verdadero movimiento tourbillon personalizado de Shanghai Movement Factory, y cada pieza del reloj ha pasado por un simulador de alta resistencia QE cronometraje, adem\u00e1s de la impermeabilizaci\u00f3n mejorada,.<br \/>\nJB Factory - \u00a1m\u00e1s atentos con el n\u00facleo! \u00a1Esta es otra obra maestra despu\u00e9s de Double Tourbillon, RM001, Roger Dubuis King, RM053, Rolex Tourbillon, Classic Fusion! Cada JBFactory Tourbillon viene con una funda protectora de cuero de cortes\u00eda.<\/p>","protected":false},"excerpt":{"rendered":"<p>\ud83d\udd25\ud83d\udd25\u00a1Todos los productos de este sitio web son r\u00e9plicas perfectas de alta gama hechas por s\u00faper fabricantes, completamente nuevas y sin abrir, la calidad y el servicio posventa est\u00e1n garantizados!<\/p>\n<p>\u2705\u2705\u2705\u2705Mirekboutique s\u00f3lo produce art\u00edculos de alta calidad Todos los art\u00edculos de nuestra tienda vienen con la caja original Caja de madera de gama alta<\/p>\n<p>\ud83c\udf39\ud83c\udf39Por favor, estar seguro de comprar Todos los bienes de apoyo contra reembolso Le deseo una feliz compra<\/p>","protected":false},"featured_media":1443,"comment_status":"open","ping_status":"closed","template":"","meta":{"_monsterinsights_skip_tracking":false,"_monsterinsights_sitenote_active":false,"_monsterinsights_sitenote_note":"","_monsterinsights_sitenote_category":0,"site-sidebar-layout":"default","site-content-layout":"","ast-site-content-layout":"default","site-content-style":"default","site-sidebar-style":"default","ast-global-header-display":"","ast-banner-title-visibility":"","ast-main-header-display":"","ast-hfb-above-header-display":"","ast-hfb-below-header-display":"","ast-hfb-mobile-header-display":"","site-post-title":"","ast-breadcrumbs-content":"","ast-featured-img":"","footer-sml-layout":"","theme-transparent-header-meta":"default","adv-header-id-meta":"","stick-header-meta":"","header-above-stick-meta":"","header-main-stick-meta":"","header-below-stick-meta":"","astra-migrate-meta-layouts":"set","ast-page-background-enabled":"default","ast-page-background-meta":{"desktop":{"background-color":"var(--ast-global-color-4)","background-image":"","background-repeat":"repeat","background-position":"center center","background-size":"auto","background-attachment":"scroll","background-type":"","background-media":"","overlay-type":"","overlay-color":"","overlay-opacity":"","overlay-gradient":""},"tablet":{"background-color":"","background-image":"","background-repeat":"repeat","background-position":"center center","background-size":"auto","background-attachment":"scroll","background-type":"","background-media":"","overlay-type":"","overlay-color":"","overlay-opacity":"","overlay-gradient":""},"mobile":{"background-color":"","background-image":"","background-repeat":"repeat","background-position":"center center","background-size":"auto","background-attachment":"scroll","background-type":"","background-media":"","overlay-type":"","overlay-color":"","overlay-opacity":"","overlay-gradient":""}},"ast-content-background-meta":{"desktop":{"background-color":"var(--ast-global-color-5)","background-image":"","background-repeat":"repeat","background-position":"center center","background-size":"auto","background-attachment":"scroll","background-type":"","background-media":"","overlay-type":"","overlay-color":"","overlay-opacity":"","overlay-gradient":""},"tablet":{"background-color":"var(--ast-global-color-5)","background-image":"","background-repeat":"repeat","background-position":"center center","background-size":"auto","background-attachment":"scroll","background-type":"","background-media":"","overlay-type":"","overlay-color":"","overlay-opacity":"","overlay-gradient":""},"mobile":{"background-color":"var(--ast-global-color-5)","background-image":"","background-repeat":"repeat","background-position":"center center","background-size":"auto","background-attachment":"scroll","background-type":"","background-media":"","overlay-type":"","overlay-color":"","overlay-opacity":"","overlay-gradient":""}}},"product_brand":[],"product_cat":[36],"product_tag":[],"class_list":{"0":"post-1442","1":"product","2":"type-product","3":"status-publish","4":"has-post-thumbnail","6":"product_cat-richard","7":"desktop-align-center","8":"tablet-align-left","9":"mobile-align-left","11":"first","12":"instock","13":"sale","14":"shipping-taxable","15":"purchasable","16":"product-type-simple"},"_links":{"self":[{"href":"https:\/\/mirekboutique.com\/es\/wp-json\/wp\/v2\/product\/1442","targetHints":{"allow":["GET"]}}],"collection":[{"href":"https:\/\/mirekboutique.com\/es\/wp-json\/wp\/v2\/product"}],"about":[{"href":"https:\/\/mirekboutique.com\/es\/wp-json\/wp\/v2\/types\/product"}],"replies":[{"embeddable":true,"href":"https:\/\/mirekboutique.com\/es\/wp-json\/wp\/v2\/comments?post=1442"}],"version-history":[{"count":1,"href":"https:\/\/mirekboutique.com\/es\/wp-json\/wp\/v2\/product\/1442\/revisions"}],"predecessor-version":[{"id":1447,"href":"https:\/\/mirekboutique.com\/es\/wp-json\/wp\/v2\/product\/1442\/revisions\/1447"}],"wp:featuredmedia":[{"embeddable":true,"href":"https:\/\/mirekboutique.com\/es\/wp-json\/wp\/v2\/media\/1443"}],"wp:attachment":[{"href":"https:\/\/mirekboutique.com\/es\/wp-json\/wp\/v2\/media?parent=1442"}],"wp:term":[{"taxonomy":"product_brand","embeddable":true,"href":"https:\/\/mirekboutique.com\/es\/wp-json\/wp\/v2\/product_brand?post=1442"},{"taxonomy":"product_cat","embeddable":true,"href":"https:\/\/mirekboutique.com\/es\/wp-json\/wp\/v2\/product_cat?post=1442"},{"taxonomy":"product_tag","embeddable":true,"href":"https:\/\/mirekboutique.com\/es\/wp-json\/wp\/v2\/product_tag?post=1442"}],"curies":[{"name":"wp","href":"https:\/\/api.w.org\/{rel}","templated":true}]}}