{"id":1468,"date":"2025-05-09T03:16:13","date_gmt":"2025-05-08T19:16:13","guid":{"rendered":"https:\/\/mirekboutique.com\/?post_type=product&#038;p=1468"},"modified":"2025-05-24T19:34:49","modified_gmt":"2025-05-24T11:34:49","slug":"lcd187-rm35-02-11-super-clone","status":"publish","type":"product","link":"https:\/\/mirekboutique.com\/es\/producto\/lcd187-rm35-02-11-super-clone\/","title":{"rendered":"LCD187 RM35-02 S\u00faper clon 1:1"},"content":{"rendered":"<p>\u00a1ZF.Factory volvi\u00f3 a sorprender al mundo de la relojer\u00eda e inaugur\u00f3 oficialmente el nuevo hito de RM35-02!<br \/>\n1) Caso, el reloj est\u00e1 hecho de material de alta tecnolog\u00eda TPT [fibra de cuarzo], tama\u00f1o 49,94 * 44,5MM, espesor de no m\u00e1s de 45\u03bcm capa de fibra de s\u00edlice, a trav\u00e9s de un sistema especial de control automatizado y tejido entrelazado de fibra de resina especial, las fibras entre las diversas capas se entrelazan en un \u00e1ngulo de 45 grados en un horno de alta temperatura de tres etapas, se calienta a 120 grados Celsius, y luego se env\u00eda al procesamiento ProArt. Moldeado. Las fibras de cuarzo natural son blancas, ligeras, resistentes a los impactos, no alerg\u00e9nicas y resistentes a los rayos UV.<br \/>\n2) El movimiento, un nuevo calibre RMAL1 de una sola pieza, tiene una placa base y puentes de titanio de grado 5 pulido con chorro de arena, tratado con PVD\/Titaly para garantizar la m\u00e1xima rigidez y superficies lisas. El caracter\u00edstico volante de geometr\u00eda variable, al que se puede dar cuerda m\u00e1s r\u00e1pida o m\u00e1s lenta ajustando la posici\u00f3n de las seis aletas diferentes, tiene una frecuencia de oscilaci\u00f3n inercial de 28.800 VPH y est\u00e1 equipado con un sistema de doble barrilete para garantizar un par mayor y m\u00e1s estable. Tambi\u00e9n ofrece una reserva de marcha de 55 horas.<br \/>\nAdem\u00e1s, el nuevo calibre RMAL1 de una sola pieza lanzado por ZF es el \u00fanico del mercado que utiliza aut\u00e9nticos rub\u00edes blancos por encima y por debajo del volante en una placa base de una sola pieza, \u00a1que es la aut\u00e9ntica! Esta es tambi\u00e9n la mayor diferencia con respecto a las joyas de parche del mercado (otros fabricantes). Se trata de un gran avance en I+D para ZF.<\/p>","protected":false},"excerpt":{"rendered":"<p>\ud83d\udd25\ud83d\udd25\u00a1Todos los productos de este sitio web son r\u00e9plicas perfectas de alta gama hechas por s\u00faper fabricantes, completamente nuevas y sin abrir, la calidad y el servicio posventa est\u00e1n garantizados!<\/p>\n<p>\u2705\u2705\u2705\u2705Mirekboutique s\u00f3lo produce art\u00edculos de alta calidad Todos los art\u00edculos de nuestra tienda vienen con la caja original Caja de madera de gama alta<\/p>\n<p>\ud83c\udf39\ud83c\udf39Por favor, estar seguro de comprar Todos los bienes de apoyo contra reembolso Le deseo una feliz compra<\/p>","protected":false},"featured_media":1469,"comment_status":"open","ping_status":"closed","template":"","meta":{"_monsterinsights_skip_tracking":false,"_monsterinsights_sitenote_active":false,"_monsterinsights_sitenote_note":"","_monsterinsights_sitenote_category":0,"site-sidebar-layout":"default","site-content-layout":"","ast-site-content-layout":"default","site-content-style":"default","site-sidebar-style":"default","ast-global-header-display":"","ast-banner-title-visibility":"","ast-main-header-display":"","ast-hfb-above-header-display":"","ast-hfb-below-header-display":"","ast-hfb-mobile-header-display":"","site-post-title":"","ast-breadcrumbs-content":"","ast-featured-img":"","footer-sml-layout":"","theme-transparent-header-meta":"default","adv-header-id-meta":"","stick-header-meta":"","header-above-stick-meta":"","header-main-stick-meta":"","header-below-stick-meta":"","astra-migrate-meta-layouts":"set","ast-page-background-enabled":"default","ast-page-background-meta":{"desktop":{"background-color":"var(--ast-global-color-4)","background-image":"","background-repeat":"repeat","background-position":"center center","background-size":"auto","background-attachment":"scroll","background-type":"","background-media":"","overlay-type":"","overlay-color":"","overlay-opacity":"","overlay-gradient":""},"tablet":{"background-color":"","background-image":"","background-repeat":"repeat","background-position":"center center","background-size":"auto","background-attachment":"scroll","background-type":"","background-media":"","overlay-type":"","overlay-color":"","overlay-opacity":"","overlay-gradient":""},"mobile":{"background-color":"","background-image":"","background-repeat":"repeat","background-position":"center center","background-size":"auto","background-attachment":"scroll","background-type":"","background-media":"","overlay-type":"","overlay-color":"","overlay-opacity":"","overlay-gradient":""}},"ast-content-background-meta":{"desktop":{"background-color":"var(--ast-global-color-5)","background-image":"","background-repeat":"repeat","background-position":"center center","background-size":"auto","background-attachment":"scroll","background-type":"","background-media":"","overlay-type":"","overlay-color":"","overlay-opacity":"","overlay-gradient":""},"tablet":{"background-color":"var(--ast-global-color-5)","background-image":"","background-repeat":"repeat","background-position":"center center","background-size":"auto","background-attachment":"scroll","background-type":"","background-media":"","overlay-type":"","overlay-color":"","overlay-opacity":"","overlay-gradient":""},"mobile":{"background-color":"var(--ast-global-color-5)","background-image":"","background-repeat":"repeat","background-position":"center center","background-size":"auto","background-attachment":"scroll","background-type":"","background-media":"","overlay-type":"","overlay-color":"","overlay-opacity":"","overlay-gradient":""}}},"product_brand":[],"product_cat":[36],"product_tag":[],"class_list":{"0":"post-1468","1":"product","2":"type-product","3":"status-publish","4":"has-post-thumbnail","6":"product_cat-richard","7":"desktop-align-center","8":"tablet-align-left","9":"mobile-align-left","11":"first","12":"instock","13":"sale","14":"shipping-taxable","15":"purchasable","16":"product-type-simple"},"_links":{"self":[{"href":"https:\/\/mirekboutique.com\/es\/wp-json\/wp\/v2\/product\/1468","targetHints":{"allow":["GET"]}}],"collection":[{"href":"https:\/\/mirekboutique.com\/es\/wp-json\/wp\/v2\/product"}],"about":[{"href":"https:\/\/mirekboutique.com\/es\/wp-json\/wp\/v2\/types\/product"}],"replies":[{"embeddable":true,"href":"https:\/\/mirekboutique.com\/es\/wp-json\/wp\/v2\/comments?post=1468"}],"version-history":[{"count":1,"href":"https:\/\/mirekboutique.com\/es\/wp-json\/wp\/v2\/product\/1468\/revisions"}],"predecessor-version":[{"id":1474,"href":"https:\/\/mirekboutique.com\/es\/wp-json\/wp\/v2\/product\/1468\/revisions\/1474"}],"wp:featuredmedia":[{"embeddable":true,"href":"https:\/\/mirekboutique.com\/es\/wp-json\/wp\/v2\/media\/1469"}],"wp:attachment":[{"href":"https:\/\/mirekboutique.com\/es\/wp-json\/wp\/v2\/media?parent=1468"}],"wp:term":[{"taxonomy":"product_brand","embeddable":true,"href":"https:\/\/mirekboutique.com\/es\/wp-json\/wp\/v2\/product_brand?post=1468"},{"taxonomy":"product_cat","embeddable":true,"href":"https:\/\/mirekboutique.com\/es\/wp-json\/wp\/v2\/product_cat?post=1468"},{"taxonomy":"product_tag","embeddable":true,"href":"https:\/\/mirekboutique.com\/es\/wp-json\/wp\/v2\/product_tag?post=1468"}],"curies":[{"name":"wp","href":"https:\/\/api.w.org\/{rel}","templated":true}]}}