{"id":1773,"date":"2025-05-09T04:50:38","date_gmt":"2025-05-08T20:50:38","guid":{"rendered":"https:\/\/mirekboutique.com\/?post_type=product&#038;p=1773"},"modified":"2025-05-24T19:21:40","modified_gmt":"2025-05-24T11:21:40","slug":"js114-vc-historical-masterpiece-series-%f0%9f%8e%aeot2-american-1921-11-super-clone","status":"publish","type":"product","link":"https:\/\/mirekboutique.com\/es\/producto\/js114-vc-historical-masterpiece-series-%f0%9f%8e%aeot2-american-1921-11-super-clone\/","title":{"rendered":"JS114 VC Historical Masterpiece Series \ud83c\udfaeOT2 American 1921 1:1 Super Clone"},"content":{"rendered":"<p>VC Historical Masterpiece Series \ud83c\udfaeOT2 American 1921<br \/>\nEquipado con el movimiento bimanual Danton 2824<br \/>\n1\ufe0f\u20e3Unique caja en forma de coj\u00edn, de 40 mm de di\u00e1metro, basada en el primitivo dise\u00f1o de caja en forma de coj\u00edn, que combina los materiales nobles, la artesan\u00eda y los conceptos est\u00e9ticos actuales, reinventando el cl\u00e1sico;<br \/>\n2\ufe0f\u20e3 La corona est\u00e1 descentrada en la esquina superior derecha de la caja para un ajuste m\u00e1s c\u00f3modo, tambi\u00e9n inspirado en los anteriores relojes con forma de coj\u00edn; \ud83c\udfae<br \/>\n3\ufe0f\u20e3Dial \u00edndices est\u00e1n dispuestos en diagonal con referencia a la caja, un rasgo distintivo, y la esfera est\u00e1 realzada por una cruz de Malta de oro rosa pulido a las 12 horas;<br \/>\n4\ufe0f\u20e3 agujas de horas y minutos en negro oxidado, y un segundero peque\u00f1o en forma de barra en negro oxidado, elegante y chic.<br \/>\n\ufe0f 5\ufe0f\u20e3 El fondo de la caja presenta un cristal de zafiro transparente que se atornilla para dejar ver el exquisito acabado del movimiento VC top. Adem\u00e1s, el reloj est\u00e1 equipado con una correa de piel de becerro cuadrada cosida a mano con una hebilla de pasador pulida con dise\u00f1o de media cruz de Malta. \ud83c\udfaeSJ relojes mec\u00e1nicos cuidadosamente recomendados para chicos<\/p>","protected":false},"excerpt":{"rendered":"<p>\ud83d\udd25\ud83d\udd25\u00a1Todos los productos de este sitio web son r\u00e9plicas perfectas de alta gama hechas por s\u00faper fabricantes, completamente nuevas y sin abrir, la calidad y el servicio posventa est\u00e1n garantizados!<\/p>\n<p>\u2705\u2705\u2705\u2705Mirekboutique s\u00f3lo produce art\u00edculos de alta calidad Todos los art\u00edculos de nuestra tienda vienen con la caja original Caja de madera de gama alta<\/p>\n<p>\ud83c\udf39\ud83c\udf39Por favor, estar seguro de comprar Todos los bienes de apoyo contra reembolso Le deseo una feliz compra<\/p>","protected":false},"featured_media":1774,"comment_status":"open","ping_status":"closed","template":"","meta":{"_monsterinsights_skip_tracking":false,"_monsterinsights_sitenote_active":false,"_monsterinsights_sitenote_note":"","_monsterinsights_sitenote_category":0,"site-sidebar-layout":"default","site-content-layout":"","ast-site-content-layout":"default","site-content-style":"default","site-sidebar-style":"default","ast-global-header-display":"","ast-banner-title-visibility":"","ast-main-header-display":"","ast-hfb-above-header-display":"","ast-hfb-below-header-display":"","ast-hfb-mobile-header-display":"","site-post-title":"","ast-breadcrumbs-content":"","ast-featured-img":"","footer-sml-layout":"","theme-transparent-header-meta":"default","adv-header-id-meta":"","stick-header-meta":"","header-above-stick-meta":"","header-main-stick-meta":"","header-below-stick-meta":"","astra-migrate-meta-layouts":"set","ast-page-background-enabled":"default","ast-page-background-meta":{"desktop":{"background-color":"var(--ast-global-color-4)","background-image":"","background-repeat":"repeat","background-position":"center center","background-size":"auto","background-attachment":"scroll","background-type":"","background-media":"","overlay-type":"","overlay-color":"","overlay-opacity":"","overlay-gradient":""},"tablet":{"background-color":"","background-image":"","background-repeat":"repeat","background-position":"center center","background-size":"auto","background-attachment":"scroll","background-type":"","background-media":"","overlay-type":"","overlay-color":"","overlay-opacity":"","overlay-gradient":""},"mobile":{"background-color":"","background-image":"","background-repeat":"repeat","background-position":"center center","background-size":"auto","background-attachment":"scroll","background-type":"","background-media":"","overlay-type":"","overlay-color":"","overlay-opacity":"","overlay-gradient":""}},"ast-content-background-meta":{"desktop":{"background-color":"var(--ast-global-color-5)","background-image":"","background-repeat":"repeat","background-position":"center center","background-size":"auto","background-attachment":"scroll","background-type":"","background-media":"","overlay-type":"","overlay-color":"","overlay-opacity":"","overlay-gradient":""},"tablet":{"background-color":"var(--ast-global-color-5)","background-image":"","background-repeat":"repeat","background-position":"center center","background-size":"auto","background-attachment":"scroll","background-type":"","background-media":"","overlay-type":"","overlay-color":"","overlay-opacity":"","overlay-gradient":""},"mobile":{"background-color":"var(--ast-global-color-5)","background-image":"","background-repeat":"repeat","background-position":"center center","background-size":"auto","background-attachment":"scroll","background-type":"","background-media":"","overlay-type":"","overlay-color":"","overlay-opacity":"","overlay-gradient":""}}},"product_brand":[],"product_cat":[22],"product_tag":[],"class_list":{"0":"post-1773","1":"product","2":"type-product","3":"status-publish","4":"has-post-thumbnail","6":"product_cat-vacheron-constantin","7":"desktop-align-center","8":"tablet-align-left","9":"mobile-align-left","11":"first","12":"instock","13":"sale","14":"shipping-taxable","15":"purchasable","16":"product-type-simple"},"_links":{"self":[{"href":"https:\/\/mirekboutique.com\/es\/wp-json\/wp\/v2\/product\/1773","targetHints":{"allow":["GET"]}}],"collection":[{"href":"https:\/\/mirekboutique.com\/es\/wp-json\/wp\/v2\/product"}],"about":[{"href":"https:\/\/mirekboutique.com\/es\/wp-json\/wp\/v2\/types\/product"}],"replies":[{"embeddable":true,"href":"https:\/\/mirekboutique.com\/es\/wp-json\/wp\/v2\/comments?post=1773"}],"version-history":[{"count":1,"href":"https:\/\/mirekboutique.com\/es\/wp-json\/wp\/v2\/product\/1773\/revisions"}],"predecessor-version":[{"id":1779,"href":"https:\/\/mirekboutique.com\/es\/wp-json\/wp\/v2\/product\/1773\/revisions\/1779"}],"wp:featuredmedia":[{"embeddable":true,"href":"https:\/\/mirekboutique.com\/es\/wp-json\/wp\/v2\/media\/1774"}],"wp:attachment":[{"href":"https:\/\/mirekboutique.com\/es\/wp-json\/wp\/v2\/media?parent=1773"}],"wp:term":[{"taxonomy":"product_brand","embeddable":true,"href":"https:\/\/mirekboutique.com\/es\/wp-json\/wp\/v2\/product_brand?post=1773"},{"taxonomy":"product_cat","embeddable":true,"href":"https:\/\/mirekboutique.com\/es\/wp-json\/wp\/v2\/product_cat?post=1773"},{"taxonomy":"product_tag","embeddable":true,"href":"https:\/\/mirekboutique.com\/es\/wp-json\/wp\/v2\/product_tag?post=1773"}],"curies":[{"name":"wp","href":"https:\/\/api.w.org\/{rel}","templated":true}]}}